{"id":36340,"date":"2024-04-26T16:18:48","date_gmt":"2024-04-26T20:18:48","guid":{"rendered":"https:\/\/www.belleflamme.ca\/?post_type=product&#038;p=36340"},"modified":"2024-04-26T16:24:10","modified_gmt":"2024-04-26T20:24:10","slug":"built-in-500-series-inline-dual-range-top-burner-by-napoleon","status":"publish","type":"product","link":"https:\/\/staging.belleflamme.ca\/en\/product\/built-in-500-series-inline-dual-range-top-burner-by-napoleon\/","title":{"rendered":"Built-In 500 Series Inline Dual Range Top Burner by Napoleon"},"content":{"rendered":"\t\t<div data-elementor-type=\"product-post\" data-elementor-id=\"36340\" class=\"elementor elementor-36340 elementor-36329\" data-elementor-post-type=\"product\">\n\t\t\t\t\t\t<section class=\"elementor-section elementor-top-section elementor-element elementor-element-13f6a69a elementor-section-boxed elementor-section-height-default elementor-section-height-default\" data-id=\"13f6a69a\" data-element_type=\"section\">\n\t\t\t\t\t\t<div class=\"elementor-container elementor-column-gap-default\">\n\t\t\t\t\t<div class=\"elementor-column elementor-col-100 elementor-top-column elementor-element elementor-element-51624685\" data-id=\"51624685\" data-element_type=\"column\">\n\t\t\t<div class=\"elementor-widget-wrap elementor-element-populated\">\n\t\t\t\t\t\t<div class=\"elementor-element elementor-element-65fc092a elementor-widget elementor-widget-text-editor\" data-id=\"65fc092a\" data-element_type=\"widget\" data-widget_type=\"text-editor.default\">\n\t\t\t\t<div class=\"elementor-widget-container\">\n\t\t\t\t\t\t\t\t\t<p>WITH STAINLESS STEEL COVER<\/p><h3 class=\"title hide-item-on-mobile\">DESCRIPTION<\/h3><div class=\"inner-wrapper\" data-max-height=\"360px\" data-fade=\"true\"><div class=\"clearfix text-formatted field field--name-body field--type-text-with-summary field--label-hidden field__item\"><p>Create sides and sauces while the main grill is in use with this 12-inch, drop-in, inline Dual Range Burner, in natural gas, that provides loads of extra space. Instantly ignite these burners single-handed with the JETFIRE\u2122 ignition system. The large, ergonomic control knobs are easy to use and provide precise control over temperatures. Made from premium stainless steel this drop-in side burner matches your custom outdoor kitchen and will last a lifetime. These burners provide stylish longevity and were built for ease of install with an included, seamless trim kit. Ensure that your range side burner is well protected with the included stainless steel cover.<\/p><\/div><\/div><p>\u00a0<\/p><h3 class=\"title hide-item-on-mobile\">KEY FEATURES<\/h3><div class=\"inner-wrapper\" data-max-height=\"360px\" data-fade=\"true\"><div class=\"clearfix text-formatted field field--name-field-summary-features field--type-text field--label-hidden field__items\"><ul><li class=\"field__item\">30,000 BTU&#8217;s with a main cooking area of 11.5-inches by 18-inches (29.2 cm by 45.7 cm)<\/li><li class=\"field__item\">The inline, dual burner provides extra space to create sauces and side dishes while using the main BBQ Grill<\/li><li class=\"field__item\">Premium stainless steel construction ensures a long life<\/li><li class=\"field__item\">Powered by easy to use natural gas, no changing of tanks required<\/li><li class=\"field__item\">Ignite this burner instantly with the failsafe, battery free ignition<\/li><li class=\"field__item\">When the barbecue lid needs to say down this drop-in burner adds some much needed cooking space that is ideal for sauces and side dishes<\/li><li class=\"field__item\">This drop-in dual range burner is large and powerful enough to boil large pots of water for pasta, corn on the cob and seafood boils<\/li><li class=\"field__item\">The included seamless trim provides versatile and flawless installation in custom outdoor kitchens<\/li><li class=\"field__item\">The included stainless steel cover ensures that, no matter the weather, this drop-in burner is ready to go<\/li><\/ul><\/div><\/div><p>\u00a0<\/p><table class=\"specification-table\"><tbody><tr><th>WARRANTY<\/th><td>Lifetime Bumper to Bumper<sup>*<\/sup><\/td><\/tr><tr><th>FUEL TYPE<\/th><td>Natural Gas and Propane<\/td><\/tr><tr><th>HEAT OUTPUT<\/th><td>30,000 BTU (10 kW)<\/td><\/tr><tr><th>MAIN COOKING AREA<\/th><td>11.75 x 18 in (30 x 46 cm) \u00a0|\u00a0 12 burgers<\/td><\/tr><tr><th>TOTAL COOKING AREA<\/th><td>211 sq.in (1,380 cm\u00b2)<\/td><\/tr><tr><th>ROTISSERIE INCLUDED<\/th><td>No<\/td><\/tr><tr><th>HEIGHT<\/th><td>11.40 in (28.96 cm)<\/td><\/tr><tr><th>WIDTH<\/th><td>15.50 in (39.37 cm)<\/td><\/tr><tr><th>DEPTH<\/th><td>24.60 in (62.48 cm)<\/td><\/tr><tr><th>PACKAGING HEIGHT<\/th><td>17.75 in (45.09 cm)<\/td><\/tr><tr><th>PACKAGING WIDTH<\/th><td>22 in (55.88 cm)<\/td><\/tr><tr><th>PACKAGING DEPTH<\/th><td>33.75 in (85.73 cm)<\/td><\/tr><tr><th>PACKAGING WEIGHT<\/th><td>60 lbs. (27.21 kg)<\/td><\/tr><\/tbody><\/table><p>\u00a0<\/p>\t\t\t\t\t\t\t\t<\/div>\n\t\t\t\t<\/div>\n\t\t\t\t\t<\/div>\n\t\t<\/div>\n\t\t\t\t\t<\/div>\n\t\t<\/section>\n\t\t\t\t<section class=\"elementor-section elementor-top-section elementor-element elementor-element-0f212e4 elementor-section-boxed elementor-section-height-default elementor-section-height-default\" data-id=\"0f212e4\" data-element_type=\"section\">\n\t\t\t\t\t\t<div class=\"elementor-container elementor-column-gap-default\">\n\t\t\t\t\t<div class=\"elementor-column elementor-col-100 elementor-top-column elementor-element elementor-element-f09fa91\" data-id=\"f09fa91\" data-element_type=\"column\">\n\t\t\t<div class=\"elementor-widget-wrap elementor-element-populated\">\n\t\t\t\t\t\t<div class=\"elementor-element elementor-element-ace8d83 elementor-tabs-view-horizontal elementor-widget elementor-widget-tabs\" data-id=\"ace8d83\" data-element_type=\"widget\" data-widget_type=\"tabs.default\">\n\t\t\t\t<div class=\"elementor-widget-container\">\n\t\t\t\t\t\t\t<div class=\"elementor-tabs\">\n\t\t\t<div class=\"elementor-tabs-wrapper\" role=\"tablist\" >\n\t\t\t\t\t\t\t\t\t<div id=\"elementor-tab-title-1811\" class=\"elementor-tab-title elementor-tab-desktop-title\" aria-selected=\"true\" data-tab=\"1\" role=\"tab\" tabindex=\"0\" aria-controls=\"elementor-tab-content-1811\" aria-expanded=\"false\">Files<\/div>\n\t\t\t\t\t\t\t<\/div>\n\t\t\t<div class=\"elementor-tabs-content-wrapper\" role=\"tablist\" aria-orientation=\"vertical\">\n\t\t\t\t\t\t\t\t\t<div class=\"elementor-tab-title elementor-tab-mobile-title\" aria-selected=\"true\" data-tab=\"1\" role=\"tab\" tabindex=\"0\" aria-controls=\"elementor-tab-content-1811\" aria-expanded=\"false\">Files<\/div>\n\t\t\t\t\t<div id=\"elementor-tab-content-1811\" class=\"elementor-tab-content elementor-clearfix\" data-tab=\"1\" role=\"tabpanel\" aria-labelledby=\"elementor-tab-title-1811\" tabindex=\"0\" hidden=\"false\"><i class=\"far fa-file-pdf fa-xl\" style=\"font-size:35px\"><\/i><a href=\"https:\/\/www.belleflamme.ca\/wp-content\/uploads\/2024\/04\/ADBRBI-EN-2021-Built-In-Brochure_English-US-and-CA-1.pdf\"> Brochure<\/a><\/br>\n<i class=\"far fa-file-pdf fa-xl\" style=\"font-size:35px\"><\/i><a href=\"https:\/\/www.belleflamme.ca\/wp-content\/uploads\/2024\/04\/N415-0601-Built-In-Series-Manual-RevH-1.pdf\"> Manual<\/a><\/br>\n<i class=\"far fa-file-pdf fa-xl\" style=\"font-size:35px\"><\/i><a href=\"https:\/\/www.belleflamme.ca\/wp-content\/uploads\/2024\/04\/Built-In-500-Series-Assembly-Guide-May2022-1.pdf\"> Assembly Guide<\/a><\/br><\/div>\n\t\t\t\t\t\t\t<\/div>\n\t\t<\/div>\n\t\t\t\t\t\t<\/div>\n\t\t\t\t<\/div>\n\t\t\t\t\t<\/div>\n\t\t<\/div>\n\t\t\t\t\t<\/div>\n\t\t<\/section>\n\t\t\t\t<\/div>\n\t\t","protected":false},"excerpt":{"rendered":"<p>WITH STAINLESS STEEL COVER DESCRIPTION Create sides and sauces while the main grill is in use with this 12-inch, drop-in, inline Dual Range Burner, in natural gas, that provides loads of extra space. Instantly ignite these burners single-handed with the JETFIRE\u2122 ignition system. The large, ergonomic control knobs are easy to use and provide precise [&hellip;]<\/p>\n","protected":false},"featured_media":36331,"template":"","meta":{"inline_featured_image":false},"product_brand":[1318],"product_cat":[144,353,149],"product_tag":[],"class_list":{"0":"post-36340","1":"product","2":"type-product","3":"status-publish","4":"has-post-thumbnail","6":"product_brand-napoleon-bbq","7":"product_cat-bbq-outdoor-products","8":"product_cat-outdoor-bbq","9":"product_cat-outdoor-kitchen","11":"first","12":"instock","13":"taxable","14":"shipping-taxable","15":"purchasable","16":"product-type-variable"},"yoast_head":"<!-- This site is optimized with the Yoast SEO Premium plugin v24.2 (Yoast SEO v24.2) - https:\/\/yoast.com\/wordpress\/plugins\/seo\/ -->\n<title>Built-In 500 Series Inline Dual Range Top Burner by Napoleon - Groupe BelleFlamme<\/title>\n<meta name=\"description\" content=\"Built-In 500 Series Inline Dual Range Top Burner by Napoleon sold by the Belleflamme Group. Laval, Montreal, Gatineau and Saint-Sauveur.\" \/>\n<meta name=\"robots\" content=\"index, follow, max-snippet:-1, max-image-preview:large, max-video-preview:-1\" \/>\n<link rel=\"canonical\" href=\"https:\/\/staging.belleflamme.ca\/en\/product\/built-in-500-series-inline-dual-range-top-burner-by-napoleon\/\" \/>\n<meta property=\"og:locale\" content=\"en_US\" \/>\n<meta property=\"og:type\" content=\"article\" \/>\n<meta property=\"og:title\" content=\"Built-In 500 Series Inline Dual Range Top Burner by Napoleon\" \/>\n<meta property=\"og:description\" content=\"Built-In 500 Series Inline Dual Range Top Burner by Napoleon sold by the Belleflamme Group. Laval, Montreal, Gatineau and Saint-Sauveur.\" \/>\n<meta property=\"og:url\" content=\"https:\/\/staging.belleflamme.ca\/en\/product\/built-in-500-series-inline-dual-range-top-burner-by-napoleon\/\" \/>\n<meta property=\"og:site_name\" content=\"Groupe BelleFlamme\" \/>\n<meta property=\"article:publisher\" content=\"https:\/\/www.facebook.com\/belleflamme.ca\/\" \/>\n<meta property=\"article:modified_time\" content=\"2024-04-26T20:24:10+00:00\" \/>\n<meta property=\"og:image\" content=\"https:\/\/www.belleflamme.ca\/wp-content\/uploads\/2024\/04\/Bruleur-de-Cuisiniere-Double-Avant-Arriere-pour-Serie-Encastree-500-de-Napoleon.jpeg\" \/>\n\t<meta property=\"og:image:width\" content=\"1000\" \/>\n\t<meta property=\"og:image:height\" content=\"1000\" \/>\n\t<meta property=\"og:image:type\" content=\"image\/jpeg\" \/>\n<meta name=\"twitter:card\" content=\"summary_large_image\" \/>\n<meta name=\"twitter:label1\" content=\"Availability\" \/>\n\t<meta name=\"twitter:data1\" content=\"In stock\" \/>\n<script type=\"application\/ld+json\" class=\"yoast-schema-graph\">{\"@context\":\"https:\/\/schema.org\",\"@graph\":[{\"@type\":[\"WebPage\",\"ItemPage\"],\"@id\":\"https:\/\/staging.belleflamme.ca\/en\/product\/built-in-500-series-inline-dual-range-top-burner-by-napoleon\/\",\"url\":\"https:\/\/staging.belleflamme.ca\/en\/product\/built-in-500-series-inline-dual-range-top-burner-by-napoleon\/\",\"name\":\"Built-In 500 Series Inline Dual Range Top Burner by Napoleon - Groupe BelleFlamme\",\"isPartOf\":{\"@id\":\"https:\/\/www.belleflamme.ca\/fr\/#website\"},\"primaryImageOfPage\":{\"@id\":\"https:\/\/staging.belleflamme.ca\/en\/product\/built-in-500-series-inline-dual-range-top-burner-by-napoleon\/#primaryimage\"},\"image\":{\"@id\":\"https:\/\/staging.belleflamme.ca\/en\/product\/built-in-500-series-inline-dual-range-top-burner-by-napoleon\/#primaryimage\"},\"thumbnailUrl\":\"https:\/\/staging.belleflamme.ca\/wp-content\/uploads\/2024\/04\/Bruleur-de-Cuisiniere-Double-Avant-Arriere-pour-Serie-Encastree-500-de-Napoleon.jpeg\",\"datePublished\":\"2024-04-26T20:18:48+00:00\",\"dateModified\":\"2024-04-26T20:24:10+00:00\",\"description\":\"Built-In 500 Series Inline Dual Range Top Burner by Napoleon sold by the Belleflamme Group. Laval, Montreal, Gatineau and Saint-Sauveur.\",\"breadcrumb\":{\"@id\":\"https:\/\/staging.belleflamme.ca\/en\/product\/built-in-500-series-inline-dual-range-top-burner-by-napoleon\/#breadcrumb\"},\"inLanguage\":\"en-US\",\"potentialAction\":[{\"@type\":\"ReadAction\",\"target\":[\"https:\/\/staging.belleflamme.ca\/en\/product\/built-in-500-series-inline-dual-range-top-burner-by-napoleon\/\"]}]},{\"@type\":\"ImageObject\",\"inLanguage\":\"en-US\",\"@id\":\"https:\/\/staging.belleflamme.ca\/en\/product\/built-in-500-series-inline-dual-range-top-burner-by-napoleon\/#primaryimage\",\"url\":\"https:\/\/staging.belleflamme.ca\/wp-content\/uploads\/2024\/04\/Bruleur-de-Cuisiniere-Double-Avant-Arriere-pour-Serie-Encastree-500-de-Napoleon.jpeg\",\"contentUrl\":\"https:\/\/staging.belleflamme.ca\/wp-content\/uploads\/2024\/04\/Bruleur-de-Cuisiniere-Double-Avant-Arriere-pour-Serie-Encastree-500-de-Napoleon.jpeg\",\"width\":1000,\"height\":1000,\"caption\":\"Br\u00fbleur de Cuisini\u00e8re Double (Avant-Arri\u00e8re) pour S\u00e9rie Encastr\u00e9e 500 de Napoleon\"},{\"@type\":\"BreadcrumbList\",\"@id\":\"https:\/\/staging.belleflamme.ca\/en\/product\/built-in-500-series-inline-dual-range-top-burner-by-napoleon\/#breadcrumb\",\"itemListElement\":[{\"@type\":\"ListItem\",\"position\":1,\"name\":\"Home\",\"item\":\"https:\/\/www.belleflamme.ca\/fr\/\"},{\"@type\":\"ListItem\",\"position\":2,\"name\":\"Shop\",\"item\":\"https:\/\/www.belleflamme.ca\/en\/shop\/\"},{\"@type\":\"ListItem\",\"position\":3,\"name\":\"BBQ &amp; Outdoor Products\",\"item\":\"https:\/\/staging.belleflamme.ca\/en\/category\/bbq-outdoor-products\/\"},{\"@type\":\"ListItem\",\"position\":4,\"name\":\"Outdoor Kitchen\",\"item\":\"https:\/\/staging.belleflamme.ca\/en\/category\/bbq-outdoor-products\/outdoor-kitchen\/\"},{\"@type\":\"ListItem\",\"position\":5,\"name\":\"Outdoor BBQ\",\"item\":\"https:\/\/staging.belleflamme.ca\/en\/category\/bbq-outdoor-products\/outdoor-kitchen\/outdoor-bbq\/\"},{\"@type\":\"ListItem\",\"position\":6,\"name\":\"Built-In 500 Series Inline Dual Range Top Burner by Napoleon\"}]},{\"@type\":\"WebSite\",\"@id\":\"https:\/\/www.belleflamme.ca\/fr\/#website\",\"url\":\"https:\/\/www.belleflamme.ca\/fr\/\",\"name\":\"Groupe Belleflamme\",\"description\":\"La m\u00e9canique du b\u00e2timent dans le sang.\",\"publisher\":{\"@id\":\"https:\/\/www.belleflamme.ca\/fr\/#organization\"},\"potentialAction\":[{\"@type\":\"SearchAction\",\"target\":{\"@type\":\"EntryPoint\",\"urlTemplate\":\"https:\/\/www.belleflamme.ca\/fr\/?s={search_term_string}\"},\"query-input\":{\"@type\":\"PropertyValueSpecification\",\"valueRequired\":true,\"valueName\":\"search_term_string\"}}],\"inLanguage\":\"en-US\"},{\"@type\":[\"Organization\",\"Place\"],\"@id\":\"https:\/\/www.belleflamme.ca\/fr\/#organization\",\"name\":\"Groupe Belleflamme\",\"alternateName\":\"Belleflamme\",\"url\":\"https:\/\/www.belleflamme.ca\/fr\/\",\"logo\":{\"@type\":\"ImageObject\",\"inLanguage\":\"en-US\",\"@id\":\"https:\/\/www.belleflamme.ca\/fr\/#\/schema\/logo\/image\/\",\"url\":\"https:\/\/staging.belleflamme.ca\/wp-content\/uploads\/2023\/01\/og-image.jpg\",\"contentUrl\":\"https:\/\/staging.belleflamme.ca\/wp-content\/uploads\/2023\/01\/og-image.jpg\",\"width\":1200,\"height\":630,\"caption\":\"Groupe Belleflamme\"},\"image\":{\"@id\":\"https:\/\/www.belleflamme.ca\/fr\/#\/schema\/logo\/image\/\"},\"sameAs\":[\"https:\/\/www.facebook.com\/belleflamme.ca\/\",\"https:\/\/www.linkedin.com\/company\/belleflamme\/\",\"https:\/\/www.pinterest.ca\/groupebelleflamme\/\",\"https:\/\/www.instagram.com\/legroupebelleflamme\/\"],\"mainEntityOfPage\":{\"@id\":\"https:\/\/staging.belleflamme.ca\/en\/product\/built-in-500-series-inline-dual-range-top-burner-by-napoleon\/\"}}]}<\/script>\n<meta property=\"product:brand\" content=\"Napoleon BBQ\" \/>\n<meta property=\"og:availability\" content=\"instock\" \/>\n<meta property=\"product:availability\" content=\"instock\" \/>\n<meta property=\"product:condition\" content=\"new\" \/>\n<!-- \/ Yoast SEO Premium plugin. -->","yoast_head_json":{"title":"Built-In 500 Series Inline Dual Range Top Burner by Napoleon - Groupe BelleFlamme","description":"Built-In 500 Series Inline Dual Range Top Burner by Napoleon sold by the Belleflamme Group. Laval, Montreal, Gatineau and Saint-Sauveur.","robots":{"index":"index","follow":"follow","max-snippet":"max-snippet:-1","max-image-preview":"max-image-preview:large","max-video-preview":"max-video-preview:-1"},"canonical":"https:\/\/staging.belleflamme.ca\/en\/product\/built-in-500-series-inline-dual-range-top-burner-by-napoleon\/","og_locale":"en_US","og_type":"article","og_title":"Built-In 500 Series Inline Dual Range Top Burner by Napoleon","og_description":"Built-In 500 Series Inline Dual Range Top Burner by Napoleon sold by the Belleflamme Group. Laval, Montreal, Gatineau and Saint-Sauveur.","og_url":"https:\/\/staging.belleflamme.ca\/en\/product\/built-in-500-series-inline-dual-range-top-burner-by-napoleon\/","og_site_name":"Groupe BelleFlamme","article_publisher":"https:\/\/www.facebook.com\/belleflamme.ca\/","article_modified_time":"2024-04-26T20:24:10+00:00","og_image":[{"width":1000,"height":1000,"url":"https:\/\/www.belleflamme.ca\/wp-content\/uploads\/2024\/04\/Bruleur-de-Cuisiniere-Double-Avant-Arriere-pour-Serie-Encastree-500-de-Napoleon.jpeg","type":"image\/jpeg"}],"twitter_card":"summary_large_image","twitter_misc":{"Availability":"In stock"},"schema":{"@context":"https:\/\/schema.org","@graph":[{"@type":["WebPage","ItemPage"],"@id":"https:\/\/staging.belleflamme.ca\/en\/product\/built-in-500-series-inline-dual-range-top-burner-by-napoleon\/","url":"https:\/\/staging.belleflamme.ca\/en\/product\/built-in-500-series-inline-dual-range-top-burner-by-napoleon\/","name":"Built-In 500 Series Inline Dual Range Top Burner by Napoleon - Groupe BelleFlamme","isPartOf":{"@id":"https:\/\/www.belleflamme.ca\/fr\/#website"},"primaryImageOfPage":{"@id":"https:\/\/staging.belleflamme.ca\/en\/product\/built-in-500-series-inline-dual-range-top-burner-by-napoleon\/#primaryimage"},"image":{"@id":"https:\/\/staging.belleflamme.ca\/en\/product\/built-in-500-series-inline-dual-range-top-burner-by-napoleon\/#primaryimage"},"thumbnailUrl":"https:\/\/staging.belleflamme.ca\/wp-content\/uploads\/2024\/04\/Bruleur-de-Cuisiniere-Double-Avant-Arriere-pour-Serie-Encastree-500-de-Napoleon.jpeg","datePublished":"2024-04-26T20:18:48+00:00","dateModified":"2024-04-26T20:24:10+00:00","description":"Built-In 500 Series Inline Dual Range Top Burner by Napoleon sold by the Belleflamme Group. Laval, Montreal, Gatineau and Saint-Sauveur.","breadcrumb":{"@id":"https:\/\/staging.belleflamme.ca\/en\/product\/built-in-500-series-inline-dual-range-top-burner-by-napoleon\/#breadcrumb"},"inLanguage":"en-US","potentialAction":[{"@type":"ReadAction","target":["https:\/\/staging.belleflamme.ca\/en\/product\/built-in-500-series-inline-dual-range-top-burner-by-napoleon\/"]}]},{"@type":"ImageObject","inLanguage":"en-US","@id":"https:\/\/staging.belleflamme.ca\/en\/product\/built-in-500-series-inline-dual-range-top-burner-by-napoleon\/#primaryimage","url":"https:\/\/staging.belleflamme.ca\/wp-content\/uploads\/2024\/04\/Bruleur-de-Cuisiniere-Double-Avant-Arriere-pour-Serie-Encastree-500-de-Napoleon.jpeg","contentUrl":"https:\/\/staging.belleflamme.ca\/wp-content\/uploads\/2024\/04\/Bruleur-de-Cuisiniere-Double-Avant-Arriere-pour-Serie-Encastree-500-de-Napoleon.jpeg","width":1000,"height":1000,"caption":"Br\u00fbleur de Cuisini\u00e8re Double (Avant-Arri\u00e8re) pour S\u00e9rie Encastr\u00e9e 500 de Napoleon"},{"@type":"BreadcrumbList","@id":"https:\/\/staging.belleflamme.ca\/en\/product\/built-in-500-series-inline-dual-range-top-burner-by-napoleon\/#breadcrumb","itemListElement":[{"@type":"ListItem","position":1,"name":"Home","item":"https:\/\/www.belleflamme.ca\/fr\/"},{"@type":"ListItem","position":2,"name":"Shop","item":"https:\/\/www.belleflamme.ca\/en\/shop\/"},{"@type":"ListItem","position":3,"name":"BBQ &amp; Outdoor Products","item":"https:\/\/staging.belleflamme.ca\/en\/category\/bbq-outdoor-products\/"},{"@type":"ListItem","position":4,"name":"Outdoor Kitchen","item":"https:\/\/staging.belleflamme.ca\/en\/category\/bbq-outdoor-products\/outdoor-kitchen\/"},{"@type":"ListItem","position":5,"name":"Outdoor BBQ","item":"https:\/\/staging.belleflamme.ca\/en\/category\/bbq-outdoor-products\/outdoor-kitchen\/outdoor-bbq\/"},{"@type":"ListItem","position":6,"name":"Built-In 500 Series Inline Dual Range Top Burner by Napoleon"}]},{"@type":"WebSite","@id":"https:\/\/www.belleflamme.ca\/fr\/#website","url":"https:\/\/www.belleflamme.ca\/fr\/","name":"Groupe Belleflamme","description":"La m\u00e9canique du b\u00e2timent dans le sang.","publisher":{"@id":"https:\/\/www.belleflamme.ca\/fr\/#organization"},"potentialAction":[{"@type":"SearchAction","target":{"@type":"EntryPoint","urlTemplate":"https:\/\/www.belleflamme.ca\/fr\/?s={search_term_string}"},"query-input":{"@type":"PropertyValueSpecification","valueRequired":true,"valueName":"search_term_string"}}],"inLanguage":"en-US"},{"@type":["Organization","Place"],"@id":"https:\/\/www.belleflamme.ca\/fr\/#organization","name":"Groupe Belleflamme","alternateName":"Belleflamme","url":"https:\/\/www.belleflamme.ca\/fr\/","logo":{"@type":"ImageObject","inLanguage":"en-US","@id":"https:\/\/www.belleflamme.ca\/fr\/#\/schema\/logo\/image\/","url":"https:\/\/staging.belleflamme.ca\/wp-content\/uploads\/2023\/01\/og-image.jpg","contentUrl":"https:\/\/staging.belleflamme.ca\/wp-content\/uploads\/2023\/01\/og-image.jpg","width":1200,"height":630,"caption":"Groupe Belleflamme"},"image":{"@id":"https:\/\/www.belleflamme.ca\/fr\/#\/schema\/logo\/image\/"},"sameAs":["https:\/\/www.facebook.com\/belleflamme.ca\/","https:\/\/www.linkedin.com\/company\/belleflamme\/","https:\/\/www.pinterest.ca\/groupebelleflamme\/","https:\/\/www.instagram.com\/legroupebelleflamme\/"],"mainEntityOfPage":{"@id":"https:\/\/staging.belleflamme.ca\/en\/product\/built-in-500-series-inline-dual-range-top-burner-by-napoleon\/"}}]},"product_brand":"Napoleon BBQ","og_availability":"instock","product_availability":"instock","product_condition":"new"},"_links":{"self":[{"href":"https:\/\/staging.belleflamme.ca\/en\/wp-json\/wp\/v2\/product\/36340","targetHints":{"allow":["GET"]}}],"collection":[{"href":"https:\/\/staging.belleflamme.ca\/en\/wp-json\/wp\/v2\/product"}],"about":[{"href":"https:\/\/staging.belleflamme.ca\/en\/wp-json\/wp\/v2\/types\/product"}],"version-history":[{"count":4,"href":"https:\/\/staging.belleflamme.ca\/en\/wp-json\/wp\/v2\/product\/36340\/revisions"}],"predecessor-version":[{"id":36346,"href":"https:\/\/staging.belleflamme.ca\/en\/wp-json\/wp\/v2\/product\/36340\/revisions\/36346"}],"wp:featuredmedia":[{"embeddable":true,"href":"https:\/\/staging.belleflamme.ca\/en\/wp-json\/wp\/v2\/media\/36331"}],"wp:attachment":[{"href":"https:\/\/staging.belleflamme.ca\/en\/wp-json\/wp\/v2\/media?parent=36340"}],"wp:term":[{"taxonomy":"product_brand","embeddable":true,"href":"https:\/\/staging.belleflamme.ca\/en\/wp-json\/wp\/v2\/product_brand?post=36340"},{"taxonomy":"product_cat","embeddable":true,"href":"https:\/\/staging.belleflamme.ca\/en\/wp-json\/wp\/v2\/product_cat?post=36340"},{"taxonomy":"product_tag","embeddable":true,"href":"https:\/\/staging.belleflamme.ca\/en\/wp-json\/wp\/v2\/product_tag?post=36340"}],"curies":[{"name":"wp","href":"https:\/\/api.w.org\/{rel}","templated":true}]}}