{"id":36271,"date":"2024-04-26T15:50:38","date_gmt":"2024-04-26T19:50:38","guid":{"rendered":"https:\/\/www.belleflamme.ca\/?post_type=product&#038;p=36271"},"modified":"2024-04-26T15:54:55","modified_gmt":"2024-04-26T19:54:55","slug":"built-in-700-series-infrared-burner-by-napoleon","status":"publish","type":"product","link":"https:\/\/staging.belleflamme.ca\/en\/product\/built-in-700-series-infrared-burner-by-napoleon\/","title":{"rendered":"Built-In 700 Series Infrared Burner by Napoleon"},"content":{"rendered":"\t\t<div data-elementor-type=\"product-post\" data-elementor-id=\"36271\" class=\"elementor elementor-36271 elementor-36261\" data-elementor-post-type=\"product\">\n\t\t\t\t\t\t<section class=\"elementor-section elementor-top-section elementor-element elementor-element-33f91984 elementor-section-boxed elementor-section-height-default elementor-section-height-default\" data-id=\"33f91984\" data-element_type=\"section\">\n\t\t\t\t\t\t<div class=\"elementor-container elementor-column-gap-default\">\n\t\t\t\t\t<div class=\"elementor-column elementor-col-100 elementor-top-column elementor-element elementor-element-2fbf3a35\" data-id=\"2fbf3a35\" data-element_type=\"column\">\n\t\t\t<div class=\"elementor-widget-wrap elementor-element-populated\">\n\t\t\t\t\t\t<div class=\"elementor-element elementor-element-2b0b56d2 elementor-widget elementor-widget-text-editor\" data-id=\"2b0b56d2\" data-element_type=\"widget\" data-widget_type=\"text-editor.default\">\n\t\t\t\t<div class=\"elementor-widget-container\">\n\t\t\t\t\t\t\t\t\t<p>WITH STAINLESS STEEL COVER<\/p><h3 class=\"title hide-item-on-mobile\">DESCRIPTION<\/h3><div class=\"inner-wrapper open\" data-max-height=\"360px\" data-fade=\"true\" data-height=\"408px\"><div class=\"clearfix text-formatted field field--name-body field--type-text-with-summary field--label-hidden field__item\"><p>The Infrared SIZZLE ZONE\u2122 can be used to produce the perfect sear on meat or used to create sides and sauces while the main grill is in use. This 10-inch drop-in Infrared SIZZLE ZONE\u2122 burner sears succulent steaks to restaurant-quality perfection. Made from the same quality of premium stainless steel as the 700 Series built-in grills, this drop-in side burner matches your custom outdoor kitchen. These burners provide stylish longevity and were built with ease of install in mind. Virtually maintenance-free 7.5-mm cooking grids deliver the iconic WAVE\u2122 sear marks that tell your meal was cooked on a Napoleon. Ignite the burners one-handed using the JETFIRE\u2122 instant ignition system. The ergonomic backlit control knobs which provide ambiance and safety, glowing a glorious blue and changing to red when burners are in use. The power supply kit N370-1091-SER is required for all Built-in 700 Series burners being used in an application without a Built-in 700 Series Built-in Grill in order to supply power for the backlit control knobs.<\/p><\/div><\/div><p>\u00a0<\/p><h3 class=\"title hide-item-on-mobile\">KEY FEATURES<\/h3><div class=\"inner-wrapper\" data-max-height=\"360px\" data-fade=\"true\"><div class=\"clearfix text-formatted field field--name-field-summary-features field--type-text field--label-hidden field__items\"><ul><li class=\"field__item\">This sear station allows you to cook restaurant quality steaks over very high heat<\/li><li class=\"field__item\">Premium stainless steel construction ensures a long life<\/li><li class=\"field__item\">Powered by easy to use propane gas<\/li><li class=\"field__item\">Thick, 0.3-inch (7.5 mm) stainless steel cooking grids are low maintenance and feature the iconic Napoleon WAVE pattern<\/li><li class=\"field__item\">Infrared heat produces high temperatures, up to 1800\u00b0F, for a fast and thorough sear<\/li><li class=\"field__item\">This drop-in burner is separate from the BBQ Grill allowing for searing while the BBQ Grill cooks at lower temperature<\/li><li class=\"field__item\">Provides extra space to create sauces and side dishes while using the main BBQ Grill<\/li><li class=\"field__item\">Seamless trim provides versatile and flawless installation<\/li><\/ul><\/div><\/div><p>\u00a0<\/p><table class=\"specification-table\"><tbody><tr><th>WARRANTY<\/th><td>Lifetime Bumper to Bumper<sup>*<\/sup><\/td><\/tr><tr><th>FUEL TYPE<\/th><td>Natural Gas<\/td><\/tr><tr><th>HEAT OUTPUT<\/th><td>10,000 BTU<\/td><\/tr><tr><th>MAIN COOKING AREA<\/th><td>9 x 10.5 in (23 x 27 cm) \u00a0|\u00a0 5 burgers<\/td><\/tr><tr><th>TOTAL COOKING AREA<\/th><td>94.50 sq.in (621 cm\u00b2)<\/td><\/tr><tr><th>ROTISSERIE INCLUDED<\/th><td>No<\/td><\/tr><tr><th>HEIGHT<\/th><td>6.90 in (16.10 cm)<\/td><\/tr><tr><th>WIDTH<\/th><td>13.50 in (34.30 cm)<\/td><\/tr><tr><th>DEPTH<\/th><td>22 in (55.90 cm)<\/td><\/tr><tr><th>PACKAGING HEIGHT<\/th><td>9 in (22.86 cm)<\/td><\/tr><tr><th>PACKAGING WIDTH<\/th><td>20 in (50.80 cm)<\/td><\/tr><tr><th>PACKAGING DEPTH<\/th><td>28 in (71.12 cm)<\/td><\/tr><tr><th>PACKAGING WEIGHT<\/th><td>24.50 lbs. (11.11 kg)<\/td><\/tr><\/tbody><\/table>\t\t\t\t\t\t\t\t<\/div>\n\t\t\t\t<\/div>\n\t\t\t\t\t<\/div>\n\t\t<\/div>\n\t\t\t\t\t<\/div>\n\t\t<\/section>\n\t\t\t\t<section class=\"elementor-section elementor-top-section elementor-element elementor-element-abf9344 elementor-section-boxed elementor-section-height-default elementor-section-height-default\" data-id=\"abf9344\" data-element_type=\"section\">\n\t\t\t\t\t\t<div class=\"elementor-container elementor-column-gap-default\">\n\t\t\t\t\t<div class=\"elementor-column elementor-col-100 elementor-top-column elementor-element elementor-element-70f8ff2\" data-id=\"70f8ff2\" data-element_type=\"column\">\n\t\t\t<div class=\"elementor-widget-wrap elementor-element-populated\">\n\t\t\t\t\t\t<div class=\"elementor-element elementor-element-8acd712 elementor-tabs-view-horizontal elementor-widget elementor-widget-tabs\" data-id=\"8acd712\" data-element_type=\"widget\" data-widget_type=\"tabs.default\">\n\t\t\t\t<div class=\"elementor-widget-container\">\n\t\t\t\t\t\t\t<div class=\"elementor-tabs\">\n\t\t\t<div class=\"elementor-tabs-wrapper\" role=\"tablist\" >\n\t\t\t\t\t\t\t\t\t<div id=\"elementor-tab-title-1451\" class=\"elementor-tab-title elementor-tab-desktop-title\" aria-selected=\"true\" data-tab=\"1\" role=\"tab\" tabindex=\"0\" aria-controls=\"elementor-tab-content-1451\" aria-expanded=\"false\">Files<\/div>\n\t\t\t\t\t\t\t<\/div>\n\t\t\t<div class=\"elementor-tabs-content-wrapper\" role=\"tablist\" aria-orientation=\"vertical\">\n\t\t\t\t\t\t\t\t\t<div class=\"elementor-tab-title elementor-tab-mobile-title\" aria-selected=\"true\" data-tab=\"1\" role=\"tab\" tabindex=\"0\" aria-controls=\"elementor-tab-content-1451\" aria-expanded=\"false\">Files<\/div>\n\t\t\t\t\t<div id=\"elementor-tab-content-1451\" class=\"elementor-tab-content elementor-clearfix\" data-tab=\"1\" role=\"tabpanel\" aria-labelledby=\"elementor-tab-title-1451\" tabindex=\"0\" hidden=\"false\"><i class=\"far fa-file-pdf fa-xl\" style=\"font-size:35px\"><\/i><a href=\"https:\/\/www.belleflamme.ca\/wp-content\/uploads\/2024\/04\/ADBRBI-EN-2021-Built-In-Brochure_English-US-and-CA.pdf\"> Brochure<\/a><\/br>\n<i class=\"far fa-file-pdf fa-xl\" style=\"font-size:35px\"><\/i><a href=\"https:\/\/www.belleflamme.ca\/wp-content\/uploads\/2024\/04\/N415-0601-Built-In-Series-Manual-RevH.pdf\"> Manual<\/a><\/br>\n<i class=\"far fa-file-pdf fa-xl\" style=\"font-size:35px\"><\/i><a href=\"https:\/\/www.belleflamme.ca\/wp-content\/uploads\/2024\/04\/Built-In-700-Series-Assembly-Guide-May2022.pdf\"> Assembly Guide<\/a><\/br><\/div>\n\t\t\t\t\t\t\t<\/div>\n\t\t<\/div>\n\t\t\t\t\t\t<\/div>\n\t\t\t\t<\/div>\n\t\t\t\t\t<\/div>\n\t\t<\/div>\n\t\t\t\t\t<\/div>\n\t\t<\/section>\n\t\t\t\t<\/div>\n\t\t","protected":false},"excerpt":{"rendered":"<p>WITH STAINLESS STEEL COVER DESCRIPTION The Infrared SIZZLE ZONE\u2122 can be used to produce the perfect sear on meat or used to create sides and sauces while the main grill is in use. This 10-inch drop-in Infrared SIZZLE ZONE\u2122 burner sears succulent steaks to restaurant-quality perfection. Made from the same quality of premium stainless steel [&hellip;]<\/p>\n","protected":false},"featured_media":36264,"template":"","meta":{"inline_featured_image":false},"product_brand":[1318],"product_cat":[144,353,149],"product_tag":[],"class_list":{"0":"post-36271","1":"product","2":"type-product","3":"status-publish","4":"has-post-thumbnail","6":"product_brand-napoleon-bbq","7":"product_cat-bbq-outdoor-products","8":"product_cat-outdoor-bbq","9":"product_cat-outdoor-kitchen","11":"first","12":"instock","13":"taxable","14":"shipping-taxable","15":"purchasable","16":"product-type-variable"},"yoast_head":"<!-- This site is optimized with the Yoast SEO Premium plugin v24.2 (Yoast SEO v24.2) - https:\/\/yoast.com\/wordpress\/plugins\/seo\/ -->\n<title>Built-In 700 Series Infrared Burner by Napoleon - Groupe BelleFlamme<\/title>\n<meta name=\"description\" content=\"Built-In 700 Series Infrared Burner by Napoleon sold by the Belleflamme Group. Laval, Montreal, Gatineau and Saint-Sauveur.\" \/>\n<meta name=\"robots\" content=\"index, follow, max-snippet:-1, max-image-preview:large, max-video-preview:-1\" \/>\n<link rel=\"canonical\" href=\"https:\/\/staging.belleflamme.ca\/en\/product\/built-in-700-series-infrared-burner-by-napoleon\/\" \/>\n<meta property=\"og:locale\" content=\"en_US\" \/>\n<meta property=\"og:type\" content=\"article\" \/>\n<meta property=\"og:title\" content=\"Built-In 700 Series Infrared Burner by Napoleon\" \/>\n<meta property=\"og:description\" content=\"Built-In 700 Series Infrared Burner by Napoleon sold by the Belleflamme Group. Laval, Montreal, Gatineau and Saint-Sauveur.\" \/>\n<meta property=\"og:url\" content=\"https:\/\/staging.belleflamme.ca\/en\/product\/built-in-700-series-infrared-burner-by-napoleon\/\" \/>\n<meta property=\"og:site_name\" content=\"Groupe BelleFlamme\" \/>\n<meta property=\"article:publisher\" content=\"https:\/\/www.facebook.com\/belleflamme.ca\/\" \/>\n<meta property=\"article:modified_time\" content=\"2024-04-26T19:54:55+00:00\" \/>\n<meta property=\"og:image\" content=\"https:\/\/www.belleflamme.ca\/wp-content\/uploads\/2024\/04\/Bruleur-Infrarouge-simple-pour-Serie-700-Encastree-de-Napoleon.jpeg\" \/>\n\t<meta property=\"og:image:width\" content=\"1000\" \/>\n\t<meta property=\"og:image:height\" content=\"1000\" \/>\n\t<meta property=\"og:image:type\" content=\"image\/jpeg\" \/>\n<meta name=\"twitter:card\" content=\"summary_large_image\" \/>\n<meta name=\"twitter:label1\" content=\"Availability\" \/>\n\t<meta name=\"twitter:data1\" content=\"In stock\" \/>\n<script type=\"application\/ld+json\" class=\"yoast-schema-graph\">{\"@context\":\"https:\/\/schema.org\",\"@graph\":[{\"@type\":[\"WebPage\",\"ItemPage\"],\"@id\":\"https:\/\/staging.belleflamme.ca\/en\/product\/built-in-700-series-infrared-burner-by-napoleon\/\",\"url\":\"https:\/\/staging.belleflamme.ca\/en\/product\/built-in-700-series-infrared-burner-by-napoleon\/\",\"name\":\"Built-In 700 Series Infrared Burner by Napoleon - Groupe BelleFlamme\",\"isPartOf\":{\"@id\":\"https:\/\/www.belleflamme.ca\/fr\/#website\"},\"primaryImageOfPage\":{\"@id\":\"https:\/\/staging.belleflamme.ca\/en\/product\/built-in-700-series-infrared-burner-by-napoleon\/#primaryimage\"},\"image\":{\"@id\":\"https:\/\/staging.belleflamme.ca\/en\/product\/built-in-700-series-infrared-burner-by-napoleon\/#primaryimage\"},\"thumbnailUrl\":\"https:\/\/staging.belleflamme.ca\/wp-content\/uploads\/2024\/04\/Bruleur-Infrarouge-simple-pour-Serie-700-Encastree-de-Napoleon.jpeg\",\"datePublished\":\"2024-04-26T19:50:38+00:00\",\"dateModified\":\"2024-04-26T19:54:55+00:00\",\"description\":\"Built-In 700 Series Infrared Burner by Napoleon sold by the Belleflamme Group. Laval, Montreal, Gatineau and Saint-Sauveur.\",\"breadcrumb\":{\"@id\":\"https:\/\/staging.belleflamme.ca\/en\/product\/built-in-700-series-infrared-burner-by-napoleon\/#breadcrumb\"},\"inLanguage\":\"en-US\",\"potentialAction\":[{\"@type\":\"ReadAction\",\"target\":[\"https:\/\/staging.belleflamme.ca\/en\/product\/built-in-700-series-infrared-burner-by-napoleon\/\"]}]},{\"@type\":\"ImageObject\",\"inLanguage\":\"en-US\",\"@id\":\"https:\/\/staging.belleflamme.ca\/en\/product\/built-in-700-series-infrared-burner-by-napoleon\/#primaryimage\",\"url\":\"https:\/\/staging.belleflamme.ca\/wp-content\/uploads\/2024\/04\/Bruleur-Infrarouge-simple-pour-Serie-700-Encastree-de-Napoleon.jpeg\",\"contentUrl\":\"https:\/\/staging.belleflamme.ca\/wp-content\/uploads\/2024\/04\/Bruleur-Infrarouge-simple-pour-Serie-700-Encastree-de-Napoleon.jpeg\",\"width\":1000,\"height\":1000,\"caption\":\"Br\u00fbleur Infrarouge simple pour S\u00e9rie 700 Encastr\u00e9e de Napoleon\"},{\"@type\":\"BreadcrumbList\",\"@id\":\"https:\/\/staging.belleflamme.ca\/en\/product\/built-in-700-series-infrared-burner-by-napoleon\/#breadcrumb\",\"itemListElement\":[{\"@type\":\"ListItem\",\"position\":1,\"name\":\"Home\",\"item\":\"https:\/\/www.belleflamme.ca\/fr\/\"},{\"@type\":\"ListItem\",\"position\":2,\"name\":\"Shop\",\"item\":\"https:\/\/www.belleflamme.ca\/en\/shop\/\"},{\"@type\":\"ListItem\",\"position\":3,\"name\":\"BBQ &amp; Outdoor Products\",\"item\":\"https:\/\/staging.belleflamme.ca\/en\/category\/bbq-outdoor-products\/\"},{\"@type\":\"ListItem\",\"position\":4,\"name\":\"Outdoor Kitchen\",\"item\":\"https:\/\/staging.belleflamme.ca\/en\/category\/bbq-outdoor-products\/outdoor-kitchen\/\"},{\"@type\":\"ListItem\",\"position\":5,\"name\":\"Outdoor BBQ\",\"item\":\"https:\/\/staging.belleflamme.ca\/en\/category\/bbq-outdoor-products\/outdoor-kitchen\/outdoor-bbq\/\"},{\"@type\":\"ListItem\",\"position\":6,\"name\":\"Built-In 700 Series Infrared Burner by Napoleon\"}]},{\"@type\":\"WebSite\",\"@id\":\"https:\/\/www.belleflamme.ca\/fr\/#website\",\"url\":\"https:\/\/www.belleflamme.ca\/fr\/\",\"name\":\"Groupe Belleflamme\",\"description\":\"La m\u00e9canique du b\u00e2timent dans le sang.\",\"publisher\":{\"@id\":\"https:\/\/www.belleflamme.ca\/fr\/#organization\"},\"potentialAction\":[{\"@type\":\"SearchAction\",\"target\":{\"@type\":\"EntryPoint\",\"urlTemplate\":\"https:\/\/www.belleflamme.ca\/fr\/?s={search_term_string}\"},\"query-input\":{\"@type\":\"PropertyValueSpecification\",\"valueRequired\":true,\"valueName\":\"search_term_string\"}}],\"inLanguage\":\"en-US\"},{\"@type\":[\"Organization\",\"Place\"],\"@id\":\"https:\/\/www.belleflamme.ca\/fr\/#organization\",\"name\":\"Groupe Belleflamme\",\"alternateName\":\"Belleflamme\",\"url\":\"https:\/\/www.belleflamme.ca\/fr\/\",\"logo\":{\"@type\":\"ImageObject\",\"inLanguage\":\"en-US\",\"@id\":\"https:\/\/www.belleflamme.ca\/fr\/#\/schema\/logo\/image\/\",\"url\":\"https:\/\/staging.belleflamme.ca\/wp-content\/uploads\/2023\/01\/og-image.jpg\",\"contentUrl\":\"https:\/\/staging.belleflamme.ca\/wp-content\/uploads\/2023\/01\/og-image.jpg\",\"width\":1200,\"height\":630,\"caption\":\"Groupe Belleflamme\"},\"image\":{\"@id\":\"https:\/\/www.belleflamme.ca\/fr\/#\/schema\/logo\/image\/\"},\"sameAs\":[\"https:\/\/www.facebook.com\/belleflamme.ca\/\",\"https:\/\/www.linkedin.com\/company\/belleflamme\/\",\"https:\/\/www.pinterest.ca\/groupebelleflamme\/\",\"https:\/\/www.instagram.com\/legroupebelleflamme\/\"],\"mainEntityOfPage\":{\"@id\":\"https:\/\/staging.belleflamme.ca\/en\/product\/built-in-700-series-infrared-burner-by-napoleon\/\"}}]}<\/script>\n<meta property=\"product:brand\" content=\"Napoleon BBQ\" \/>\n<meta property=\"og:availability\" content=\"instock\" \/>\n<meta property=\"product:availability\" content=\"instock\" \/>\n<meta property=\"product:condition\" content=\"new\" \/>\n<!-- \/ Yoast SEO Premium plugin. -->","yoast_head_json":{"title":"Built-In 700 Series Infrared Burner by Napoleon - Groupe BelleFlamme","description":"Built-In 700 Series Infrared Burner by Napoleon sold by the Belleflamme Group. Laval, Montreal, Gatineau and Saint-Sauveur.","robots":{"index":"index","follow":"follow","max-snippet":"max-snippet:-1","max-image-preview":"max-image-preview:large","max-video-preview":"max-video-preview:-1"},"canonical":"https:\/\/staging.belleflamme.ca\/en\/product\/built-in-700-series-infrared-burner-by-napoleon\/","og_locale":"en_US","og_type":"article","og_title":"Built-In 700 Series Infrared Burner by Napoleon","og_description":"Built-In 700 Series Infrared Burner by Napoleon sold by the Belleflamme Group. Laval, Montreal, Gatineau and Saint-Sauveur.","og_url":"https:\/\/staging.belleflamme.ca\/en\/product\/built-in-700-series-infrared-burner-by-napoleon\/","og_site_name":"Groupe BelleFlamme","article_publisher":"https:\/\/www.facebook.com\/belleflamme.ca\/","article_modified_time":"2024-04-26T19:54:55+00:00","og_image":[{"width":1000,"height":1000,"url":"https:\/\/www.belleflamme.ca\/wp-content\/uploads\/2024\/04\/Bruleur-Infrarouge-simple-pour-Serie-700-Encastree-de-Napoleon.jpeg","type":"image\/jpeg"}],"twitter_card":"summary_large_image","twitter_misc":{"Availability":"In stock"},"schema":{"@context":"https:\/\/schema.org","@graph":[{"@type":["WebPage","ItemPage"],"@id":"https:\/\/staging.belleflamme.ca\/en\/product\/built-in-700-series-infrared-burner-by-napoleon\/","url":"https:\/\/staging.belleflamme.ca\/en\/product\/built-in-700-series-infrared-burner-by-napoleon\/","name":"Built-In 700 Series Infrared Burner by Napoleon - Groupe BelleFlamme","isPartOf":{"@id":"https:\/\/www.belleflamme.ca\/fr\/#website"},"primaryImageOfPage":{"@id":"https:\/\/staging.belleflamme.ca\/en\/product\/built-in-700-series-infrared-burner-by-napoleon\/#primaryimage"},"image":{"@id":"https:\/\/staging.belleflamme.ca\/en\/product\/built-in-700-series-infrared-burner-by-napoleon\/#primaryimage"},"thumbnailUrl":"https:\/\/staging.belleflamme.ca\/wp-content\/uploads\/2024\/04\/Bruleur-Infrarouge-simple-pour-Serie-700-Encastree-de-Napoleon.jpeg","datePublished":"2024-04-26T19:50:38+00:00","dateModified":"2024-04-26T19:54:55+00:00","description":"Built-In 700 Series Infrared Burner by Napoleon sold by the Belleflamme Group. Laval, Montreal, Gatineau and Saint-Sauveur.","breadcrumb":{"@id":"https:\/\/staging.belleflamme.ca\/en\/product\/built-in-700-series-infrared-burner-by-napoleon\/#breadcrumb"},"inLanguage":"en-US","potentialAction":[{"@type":"ReadAction","target":["https:\/\/staging.belleflamme.ca\/en\/product\/built-in-700-series-infrared-burner-by-napoleon\/"]}]},{"@type":"ImageObject","inLanguage":"en-US","@id":"https:\/\/staging.belleflamme.ca\/en\/product\/built-in-700-series-infrared-burner-by-napoleon\/#primaryimage","url":"https:\/\/staging.belleflamme.ca\/wp-content\/uploads\/2024\/04\/Bruleur-Infrarouge-simple-pour-Serie-700-Encastree-de-Napoleon.jpeg","contentUrl":"https:\/\/staging.belleflamme.ca\/wp-content\/uploads\/2024\/04\/Bruleur-Infrarouge-simple-pour-Serie-700-Encastree-de-Napoleon.jpeg","width":1000,"height":1000,"caption":"Br\u00fbleur Infrarouge simple pour S\u00e9rie 700 Encastr\u00e9e de Napoleon"},{"@type":"BreadcrumbList","@id":"https:\/\/staging.belleflamme.ca\/en\/product\/built-in-700-series-infrared-burner-by-napoleon\/#breadcrumb","itemListElement":[{"@type":"ListItem","position":1,"name":"Home","item":"https:\/\/www.belleflamme.ca\/fr\/"},{"@type":"ListItem","position":2,"name":"Shop","item":"https:\/\/www.belleflamme.ca\/en\/shop\/"},{"@type":"ListItem","position":3,"name":"BBQ &amp; Outdoor Products","item":"https:\/\/staging.belleflamme.ca\/en\/category\/bbq-outdoor-products\/"},{"@type":"ListItem","position":4,"name":"Outdoor Kitchen","item":"https:\/\/staging.belleflamme.ca\/en\/category\/bbq-outdoor-products\/outdoor-kitchen\/"},{"@type":"ListItem","position":5,"name":"Outdoor BBQ","item":"https:\/\/staging.belleflamme.ca\/en\/category\/bbq-outdoor-products\/outdoor-kitchen\/outdoor-bbq\/"},{"@type":"ListItem","position":6,"name":"Built-In 700 Series Infrared Burner by Napoleon"}]},{"@type":"WebSite","@id":"https:\/\/www.belleflamme.ca\/fr\/#website","url":"https:\/\/www.belleflamme.ca\/fr\/","name":"Groupe Belleflamme","description":"La m\u00e9canique du b\u00e2timent dans le sang.","publisher":{"@id":"https:\/\/www.belleflamme.ca\/fr\/#organization"},"potentialAction":[{"@type":"SearchAction","target":{"@type":"EntryPoint","urlTemplate":"https:\/\/www.belleflamme.ca\/fr\/?s={search_term_string}"},"query-input":{"@type":"PropertyValueSpecification","valueRequired":true,"valueName":"search_term_string"}}],"inLanguage":"en-US"},{"@type":["Organization","Place"],"@id":"https:\/\/www.belleflamme.ca\/fr\/#organization","name":"Groupe Belleflamme","alternateName":"Belleflamme","url":"https:\/\/www.belleflamme.ca\/fr\/","logo":{"@type":"ImageObject","inLanguage":"en-US","@id":"https:\/\/www.belleflamme.ca\/fr\/#\/schema\/logo\/image\/","url":"https:\/\/staging.belleflamme.ca\/wp-content\/uploads\/2023\/01\/og-image.jpg","contentUrl":"https:\/\/staging.belleflamme.ca\/wp-content\/uploads\/2023\/01\/og-image.jpg","width":1200,"height":630,"caption":"Groupe Belleflamme"},"image":{"@id":"https:\/\/www.belleflamme.ca\/fr\/#\/schema\/logo\/image\/"},"sameAs":["https:\/\/www.facebook.com\/belleflamme.ca\/","https:\/\/www.linkedin.com\/company\/belleflamme\/","https:\/\/www.pinterest.ca\/groupebelleflamme\/","https:\/\/www.instagram.com\/legroupebelleflamme\/"],"mainEntityOfPage":{"@id":"https:\/\/staging.belleflamme.ca\/en\/product\/built-in-700-series-infrared-burner-by-napoleon\/"}}]},"product_brand":"Napoleon BBQ","og_availability":"instock","product_availability":"instock","product_condition":"new"},"_links":{"self":[{"href":"https:\/\/staging.belleflamme.ca\/en\/wp-json\/wp\/v2\/product\/36271","targetHints":{"allow":["GET"]}}],"collection":[{"href":"https:\/\/staging.belleflamme.ca\/en\/wp-json\/wp\/v2\/product"}],"about":[{"href":"https:\/\/staging.belleflamme.ca\/en\/wp-json\/wp\/v2\/types\/product"}],"version-history":[{"count":4,"href":"https:\/\/staging.belleflamme.ca\/en\/wp-json\/wp\/v2\/product\/36271\/revisions"}],"predecessor-version":[{"id":36277,"href":"https:\/\/staging.belleflamme.ca\/en\/wp-json\/wp\/v2\/product\/36271\/revisions\/36277"}],"wp:featuredmedia":[{"embeddable":true,"href":"https:\/\/staging.belleflamme.ca\/en\/wp-json\/wp\/v2\/media\/36264"}],"wp:attachment":[{"href":"https:\/\/staging.belleflamme.ca\/en\/wp-json\/wp\/v2\/media?parent=36271"}],"wp:term":[{"taxonomy":"product_brand","embeddable":true,"href":"https:\/\/staging.belleflamme.ca\/en\/wp-json\/wp\/v2\/product_brand?post=36271"},{"taxonomy":"product_cat","embeddable":true,"href":"https:\/\/staging.belleflamme.ca\/en\/wp-json\/wp\/v2\/product_cat?post=36271"},{"taxonomy":"product_tag","embeddable":true,"href":"https:\/\/staging.belleflamme.ca\/en\/wp-json\/wp\/v2\/product_tag?post=36271"}],"curies":[{"name":"wp","href":"https:\/\/api.w.org\/{rel}","templated":true}]}}