{"id":33737,"date":"2024-04-17T09:43:51","date_gmt":"2024-04-17T13:43:51","guid":{"rendered":"https:\/\/www.belleflamme.ca\/?post_type=product&#038;p=33737"},"modified":"2024-04-17T09:53:40","modified_gmt":"2024-04-17T13:53:40","slug":"trekker-series-pellet-stove-by-quadra-fire","status":"publish","type":"product","link":"https:\/\/staging.belleflamme.ca\/en\/product\/trekker-series-pellet-stove-by-quadra-fire\/","title":{"rendered":"Trekker Series Pellet Stove by Quadra-Fire"},"content":{"rendered":"\t\t<div data-elementor-type=\"product-post\" data-elementor-id=\"33737\" class=\"elementor elementor-33737 elementor-33715\" data-elementor-post-type=\"product\">\n\t\t\t\t\t\t<section class=\"elementor-section elementor-top-section elementor-element elementor-element-48f208f4 elementor-section-boxed elementor-section-height-default elementor-section-height-default\" data-id=\"48f208f4\" data-element_type=\"section\">\n\t\t\t\t\t\t<div class=\"elementor-container elementor-column-gap-default\">\n\t\t\t\t\t<div class=\"elementor-column elementor-col-100 elementor-top-column elementor-element elementor-element-730fa9ff\" data-id=\"730fa9ff\" data-element_type=\"column\">\n\t\t\t<div class=\"elementor-widget-wrap elementor-element-populated\">\n\t\t\t\t\t\t<div class=\"elementor-element elementor-element-176a0cbb elementor-widget elementor-widget-text-editor\" data-id=\"176a0cbb\" data-element_type=\"widget\" data-widget_type=\"text-editor.default\">\n\t\t\t\t<div class=\"elementor-widget-container\">\n\t\t\t\t\t\t\t\t\t<p><iframe title=\"YouTube video player\" src=\"https:\/\/www.youtube.com\/embed\/GuFK5Syn6Pc?si=MOZM1qfP0ZXO3YdY\" width=\"560\" height=\"315\" frameborder=\"0\" allowfullscreen=\"allowfullscreen\"><\/iframe><\/p><div class=\"specifications__wrapper\"><div class=\"specifications__left\"><div class=\"specifications__product\"><div class=\"specifications__product-info\"><header class=\"product-header\"><p class=\"product-pricing-message\">Product only. Pricing exclusions apply. Contact a dealer for more information.<\/p><\/header><div class=\"tab-content\"><div id=\"Overview\" class=\"tab-pane product-detail-overview active\"><div class=\"row\"><div class=\"col-md-9\"><h3>Performance You Can Feel<\/h3><p>The Trekker pellet stove with Efficient Energy (E2) technology is the most powerful and efficient pellet stove ever designed by Quadra-Fire. E2 technology helps achieve 83.2% efficiency\u2014saving money by burning less fuel. The standard 7-day programmable thermostat, 80lb hopper and easy-clean cast iron firepot ensure this pellet stove is easy to operate. These efficient pellet-burning stoves are the only stove available with cast iron construction on all major components\u2014proving it\u2019s built to last.<\/p><ul><li>Heat large spaces with up to 51,000 BTUs\u2014heats up to 2,900 square feet, based on climate and home efficiency<\/li><li>EPA certified, with low emission levels of .74 grams per hour<\/li><li>Load less fuel with an 80lb hopper<\/li><li>Use less fuel with 83.2% efficiency<\/li><li>Exclusive &#8220;Efficient Energy&#8221; (E2) burn technology makes it easy to maintain your heat<\/li><li>Cast iron heat exchanger, firepot and exterior add detail and durability<\/li><li>7-day programmable wall thermostat<\/li><\/ul><\/div><\/div><\/div><\/div><\/div><\/div><\/div><\/div><div class=\"specifications__common\"><div class=\"product-para\">Dimensions in inches. Refer to installation\/owner&#8217;s manual for detailed specifications on installing this product. Hearth &amp; Home Technologies reserves the right to update units periodically. Product installation must adhere strictly to instructions shipped with product.<\/div><div class=\"product-para\">\u00a0<\/div><\/div><div class=\"specifications__wrapper\"><div class=\"specifications__left\"><div class=\"product-title\">Model Specifications<\/div><div class=\"product-title\">\u00a0<\/div><div class=\"specifications__product\"><div class=\"specifications__product-title\">Trekker Series Pellet Stove<\/div><table class=\"specifications__product-table\"><tbody><tr><th>Appliance Width<\/th><td>28-7\/16&#8243;<\/td><\/tr><tr><th>Appliance Height<\/th><td>32-5\/16&#8243;<\/td><\/tr><tr><th>Appliance Depth<sup>1<\/sup><\/th><td>28-3\/4&#8243;<\/td><\/tr><tr><th>Extension Onto Hearth<\/th><td>13-1\/8&#8243;<\/td><\/tr><tr><th>Fuel Type<\/th><td>Pellet<\/td><\/tr><tr><th>BTU\/hr Input<sup>2<\/sup><\/th><td>16,400 &#8211; 51,000<\/td><\/tr><tr><th>Heating Capacity<sup>3<\/sup><\/th><td>1,300 &#8211; 2,900 sq ft<\/td><\/tr><tr><th>Viewing Area<\/th><td>217 sq in<\/td><\/tr><tr><th>Efficiency<sup>5<\/sup><\/th><td>LHV 83%, HHV 78%<\/td><\/tr><tr><th>Emissions<\/th><td>0.74 grams\/hour<\/td><\/tr><\/tbody><\/table><div class=\"specifications__product-info\"><p><sup>1<\/sup>\u00a0Appliance Depth includes entire unit including depth of firebox and extension onto hearth.<\/p><p><sup>2<\/sup>\u00a0BTU\/hr Input based on maximum feed rate per hour multiplied by approximately 8600 BTU, which is average BTU from a pound of pellets.<\/p><p><sup>3<\/sup>\u00a0This is a general guide, see your local dealer for help in determining the product that best suits your heating needs based on climate, home efficiency, location of the heater, and air movement in the room.<\/p><p><sup>5<\/sup>\u00a0Weighted average LHV (Low Heating Value) &amp; HHV (High Heating Value) efficiencies using data collected during EPA emissions test. HHV efficiency over 75% qualifies for the Federal Tax Credit.<\/p><p>Heat output will vary depending on the type of fuel used. The flame and ember appearance may vary based on the type of fuel burned and the venting configuration used. Actual product appearance, including flame may differ from image shown. Refer to the owner&#8217;s manual for complete clearance requirements and specifications. Product specifications and pricing subject to change without notice. For testing and listing information please refer to the owner&#8217;s\/installation manual.<\/p><p>*For select products: Heating capacity to be used as a guide only. See your local dealer for help in determining the product that best suits your heating needs based on climate and home efficiency.<\/p><\/div><\/div><\/div><\/div><div class=\"specifications__wrapper\"><div class=\"specifications__left\"><div class=\"specifications__product\"><div class=\"specifications__product-info\"><div class=\"tab-content\"><div id=\"Overview\" class=\"tab-pane product-detail-overview active\"><div class=\"row\"><div class=\"col-md-9\">\u00a0<\/div><\/div><\/div><\/div><\/div><\/div><\/div><\/div>\t\t\t\t\t\t\t\t<\/div>\n\t\t\t\t<\/div>\n\t\t\t\t\t<\/div>\n\t\t<\/div>\n\t\t\t\t\t<\/div>\n\t\t<\/section>\n\t\t\t\t<section class=\"elementor-section elementor-top-section elementor-element elementor-element-4994eb2 elementor-section-boxed elementor-section-height-default elementor-section-height-default\" data-id=\"4994eb2\" data-element_type=\"section\">\n\t\t\t\t\t\t<div class=\"elementor-container elementor-column-gap-default\">\n\t\t\t\t\t<div class=\"elementor-column elementor-col-100 elementor-top-column elementor-element elementor-element-54adebc\" data-id=\"54adebc\" data-element_type=\"column\">\n\t\t\t<div class=\"elementor-widget-wrap elementor-element-populated\">\n\t\t\t\t\t\t<div class=\"elementor-element elementor-element-545a5b0 elementor-tabs-view-horizontal elementor-widget elementor-widget-tabs\" data-id=\"545a5b0\" data-element_type=\"widget\" data-widget_type=\"tabs.default\">\n\t\t\t\t<div class=\"elementor-widget-container\">\n\t\t\t\t\t\t\t<div class=\"elementor-tabs\">\n\t\t\t<div class=\"elementor-tabs-wrapper\" role=\"tablist\" >\n\t\t\t\t\t\t\t\t\t<div id=\"elementor-tab-title-8841\" class=\"elementor-tab-title elementor-tab-desktop-title\" aria-selected=\"true\" data-tab=\"1\" role=\"tab\" tabindex=\"0\" aria-controls=\"elementor-tab-content-8841\" aria-expanded=\"false\">Files<\/div>\n\t\t\t\t\t\t\t<\/div>\n\t\t\t<div class=\"elementor-tabs-content-wrapper\" role=\"tablist\" aria-orientation=\"vertical\">\n\t\t\t\t\t\t\t\t\t<div class=\"elementor-tab-title elementor-tab-mobile-title\" aria-selected=\"true\" data-tab=\"1\" role=\"tab\" tabindex=\"0\" aria-controls=\"elementor-tab-content-8841\" aria-expanded=\"false\">Files<\/div>\n\t\t\t\t\t<div id=\"elementor-tab-content-8841\" class=\"elementor-tab-content elementor-clearfix\" data-tab=\"1\" role=\"tabpanel\" aria-labelledby=\"elementor-tab-title-8841\" tabindex=\"0\" hidden=\"false\"><i class=\"far fa-file-pdf fa-xl\" style=\"font-size:35px\"><\/i><a href=\"https:\/\/www.belleflamme.ca\/wp-content\/uploads\/2024\/04\/QDF-1078-Pellet-Stoves.pdf\"> Brochure<\/a><\/br>\n<i class=\"far fa-file-pdf fa-xl\" style=\"font-size:35px\"><\/i><a href=\"https:\/\/www.belleflamme.ca\/wp-content\/uploads\/2024\/04\/7080-802_TREKKER_FS_INSTALL.pdf\"> Installation<\/a><\/br>\n<i class=\"far fa-file-pdf fa-xl\" style=\"font-size:35px\"><\/i><a href=\"https:\/\/www.belleflamme.ca\/wp-content\/uploads\/2024\/04\/7080-803_TREKKER_FS_OWNERS.pdf\"> Manual<\/a><\/br>\n<i class=\"far fa-file-pdf fa-xl\" style=\"font-size:35px\"><\/i><a href=\"https:\/\/www.belleflamme.ca\/wp-content\/uploads\/2024\/04\/TREKKER.pdf\"> Parts<\/a><\/br><\/div>\n\t\t\t\t\t\t\t<\/div>\n\t\t<\/div>\n\t\t\t\t\t\t<\/div>\n\t\t\t\t<\/div>\n\t\t\t\t\t<\/div>\n\t\t<\/div>\n\t\t\t\t\t<\/div>\n\t\t<\/section>\n\t\t\t\t<\/div>\n\t\t","protected":false},"excerpt":{"rendered":"<p>Product only. Pricing exclusions apply. Contact a dealer for more information. Performance You Can Feel The Trekker pellet stove with Efficient Energy (E2) technology is the most powerful and efficient pellet stove ever designed by Quadra-Fire. E2 technology helps achieve 83.2% efficiency\u2014saving money by burning less fuel. The standard 7-day programmable thermostat, 80lb hopper and [&hellip;]<\/p>\n","protected":false},"featured_media":33717,"template":"","meta":{"inline_featured_image":false},"product_brand":[1276],"product_cat":[210,212,193],"product_tag":[],"class_list":{"0":"post-33737","1":"product","2":"type-product","3":"status-publish","4":"has-post-thumbnail","6":"product_brand-quadra-fire-en","7":"product_cat-pellet-stoves-fireplaces","8":"product_cat-pellets-stoves","9":"product_cat-stoves-fireplaces","11":"first","12":"instock","13":"taxable","14":"shipping-taxable","15":"purchasable","16":"product-type-variable"},"yoast_head":"<!-- This site is optimized with the Yoast SEO Premium plugin v24.2 (Yoast SEO v24.2) - https:\/\/yoast.com\/wordpress\/plugins\/seo\/ -->\n<title>Trekker Series Pellet Stove by Quadra-Fire - Groupe BelleFlamme<\/title>\n<meta name=\"description\" content=\"Trekker Series Pellet Stove by Quadra-Fire sold and installed by the Belleflamme Group. Laval, Montreal, Gatineau and Saint-Sauveur.\" \/>\n<meta name=\"robots\" content=\"index, follow, max-snippet:-1, max-image-preview:large, max-video-preview:-1\" \/>\n<link rel=\"canonical\" href=\"https:\/\/staging.belleflamme.ca\/en\/product\/trekker-series-pellet-stove-by-quadra-fire\/\" \/>\n<meta property=\"og:locale\" content=\"en_US\" \/>\n<meta property=\"og:type\" content=\"article\" \/>\n<meta property=\"og:title\" content=\"Trekker Series Pellet Stove by Quadra-Fire\" \/>\n<meta property=\"og:description\" content=\"Trekker Series Pellet Stove by Quadra-Fire sold and installed by the Belleflamme Group. Laval, Montreal, Gatineau and Saint-Sauveur.\" \/>\n<meta property=\"og:url\" content=\"https:\/\/staging.belleflamme.ca\/en\/product\/trekker-series-pellet-stove-by-quadra-fire\/\" \/>\n<meta property=\"og:site_name\" content=\"Groupe BelleFlamme\" \/>\n<meta property=\"article:publisher\" content=\"https:\/\/www.facebook.com\/belleflamme.ca\/\" \/>\n<meta property=\"article:modified_time\" content=\"2024-04-17T13:53:40+00:00\" \/>\n<meta property=\"og:image\" content=\"https:\/\/www.belleflamme.ca\/wp-content\/uploads\/2024\/04\/Poele-a-granules-serie-Trekker-de-Quadra-Fire.jpg\" \/>\n\t<meta property=\"og:image:width\" content=\"1000\" \/>\n\t<meta property=\"og:image:height\" content=\"1000\" \/>\n\t<meta property=\"og:image:type\" content=\"image\/jpeg\" \/>\n<meta name=\"twitter:card\" content=\"summary_large_image\" \/>\n<meta name=\"twitter:label1\" content=\"Availability\" \/>\n\t<meta name=\"twitter:data1\" content=\"In stock\" \/>\n<script type=\"application\/ld+json\" class=\"yoast-schema-graph\">{\"@context\":\"https:\/\/schema.org\",\"@graph\":[{\"@type\":[\"WebPage\",\"ItemPage\"],\"@id\":\"https:\/\/staging.belleflamme.ca\/en\/product\/trekker-series-pellet-stove-by-quadra-fire\/\",\"url\":\"https:\/\/staging.belleflamme.ca\/en\/product\/trekker-series-pellet-stove-by-quadra-fire\/\",\"name\":\"Trekker Series Pellet Stove by Quadra-Fire - Groupe BelleFlamme\",\"isPartOf\":{\"@id\":\"https:\/\/www.belleflamme.ca\/fr\/#website\"},\"primaryImageOfPage\":{\"@id\":\"https:\/\/staging.belleflamme.ca\/en\/product\/trekker-series-pellet-stove-by-quadra-fire\/#primaryimage\"},\"image\":{\"@id\":\"https:\/\/staging.belleflamme.ca\/en\/product\/trekker-series-pellet-stove-by-quadra-fire\/#primaryimage\"},\"thumbnailUrl\":\"https:\/\/staging.belleflamme.ca\/wp-content\/uploads\/2024\/04\/Poele-a-granules-serie-Trekker-de-Quadra-Fire.jpg\",\"datePublished\":\"2024-04-17T13:43:51+00:00\",\"dateModified\":\"2024-04-17T13:53:40+00:00\",\"description\":\"Trekker Series Pellet Stove by Quadra-Fire sold and installed by the Belleflamme Group. Laval, Montreal, Gatineau and Saint-Sauveur.\",\"breadcrumb\":{\"@id\":\"https:\/\/staging.belleflamme.ca\/en\/product\/trekker-series-pellet-stove-by-quadra-fire\/#breadcrumb\"},\"inLanguage\":\"en-US\",\"potentialAction\":[{\"@type\":\"ReadAction\",\"target\":[\"https:\/\/staging.belleflamme.ca\/en\/product\/trekker-series-pellet-stove-by-quadra-fire\/\"]}]},{\"@type\":\"ImageObject\",\"inLanguage\":\"en-US\",\"@id\":\"https:\/\/staging.belleflamme.ca\/en\/product\/trekker-series-pellet-stove-by-quadra-fire\/#primaryimage\",\"url\":\"https:\/\/staging.belleflamme.ca\/wp-content\/uploads\/2024\/04\/Poele-a-granules-serie-Trekker-de-Quadra-Fire.jpg\",\"contentUrl\":\"https:\/\/staging.belleflamme.ca\/wp-content\/uploads\/2024\/04\/Poele-a-granules-serie-Trekker-de-Quadra-Fire.jpg\",\"width\":1000,\"height\":1000,\"caption\":\"Po\u00eale \u00e0 granules s\u00e9rie Trekker de Quadra-Fire\"},{\"@type\":\"BreadcrumbList\",\"@id\":\"https:\/\/staging.belleflamme.ca\/en\/product\/trekker-series-pellet-stove-by-quadra-fire\/#breadcrumb\",\"itemListElement\":[{\"@type\":\"ListItem\",\"position\":1,\"name\":\"Home\",\"item\":\"https:\/\/www.belleflamme.ca\/fr\/\"},{\"@type\":\"ListItem\",\"position\":2,\"name\":\"Shop\",\"item\":\"https:\/\/www.belleflamme.ca\/en\/shop\/\"},{\"@type\":\"ListItem\",\"position\":3,\"name\":\"Stoves &amp; Fireplaces\",\"item\":\"https:\/\/staging.belleflamme.ca\/en\/category\/stoves-fireplaces\/\"},{\"@type\":\"ListItem\",\"position\":4,\"name\":\"Pellet Stoves &amp; Fireplaces\",\"item\":\"https:\/\/staging.belleflamme.ca\/en\/category\/stoves-fireplaces\/pellet-stoves-fireplaces\/\"},{\"@type\":\"ListItem\",\"position\":5,\"name\":\"Pellets Stoves\",\"item\":\"https:\/\/staging.belleflamme.ca\/en\/category\/stoves-fireplaces\/pellet-stoves-fireplaces\/pellets-stoves\/\"},{\"@type\":\"ListItem\",\"position\":6,\"name\":\"Trekker Series Pellet Stove by Quadra-Fire\"}]},{\"@type\":\"WebSite\",\"@id\":\"https:\/\/www.belleflamme.ca\/fr\/#website\",\"url\":\"https:\/\/www.belleflamme.ca\/fr\/\",\"name\":\"Groupe Belleflamme\",\"description\":\"La m\u00e9canique du b\u00e2timent dans le sang.\",\"publisher\":{\"@id\":\"https:\/\/www.belleflamme.ca\/fr\/#organization\"},\"potentialAction\":[{\"@type\":\"SearchAction\",\"target\":{\"@type\":\"EntryPoint\",\"urlTemplate\":\"https:\/\/www.belleflamme.ca\/fr\/?s={search_term_string}\"},\"query-input\":{\"@type\":\"PropertyValueSpecification\",\"valueRequired\":true,\"valueName\":\"search_term_string\"}}],\"inLanguage\":\"en-US\"},{\"@type\":[\"Organization\",\"Place\"],\"@id\":\"https:\/\/www.belleflamme.ca\/fr\/#organization\",\"name\":\"Groupe Belleflamme\",\"alternateName\":\"Belleflamme\",\"url\":\"https:\/\/www.belleflamme.ca\/fr\/\",\"logo\":{\"@type\":\"ImageObject\",\"inLanguage\":\"en-US\",\"@id\":\"https:\/\/www.belleflamme.ca\/fr\/#\/schema\/logo\/image\/\",\"url\":\"https:\/\/staging.belleflamme.ca\/wp-content\/uploads\/2023\/01\/og-image.jpg\",\"contentUrl\":\"https:\/\/staging.belleflamme.ca\/wp-content\/uploads\/2023\/01\/og-image.jpg\",\"width\":1200,\"height\":630,\"caption\":\"Groupe Belleflamme\"},\"image\":{\"@id\":\"https:\/\/www.belleflamme.ca\/fr\/#\/schema\/logo\/image\/\"},\"sameAs\":[\"https:\/\/www.facebook.com\/belleflamme.ca\/\",\"https:\/\/www.linkedin.com\/company\/belleflamme\/\",\"https:\/\/www.pinterest.ca\/groupebelleflamme\/\",\"https:\/\/www.instagram.com\/legroupebelleflamme\/\"],\"mainEntityOfPage\":{\"@id\":\"https:\/\/staging.belleflamme.ca\/en\/product\/trekker-series-pellet-stove-by-quadra-fire\/\"}}]}<\/script>\n<meta property=\"product:brand\" content=\"Quadra Fire\" \/>\n<meta property=\"og:availability\" content=\"instock\" \/>\n<meta property=\"product:availability\" content=\"instock\" \/>\n<meta property=\"product:condition\" content=\"new\" \/>\n<!-- \/ Yoast SEO Premium plugin. -->","yoast_head_json":{"title":"Trekker Series Pellet Stove by Quadra-Fire - Groupe BelleFlamme","description":"Trekker Series Pellet Stove by Quadra-Fire sold and installed by the Belleflamme Group. Laval, Montreal, Gatineau and Saint-Sauveur.","robots":{"index":"index","follow":"follow","max-snippet":"max-snippet:-1","max-image-preview":"max-image-preview:large","max-video-preview":"max-video-preview:-1"},"canonical":"https:\/\/staging.belleflamme.ca\/en\/product\/trekker-series-pellet-stove-by-quadra-fire\/","og_locale":"en_US","og_type":"article","og_title":"Trekker Series Pellet Stove by Quadra-Fire","og_description":"Trekker Series Pellet Stove by Quadra-Fire sold and installed by the Belleflamme Group. Laval, Montreal, Gatineau and Saint-Sauveur.","og_url":"https:\/\/staging.belleflamme.ca\/en\/product\/trekker-series-pellet-stove-by-quadra-fire\/","og_site_name":"Groupe BelleFlamme","article_publisher":"https:\/\/www.facebook.com\/belleflamme.ca\/","article_modified_time":"2024-04-17T13:53:40+00:00","og_image":[{"width":1000,"height":1000,"url":"https:\/\/www.belleflamme.ca\/wp-content\/uploads\/2024\/04\/Poele-a-granules-serie-Trekker-de-Quadra-Fire.jpg","type":"image\/jpeg"}],"twitter_card":"summary_large_image","twitter_misc":{"Availability":"In stock"},"schema":{"@context":"https:\/\/schema.org","@graph":[{"@type":["WebPage","ItemPage"],"@id":"https:\/\/staging.belleflamme.ca\/en\/product\/trekker-series-pellet-stove-by-quadra-fire\/","url":"https:\/\/staging.belleflamme.ca\/en\/product\/trekker-series-pellet-stove-by-quadra-fire\/","name":"Trekker Series Pellet Stove by Quadra-Fire - Groupe BelleFlamme","isPartOf":{"@id":"https:\/\/www.belleflamme.ca\/fr\/#website"},"primaryImageOfPage":{"@id":"https:\/\/staging.belleflamme.ca\/en\/product\/trekker-series-pellet-stove-by-quadra-fire\/#primaryimage"},"image":{"@id":"https:\/\/staging.belleflamme.ca\/en\/product\/trekker-series-pellet-stove-by-quadra-fire\/#primaryimage"},"thumbnailUrl":"https:\/\/staging.belleflamme.ca\/wp-content\/uploads\/2024\/04\/Poele-a-granules-serie-Trekker-de-Quadra-Fire.jpg","datePublished":"2024-04-17T13:43:51+00:00","dateModified":"2024-04-17T13:53:40+00:00","description":"Trekker Series Pellet Stove by Quadra-Fire sold and installed by the Belleflamme Group. Laval, Montreal, Gatineau and Saint-Sauveur.","breadcrumb":{"@id":"https:\/\/staging.belleflamme.ca\/en\/product\/trekker-series-pellet-stove-by-quadra-fire\/#breadcrumb"},"inLanguage":"en-US","potentialAction":[{"@type":"ReadAction","target":["https:\/\/staging.belleflamme.ca\/en\/product\/trekker-series-pellet-stove-by-quadra-fire\/"]}]},{"@type":"ImageObject","inLanguage":"en-US","@id":"https:\/\/staging.belleflamme.ca\/en\/product\/trekker-series-pellet-stove-by-quadra-fire\/#primaryimage","url":"https:\/\/staging.belleflamme.ca\/wp-content\/uploads\/2024\/04\/Poele-a-granules-serie-Trekker-de-Quadra-Fire.jpg","contentUrl":"https:\/\/staging.belleflamme.ca\/wp-content\/uploads\/2024\/04\/Poele-a-granules-serie-Trekker-de-Quadra-Fire.jpg","width":1000,"height":1000,"caption":"Po\u00eale \u00e0 granules s\u00e9rie Trekker de Quadra-Fire"},{"@type":"BreadcrumbList","@id":"https:\/\/staging.belleflamme.ca\/en\/product\/trekker-series-pellet-stove-by-quadra-fire\/#breadcrumb","itemListElement":[{"@type":"ListItem","position":1,"name":"Home","item":"https:\/\/www.belleflamme.ca\/fr\/"},{"@type":"ListItem","position":2,"name":"Shop","item":"https:\/\/www.belleflamme.ca\/en\/shop\/"},{"@type":"ListItem","position":3,"name":"Stoves &amp; Fireplaces","item":"https:\/\/staging.belleflamme.ca\/en\/category\/stoves-fireplaces\/"},{"@type":"ListItem","position":4,"name":"Pellet Stoves &amp; Fireplaces","item":"https:\/\/staging.belleflamme.ca\/en\/category\/stoves-fireplaces\/pellet-stoves-fireplaces\/"},{"@type":"ListItem","position":5,"name":"Pellets Stoves","item":"https:\/\/staging.belleflamme.ca\/en\/category\/stoves-fireplaces\/pellet-stoves-fireplaces\/pellets-stoves\/"},{"@type":"ListItem","position":6,"name":"Trekker Series Pellet Stove by Quadra-Fire"}]},{"@type":"WebSite","@id":"https:\/\/www.belleflamme.ca\/fr\/#website","url":"https:\/\/www.belleflamme.ca\/fr\/","name":"Groupe Belleflamme","description":"La m\u00e9canique du b\u00e2timent dans le sang.","publisher":{"@id":"https:\/\/www.belleflamme.ca\/fr\/#organization"},"potentialAction":[{"@type":"SearchAction","target":{"@type":"EntryPoint","urlTemplate":"https:\/\/www.belleflamme.ca\/fr\/?s={search_term_string}"},"query-input":{"@type":"PropertyValueSpecification","valueRequired":true,"valueName":"search_term_string"}}],"inLanguage":"en-US"},{"@type":["Organization","Place"],"@id":"https:\/\/www.belleflamme.ca\/fr\/#organization","name":"Groupe Belleflamme","alternateName":"Belleflamme","url":"https:\/\/www.belleflamme.ca\/fr\/","logo":{"@type":"ImageObject","inLanguage":"en-US","@id":"https:\/\/www.belleflamme.ca\/fr\/#\/schema\/logo\/image\/","url":"https:\/\/staging.belleflamme.ca\/wp-content\/uploads\/2023\/01\/og-image.jpg","contentUrl":"https:\/\/staging.belleflamme.ca\/wp-content\/uploads\/2023\/01\/og-image.jpg","width":1200,"height":630,"caption":"Groupe Belleflamme"},"image":{"@id":"https:\/\/www.belleflamme.ca\/fr\/#\/schema\/logo\/image\/"},"sameAs":["https:\/\/www.facebook.com\/belleflamme.ca\/","https:\/\/www.linkedin.com\/company\/belleflamme\/","https:\/\/www.pinterest.ca\/groupebelleflamme\/","https:\/\/www.instagram.com\/legroupebelleflamme\/"],"mainEntityOfPage":{"@id":"https:\/\/staging.belleflamme.ca\/en\/product\/trekker-series-pellet-stove-by-quadra-fire\/"}}]},"product_brand":"Quadra Fire","og_availability":"instock","product_availability":"instock","product_condition":"new"},"_links":{"self":[{"href":"https:\/\/staging.belleflamme.ca\/en\/wp-json\/wp\/v2\/product\/33737","targetHints":{"allow":["GET"]}}],"collection":[{"href":"https:\/\/staging.belleflamme.ca\/en\/wp-json\/wp\/v2\/product"}],"about":[{"href":"https:\/\/staging.belleflamme.ca\/en\/wp-json\/wp\/v2\/types\/product"}],"version-history":[{"count":4,"href":"https:\/\/staging.belleflamme.ca\/en\/wp-json\/wp\/v2\/product\/33737\/revisions"}],"predecessor-version":[{"id":33746,"href":"https:\/\/staging.belleflamme.ca\/en\/wp-json\/wp\/v2\/product\/33737\/revisions\/33746"}],"wp:featuredmedia":[{"embeddable":true,"href":"https:\/\/staging.belleflamme.ca\/en\/wp-json\/wp\/v2\/media\/33717"}],"wp:attachment":[{"href":"https:\/\/staging.belleflamme.ca\/en\/wp-json\/wp\/v2\/media?parent=33737"}],"wp:term":[{"taxonomy":"product_brand","embeddable":true,"href":"https:\/\/staging.belleflamme.ca\/en\/wp-json\/wp\/v2\/product_brand?post=33737"},{"taxonomy":"product_cat","embeddable":true,"href":"https:\/\/staging.belleflamme.ca\/en\/wp-json\/wp\/v2\/product_cat?post=33737"},{"taxonomy":"product_tag","embeddable":true,"href":"https:\/\/staging.belleflamme.ca\/en\/wp-json\/wp\/v2\/product_tag?post=33737"}],"curies":[{"name":"wp","href":"https:\/\/api.w.org\/{rel}","templated":true}]}}