{"id":33445,"date":"2024-04-14T12:30:47","date_gmt":"2024-04-14T16:30:47","guid":{"rendered":"https:\/\/www.belleflamme.ca\/?post_type=product&#038;p=33445"},"modified":"2024-04-14T13:36:20","modified_gmt":"2024-04-14T17:36:20","slug":"intrepid-direct-vent-gas-stove-by-vermont-castings","status":"publish","type":"product","link":"https:\/\/staging.belleflamme.ca\/en\/product\/intrepid-direct-vent-gas-stove-by-vermont-castings\/","title":{"rendered":"Intrepid Direct Vent Gas Stove by Vermont Castings"},"content":{"rendered":"\t\t<div data-elementor-type=\"product-post\" data-elementor-id=\"33445\" class=\"elementor elementor-33445 elementor-33425\" data-elementor-post-type=\"product\">\n\t\t\t\t\t\t<section class=\"elementor-section elementor-top-section elementor-element elementor-element-116d4826 elementor-section-boxed elementor-section-height-default elementor-section-height-default\" data-id=\"116d4826\" data-element_type=\"section\">\n\t\t\t\t\t\t<div class=\"elementor-container elementor-column-gap-default\">\n\t\t\t\t\t<div class=\"elementor-column elementor-col-100 elementor-top-column elementor-element elementor-element-607e5d32\" data-id=\"607e5d32\" data-element_type=\"column\">\n\t\t\t<div class=\"elementor-widget-wrap elementor-element-populated\">\n\t\t\t\t\t\t<div class=\"elementor-element elementor-element-191b961d elementor-widget elementor-widget-text-editor\" data-id=\"191b961d\" data-element_type=\"widget\" data-widget_type=\"text-editor.default\">\n\t\t\t\t<div class=\"elementor-widget-container\">\n\t\t\t\t\t\t\t\t\t<p>Beauty meets versatility. Defined by thoughtful design, cast iron styling and lifelike embers, the Vermont Castings Direct Vent gas stoves achieve a timeless look. Multiple finish and control options create the stove that\u2019s right for your home.<\/p><p>Small in size but rich in cast iron detail, the Intrepid<sup>\u00ae<\/sup>\u00a0Direct Vent stove delivers reliable and efficient heat that takes the chill out of any room. Select from the standard touchscreen remote or optional IntelliFire<sup>\u00ae<\/sup>\u00a0app, for the solution that fits your life.<\/p><ul><li>12,000 \u2013 17,500 BTUs<\/li><li>Available in four finishes<\/li><li>100% cast iron construction<\/li><li>Operable doors for an authentic look and feel<\/li><li>Stoves available in three different sizes to fit your space (Radiance, Stardance)<\/li><\/ul><div class=\"specifications__common\"><div class=\"product-para\">Dimensions in inches. Refer to installation\/owner&#8217;s manual for detailed specifications on installing this product. Hearth &amp; Home Technologies reserves the right to update units periodically. Product installation must adhere strictly to instructions shipped with product.<\/div><\/div><div class=\"specifications__wrapper\"><div class=\"specifications__left\"><div class=\"product-title\">Model Specifications<\/div><div class=\"specifications__product\"><div class=\"specifications__product-title\">\u00a0<\/div><table class=\"specifications__product-table\"><tbody><tr><th>Appliance Width<\/th><td>21-3\/4&#8243;<\/td><\/tr><tr><th>Appliance Height<\/th><td>24-1\/4&#8243;<\/td><\/tr><tr><th>Appliance Depth<sup>1<\/sup><\/th><td>13-7\/8&#8243;<\/td><\/tr><tr><th>Fuel Type<\/th><td>Gas<\/td><\/tr><tr><th>BTU\/hr Input<sup>2<\/sup><\/th><td>12,500 &#8211; 17,500<\/td><\/tr><\/tbody><\/table><div class=\"specifications__product-info\"><p><sup>1<\/sup>\u00a0Appliance Depth includes entire unit including depth of firebox and extension onto hearth.<\/p><p><sup>2<\/sup>\u00a0BTU\/hr Input based on maximum feed rate per hour multiplied by approximately 8600 BTU, which is average BTU from a pound of pellets.<\/p><p>Heat output will vary depending on the type of fuel used. The flame and ember appearance may vary based on the type of fuel burned and the venting configuration used. Actual product appearance, including flame may differ from image shown. Refer to the owner&#8217;s manual for complete clearance requirements and specifications. Product specifications and pricing subject to change without notice. For testing and listing information please refer to the owner&#8217;s\/installation manual.<\/p><p>*For select products: Heating capacity to be used as a guide only. See your local dealer for help in determining the product that best suits your heating needs based on climate and home efficiency.<\/p><\/div><\/div><\/div><\/div>\t\t\t\t\t\t\t\t<\/div>\n\t\t\t\t<\/div>\n\t\t\t\t\t<\/div>\n\t\t<\/div>\n\t\t\t\t\t<\/div>\n\t\t<\/section>\n\t\t\t\t<section class=\"elementor-section elementor-top-section elementor-element elementor-element-666a34a elementor-section-boxed elementor-section-height-default elementor-section-height-default\" data-id=\"666a34a\" data-element_type=\"section\">\n\t\t\t\t\t\t<div class=\"elementor-container elementor-column-gap-default\">\n\t\t\t\t\t<div class=\"elementor-column elementor-col-100 elementor-top-column elementor-element elementor-element-ba49166\" data-id=\"ba49166\" data-element_type=\"column\">\n\t\t\t<div class=\"elementor-widget-wrap elementor-element-populated\">\n\t\t\t\t\t\t<div class=\"elementor-element elementor-element-2ee1499 elementor-tabs-view-horizontal elementor-widget elementor-widget-tabs\" data-id=\"2ee1499\" data-element_type=\"widget\" data-widget_type=\"tabs.default\">\n\t\t\t\t<div class=\"elementor-widget-container\">\n\t\t\t\t\t\t\t<div class=\"elementor-tabs\">\n\t\t\t<div class=\"elementor-tabs-wrapper\" role=\"tablist\" >\n\t\t\t\t\t\t\t\t\t<div id=\"elementor-tab-title-4911\" class=\"elementor-tab-title elementor-tab-desktop-title\" aria-selected=\"true\" data-tab=\"1\" role=\"tab\" tabindex=\"0\" aria-controls=\"elementor-tab-content-4911\" aria-expanded=\"false\">Files<\/div>\n\t\t\t\t\t\t\t<\/div>\n\t\t\t<div class=\"elementor-tabs-content-wrapper\" role=\"tablist\" aria-orientation=\"vertical\">\n\t\t\t\t\t\t\t\t\t<div class=\"elementor-tab-title elementor-tab-mobile-title\" aria-selected=\"true\" data-tab=\"1\" role=\"tab\" tabindex=\"0\" aria-controls=\"elementor-tab-content-4911\" aria-expanded=\"false\">Files<\/div>\n\t\t\t\t\t<div id=\"elementor-tab-content-4911\" class=\"elementor-tab-content elementor-clearfix\" data-tab=\"1\" role=\"tabpanel\" aria-labelledby=\"elementor-tab-title-4911\" tabindex=\"0\" hidden=\"false\"><i class=\"far fa-file-pdf fa-xl\" style=\"font-size:35px\"><\/i><a href=\"https:\/\/www.belleflamme.ca\/wp-content\/uploads\/2024\/04\/VMT-1023-Defiant-WB-Stove.pdf\"> Brochure<\/a><\/br>\n<i class=\"far fa-file-pdf fa-xl\" style=\"font-size:35px\"><\/i><a href=\"https:\/\/www.belleflamme.ca\/wp-content\/uploads\/2024\/04\/3-90-30007474_Intrepid_DV-IFT.pdf\"> Installation and Manual<\/a><\/br>\n<i class=\"far fa-file-pdf fa-xl\" style=\"font-size:35px\"><\/i><a href=\"https:\/\/www.belleflamme.ca\/wp-content\/uploads\/2024\/04\/INDVR-IFT.pdf\"> Parts IFT<\/a><\/br>\n<i class=\"far fa-file-pdf fa-xl\" style=\"font-size:35px\"><\/i><a href=\"https:\/\/www.belleflamme.ca\/wp-content\/uploads\/2024\/04\/Intrepid_DVR.pdf\"> Parts Direct Vent<\/a><\/br><\/div>\n\t\t\t\t\t\t\t<\/div>\n\t\t<\/div>\n\t\t\t\t\t\t<\/div>\n\t\t\t\t<\/div>\n\t\t\t\t\t<\/div>\n\t\t<\/div>\n\t\t\t\t\t<\/div>\n\t\t<\/section>\n\t\t\t\t<\/div>\n\t\t","protected":false},"excerpt":{"rendered":"<p>Beauty meets versatility. Defined by thoughtful design, cast iron styling and lifelike embers, the Vermont Castings Direct Vent gas stoves achieve a timeless look. Multiple finish and control options create the stove that\u2019s right for your home. Small in size but rich in cast iron detail, the Intrepid\u00ae\u00a0Direct Vent stove delivers reliable and efficient heat [&hellip;]<\/p>\n","protected":false},"featured_media":33428,"template":"","meta":{"inline_featured_image":false},"product_brand":[1274],"product_cat":[209,206,193],"product_tag":[],"class_list":{"0":"post-33445","1":"product","2":"type-product","3":"status-publish","4":"has-post-thumbnail","6":"product_brand-vermont-casting-en","7":"product_cat-gas-stoves","8":"product_cat-gas-stoves-fireplaces","9":"product_cat-stoves-fireplaces","11":"first","12":"instock","13":"taxable","14":"shipping-taxable","15":"purchasable","16":"product-type-variable"},"yoast_head":"<!-- This site is optimized with the Yoast SEO Premium plugin v24.2 (Yoast SEO v24.2) - https:\/\/yoast.com\/wordpress\/plugins\/seo\/ -->\n<title>Intrepid Direct Vent Gas Stove by Vermont Castings - Groupe BelleFlamme<\/title>\n<meta name=\"description\" content=\"Intrepid Direct Vent Gas Stove by Vermont Castings sold and installed by Groupe Belleflamme. Laval, Montreal, Gatineau and Saint-Sauveur.\" \/>\n<meta name=\"robots\" content=\"index, follow, max-snippet:-1, max-image-preview:large, max-video-preview:-1\" \/>\n<link rel=\"canonical\" href=\"https:\/\/staging.belleflamme.ca\/en\/product\/intrepid-direct-vent-gas-stove-by-vermont-castings\/\" \/>\n<meta property=\"og:locale\" content=\"en_US\" \/>\n<meta property=\"og:type\" content=\"article\" \/>\n<meta property=\"og:title\" content=\"Intrepid Direct Vent Gas Stove by Vermont Castings\" \/>\n<meta property=\"og:description\" content=\"Intrepid Direct Vent Gas Stove by Vermont Castings sold and installed by Groupe Belleflamme. Laval, Montreal, Gatineau and Saint-Sauveur.\" \/>\n<meta property=\"og:url\" content=\"https:\/\/staging.belleflamme.ca\/en\/product\/intrepid-direct-vent-gas-stove-by-vermont-castings\/\" \/>\n<meta property=\"og:site_name\" content=\"Groupe BelleFlamme\" \/>\n<meta property=\"article:publisher\" content=\"https:\/\/www.facebook.com\/belleflamme.ca\/\" \/>\n<meta property=\"article:modified_time\" content=\"2024-04-14T17:36:20+00:00\" \/>\n<meta property=\"og:image\" content=\"https:\/\/www.belleflamme.ca\/wp-content\/uploads\/2024\/04\/Poele-a-gaz-a-evacuation-directe-Intrepid-de-Vermont-Castings.jpg\" \/>\n\t<meta property=\"og:image:width\" content=\"1000\" \/>\n\t<meta property=\"og:image:height\" content=\"1000\" \/>\n\t<meta property=\"og:image:type\" content=\"image\/jpeg\" \/>\n<meta name=\"twitter:card\" content=\"summary_large_image\" \/>\n<meta name=\"twitter:label1\" content=\"Availability\" \/>\n\t<meta name=\"twitter:data1\" content=\"In stock\" \/>\n<script type=\"application\/ld+json\" class=\"yoast-schema-graph\">{\"@context\":\"https:\/\/schema.org\",\"@graph\":[{\"@type\":[\"WebPage\",\"ItemPage\"],\"@id\":\"https:\/\/staging.belleflamme.ca\/en\/product\/intrepid-direct-vent-gas-stove-by-vermont-castings\/\",\"url\":\"https:\/\/staging.belleflamme.ca\/en\/product\/intrepid-direct-vent-gas-stove-by-vermont-castings\/\",\"name\":\"Intrepid Direct Vent Gas Stove by Vermont Castings - Groupe BelleFlamme\",\"isPartOf\":{\"@id\":\"https:\/\/www.belleflamme.ca\/fr\/#website\"},\"primaryImageOfPage\":{\"@id\":\"https:\/\/staging.belleflamme.ca\/en\/product\/intrepid-direct-vent-gas-stove-by-vermont-castings\/#primaryimage\"},\"image\":{\"@id\":\"https:\/\/staging.belleflamme.ca\/en\/product\/intrepid-direct-vent-gas-stove-by-vermont-castings\/#primaryimage\"},\"thumbnailUrl\":\"https:\/\/staging.belleflamme.ca\/wp-content\/uploads\/2024\/04\/Poele-a-gaz-a-evacuation-directe-Intrepid-de-Vermont-Castings.jpg\",\"datePublished\":\"2024-04-14T16:30:47+00:00\",\"dateModified\":\"2024-04-14T17:36:20+00:00\",\"description\":\"Intrepid Direct Vent Gas Stove by Vermont Castings sold and installed by Groupe Belleflamme. Laval, Montreal, Gatineau and Saint-Sauveur.\",\"breadcrumb\":{\"@id\":\"https:\/\/staging.belleflamme.ca\/en\/product\/intrepid-direct-vent-gas-stove-by-vermont-castings\/#breadcrumb\"},\"inLanguage\":\"en-US\",\"potentialAction\":[{\"@type\":\"ReadAction\",\"target\":[\"https:\/\/staging.belleflamme.ca\/en\/product\/intrepid-direct-vent-gas-stove-by-vermont-castings\/\"]}]},{\"@type\":\"ImageObject\",\"inLanguage\":\"en-US\",\"@id\":\"https:\/\/staging.belleflamme.ca\/en\/product\/intrepid-direct-vent-gas-stove-by-vermont-castings\/#primaryimage\",\"url\":\"https:\/\/staging.belleflamme.ca\/wp-content\/uploads\/2024\/04\/Poele-a-gaz-a-evacuation-directe-Intrepid-de-Vermont-Castings.jpg\",\"contentUrl\":\"https:\/\/staging.belleflamme.ca\/wp-content\/uploads\/2024\/04\/Poele-a-gaz-a-evacuation-directe-Intrepid-de-Vermont-Castings.jpg\",\"width\":1000,\"height\":1000,\"caption\":\"Po\u00eale \u00e0 gaz \u00e0 \u00e9vacuation directe Intrepid de Vermont Castings\"},{\"@type\":\"BreadcrumbList\",\"@id\":\"https:\/\/staging.belleflamme.ca\/en\/product\/intrepid-direct-vent-gas-stove-by-vermont-castings\/#breadcrumb\",\"itemListElement\":[{\"@type\":\"ListItem\",\"position\":1,\"name\":\"Home\",\"item\":\"https:\/\/www.belleflamme.ca\/fr\/\"},{\"@type\":\"ListItem\",\"position\":2,\"name\":\"Shop\",\"item\":\"https:\/\/www.belleflamme.ca\/en\/shop\/\"},{\"@type\":\"ListItem\",\"position\":3,\"name\":\"Stoves &amp; Fireplaces\",\"item\":\"https:\/\/staging.belleflamme.ca\/en\/category\/stoves-fireplaces\/\"},{\"@type\":\"ListItem\",\"position\":4,\"name\":\"Gas Stoves &amp; Fireplaces\",\"item\":\"https:\/\/staging.belleflamme.ca\/en\/category\/stoves-fireplaces\/gas-stoves-fireplaces\/\"},{\"@type\":\"ListItem\",\"position\":5,\"name\":\"Gas Stoves\",\"item\":\"https:\/\/staging.belleflamme.ca\/en\/category\/stoves-fireplaces\/gas-stoves-fireplaces\/gas-stoves\/\"},{\"@type\":\"ListItem\",\"position\":6,\"name\":\"Intrepid Direct Vent Gas Stove by Vermont Castings\"}]},{\"@type\":\"WebSite\",\"@id\":\"https:\/\/www.belleflamme.ca\/fr\/#website\",\"url\":\"https:\/\/www.belleflamme.ca\/fr\/\",\"name\":\"Groupe Belleflamme\",\"description\":\"La m\u00e9canique du b\u00e2timent dans le sang.\",\"publisher\":{\"@id\":\"https:\/\/www.belleflamme.ca\/fr\/#organization\"},\"potentialAction\":[{\"@type\":\"SearchAction\",\"target\":{\"@type\":\"EntryPoint\",\"urlTemplate\":\"https:\/\/www.belleflamme.ca\/fr\/?s={search_term_string}\"},\"query-input\":{\"@type\":\"PropertyValueSpecification\",\"valueRequired\":true,\"valueName\":\"search_term_string\"}}],\"inLanguage\":\"en-US\"},{\"@type\":[\"Organization\",\"Place\"],\"@id\":\"https:\/\/www.belleflamme.ca\/fr\/#organization\",\"name\":\"Groupe Belleflamme\",\"alternateName\":\"Belleflamme\",\"url\":\"https:\/\/www.belleflamme.ca\/fr\/\",\"logo\":{\"@type\":\"ImageObject\",\"inLanguage\":\"en-US\",\"@id\":\"https:\/\/www.belleflamme.ca\/fr\/#\/schema\/logo\/image\/\",\"url\":\"https:\/\/staging.belleflamme.ca\/wp-content\/uploads\/2023\/01\/og-image.jpg\",\"contentUrl\":\"https:\/\/staging.belleflamme.ca\/wp-content\/uploads\/2023\/01\/og-image.jpg\",\"width\":1200,\"height\":630,\"caption\":\"Groupe Belleflamme\"},\"image\":{\"@id\":\"https:\/\/www.belleflamme.ca\/fr\/#\/schema\/logo\/image\/\"},\"sameAs\":[\"https:\/\/www.facebook.com\/belleflamme.ca\/\",\"https:\/\/www.linkedin.com\/company\/belleflamme\/\",\"https:\/\/www.pinterest.ca\/groupebelleflamme\/\",\"https:\/\/www.instagram.com\/legroupebelleflamme\/\"],\"mainEntityOfPage\":{\"@id\":\"https:\/\/staging.belleflamme.ca\/en\/product\/intrepid-direct-vent-gas-stove-by-vermont-castings\/\"}}]}<\/script>\n<meta property=\"product:brand\" content=\"Vermont Casting\" \/>\n<meta property=\"og:availability\" content=\"instock\" \/>\n<meta property=\"product:availability\" content=\"instock\" \/>\n<meta property=\"product:condition\" content=\"new\" \/>\n<!-- \/ Yoast SEO Premium plugin. -->","yoast_head_json":{"title":"Intrepid Direct Vent Gas Stove by Vermont Castings - Groupe BelleFlamme","description":"Intrepid Direct Vent Gas Stove by Vermont Castings sold and installed by Groupe Belleflamme. Laval, Montreal, Gatineau and Saint-Sauveur.","robots":{"index":"index","follow":"follow","max-snippet":"max-snippet:-1","max-image-preview":"max-image-preview:large","max-video-preview":"max-video-preview:-1"},"canonical":"https:\/\/staging.belleflamme.ca\/en\/product\/intrepid-direct-vent-gas-stove-by-vermont-castings\/","og_locale":"en_US","og_type":"article","og_title":"Intrepid Direct Vent Gas Stove by Vermont Castings","og_description":"Intrepid Direct Vent Gas Stove by Vermont Castings sold and installed by Groupe Belleflamme. Laval, Montreal, Gatineau and Saint-Sauveur.","og_url":"https:\/\/staging.belleflamme.ca\/en\/product\/intrepid-direct-vent-gas-stove-by-vermont-castings\/","og_site_name":"Groupe BelleFlamme","article_publisher":"https:\/\/www.facebook.com\/belleflamme.ca\/","article_modified_time":"2024-04-14T17:36:20+00:00","og_image":[{"width":1000,"height":1000,"url":"https:\/\/www.belleflamme.ca\/wp-content\/uploads\/2024\/04\/Poele-a-gaz-a-evacuation-directe-Intrepid-de-Vermont-Castings.jpg","type":"image\/jpeg"}],"twitter_card":"summary_large_image","twitter_misc":{"Availability":"In stock"},"schema":{"@context":"https:\/\/schema.org","@graph":[{"@type":["WebPage","ItemPage"],"@id":"https:\/\/staging.belleflamme.ca\/en\/product\/intrepid-direct-vent-gas-stove-by-vermont-castings\/","url":"https:\/\/staging.belleflamme.ca\/en\/product\/intrepid-direct-vent-gas-stove-by-vermont-castings\/","name":"Intrepid Direct Vent Gas Stove by Vermont Castings - Groupe BelleFlamme","isPartOf":{"@id":"https:\/\/www.belleflamme.ca\/fr\/#website"},"primaryImageOfPage":{"@id":"https:\/\/staging.belleflamme.ca\/en\/product\/intrepid-direct-vent-gas-stove-by-vermont-castings\/#primaryimage"},"image":{"@id":"https:\/\/staging.belleflamme.ca\/en\/product\/intrepid-direct-vent-gas-stove-by-vermont-castings\/#primaryimage"},"thumbnailUrl":"https:\/\/staging.belleflamme.ca\/wp-content\/uploads\/2024\/04\/Poele-a-gaz-a-evacuation-directe-Intrepid-de-Vermont-Castings.jpg","datePublished":"2024-04-14T16:30:47+00:00","dateModified":"2024-04-14T17:36:20+00:00","description":"Intrepid Direct Vent Gas Stove by Vermont Castings sold and installed by Groupe Belleflamme. Laval, Montreal, Gatineau and Saint-Sauveur.","breadcrumb":{"@id":"https:\/\/staging.belleflamme.ca\/en\/product\/intrepid-direct-vent-gas-stove-by-vermont-castings\/#breadcrumb"},"inLanguage":"en-US","potentialAction":[{"@type":"ReadAction","target":["https:\/\/staging.belleflamme.ca\/en\/product\/intrepid-direct-vent-gas-stove-by-vermont-castings\/"]}]},{"@type":"ImageObject","inLanguage":"en-US","@id":"https:\/\/staging.belleflamme.ca\/en\/product\/intrepid-direct-vent-gas-stove-by-vermont-castings\/#primaryimage","url":"https:\/\/staging.belleflamme.ca\/wp-content\/uploads\/2024\/04\/Poele-a-gaz-a-evacuation-directe-Intrepid-de-Vermont-Castings.jpg","contentUrl":"https:\/\/staging.belleflamme.ca\/wp-content\/uploads\/2024\/04\/Poele-a-gaz-a-evacuation-directe-Intrepid-de-Vermont-Castings.jpg","width":1000,"height":1000,"caption":"Po\u00eale \u00e0 gaz \u00e0 \u00e9vacuation directe Intrepid de Vermont Castings"},{"@type":"BreadcrumbList","@id":"https:\/\/staging.belleflamme.ca\/en\/product\/intrepid-direct-vent-gas-stove-by-vermont-castings\/#breadcrumb","itemListElement":[{"@type":"ListItem","position":1,"name":"Home","item":"https:\/\/www.belleflamme.ca\/fr\/"},{"@type":"ListItem","position":2,"name":"Shop","item":"https:\/\/www.belleflamme.ca\/en\/shop\/"},{"@type":"ListItem","position":3,"name":"Stoves &amp; Fireplaces","item":"https:\/\/staging.belleflamme.ca\/en\/category\/stoves-fireplaces\/"},{"@type":"ListItem","position":4,"name":"Gas Stoves &amp; Fireplaces","item":"https:\/\/staging.belleflamme.ca\/en\/category\/stoves-fireplaces\/gas-stoves-fireplaces\/"},{"@type":"ListItem","position":5,"name":"Gas Stoves","item":"https:\/\/staging.belleflamme.ca\/en\/category\/stoves-fireplaces\/gas-stoves-fireplaces\/gas-stoves\/"},{"@type":"ListItem","position":6,"name":"Intrepid Direct Vent Gas Stove by Vermont Castings"}]},{"@type":"WebSite","@id":"https:\/\/www.belleflamme.ca\/fr\/#website","url":"https:\/\/www.belleflamme.ca\/fr\/","name":"Groupe Belleflamme","description":"La m\u00e9canique du b\u00e2timent dans le sang.","publisher":{"@id":"https:\/\/www.belleflamme.ca\/fr\/#organization"},"potentialAction":[{"@type":"SearchAction","target":{"@type":"EntryPoint","urlTemplate":"https:\/\/www.belleflamme.ca\/fr\/?s={search_term_string}"},"query-input":{"@type":"PropertyValueSpecification","valueRequired":true,"valueName":"search_term_string"}}],"inLanguage":"en-US"},{"@type":["Organization","Place"],"@id":"https:\/\/www.belleflamme.ca\/fr\/#organization","name":"Groupe Belleflamme","alternateName":"Belleflamme","url":"https:\/\/www.belleflamme.ca\/fr\/","logo":{"@type":"ImageObject","inLanguage":"en-US","@id":"https:\/\/www.belleflamme.ca\/fr\/#\/schema\/logo\/image\/","url":"https:\/\/staging.belleflamme.ca\/wp-content\/uploads\/2023\/01\/og-image.jpg","contentUrl":"https:\/\/staging.belleflamme.ca\/wp-content\/uploads\/2023\/01\/og-image.jpg","width":1200,"height":630,"caption":"Groupe Belleflamme"},"image":{"@id":"https:\/\/www.belleflamme.ca\/fr\/#\/schema\/logo\/image\/"},"sameAs":["https:\/\/www.facebook.com\/belleflamme.ca\/","https:\/\/www.linkedin.com\/company\/belleflamme\/","https:\/\/www.pinterest.ca\/groupebelleflamme\/","https:\/\/www.instagram.com\/legroupebelleflamme\/"],"mainEntityOfPage":{"@id":"https:\/\/staging.belleflamme.ca\/en\/product\/intrepid-direct-vent-gas-stove-by-vermont-castings\/"}}]},"product_brand":"Vermont Casting","og_availability":"instock","product_availability":"instock","product_condition":"new"},"_links":{"self":[{"href":"https:\/\/staging.belleflamme.ca\/en\/wp-json\/wp\/v2\/product\/33445","targetHints":{"allow":["GET"]}}],"collection":[{"href":"https:\/\/staging.belleflamme.ca\/en\/wp-json\/wp\/v2\/product"}],"about":[{"href":"https:\/\/staging.belleflamme.ca\/en\/wp-json\/wp\/v2\/types\/product"}],"version-history":[{"count":4,"href":"https:\/\/staging.belleflamme.ca\/en\/wp-json\/wp\/v2\/product\/33445\/revisions"}],"predecessor-version":[{"id":33451,"href":"https:\/\/staging.belleflamme.ca\/en\/wp-json\/wp\/v2\/product\/33445\/revisions\/33451"}],"wp:featuredmedia":[{"embeddable":true,"href":"https:\/\/staging.belleflamme.ca\/en\/wp-json\/wp\/v2\/media\/33428"}],"wp:attachment":[{"href":"https:\/\/staging.belleflamme.ca\/en\/wp-json\/wp\/v2\/media?parent=33445"}],"wp:term":[{"taxonomy":"product_brand","embeddable":true,"href":"https:\/\/staging.belleflamme.ca\/en\/wp-json\/wp\/v2\/product_brand?post=33445"},{"taxonomy":"product_cat","embeddable":true,"href":"https:\/\/staging.belleflamme.ca\/en\/wp-json\/wp\/v2\/product_cat?post=33445"},{"taxonomy":"product_tag","embeddable":true,"href":"https:\/\/staging.belleflamme.ca\/en\/wp-json\/wp\/v2\/product_tag?post=33445"}],"curies":[{"name":"wp","href":"https:\/\/api.w.org\/{rel}","templated":true}]}}