{"id":30720,"date":"2024-03-18T10:49:37","date_gmt":"2024-03-18T14:49:37","guid":{"rendered":"https:\/\/www.belleflamme.ca\/?post_type=product&#038;p=30720"},"modified":"2024-03-18T11:01:24","modified_gmt":"2024-03-18T15:01:24","slug":"2b-standard-2020-wood-stove-by-morso","status":"publish","type":"product","link":"https:\/\/staging.belleflamme.ca\/en\/product\/2b-standard-2020-wood-stove-by-morso\/","title":{"rendered":"2B Standard 2020 Wood Stove by Morso"},"content":{"rendered":"\t\t<div data-elementor-type=\"product-post\" data-elementor-id=\"30720\" class=\"elementor elementor-30720 elementor-30704\" data-elementor-post-type=\"product\">\n\t\t\t\t\t\t<section class=\"elementor-section elementor-top-section elementor-element elementor-element-54ccc1f elementor-section-boxed elementor-section-height-default elementor-section-height-default\" data-id=\"54ccc1f\" data-element_type=\"section\">\n\t\t\t\t\t\t<div class=\"elementor-container elementor-column-gap-default\">\n\t\t\t\t\t<div class=\"elementor-column elementor-col-100 elementor-top-column elementor-element elementor-element-212c2c1d\" data-id=\"212c2c1d\" data-element_type=\"column\">\n\t\t\t<div class=\"elementor-widget-wrap elementor-element-populated\">\n\t\t\t\t\t\t<div class=\"elementor-element elementor-element-72f73c4f elementor-widget elementor-widget-text-editor\" data-id=\"72f73c4f\" data-element_type=\"widget\" data-widget_type=\"text-editor.default\">\n\t\t\t\t<div class=\"elementor-widget-container\">\n\t\t\t\t\t\t\t\t\t<p>Classic forest stove from Mors\u00f8<\/p><p>Based on 1930s Mors\u00f8 Forest Wood Stove, Mors\u00f8 has launched the 2B standard 2020. As with all current Mors\u00f8 stoves, the 2B Standard 2020 wood stove is equipped with the very latest in combustion technology for greatly reduced smoke emissions.<\/p><p>An \u2018air-washed\u2019 glazed door has been added for a comfortable uninterrupted view of the fire and the long, spacious firebox has been adapted to burn wood briquettes and logs up to 18\u201d long. The 2B Standard 2020 produces enough heat to warm up to 1200 sq ft.<\/p><h4 class=\"uk-uk-h4 uk-margin-remove-bottom\">Effect and capacity<\/h4><div id=\"uk-accordion-2\" class=\"uk-accordion-content uk-margin-remove-first-child\" role=\"region\" aria-labelledby=\"uk-accordion-1\"><div id=\"jp_accordation_section_65f85549aaa06\" class=\"jp_section_content\"><div class=\"uk-container\"><div class=\"uk-grid tm-grid-expand uk-child-width-1-1 uk-grid-margin\"><div class=\"uk-width-1-1\"><ul class=\"uk-list uk-list-divider\"><li class=\"el-item\"><div class=\"uk-child-width-auto uk-grid-small uk-grid\"><div class=\"uk-width-expand uk-first-column\"><div class=\"el-title uk-margin-remove\">Maximum Heat<\/div><\/div><div><div class=\"el-content uk-panel\">25299 BTU\/hr.<\/div><\/div><\/div><\/li><li class=\"el-item\"><div class=\"uk-child-width-auto uk-grid-small uk-grid\"><div class=\"uk-width-expand uk-first-column\"><div class=\"el-title uk-margin-remove\">Log size<\/div><\/div><div><div class=\"el-content uk-panel\">18&#8243;<\/div><\/div><\/div><\/li><li class=\"el-item\"><div class=\"uk-child-width-auto uk-grid-small uk-grid\"><div class=\"uk-width-expand uk-first-column\"><div class=\"el-title uk-margin-remove\">Max. Area Heated<\/div><\/div><div><div class=\"el-content uk-panel\">1200 ft\u00b2<\/div><\/div><\/div><\/li><li class=\"el-item\"><div class=\"uk-child-width-auto uk-grid-small uk-grid\"><div class=\"uk-width-expand uk-first-column\"><div class=\"el-title uk-margin-remove\">Firebox Dimensions<\/div><\/div><div><div class=\"el-content uk-panel\">7&#8243; X 21 1\/2&#8243;<\/div><\/div><\/div><\/li><li class=\"el-item\"><div class=\"uk-child-width-auto uk-grid-small uk-grid\"><div class=\"uk-width-expand uk-first-column\"><div class=\"el-title uk-margin-remove\">Firebox volume\/capacity<\/div><\/div><div><div class=\"el-content uk-panel\">0.806 ft\u00b3<\/div><\/div><\/div><\/li><li class=\"el-item\"><div class=\"uk-child-width-auto uk-grid-small uk-grid\"><div class=\"uk-width-expand uk-first-column\"><div class=\"el-title uk-margin-remove\">Outside air supply<\/div><\/div><div><div class=\"el-content uk-panel\">Not available<\/div><\/div><\/div><\/li><li class=\"el-item\"><div class=\"uk-child-width-auto uk-grid-small uk-grid\"><div class=\"uk-width-expand uk-first-column\"><div class=\"el-title uk-margin-remove\">Mobile home approved (US only)<\/div><\/div><div><div class=\"el-content uk-panel\">No<\/div><\/div><\/div><\/li><\/ul><h4 class=\"uk-uk-h4 uk-margin-remove-bottom\">Properties<\/h4><div id=\"uk-accordion-4\" class=\"uk-accordion-content uk-margin-remove-first-child\" role=\"region\" aria-labelledby=\"uk-accordion-3\"><div id=\"jp_accordation_section_65f85549aaa27\" class=\"jp_section_content\"><div class=\"uk-container\"><div class=\"uk-grid tm-grid-expand uk-child-width-1-1 uk-grid-margin\"><div class=\"uk-width-1-1\"><div class=\"uk-h6 uk-text-bold uk-margin-small\">PROPERTIES<\/div><ul class=\"uk-list uk-list-disc uk-list-collapse uk-margin-remove-top\"><li class=\"el-item\"><div class=\"el-content uk-panel\">Radiant Heat<\/div><\/li><li class=\"el-item\"><div class=\"el-content uk-panel\">Pre-heated combustion air<\/div><\/li><li class=\"el-item\"><div class=\"el-content uk-panel\">Ash tray<\/div><\/li><li class=\"el-item\"><div class=\"el-content uk-panel\">Airwash system<\/div><\/li><li class=\"el-item\"><div class=\"el-content uk-panel\">Tertiary Air<\/div><\/li><li class=\"el-item\"><div class=\"el-content uk-panel\">Riddling grate system<\/div><\/li><\/ul><div class=\"uk-h6 uk-text-bold uk-margin-small\">FUEL<\/div><ul class=\"uk-list uk-list-disc uk-list-collapse uk-margin-remove-top\"><li class=\"el-item\"><div class=\"el-content uk-panel\">Wood<\/div><\/li><\/ul><div class=\"uk-h6 uk-text-bold uk-margin-small\">APPROVALS<\/div><ul class=\"uk-list uk-list-disc uk-list-collapse uk-margin-remove-top\"><li class=\"el-item\"><div class=\"el-content uk-panel\">EPA<\/div><\/li><\/ul><h4 class=\"uk-uk-h4 uk-margin-remove-bottom\">Dimensions and weight<\/h4><div id=\"uk-accordion-6\" class=\"uk-accordion-content uk-margin-remove-first-child\" role=\"region\" aria-labelledby=\"uk-accordion-5\"><div id=\"jp_accordation_section_65f85549aaa43\" class=\"jp_section_content\"><div class=\"uk-container\"><div class=\"uk-grid tm-grid-expand uk-child-width-1-1 uk-grid-margin\"><div class=\"uk-width-1-1\"><ul class=\"uk-list uk-list-divider\"><li class=\"el-item\"><div class=\"uk-child-width-auto uk-grid-small uk-grid\"><div class=\"uk-width-expand uk-first-column\"><div class=\"el-title uk-margin-remove\">Height<\/div><\/div><div><div class=\"el-content uk-panel\">27 7\/8&#8243;<\/div><\/div><\/div><\/li><li class=\"el-item\"><div class=\"uk-child-width-auto uk-grid-small uk-grid\"><div class=\"uk-width-expand uk-first-column\"><div class=\"el-title uk-margin-remove\">Width<\/div><\/div><div><div class=\"el-content uk-panel\">13&#8243;<\/div><\/div><\/div><\/li><li class=\"el-item\"><div class=\"uk-child-width-auto uk-grid-small uk-grid\"><div class=\"uk-width-expand uk-first-column\"><div class=\"el-title uk-margin-remove\">Dept<\/div><\/div><div><div class=\"el-content uk-panel\">28 3\/8&#8243;<\/div><\/div><\/div><\/li><li class=\"el-item\"><div class=\"uk-child-width-auto uk-grid-small uk-grid\"><div class=\"uk-width-expand uk-first-column\"><div class=\"el-title uk-margin-remove\">Gross Weight<\/div><\/div><div><div class=\"el-content uk-panel\">156 lbs<\/div><\/div><\/div><\/li><li class=\"el-item\"><div class=\"uk-child-width-auto uk-grid-small uk-grid\"><div class=\"uk-width-expand uk-first-column\"><div class=\"el-title uk-margin-remove\">Flue outlet top<\/div><\/div><div><div class=\"el-content uk-panel\">6 inches<\/div><\/div><\/div><\/li><\/ul><h4 class=\"uk-uk-h4 uk-margin-remove-bottom\">Clearance to combustibles<\/h4><div id=\"uk-accordion-8\" class=\"uk-accordion-content uk-margin-remove-first-child\" role=\"region\" aria-labelledby=\"uk-accordion-7\"><div id=\"jp_accordation_section_65f85549aaa5d\" class=\"jp_section_content\"><div class=\"uk-container\"><div class=\"uk-grid tm-grid-expand uk-child-width-1-1 uk-grid-margin\"><div class=\"uk-width-1-1\"><ul class=\"uk-list uk-list-divider\"><li class=\"el-item\"><div class=\"uk-child-width-auto uk-grid-small uk-grid\"><div class=\"uk-width-expand uk-first-column\"><div class=\"el-title uk-margin-remove\">Basic Clearance using single wall pipe top vent<\/div><\/div><div>\u00a0<\/div><\/div><\/li><li class=\"el-item\"><div class=\"uk-child-width-auto uk-grid-small uk-grid\"><div class=\"uk-width-expand uk-first-column\"><div class=\"el-title uk-margin-remove\">Stove to side wall<\/div><\/div><div><div class=\"el-content uk-panel\">26&#8243;<\/div><\/div><\/div><\/li><li class=\"el-item\"><div class=\"uk-child-width-auto uk-grid-small uk-grid\"><div class=\"uk-width-expand uk-first-column\"><div class=\"el-title uk-margin-remove\">Stove to rear wall<\/div><\/div><div><div class=\"el-content uk-panel\">16&#8243;<\/div><\/div><\/div><\/li><li class=\"el-item\"><div class=\"uk-child-width-auto uk-grid-small uk-grid\"><div class=\"uk-width-expand uk-first-column\"><div class=\"el-title uk-margin-remove\">Stove to corner<\/div><\/div><div><div class=\"el-content uk-panel\">16&#8243;<\/div><\/div><\/div><\/li><\/ul><\/div><\/div><\/div><\/div><\/div><\/div><\/div><\/div><\/div><\/div><\/div><\/div><\/div><\/div><\/div><\/div><\/div><\/div><\/div><\/div>\t\t\t\t\t\t\t\t<\/div>\n\t\t\t\t<\/div>\n\t\t\t\t<div class=\"elementor-element elementor-element-4711447 elementor-tabs-view-horizontal elementor-widget elementor-widget-tabs\" data-id=\"4711447\" data-element_type=\"widget\" data-widget_type=\"tabs.default\">\n\t\t\t\t<div class=\"elementor-widget-container\">\n\t\t\t\t\t\t\t<div class=\"elementor-tabs\">\n\t\t\t<div class=\"elementor-tabs-wrapper\" role=\"tablist\" >\n\t\t\t\t\t\t\t\t\t<div id=\"elementor-tab-title-7451\" class=\"elementor-tab-title elementor-tab-desktop-title\" aria-selected=\"true\" data-tab=\"1\" role=\"tab\" tabindex=\"0\" aria-controls=\"elementor-tab-content-7451\" aria-expanded=\"false\">Files<\/div>\n\t\t\t\t\t\t\t<\/div>\n\t\t\t<div class=\"elementor-tabs-content-wrapper\" role=\"tablist\" aria-orientation=\"vertical\">\n\t\t\t\t\t\t\t\t\t<div class=\"elementor-tab-title elementor-tab-mobile-title\" aria-selected=\"true\" data-tab=\"1\" role=\"tab\" tabindex=\"0\" aria-controls=\"elementor-tab-content-7451\" aria-expanded=\"false\">Files<\/div>\n\t\t\t\t\t<div id=\"elementor-tab-content-7451\" class=\"elementor-tab-content elementor-clearfix\" data-tab=\"1\" role=\"tabpanel\" aria-labelledby=\"elementor-tab-title-7451\" tabindex=\"0\" hidden=\"false\"><i class=\"far fa-file-pdf fa-xl\" style=\"font-size:35px\"><\/i><a href=\"https:\/\/www.belleflamme.ca\/wp-content\/uploads\/2024\/03\/72207600_-_2b_standard_na_pfs.pdf\"> Installation and Manual<\/a><\/br>\n<i class=\"far fa-file-pdf fa-xl\" style=\"font-size:35px\"><\/i><a href=\"https:\/\/www.belleflamme.ca\/wp-content\/uploads\/2024\/03\/2b-135_isometrisk_malskitse_2b_standard_strale_na_-_inches_-_gratoner.pdf\"> Dimensions<\/a><\/br>\n<i class=\"far fa-file-pdf fa-xl\" style=\"font-size:35px\"><\/i><a href=\"https:\/\/www.belleflamme.ca\/wp-content\/uploads\/2024\/03\/2b-508_a_-_reservedelstegning_2b_standard_en__na.pdf\"> Parts<\/a><\/br><\/div>\n\t\t\t\t\t\t\t<\/div>\n\t\t<\/div>\n\t\t\t\t\t\t<\/div>\n\t\t\t\t<\/div>\n\t\t\t\t\t<\/div>\n\t\t<\/div>\n\t\t\t\t\t<\/div>\n\t\t<\/section>\n\t\t\t\t<\/div>\n\t\t","protected":false},"excerpt":{"rendered":"<p>Classic forest stove from Mors\u00f8 Based on 1930s Mors\u00f8 Forest Wood Stove, Mors\u00f8 has launched the 2B standard 2020. As with all current Mors\u00f8 stoves, the 2B Standard 2020 wood stove is equipped with the very latest in combustion technology for greatly reduced smoke emissions. An \u2018air-washed\u2019 glazed door has been added for a comfortable [&hellip;]<\/p>\n","protected":false},"featured_media":30706,"template":"","meta":{"inline_featured_image":false},"product_brand":[1238],"product_cat":[193,205,202],"product_tag":[],"class_list":{"0":"post-30720","1":"product","2":"type-product","3":"status-publish","4":"has-post-thumbnail","6":"product_brand-morso-en","7":"product_cat-stoves-fireplaces","8":"product_cat-wood-stoves","9":"product_cat-wood-stoves-fireplaces","11":"first","12":"instock","13":"taxable","14":"shipping-taxable","15":"purchasable","16":"product-type-simple"},"yoast_head":"<!-- This site is optimized with the Yoast SEO Premium plugin v24.2 (Yoast SEO v24.2) - https:\/\/yoast.com\/wordpress\/plugins\/seo\/ -->\n<title>2B Standard 2020 Wood Stove by Morso - Groupe BelleFlamme<\/title>\n<meta name=\"description\" content=\"2B Standard 2020 Wood Stove by Morso sold and installed by the Belleflamme group. Laval, Montreal, Gatineau and Saint Sauveur.\" \/>\n<meta name=\"robots\" content=\"index, follow, max-snippet:-1, max-image-preview:large, max-video-preview:-1\" \/>\n<link rel=\"canonical\" href=\"https:\/\/staging.belleflamme.ca\/en\/product\/2b-standard-2020-wood-stove-by-morso\/\" \/>\n<meta property=\"og:locale\" content=\"en_US\" \/>\n<meta property=\"og:type\" content=\"article\" \/>\n<meta property=\"og:title\" content=\"2B Standard 2020 Wood Stove by Morso\" \/>\n<meta property=\"og:description\" content=\"2B Standard 2020 Wood Stove by Morso sold and installed by the Belleflamme group. Laval, Montreal, Gatineau and Saint Sauveur.\" \/>\n<meta property=\"og:url\" content=\"https:\/\/staging.belleflamme.ca\/en\/product\/2b-standard-2020-wood-stove-by-morso\/\" \/>\n<meta property=\"og:site_name\" content=\"Groupe BelleFlamme\" \/>\n<meta property=\"article:publisher\" content=\"https:\/\/www.facebook.com\/belleflamme.ca\/\" \/>\n<meta property=\"article:modified_time\" content=\"2024-03-18T15:01:24+00:00\" \/>\n<meta property=\"og:image\" content=\"https:\/\/www.belleflamme.ca\/wp-content\/uploads\/2024\/03\/Poele-au-bois-2B-Standard-2020-de-Morso.png\" \/>\n\t<meta property=\"og:image:width\" content=\"900\" \/>\n\t<meta property=\"og:image:height\" content=\"900\" \/>\n\t<meta property=\"og:image:type\" content=\"image\/png\" \/>\n<meta name=\"twitter:card\" content=\"summary_large_image\" \/>\n<meta name=\"twitter:label1\" content=\"Price\" \/>\n\t<meta name=\"twitter:data1\" content=\"&#036;2,099.00\" \/>\n\t<meta name=\"twitter:label2\" content=\"Availability\" \/>\n\t<meta name=\"twitter:data2\" content=\"In stock\" \/>\n<script type=\"application\/ld+json\" class=\"yoast-schema-graph\">{\"@context\":\"https:\/\/schema.org\",\"@graph\":[{\"@type\":[\"WebPage\",\"ItemPage\"],\"@id\":\"https:\/\/staging.belleflamme.ca\/en\/product\/2b-standard-2020-wood-stove-by-morso\/\",\"url\":\"https:\/\/staging.belleflamme.ca\/en\/product\/2b-standard-2020-wood-stove-by-morso\/\",\"name\":\"2B Standard 2020 Wood Stove by Morso - Groupe BelleFlamme\",\"isPartOf\":{\"@id\":\"https:\/\/www.belleflamme.ca\/fr\/#website\"},\"primaryImageOfPage\":{\"@id\":\"https:\/\/staging.belleflamme.ca\/en\/product\/2b-standard-2020-wood-stove-by-morso\/#primaryimage\"},\"image\":{\"@id\":\"https:\/\/staging.belleflamme.ca\/en\/product\/2b-standard-2020-wood-stove-by-morso\/#primaryimage\"},\"thumbnailUrl\":\"https:\/\/staging.belleflamme.ca\/wp-content\/uploads\/2024\/03\/Poele-au-bois-2B-Standard-2020-de-Morso.png\",\"datePublished\":\"2024-03-18T14:49:37+00:00\",\"dateModified\":\"2024-03-18T15:01:24+00:00\",\"description\":\"2B Standard 2020 Wood Stove by Morso sold and installed by the Belleflamme group. Laval, Montreal, Gatineau and Saint Sauveur.\",\"breadcrumb\":{\"@id\":\"https:\/\/staging.belleflamme.ca\/en\/product\/2b-standard-2020-wood-stove-by-morso\/#breadcrumb\"},\"inLanguage\":\"en-US\",\"potentialAction\":[{\"@type\":\"ReadAction\",\"target\":[\"https:\/\/staging.belleflamme.ca\/en\/product\/2b-standard-2020-wood-stove-by-morso\/\"]}]},{\"@type\":\"ImageObject\",\"inLanguage\":\"en-US\",\"@id\":\"https:\/\/staging.belleflamme.ca\/en\/product\/2b-standard-2020-wood-stove-by-morso\/#primaryimage\",\"url\":\"https:\/\/staging.belleflamme.ca\/wp-content\/uploads\/2024\/03\/Poele-au-bois-2B-Standard-2020-de-Morso.png\",\"contentUrl\":\"https:\/\/staging.belleflamme.ca\/wp-content\/uploads\/2024\/03\/Poele-au-bois-2B-Standard-2020-de-Morso.png\",\"width\":900,\"height\":900,\"caption\":\"Po\u00eale au bois 2B Standard 2020 de Morso\"},{\"@type\":\"BreadcrumbList\",\"@id\":\"https:\/\/staging.belleflamme.ca\/en\/product\/2b-standard-2020-wood-stove-by-morso\/#breadcrumb\",\"itemListElement\":[{\"@type\":\"ListItem\",\"position\":1,\"name\":\"Home\",\"item\":\"https:\/\/www.belleflamme.ca\/fr\/\"},{\"@type\":\"ListItem\",\"position\":2,\"name\":\"Shop\",\"item\":\"https:\/\/www.belleflamme.ca\/en\/shop\/\"},{\"@type\":\"ListItem\",\"position\":3,\"name\":\"Stoves &amp; Fireplaces\",\"item\":\"https:\/\/staging.belleflamme.ca\/en\/category\/stoves-fireplaces\/\"},{\"@type\":\"ListItem\",\"position\":4,\"name\":\"Wood Stoves &amp; Fireplaces\",\"item\":\"https:\/\/staging.belleflamme.ca\/en\/category\/stoves-fireplaces\/wood-stoves-fireplaces\/\"},{\"@type\":\"ListItem\",\"position\":5,\"name\":\"Wood Stoves\",\"item\":\"https:\/\/staging.belleflamme.ca\/en\/category\/stoves-fireplaces\/wood-stoves-fireplaces\/wood-stoves\/\"},{\"@type\":\"ListItem\",\"position\":6,\"name\":\"2B Standard 2020 Wood Stove by Morso\"}]},{\"@type\":\"WebSite\",\"@id\":\"https:\/\/www.belleflamme.ca\/fr\/#website\",\"url\":\"https:\/\/www.belleflamme.ca\/fr\/\",\"name\":\"Groupe Belleflamme\",\"description\":\"La m\u00e9canique du b\u00e2timent dans le sang.\",\"publisher\":{\"@id\":\"https:\/\/www.belleflamme.ca\/fr\/#organization\"},\"potentialAction\":[{\"@type\":\"SearchAction\",\"target\":{\"@type\":\"EntryPoint\",\"urlTemplate\":\"https:\/\/www.belleflamme.ca\/fr\/?s={search_term_string}\"},\"query-input\":{\"@type\":\"PropertyValueSpecification\",\"valueRequired\":true,\"valueName\":\"search_term_string\"}}],\"inLanguage\":\"en-US\"},{\"@type\":[\"Organization\",\"Place\"],\"@id\":\"https:\/\/www.belleflamme.ca\/fr\/#organization\",\"name\":\"Groupe Belleflamme\",\"alternateName\":\"Belleflamme\",\"url\":\"https:\/\/www.belleflamme.ca\/fr\/\",\"logo\":{\"@type\":\"ImageObject\",\"inLanguage\":\"en-US\",\"@id\":\"https:\/\/www.belleflamme.ca\/fr\/#\/schema\/logo\/image\/\",\"url\":\"https:\/\/staging.belleflamme.ca\/wp-content\/uploads\/2023\/01\/og-image.jpg\",\"contentUrl\":\"https:\/\/staging.belleflamme.ca\/wp-content\/uploads\/2023\/01\/og-image.jpg\",\"width\":1200,\"height\":630,\"caption\":\"Groupe Belleflamme\"},\"image\":{\"@id\":\"https:\/\/www.belleflamme.ca\/fr\/#\/schema\/logo\/image\/\"},\"sameAs\":[\"https:\/\/www.facebook.com\/belleflamme.ca\/\",\"https:\/\/www.linkedin.com\/company\/belleflamme\/\",\"https:\/\/www.pinterest.ca\/groupebelleflamme\/\",\"https:\/\/www.instagram.com\/legroupebelleflamme\/\"],\"mainEntityOfPage\":{\"@id\":\"https:\/\/staging.belleflamme.ca\/en\/product\/2b-standard-2020-wood-stove-by-morso\/\"}}]}<\/script>\n<meta property=\"product:brand\" content=\"Mors\u00f8\" \/>\n<meta property=\"product:price:amount\" content=\"2099.00\" \/>\n<meta property=\"product:price:currency\" content=\"CAD\" \/>\n<meta property=\"og:availability\" content=\"instock\" \/>\n<meta property=\"product:availability\" content=\"instock\" \/>\n<meta property=\"product:retailer_item_id\" content=\"64209621\" \/>\n<meta property=\"product:condition\" content=\"new\" \/>\n<!-- \/ Yoast SEO Premium plugin. -->","yoast_head_json":{"title":"2B Standard 2020 Wood Stove by Morso - Groupe BelleFlamme","description":"2B Standard 2020 Wood Stove by Morso sold and installed by the Belleflamme group. Laval, Montreal, Gatineau and Saint Sauveur.","robots":{"index":"index","follow":"follow","max-snippet":"max-snippet:-1","max-image-preview":"max-image-preview:large","max-video-preview":"max-video-preview:-1"},"canonical":"https:\/\/staging.belleflamme.ca\/en\/product\/2b-standard-2020-wood-stove-by-morso\/","og_locale":"en_US","og_type":"article","og_title":"2B Standard 2020 Wood Stove by Morso","og_description":"2B Standard 2020 Wood Stove by Morso sold and installed by the Belleflamme group. Laval, Montreal, Gatineau and Saint Sauveur.","og_url":"https:\/\/staging.belleflamme.ca\/en\/product\/2b-standard-2020-wood-stove-by-morso\/","og_site_name":"Groupe BelleFlamme","article_publisher":"https:\/\/www.facebook.com\/belleflamme.ca\/","article_modified_time":"2024-03-18T15:01:24+00:00","og_image":[{"width":900,"height":900,"url":"https:\/\/www.belleflamme.ca\/wp-content\/uploads\/2024\/03\/Poele-au-bois-2B-Standard-2020-de-Morso.png","type":"image\/png"}],"twitter_card":"summary_large_image","twitter_misc":{"Price":"&#36;2,099.00","Availability":"In stock"},"schema":{"@context":"https:\/\/schema.org","@graph":[{"@type":["WebPage","ItemPage"],"@id":"https:\/\/staging.belleflamme.ca\/en\/product\/2b-standard-2020-wood-stove-by-morso\/","url":"https:\/\/staging.belleflamme.ca\/en\/product\/2b-standard-2020-wood-stove-by-morso\/","name":"2B Standard 2020 Wood Stove by Morso - Groupe BelleFlamme","isPartOf":{"@id":"https:\/\/www.belleflamme.ca\/fr\/#website"},"primaryImageOfPage":{"@id":"https:\/\/staging.belleflamme.ca\/en\/product\/2b-standard-2020-wood-stove-by-morso\/#primaryimage"},"image":{"@id":"https:\/\/staging.belleflamme.ca\/en\/product\/2b-standard-2020-wood-stove-by-morso\/#primaryimage"},"thumbnailUrl":"https:\/\/staging.belleflamme.ca\/wp-content\/uploads\/2024\/03\/Poele-au-bois-2B-Standard-2020-de-Morso.png","datePublished":"2024-03-18T14:49:37+00:00","dateModified":"2024-03-18T15:01:24+00:00","description":"2B Standard 2020 Wood Stove by Morso sold and installed by the Belleflamme group. Laval, Montreal, Gatineau and Saint Sauveur.","breadcrumb":{"@id":"https:\/\/staging.belleflamme.ca\/en\/product\/2b-standard-2020-wood-stove-by-morso\/#breadcrumb"},"inLanguage":"en-US","potentialAction":[{"@type":"ReadAction","target":["https:\/\/staging.belleflamme.ca\/en\/product\/2b-standard-2020-wood-stove-by-morso\/"]}]},{"@type":"ImageObject","inLanguage":"en-US","@id":"https:\/\/staging.belleflamme.ca\/en\/product\/2b-standard-2020-wood-stove-by-morso\/#primaryimage","url":"https:\/\/staging.belleflamme.ca\/wp-content\/uploads\/2024\/03\/Poele-au-bois-2B-Standard-2020-de-Morso.png","contentUrl":"https:\/\/staging.belleflamme.ca\/wp-content\/uploads\/2024\/03\/Poele-au-bois-2B-Standard-2020-de-Morso.png","width":900,"height":900,"caption":"Po\u00eale au bois 2B Standard 2020 de Morso"},{"@type":"BreadcrumbList","@id":"https:\/\/staging.belleflamme.ca\/en\/product\/2b-standard-2020-wood-stove-by-morso\/#breadcrumb","itemListElement":[{"@type":"ListItem","position":1,"name":"Home","item":"https:\/\/www.belleflamme.ca\/fr\/"},{"@type":"ListItem","position":2,"name":"Shop","item":"https:\/\/www.belleflamme.ca\/en\/shop\/"},{"@type":"ListItem","position":3,"name":"Stoves &amp; Fireplaces","item":"https:\/\/staging.belleflamme.ca\/en\/category\/stoves-fireplaces\/"},{"@type":"ListItem","position":4,"name":"Wood Stoves &amp; Fireplaces","item":"https:\/\/staging.belleflamme.ca\/en\/category\/stoves-fireplaces\/wood-stoves-fireplaces\/"},{"@type":"ListItem","position":5,"name":"Wood Stoves","item":"https:\/\/staging.belleflamme.ca\/en\/category\/stoves-fireplaces\/wood-stoves-fireplaces\/wood-stoves\/"},{"@type":"ListItem","position":6,"name":"2B Standard 2020 Wood Stove by Morso"}]},{"@type":"WebSite","@id":"https:\/\/www.belleflamme.ca\/fr\/#website","url":"https:\/\/www.belleflamme.ca\/fr\/","name":"Groupe Belleflamme","description":"La m\u00e9canique du b\u00e2timent dans le sang.","publisher":{"@id":"https:\/\/www.belleflamme.ca\/fr\/#organization"},"potentialAction":[{"@type":"SearchAction","target":{"@type":"EntryPoint","urlTemplate":"https:\/\/www.belleflamme.ca\/fr\/?s={search_term_string}"},"query-input":{"@type":"PropertyValueSpecification","valueRequired":true,"valueName":"search_term_string"}}],"inLanguage":"en-US"},{"@type":["Organization","Place"],"@id":"https:\/\/www.belleflamme.ca\/fr\/#organization","name":"Groupe Belleflamme","alternateName":"Belleflamme","url":"https:\/\/www.belleflamme.ca\/fr\/","logo":{"@type":"ImageObject","inLanguage":"en-US","@id":"https:\/\/www.belleflamme.ca\/fr\/#\/schema\/logo\/image\/","url":"https:\/\/staging.belleflamme.ca\/wp-content\/uploads\/2023\/01\/og-image.jpg","contentUrl":"https:\/\/staging.belleflamme.ca\/wp-content\/uploads\/2023\/01\/og-image.jpg","width":1200,"height":630,"caption":"Groupe Belleflamme"},"image":{"@id":"https:\/\/www.belleflamme.ca\/fr\/#\/schema\/logo\/image\/"},"sameAs":["https:\/\/www.facebook.com\/belleflamme.ca\/","https:\/\/www.linkedin.com\/company\/belleflamme\/","https:\/\/www.pinterest.ca\/groupebelleflamme\/","https:\/\/www.instagram.com\/legroupebelleflamme\/"],"mainEntityOfPage":{"@id":"https:\/\/staging.belleflamme.ca\/en\/product\/2b-standard-2020-wood-stove-by-morso\/"}}]},"product_brand":"Mors\u00f8","product_price_amount":"2099.00","product_price_currency":"CAD","og_availability":"instock","product_availability":"instock","product_retailer_item_id":"64209621","product_condition":"new"},"_links":{"self":[{"href":"https:\/\/staging.belleflamme.ca\/en\/wp-json\/wp\/v2\/product\/30720","targetHints":{"allow":["GET"]}}],"collection":[{"href":"https:\/\/staging.belleflamme.ca\/en\/wp-json\/wp\/v2\/product"}],"about":[{"href":"https:\/\/staging.belleflamme.ca\/en\/wp-json\/wp\/v2\/types\/product"}],"version-history":[{"count":4,"href":"https:\/\/staging.belleflamme.ca\/en\/wp-json\/wp\/v2\/product\/30720\/revisions"}],"predecessor-version":[{"id":30724,"href":"https:\/\/staging.belleflamme.ca\/en\/wp-json\/wp\/v2\/product\/30720\/revisions\/30724"}],"wp:featuredmedia":[{"embeddable":true,"href":"https:\/\/staging.belleflamme.ca\/en\/wp-json\/wp\/v2\/media\/30706"}],"wp:attachment":[{"href":"https:\/\/staging.belleflamme.ca\/en\/wp-json\/wp\/v2\/media?parent=30720"}],"wp:term":[{"taxonomy":"product_brand","embeddable":true,"href":"https:\/\/staging.belleflamme.ca\/en\/wp-json\/wp\/v2\/product_brand?post=30720"},{"taxonomy":"product_cat","embeddable":true,"href":"https:\/\/staging.belleflamme.ca\/en\/wp-json\/wp\/v2\/product_cat?post=30720"},{"taxonomy":"product_tag","embeddable":true,"href":"https:\/\/staging.belleflamme.ca\/en\/wp-json\/wp\/v2\/product_tag?post=30720"}],"curies":[{"name":"wp","href":"https:\/\/api.w.org\/{rel}","templated":true}]}}