{"id":28796,"date":"2024-02-02T11:10:31","date_gmt":"2024-02-02T16:10:31","guid":{"rendered":"https:\/\/www.belleflamme.ca\/?post_type=product&#038;p=28796"},"modified":"2024-02-02T11:28:42","modified_gmt":"2024-02-02T16:28:42","slug":"single-hole-lavatory-faucet-why-not-by-aquabrass","status":"publish","type":"product","link":"https:\/\/staging.belleflamme.ca\/en\/product\/single-hole-lavatory-faucet-why-not-by-aquabrass\/","title":{"rendered":"Single-hole lavatory faucet Why Not by Aquabrass"},"content":{"rendered":"\t\t<div data-elementor-type=\"product-post\" data-elementor-id=\"28796\" class=\"elementor elementor-28796 elementor-28779\" data-elementor-post-type=\"product\">\n\t\t\t\t\t\t<section class=\"elementor-section elementor-top-section elementor-element elementor-element-14c17305 elementor-section-boxed elementor-section-height-default elementor-section-height-default\" data-id=\"14c17305\" data-element_type=\"section\">\n\t\t\t\t\t\t<div class=\"elementor-container elementor-column-gap-default\">\n\t\t\t\t\t<div class=\"elementor-column elementor-col-100 elementor-top-column elementor-element elementor-element-483072c7\" data-id=\"483072c7\" data-element_type=\"column\">\n\t\t\t<div class=\"elementor-widget-wrap elementor-element-populated\">\n\t\t\t\t\t\t<div class=\"elementor-element elementor-element-e4a90c1 elementor-widget elementor-widget-text-editor\" data-id=\"e4a90c1\" data-element_type=\"widget\" data-widget_type=\"text-editor.default\">\n\t\t\t\t<div class=\"elementor-widget-container\">\n\t\t\t\t\t\t\t\t\t<p>Pourquoi pas en effet. Avec un design \u00e9pur\u00e9 et intemporel, le robinet de lavabo Why Not incarne un design minimaliste et une finition \u00e9l\u00e9gante.<\/p><div class=\"subHeader\">CARACT\u00c9RISTIQUES :<\/div><div class=\"subHeader\">\u00a0<\/div><div><p>laiton massif<br \/>jet d&#8217;eau a\u00e9r\u00e9<br \/>drain pop-up \u00e0 pression avec trop-plein inclus<br \/>raccordement 3\/8&#8243;hauteur : 6 1\/8&#8243;<br \/>projection totale : 6 11\/16&#8243;<br \/>d\u00e9bit : 2.2 gpm<\/p><\/div><div>\u00a0<\/div>\t\t\t\t\t\t\t\t<\/div>\n\t\t\t\t<\/div>\n\t\t\t\t\t<\/div>\n\t\t<\/div>\n\t\t\t\t\t<\/div>\n\t\t<\/section>\n\t\t\t\t<section class=\"elementor-section elementor-top-section elementor-element elementor-element-fce11d7 elementor-section-boxed elementor-section-height-default elementor-section-height-default\" data-id=\"fce11d7\" data-element_type=\"section\">\n\t\t\t\t\t\t<div class=\"elementor-container elementor-column-gap-default\">\n\t\t\t\t\t<div class=\"elementor-column elementor-col-100 elementor-top-column elementor-element elementor-element-32e129b\" data-id=\"32e129b\" data-element_type=\"column\">\n\t\t\t<div class=\"elementor-widget-wrap elementor-element-populated\">\n\t\t\t\t\t\t<div class=\"elementor-element elementor-element-8d3a240 elementor-tabs-view-horizontal elementor-widget elementor-widget-tabs\" data-id=\"8d3a240\" data-element_type=\"widget\" data-widget_type=\"tabs.default\">\n\t\t\t\t<div class=\"elementor-widget-container\">\n\t\t\t\t\t\t\t<div class=\"elementor-tabs\">\n\t\t\t<div class=\"elementor-tabs-wrapper\" role=\"tablist\" >\n\t\t\t\t\t\t\t\t\t<div id=\"elementor-tab-title-1481\" class=\"elementor-tab-title elementor-tab-desktop-title\" aria-selected=\"true\" data-tab=\"1\" role=\"tab\" tabindex=\"0\" aria-controls=\"elementor-tab-content-1481\" aria-expanded=\"false\">Files<\/div>\n\t\t\t\t\t\t\t<\/div>\n\t\t\t<div class=\"elementor-tabs-content-wrapper\" role=\"tablist\" aria-orientation=\"vertical\">\n\t\t\t\t\t\t\t\t\t<div class=\"elementor-tab-title elementor-tab-mobile-title\" aria-selected=\"true\" data-tab=\"1\" role=\"tab\" tabindex=\"0\" aria-controls=\"elementor-tab-content-1481\" aria-expanded=\"false\">Files<\/div>\n\t\t\t\t\t<div id=\"elementor-tab-content-1481\" class=\"elementor-tab-content elementor-clearfix\" data-tab=\"1\" role=\"tabpanel\" aria-labelledby=\"elementor-tab-title-1481\" tabindex=\"0\" hidden=\"false\"><i class=\"far fa-file-pdf fa-xl\" style=\"font-size:35px\"><\/i><a href=\"https:\/\/www.belleflamme.ca\/wp-content\/uploads\/2024\/02\/20014_collectionspecs_eng_21081113362449.pdf\"> Specifications<\/a><\/br>\n<i class=\"far fa-file-pdf fa-xl\" style=\"font-size:35px\"><\/i><a href=\"https:\/\/www.belleflamme.ca\/wp-content\/uploads\/2024\/02\/20014_install_21081113364029.pdf\"> Installation<\/a><\/br><\/div>\n\t\t\t\t\t\t\t<\/div>\n\t\t<\/div>\n\t\t\t\t\t\t<\/div>\n\t\t\t\t<\/div>\n\t\t\t\t\t<\/div>\n\t\t<\/div>\n\t\t\t\t\t<\/div>\n\t\t<\/section>\n\t\t\t\t<\/div>\n\t\t","protected":false},"excerpt":{"rendered":"<p>Pourquoi pas en effet. Avec un design \u00e9pur\u00e9 et intemporel, le robinet de lavabo Why Not incarne un design minimaliste et une finition \u00e9l\u00e9gante. CARACT\u00c9RISTIQUES :\u00a0 laiton massifjet d&#8217;eau a\u00e9r\u00e9drain pop-up \u00e0 pression avec trop-plein inclusraccordement 3\/8&#8243;hauteur : 6 1\/8&#8243;projection totale : 6 11\/16&#8243;d\u00e9bit : 2.2 gpm \u00a0 Files Files Specifications Installation<\/p>\n","protected":false},"featured_media":28785,"template":"","meta":{"inline_featured_image":false},"product_brand":[1193],"product_cat":[188,176],"product_tag":[],"class_list":{"0":"post-28796","1":"product","2":"type-product","3":"status-publish","4":"has-post-thumbnail","6":"product_brand-aquabrass-en","7":"product_cat-bathroom-sinks","8":"product_cat-plumbing-gas","10":"first","11":"instock","12":"taxable","13":"shipping-taxable","14":"purchasable","15":"product-type-simple"},"yoast_head":"<!-- This site is optimized with the Yoast SEO Premium plugin v24.2 (Yoast SEO v24.2) - https:\/\/yoast.com\/wordpress\/plugins\/seo\/ -->\n<title>Single-hole lavatory faucet Why Not by Aquabrass - Groupe BelleFlamme<\/title>\n<meta name=\"description\" content=\"Single-hole lavatory faucet Why Not by Aquabrass sold and installed by the Belleflamme Group. Laval, Montreal, Gatineau, Drummondville &amp; Saint-Sauveur.\" \/>\n<meta name=\"robots\" content=\"index, follow, max-snippet:-1, max-image-preview:large, max-video-preview:-1\" \/>\n<link rel=\"canonical\" href=\"https:\/\/staging.belleflamme.ca\/en\/product\/single-hole-lavatory-faucet-why-not-by-aquabrass\/\" \/>\n<meta property=\"og:locale\" content=\"en_US\" \/>\n<meta property=\"og:type\" content=\"article\" \/>\n<meta property=\"og:title\" content=\"Single-hole lavatory faucet Why Not by Aquabrass\" \/>\n<meta property=\"og:description\" content=\"Single-hole lavatory faucet Why Not by Aquabrass sold and installed by the Belleflamme Group. Laval, Montreal, Gatineau, Drummondville &amp; Saint-Sauveur.\" \/>\n<meta property=\"og:url\" content=\"https:\/\/staging.belleflamme.ca\/en\/product\/single-hole-lavatory-faucet-why-not-by-aquabrass\/\" \/>\n<meta property=\"og:site_name\" content=\"Groupe BelleFlamme\" \/>\n<meta property=\"article:publisher\" content=\"https:\/\/www.facebook.com\/belleflamme.ca\/\" \/>\n<meta property=\"article:modified_time\" content=\"2024-02-02T16:28:42+00:00\" \/>\n<meta property=\"og:image\" content=\"https:\/\/www.belleflamme.ca\/wp-content\/uploads\/2024\/02\/Robinet-de-Salle-de-bain-Why-Not-de-Aquabrass.jpg\" \/>\n\t<meta property=\"og:image:width\" content=\"720\" \/>\n\t<meta property=\"og:image:height\" content=\"720\" \/>\n\t<meta property=\"og:image:type\" content=\"image\/jpeg\" \/>\n<meta name=\"twitter:card\" content=\"summary_large_image\" \/>\n<meta name=\"twitter:label1\" content=\"Price\" \/>\n\t<meta name=\"twitter:data1\" content=\"&#036;544.50\" \/>\n\t<meta name=\"twitter:label2\" content=\"Availability\" \/>\n\t<meta name=\"twitter:data2\" content=\"In stock\" \/>\n<script type=\"application\/ld+json\" class=\"yoast-schema-graph\">{\"@context\":\"https:\/\/schema.org\",\"@graph\":[{\"@type\":[\"WebPage\",\"ItemPage\"],\"@id\":\"https:\/\/staging.belleflamme.ca\/en\/product\/single-hole-lavatory-faucet-why-not-by-aquabrass\/\",\"url\":\"https:\/\/staging.belleflamme.ca\/en\/product\/single-hole-lavatory-faucet-why-not-by-aquabrass\/\",\"name\":\"Single-hole lavatory faucet Why Not by Aquabrass - Groupe BelleFlamme\",\"isPartOf\":{\"@id\":\"https:\/\/www.belleflamme.ca\/fr\/#website\"},\"primaryImageOfPage\":{\"@id\":\"https:\/\/staging.belleflamme.ca\/en\/product\/single-hole-lavatory-faucet-why-not-by-aquabrass\/#primaryimage\"},\"image\":{\"@id\":\"https:\/\/staging.belleflamme.ca\/en\/product\/single-hole-lavatory-faucet-why-not-by-aquabrass\/#primaryimage\"},\"thumbnailUrl\":\"https:\/\/staging.belleflamme.ca\/wp-content\/uploads\/2024\/02\/Robinet-de-Salle-de-bain-Why-Not-de-Aquabrass.jpg\",\"datePublished\":\"2024-02-02T16:10:31+00:00\",\"dateModified\":\"2024-02-02T16:28:42+00:00\",\"description\":\"Single-hole lavatory faucet Why Not by Aquabrass [get_meta_en_fr]\",\"breadcrumb\":{\"@id\":\"https:\/\/staging.belleflamme.ca\/en\/product\/single-hole-lavatory-faucet-why-not-by-aquabrass\/#breadcrumb\"},\"inLanguage\":\"en-US\",\"potentialAction\":[{\"@type\":\"ReadAction\",\"target\":[\"https:\/\/staging.belleflamme.ca\/en\/product\/single-hole-lavatory-faucet-why-not-by-aquabrass\/\"]}]},{\"@type\":\"ImageObject\",\"inLanguage\":\"en-US\",\"@id\":\"https:\/\/staging.belleflamme.ca\/en\/product\/single-hole-lavatory-faucet-why-not-by-aquabrass\/#primaryimage\",\"url\":\"https:\/\/staging.belleflamme.ca\/wp-content\/uploads\/2024\/02\/Robinet-de-Salle-de-bain-Why-Not-de-Aquabrass.jpg\",\"contentUrl\":\"https:\/\/staging.belleflamme.ca\/wp-content\/uploads\/2024\/02\/Robinet-de-Salle-de-bain-Why-Not-de-Aquabrass.jpg\",\"width\":720,\"height\":720,\"caption\":\"Robinet de Salle de bain Why Not de Aquabrass\"},{\"@type\":\"BreadcrumbList\",\"@id\":\"https:\/\/staging.belleflamme.ca\/en\/product\/single-hole-lavatory-faucet-why-not-by-aquabrass\/#breadcrumb\",\"itemListElement\":[{\"@type\":\"ListItem\",\"position\":1,\"name\":\"Home\",\"item\":\"https:\/\/www.belleflamme.ca\/fr\/\"},{\"@type\":\"ListItem\",\"position\":2,\"name\":\"Shop\",\"item\":\"https:\/\/www.belleflamme.ca\/en\/shop\/\"},{\"@type\":\"ListItem\",\"position\":3,\"name\":\"Plumbing &amp; Gas\",\"item\":\"https:\/\/staging.belleflamme.ca\/en\/category\/plumbing-gas\/\"},{\"@type\":\"ListItem\",\"position\":4,\"name\":\"Bathroom sinks\",\"item\":\"https:\/\/staging.belleflamme.ca\/en\/category\/plumbing-gas\/bathroom-sinks\/\"},{\"@type\":\"ListItem\",\"position\":5,\"name\":\"Single-hole lavatory faucet Why Not by Aquabrass\"}]},{\"@type\":\"WebSite\",\"@id\":\"https:\/\/www.belleflamme.ca\/fr\/#website\",\"url\":\"https:\/\/www.belleflamme.ca\/fr\/\",\"name\":\"Groupe Belleflamme\",\"description\":\"La m\u00e9canique du b\u00e2timent dans le sang.\",\"publisher\":{\"@id\":\"https:\/\/www.belleflamme.ca\/fr\/#organization\"},\"potentialAction\":[{\"@type\":\"SearchAction\",\"target\":{\"@type\":\"EntryPoint\",\"urlTemplate\":\"https:\/\/www.belleflamme.ca\/fr\/?s={search_term_string}\"},\"query-input\":{\"@type\":\"PropertyValueSpecification\",\"valueRequired\":true,\"valueName\":\"search_term_string\"}}],\"inLanguage\":\"en-US\"},{\"@type\":[\"Organization\",\"Place\"],\"@id\":\"https:\/\/www.belleflamme.ca\/fr\/#organization\",\"name\":\"Groupe Belleflamme\",\"alternateName\":\"Belleflamme\",\"url\":\"https:\/\/www.belleflamme.ca\/fr\/\",\"logo\":{\"@type\":\"ImageObject\",\"inLanguage\":\"en-US\",\"@id\":\"https:\/\/www.belleflamme.ca\/fr\/#\/schema\/logo\/image\/\",\"url\":\"https:\/\/staging.belleflamme.ca\/wp-content\/uploads\/2023\/01\/og-image.jpg\",\"contentUrl\":\"https:\/\/staging.belleflamme.ca\/wp-content\/uploads\/2023\/01\/og-image.jpg\",\"width\":1200,\"height\":630,\"caption\":\"Groupe Belleflamme\"},\"image\":{\"@id\":\"https:\/\/www.belleflamme.ca\/fr\/#\/schema\/logo\/image\/\"},\"sameAs\":[\"https:\/\/www.facebook.com\/belleflamme.ca\/\",\"https:\/\/www.linkedin.com\/company\/belleflamme\/\",\"https:\/\/www.pinterest.ca\/groupebelleflamme\/\",\"https:\/\/www.instagram.com\/legroupebelleflamme\/\"],\"mainEntityOfPage\":{\"@id\":\"https:\/\/staging.belleflamme.ca\/en\/product\/single-hole-lavatory-faucet-why-not-by-aquabrass\/\"}}]}<\/script>\n<meta property=\"product:brand\" content=\"Aquabrass\" \/>\n<meta property=\"product:price:amount\" content=\"544.50\" \/>\n<meta property=\"product:price:currency\" content=\"CAD\" \/>\n<meta property=\"og:availability\" content=\"instock\" \/>\n<meta property=\"product:availability\" content=\"instock\" \/>\n<meta property=\"product:retailer_item_id\" content=\"20014\" \/>\n<meta property=\"product:condition\" content=\"new\" \/>\n<!-- \/ Yoast SEO Premium plugin. -->","yoast_head_json":{"title":"Single-hole lavatory faucet Why Not by Aquabrass - Groupe BelleFlamme","description":"Single-hole lavatory faucet Why Not by Aquabrass sold and installed by the Belleflamme Group. Laval, Montreal, Gatineau, Drummondville & Saint-Sauveur.","robots":{"index":"index","follow":"follow","max-snippet":"max-snippet:-1","max-image-preview":"max-image-preview:large","max-video-preview":"max-video-preview:-1"},"canonical":"https:\/\/staging.belleflamme.ca\/en\/product\/single-hole-lavatory-faucet-why-not-by-aquabrass\/","og_locale":"en_US","og_type":"article","og_title":"Single-hole lavatory faucet Why Not by Aquabrass","og_description":"Single-hole lavatory faucet Why Not by Aquabrass sold and installed by the Belleflamme Group. Laval, Montreal, Gatineau, Drummondville & Saint-Sauveur.","og_url":"https:\/\/staging.belleflamme.ca\/en\/product\/single-hole-lavatory-faucet-why-not-by-aquabrass\/","og_site_name":"Groupe BelleFlamme","article_publisher":"https:\/\/www.facebook.com\/belleflamme.ca\/","article_modified_time":"2024-02-02T16:28:42+00:00","og_image":[{"width":720,"height":720,"url":"https:\/\/www.belleflamme.ca\/wp-content\/uploads\/2024\/02\/Robinet-de-Salle-de-bain-Why-Not-de-Aquabrass.jpg","type":"image\/jpeg"}],"twitter_card":"summary_large_image","twitter_misc":{"Price":"&#36;544.50","Availability":"In stock"},"schema":{"@context":"https:\/\/schema.org","@graph":[{"@type":["WebPage","ItemPage"],"@id":"https:\/\/staging.belleflamme.ca\/en\/product\/single-hole-lavatory-faucet-why-not-by-aquabrass\/","url":"https:\/\/staging.belleflamme.ca\/en\/product\/single-hole-lavatory-faucet-why-not-by-aquabrass\/","name":"Single-hole lavatory faucet Why Not by Aquabrass - Groupe BelleFlamme","isPartOf":{"@id":"https:\/\/www.belleflamme.ca\/fr\/#website"},"primaryImageOfPage":{"@id":"https:\/\/staging.belleflamme.ca\/en\/product\/single-hole-lavatory-faucet-why-not-by-aquabrass\/#primaryimage"},"image":{"@id":"https:\/\/staging.belleflamme.ca\/en\/product\/single-hole-lavatory-faucet-why-not-by-aquabrass\/#primaryimage"},"thumbnailUrl":"https:\/\/staging.belleflamme.ca\/wp-content\/uploads\/2024\/02\/Robinet-de-Salle-de-bain-Why-Not-de-Aquabrass.jpg","datePublished":"2024-02-02T16:10:31+00:00","dateModified":"2024-02-02T16:28:42+00:00","description":"Single-hole lavatory faucet Why Not by Aquabrass [get_meta_en_fr]","breadcrumb":{"@id":"https:\/\/staging.belleflamme.ca\/en\/product\/single-hole-lavatory-faucet-why-not-by-aquabrass\/#breadcrumb"},"inLanguage":"en-US","potentialAction":[{"@type":"ReadAction","target":["https:\/\/staging.belleflamme.ca\/en\/product\/single-hole-lavatory-faucet-why-not-by-aquabrass\/"]}]},{"@type":"ImageObject","inLanguage":"en-US","@id":"https:\/\/staging.belleflamme.ca\/en\/product\/single-hole-lavatory-faucet-why-not-by-aquabrass\/#primaryimage","url":"https:\/\/staging.belleflamme.ca\/wp-content\/uploads\/2024\/02\/Robinet-de-Salle-de-bain-Why-Not-de-Aquabrass.jpg","contentUrl":"https:\/\/staging.belleflamme.ca\/wp-content\/uploads\/2024\/02\/Robinet-de-Salle-de-bain-Why-Not-de-Aquabrass.jpg","width":720,"height":720,"caption":"Robinet de Salle de bain Why Not de Aquabrass"},{"@type":"BreadcrumbList","@id":"https:\/\/staging.belleflamme.ca\/en\/product\/single-hole-lavatory-faucet-why-not-by-aquabrass\/#breadcrumb","itemListElement":[{"@type":"ListItem","position":1,"name":"Home","item":"https:\/\/www.belleflamme.ca\/fr\/"},{"@type":"ListItem","position":2,"name":"Shop","item":"https:\/\/www.belleflamme.ca\/en\/shop\/"},{"@type":"ListItem","position":3,"name":"Plumbing &amp; Gas","item":"https:\/\/staging.belleflamme.ca\/en\/category\/plumbing-gas\/"},{"@type":"ListItem","position":4,"name":"Bathroom sinks","item":"https:\/\/staging.belleflamme.ca\/en\/category\/plumbing-gas\/bathroom-sinks\/"},{"@type":"ListItem","position":5,"name":"Single-hole lavatory faucet Why Not by Aquabrass"}]},{"@type":"WebSite","@id":"https:\/\/www.belleflamme.ca\/fr\/#website","url":"https:\/\/www.belleflamme.ca\/fr\/","name":"Groupe Belleflamme","description":"La m\u00e9canique du b\u00e2timent dans le sang.","publisher":{"@id":"https:\/\/www.belleflamme.ca\/fr\/#organization"},"potentialAction":[{"@type":"SearchAction","target":{"@type":"EntryPoint","urlTemplate":"https:\/\/www.belleflamme.ca\/fr\/?s={search_term_string}"},"query-input":{"@type":"PropertyValueSpecification","valueRequired":true,"valueName":"search_term_string"}}],"inLanguage":"en-US"},{"@type":["Organization","Place"],"@id":"https:\/\/www.belleflamme.ca\/fr\/#organization","name":"Groupe Belleflamme","alternateName":"Belleflamme","url":"https:\/\/www.belleflamme.ca\/fr\/","logo":{"@type":"ImageObject","inLanguage":"en-US","@id":"https:\/\/www.belleflamme.ca\/fr\/#\/schema\/logo\/image\/","url":"https:\/\/staging.belleflamme.ca\/wp-content\/uploads\/2023\/01\/og-image.jpg","contentUrl":"https:\/\/staging.belleflamme.ca\/wp-content\/uploads\/2023\/01\/og-image.jpg","width":1200,"height":630,"caption":"Groupe Belleflamme"},"image":{"@id":"https:\/\/www.belleflamme.ca\/fr\/#\/schema\/logo\/image\/"},"sameAs":["https:\/\/www.facebook.com\/belleflamme.ca\/","https:\/\/www.linkedin.com\/company\/belleflamme\/","https:\/\/www.pinterest.ca\/groupebelleflamme\/","https:\/\/www.instagram.com\/legroupebelleflamme\/"],"mainEntityOfPage":{"@id":"https:\/\/staging.belleflamme.ca\/en\/product\/single-hole-lavatory-faucet-why-not-by-aquabrass\/"}}]},"product_brand":"Aquabrass","product_price_amount":"544.50","product_price_currency":"CAD","og_availability":"instock","product_availability":"instock","product_retailer_item_id":"20014","product_condition":"new"},"_links":{"self":[{"href":"https:\/\/staging.belleflamme.ca\/en\/wp-json\/wp\/v2\/product\/28796","targetHints":{"allow":["GET"]}}],"collection":[{"href":"https:\/\/staging.belleflamme.ca\/en\/wp-json\/wp\/v2\/product"}],"about":[{"href":"https:\/\/staging.belleflamme.ca\/en\/wp-json\/wp\/v2\/types\/product"}],"version-history":[{"count":5,"href":"https:\/\/staging.belleflamme.ca\/en\/wp-json\/wp\/v2\/product\/28796\/revisions"}],"predecessor-version":[{"id":28804,"href":"https:\/\/staging.belleflamme.ca\/en\/wp-json\/wp\/v2\/product\/28796\/revisions\/28804"}],"wp:featuredmedia":[{"embeddable":true,"href":"https:\/\/staging.belleflamme.ca\/en\/wp-json\/wp\/v2\/media\/28785"}],"wp:attachment":[{"href":"https:\/\/staging.belleflamme.ca\/en\/wp-json\/wp\/v2\/media?parent=28796"}],"wp:term":[{"taxonomy":"product_brand","embeddable":true,"href":"https:\/\/staging.belleflamme.ca\/en\/wp-json\/wp\/v2\/product_brand?post=28796"},{"taxonomy":"product_cat","embeddable":true,"href":"https:\/\/staging.belleflamme.ca\/en\/wp-json\/wp\/v2\/product_cat?post=28796"},{"taxonomy":"product_tag","embeddable":true,"href":"https:\/\/staging.belleflamme.ca\/en\/wp-json\/wp\/v2\/product_tag?post=28796"}],"curies":[{"name":"wp","href":"https:\/\/api.w.org\/{rel}","templated":true}]}}