{"id":26543,"date":"2024-01-15T18:19:50","date_gmt":"2024-01-15T23:19:50","guid":{"rendered":"https:\/\/www.belleflamme.ca\/?post_type=product&#038;p=26543"},"modified":"2024-01-18T10:24:38","modified_gmt":"2024-01-18T15:24:38","slug":"fireplace-wood-stove-glass-cleaner-by-rutland","status":"publish","type":"product","link":"https:\/\/staging.belleflamme.ca\/en\/product\/fireplace-wood-stove-glass-cleaner-by-rutland\/","title":{"rendered":"Fireplace &#038; Wood Stove Glass Cleaner by Rutland"},"content":{"rendered":"\t\t<div data-elementor-type=\"product-post\" data-elementor-id=\"26543\" class=\"elementor elementor-26543 elementor-26534\" data-elementor-post-type=\"product\">\n\t\t\t\t\t\t<section class=\"elementor-section elementor-top-section elementor-element elementor-element-1079251a elementor-section-boxed elementor-section-height-default elementor-section-height-default\" data-id=\"1079251a\" data-element_type=\"section\">\n\t\t\t\t\t\t<div class=\"elementor-container elementor-column-gap-default\">\n\t\t\t\t\t<div class=\"elementor-column elementor-col-100 elementor-top-column elementor-element elementor-element-1590caf7\" data-id=\"1590caf7\" data-element_type=\"column\">\n\t\t\t<div class=\"elementor-widget-wrap elementor-element-populated\">\n\t\t\t\t\t\t<div class=\"elementor-element elementor-element-19bfe57b elementor-widget elementor-widget-text-editor\" data-id=\"19bfe57b\" data-element_type=\"widget\" data-widget_type=\"text-editor.default\">\n\t\t\t\t<div class=\"elementor-widget-container\">\n\t\t\t\t\t\t\t\t\t<p><strong>RUTLAND Fireplace Glass Cleaner<\/strong>\u00a0is formulated to remove smoke, soot, and creosote residue from fireplace and wood stove glass doors. This spray-on cleaner does not contain dangerous acids or ammonia. Just spray on and wipe off \u2013 it\u2019s that easy! In no time at all your fireplace or stove glass will have that &#8220;like-new&#8221; appearance for continued enjoyment of your leisure fires.<\/p><ul><li>32 fl oz Spray Bottle<\/li><li>Indoor and outdoor use<\/li><li>Made in the USA<\/li><\/ul><p><strong>Weight:<\/strong>\u00a02.31 lbs<\/p><p><strong>Dimensions:<\/strong>\u00a012.375 \u00d7 3.375 \u00d7 3.375 in<\/p><div>\u00a0<\/div>\t\t\t\t\t\t\t\t<\/div>\n\t\t\t\t<\/div>\n\t\t\t\t\t<\/div>\n\t\t<\/div>\n\t\t\t\t\t<\/div>\n\t\t<\/section>\n\t\t\t\t<section class=\"elementor-section elementor-top-section elementor-element elementor-element-f705fa0 elementor-section-boxed elementor-section-height-default elementor-section-height-default\" data-id=\"f705fa0\" data-element_type=\"section\">\n\t\t\t\t\t\t<div class=\"elementor-container elementor-column-gap-default\">\n\t\t\t\t\t<div class=\"elementor-column elementor-col-100 elementor-top-column elementor-element elementor-element-1dacce7\" data-id=\"1dacce7\" data-element_type=\"column\">\n\t\t\t<div class=\"elementor-widget-wrap elementor-element-populated\">\n\t\t\t\t\t\t<div class=\"elementor-element elementor-element-efd222d elementor-tabs-view-horizontal elementor-widget elementor-widget-tabs\" data-id=\"efd222d\" data-element_type=\"widget\" data-widget_type=\"tabs.default\">\n\t\t\t\t<div class=\"elementor-widget-container\">\n\t\t\t\t\t\t\t<div class=\"elementor-tabs\">\n\t\t\t<div class=\"elementor-tabs-wrapper\" role=\"tablist\" >\n\t\t\t\t\t\t\t\t\t<div id=\"elementor-tab-title-2511\" class=\"elementor-tab-title elementor-tab-desktop-title\" aria-selected=\"true\" data-tab=\"1\" role=\"tab\" tabindex=\"0\" aria-controls=\"elementor-tab-content-2511\" aria-expanded=\"false\">Files<\/div>\n\t\t\t\t\t\t\t<\/div>\n\t\t\t<div class=\"elementor-tabs-content-wrapper\" role=\"tablist\" aria-orientation=\"vertical\">\n\t\t\t\t\t\t\t\t\t<div class=\"elementor-tab-title elementor-tab-mobile-title\" aria-selected=\"true\" data-tab=\"1\" role=\"tab\" tabindex=\"0\" aria-controls=\"elementor-tab-content-2511\" aria-expanded=\"false\">Files<\/div>\n\t\t\t\t\t<div id=\"elementor-tab-content-2511\" class=\"elementor-tab-content elementor-clearfix\" data-tab=\"1\" role=\"tabpanel\" aria-labelledby=\"elementor-tab-title-2511\" tabindex=\"0\" hidden=\"false\"><p><i class=\"far fa-file-pdf fa-xl\" style=\"font-size: 35px;\"><\/i>\u00a0<a href=\"https:\/\/www.belleflamme.ca\/wp-content\/uploads\/2024\/01\/82-1.pdf\">Security Data Sheet<\/a><\/p><\/div>\n\t\t\t\t\t\t\t<\/div>\n\t\t<\/div>\n\t\t\t\t\t\t<\/div>\n\t\t\t\t<\/div>\n\t\t\t\t\t<\/div>\n\t\t<\/div>\n\t\t\t\t\t<\/div>\n\t\t<\/section>\n\t\t\t\t<\/div>\n\t\t","protected":false},"excerpt":{"rendered":"<p>RUTLAND Fireplace Glass Cleaner\u00a0is formulated to remove smoke, soot, and creosote residue from fireplace and wood stove glass doors. This spray-on cleaner does not contain dangerous acids or ammonia. Just spray on and wipe off \u2013 it\u2019s that easy! In no time at all your fireplace or stove glass will have that &#8220;like-new&#8221; appearance for [&hellip;]<\/p>\n","protected":false},"featured_media":26536,"template":"","meta":{"inline_featured_image":false},"product_brand":[886],"product_cat":[1113,194],"product_tag":[],"class_list":{"0":"post-26543","1":"product","2":"type-product","3":"status-publish","4":"has-post-thumbnail","6":"product_brand-rutland-en","7":"product_cat-fireplaces-cleaning-products","8":"product_cat-fireplaces-parts-accessories","10":"first","11":"instock","12":"taxable","13":"shipping-taxable","14":"purchasable","15":"product-type-simple"},"yoast_head":"<!-- This site is optimized with the Yoast SEO Premium plugin v24.2 (Yoast SEO v24.2) - https:\/\/yoast.com\/wordpress\/plugins\/seo\/ -->\n<title>Fireplace &amp; Wood Stove Glass Cleaner by Rutland - Groupe BelleFlamme<\/title>\n<meta name=\"description\" content=\"Fireplace &amp; Wood Stove Glass Cleaner by Rutland sold and installed by the Belleflamme Group. Laval, Montreal, Gatineau, Drummondville &amp; Saint-Sauveur.\" \/>\n<meta name=\"robots\" content=\"index, follow, max-snippet:-1, max-image-preview:large, max-video-preview:-1\" \/>\n<link rel=\"canonical\" href=\"https:\/\/staging.belleflamme.ca\/en\/product\/fireplace-wood-stove-glass-cleaner-by-rutland\/\" \/>\n<meta property=\"og:locale\" content=\"en_US\" \/>\n<meta property=\"og:type\" content=\"article\" \/>\n<meta property=\"og:title\" content=\"Fireplace &amp; Wood Stove Glass Cleaner by Rutland\" \/>\n<meta property=\"og:description\" content=\"Fireplace &amp; Wood Stove Glass Cleaner by Rutland sold and installed by the Belleflamme Group. Laval, Montreal, Gatineau, Drummondville &amp; Saint-Sauveur.\" \/>\n<meta property=\"og:url\" content=\"https:\/\/staging.belleflamme.ca\/en\/product\/fireplace-wood-stove-glass-cleaner-by-rutland\/\" \/>\n<meta property=\"og:site_name\" content=\"Groupe BelleFlamme\" \/>\n<meta property=\"article:publisher\" content=\"https:\/\/www.facebook.com\/belleflamme.ca\/\" \/>\n<meta property=\"article:modified_time\" content=\"2024-01-18T15:24:38+00:00\" \/>\n<meta property=\"og:image\" content=\"https:\/\/www.belleflamme.ca\/wp-content\/uploads\/2024\/01\/Nettoyant-pour-vitres-de-cheminees-et-de-poeles-a-bois-de-Rutland.webp\" \/>\n\t<meta property=\"og:image:width\" content=\"600\" \/>\n\t<meta property=\"og:image:height\" content=\"600\" \/>\n\t<meta property=\"og:image:type\" content=\"image\/webp\" \/>\n<meta name=\"twitter:card\" content=\"summary_large_image\" \/>\n<meta name=\"twitter:label1\" content=\"Price\" \/>\n\t<meta name=\"twitter:data1\" content=\"&#036;18.00\" \/>\n\t<meta name=\"twitter:label2\" content=\"Availability\" \/>\n\t<meta name=\"twitter:data2\" content=\"In stock\" \/>\n<script type=\"application\/ld+json\" class=\"yoast-schema-graph\">{\"@context\":\"https:\/\/schema.org\",\"@graph\":[{\"@type\":[\"WebPage\",\"ItemPage\"],\"@id\":\"https:\/\/staging.belleflamme.ca\/en\/product\/fireplace-wood-stove-glass-cleaner-by-rutland\/\",\"url\":\"https:\/\/staging.belleflamme.ca\/en\/product\/fireplace-wood-stove-glass-cleaner-by-rutland\/\",\"name\":\"Fireplace & Wood Stove Glass Cleaner by Rutland - Groupe BelleFlamme\",\"isPartOf\":{\"@id\":\"https:\/\/www.belleflamme.ca\/fr\/#website\"},\"primaryImageOfPage\":{\"@id\":\"https:\/\/staging.belleflamme.ca\/en\/product\/fireplace-wood-stove-glass-cleaner-by-rutland\/#primaryimage\"},\"image\":{\"@id\":\"https:\/\/staging.belleflamme.ca\/en\/product\/fireplace-wood-stove-glass-cleaner-by-rutland\/#primaryimage\"},\"thumbnailUrl\":\"https:\/\/staging.belleflamme.ca\/wp-content\/uploads\/2024\/01\/Nettoyant-pour-vitres-de-cheminees-et-de-poeles-a-bois-de-Rutland.webp\",\"datePublished\":\"2024-01-15T23:19:50+00:00\",\"dateModified\":\"2024-01-18T15:24:38+00:00\",\"description\":\"Fireplace & Wood Stove Glass Cleaner by Rutland [get_meta_en_fr]\",\"breadcrumb\":{\"@id\":\"https:\/\/staging.belleflamme.ca\/en\/product\/fireplace-wood-stove-glass-cleaner-by-rutland\/#breadcrumb\"},\"inLanguage\":\"en-US\",\"potentialAction\":[{\"@type\":\"ReadAction\",\"target\":[\"https:\/\/staging.belleflamme.ca\/en\/product\/fireplace-wood-stove-glass-cleaner-by-rutland\/\"]}]},{\"@type\":\"ImageObject\",\"inLanguage\":\"en-US\",\"@id\":\"https:\/\/staging.belleflamme.ca\/en\/product\/fireplace-wood-stove-glass-cleaner-by-rutland\/#primaryimage\",\"url\":\"https:\/\/staging.belleflamme.ca\/wp-content\/uploads\/2024\/01\/Nettoyant-pour-vitres-de-cheminees-et-de-poeles-a-bois-de-Rutland.webp\",\"contentUrl\":\"https:\/\/staging.belleflamme.ca\/wp-content\/uploads\/2024\/01\/Nettoyant-pour-vitres-de-cheminees-et-de-poeles-a-bois-de-Rutland.webp\",\"width\":600,\"height\":600,\"caption\":\"Nettoyant pour vitres de chemin\u00e9es et de po\u00eales \u00e0 bois de Rutland\"},{\"@type\":\"BreadcrumbList\",\"@id\":\"https:\/\/staging.belleflamme.ca\/en\/product\/fireplace-wood-stove-glass-cleaner-by-rutland\/#breadcrumb\",\"itemListElement\":[{\"@type\":\"ListItem\",\"position\":1,\"name\":\"Home\",\"item\":\"https:\/\/www.belleflamme.ca\/fr\/\"},{\"@type\":\"ListItem\",\"position\":2,\"name\":\"Shop\",\"item\":\"https:\/\/www.belleflamme.ca\/en\/shop\/\"},{\"@type\":\"ListItem\",\"position\":3,\"name\":\"Fireplaces, Parts &amp; Accessories\",\"item\":\"https:\/\/staging.belleflamme.ca\/en\/category\/fireplaces-parts-accessories\/\"},{\"@type\":\"ListItem\",\"position\":4,\"name\":\"Fireplaces Cleaning Products\",\"item\":\"https:\/\/staging.belleflamme.ca\/en\/category\/fireplaces-parts-accessories\/fireplaces-cleaning-products\/\"},{\"@type\":\"ListItem\",\"position\":5,\"name\":\"Fireplace &#038; Wood Stove Glass Cleaner by Rutland\"}]},{\"@type\":\"WebSite\",\"@id\":\"https:\/\/www.belleflamme.ca\/fr\/#website\",\"url\":\"https:\/\/www.belleflamme.ca\/fr\/\",\"name\":\"Groupe Belleflamme\",\"description\":\"La m\u00e9canique du b\u00e2timent dans le sang.\",\"publisher\":{\"@id\":\"https:\/\/www.belleflamme.ca\/fr\/#organization\"},\"potentialAction\":[{\"@type\":\"SearchAction\",\"target\":{\"@type\":\"EntryPoint\",\"urlTemplate\":\"https:\/\/www.belleflamme.ca\/fr\/?s={search_term_string}\"},\"query-input\":{\"@type\":\"PropertyValueSpecification\",\"valueRequired\":true,\"valueName\":\"search_term_string\"}}],\"inLanguage\":\"en-US\"},{\"@type\":[\"Organization\",\"Place\"],\"@id\":\"https:\/\/www.belleflamme.ca\/fr\/#organization\",\"name\":\"Groupe Belleflamme\",\"alternateName\":\"Belleflamme\",\"url\":\"https:\/\/www.belleflamme.ca\/fr\/\",\"logo\":{\"@type\":\"ImageObject\",\"inLanguage\":\"en-US\",\"@id\":\"https:\/\/www.belleflamme.ca\/fr\/#\/schema\/logo\/image\/\",\"url\":\"https:\/\/staging.belleflamme.ca\/wp-content\/uploads\/2023\/01\/og-image.jpg\",\"contentUrl\":\"https:\/\/staging.belleflamme.ca\/wp-content\/uploads\/2023\/01\/og-image.jpg\",\"width\":1200,\"height\":630,\"caption\":\"Groupe Belleflamme\"},\"image\":{\"@id\":\"https:\/\/www.belleflamme.ca\/fr\/#\/schema\/logo\/image\/\"},\"sameAs\":[\"https:\/\/www.facebook.com\/belleflamme.ca\/\",\"https:\/\/www.linkedin.com\/company\/belleflamme\/\",\"https:\/\/www.pinterest.ca\/groupebelleflamme\/\",\"https:\/\/www.instagram.com\/legroupebelleflamme\/\"],\"mainEntityOfPage\":{\"@id\":\"https:\/\/staging.belleflamme.ca\/en\/product\/fireplace-wood-stove-glass-cleaner-by-rutland\/\"}}]}<\/script>\n<meta property=\"product:brand\" content=\"Rutland\" \/>\n<meta property=\"product:price:amount\" content=\"18.00\" \/>\n<meta property=\"product:price:currency\" content=\"CAD\" \/>\n<meta property=\"og:availability\" content=\"instock\" \/>\n<meta property=\"product:availability\" content=\"instock\" \/>\n<meta property=\"product:retailer_item_id\" content=\"RUT82\" \/>\n<meta property=\"product:condition\" content=\"new\" \/>\n<!-- \/ Yoast SEO Premium plugin. -->","yoast_head_json":{"title":"Fireplace & Wood Stove Glass Cleaner by Rutland - Groupe BelleFlamme","description":"Fireplace & Wood Stove Glass Cleaner by Rutland sold and installed by the Belleflamme Group. Laval, Montreal, Gatineau, Drummondville & Saint-Sauveur.","robots":{"index":"index","follow":"follow","max-snippet":"max-snippet:-1","max-image-preview":"max-image-preview:large","max-video-preview":"max-video-preview:-1"},"canonical":"https:\/\/staging.belleflamme.ca\/en\/product\/fireplace-wood-stove-glass-cleaner-by-rutland\/","og_locale":"en_US","og_type":"article","og_title":"Fireplace & Wood Stove Glass Cleaner by Rutland","og_description":"Fireplace & Wood Stove Glass Cleaner by Rutland sold and installed by the Belleflamme Group. Laval, Montreal, Gatineau, Drummondville & Saint-Sauveur.","og_url":"https:\/\/staging.belleflamme.ca\/en\/product\/fireplace-wood-stove-glass-cleaner-by-rutland\/","og_site_name":"Groupe BelleFlamme","article_publisher":"https:\/\/www.facebook.com\/belleflamme.ca\/","article_modified_time":"2024-01-18T15:24:38+00:00","og_image":[{"width":600,"height":600,"url":"https:\/\/www.belleflamme.ca\/wp-content\/uploads\/2024\/01\/Nettoyant-pour-vitres-de-cheminees-et-de-poeles-a-bois-de-Rutland.webp","type":"image\/webp"}],"twitter_card":"summary_large_image","twitter_misc":{"Price":"&#36;18.00","Availability":"In stock"},"schema":{"@context":"https:\/\/schema.org","@graph":[{"@type":["WebPage","ItemPage"],"@id":"https:\/\/staging.belleflamme.ca\/en\/product\/fireplace-wood-stove-glass-cleaner-by-rutland\/","url":"https:\/\/staging.belleflamme.ca\/en\/product\/fireplace-wood-stove-glass-cleaner-by-rutland\/","name":"Fireplace & Wood Stove Glass Cleaner by Rutland - Groupe BelleFlamme","isPartOf":{"@id":"https:\/\/www.belleflamme.ca\/fr\/#website"},"primaryImageOfPage":{"@id":"https:\/\/staging.belleflamme.ca\/en\/product\/fireplace-wood-stove-glass-cleaner-by-rutland\/#primaryimage"},"image":{"@id":"https:\/\/staging.belleflamme.ca\/en\/product\/fireplace-wood-stove-glass-cleaner-by-rutland\/#primaryimage"},"thumbnailUrl":"https:\/\/staging.belleflamme.ca\/wp-content\/uploads\/2024\/01\/Nettoyant-pour-vitres-de-cheminees-et-de-poeles-a-bois-de-Rutland.webp","datePublished":"2024-01-15T23:19:50+00:00","dateModified":"2024-01-18T15:24:38+00:00","description":"Fireplace & Wood Stove Glass Cleaner by Rutland [get_meta_en_fr]","breadcrumb":{"@id":"https:\/\/staging.belleflamme.ca\/en\/product\/fireplace-wood-stove-glass-cleaner-by-rutland\/#breadcrumb"},"inLanguage":"en-US","potentialAction":[{"@type":"ReadAction","target":["https:\/\/staging.belleflamme.ca\/en\/product\/fireplace-wood-stove-glass-cleaner-by-rutland\/"]}]},{"@type":"ImageObject","inLanguage":"en-US","@id":"https:\/\/staging.belleflamme.ca\/en\/product\/fireplace-wood-stove-glass-cleaner-by-rutland\/#primaryimage","url":"https:\/\/staging.belleflamme.ca\/wp-content\/uploads\/2024\/01\/Nettoyant-pour-vitres-de-cheminees-et-de-poeles-a-bois-de-Rutland.webp","contentUrl":"https:\/\/staging.belleflamme.ca\/wp-content\/uploads\/2024\/01\/Nettoyant-pour-vitres-de-cheminees-et-de-poeles-a-bois-de-Rutland.webp","width":600,"height":600,"caption":"Nettoyant pour vitres de chemin\u00e9es et de po\u00eales \u00e0 bois de Rutland"},{"@type":"BreadcrumbList","@id":"https:\/\/staging.belleflamme.ca\/en\/product\/fireplace-wood-stove-glass-cleaner-by-rutland\/#breadcrumb","itemListElement":[{"@type":"ListItem","position":1,"name":"Home","item":"https:\/\/www.belleflamme.ca\/fr\/"},{"@type":"ListItem","position":2,"name":"Shop","item":"https:\/\/www.belleflamme.ca\/en\/shop\/"},{"@type":"ListItem","position":3,"name":"Fireplaces, Parts &amp; Accessories","item":"https:\/\/staging.belleflamme.ca\/en\/category\/fireplaces-parts-accessories\/"},{"@type":"ListItem","position":4,"name":"Fireplaces Cleaning Products","item":"https:\/\/staging.belleflamme.ca\/en\/category\/fireplaces-parts-accessories\/fireplaces-cleaning-products\/"},{"@type":"ListItem","position":5,"name":"Fireplace &#038; Wood Stove Glass Cleaner by Rutland"}]},{"@type":"WebSite","@id":"https:\/\/www.belleflamme.ca\/fr\/#website","url":"https:\/\/www.belleflamme.ca\/fr\/","name":"Groupe Belleflamme","description":"La m\u00e9canique du b\u00e2timent dans le sang.","publisher":{"@id":"https:\/\/www.belleflamme.ca\/fr\/#organization"},"potentialAction":[{"@type":"SearchAction","target":{"@type":"EntryPoint","urlTemplate":"https:\/\/www.belleflamme.ca\/fr\/?s={search_term_string}"},"query-input":{"@type":"PropertyValueSpecification","valueRequired":true,"valueName":"search_term_string"}}],"inLanguage":"en-US"},{"@type":["Organization","Place"],"@id":"https:\/\/www.belleflamme.ca\/fr\/#organization","name":"Groupe Belleflamme","alternateName":"Belleflamme","url":"https:\/\/www.belleflamme.ca\/fr\/","logo":{"@type":"ImageObject","inLanguage":"en-US","@id":"https:\/\/www.belleflamme.ca\/fr\/#\/schema\/logo\/image\/","url":"https:\/\/staging.belleflamme.ca\/wp-content\/uploads\/2023\/01\/og-image.jpg","contentUrl":"https:\/\/staging.belleflamme.ca\/wp-content\/uploads\/2023\/01\/og-image.jpg","width":1200,"height":630,"caption":"Groupe Belleflamme"},"image":{"@id":"https:\/\/www.belleflamme.ca\/fr\/#\/schema\/logo\/image\/"},"sameAs":["https:\/\/www.facebook.com\/belleflamme.ca\/","https:\/\/www.linkedin.com\/company\/belleflamme\/","https:\/\/www.pinterest.ca\/groupebelleflamme\/","https:\/\/www.instagram.com\/legroupebelleflamme\/"],"mainEntityOfPage":{"@id":"https:\/\/staging.belleflamme.ca\/en\/product\/fireplace-wood-stove-glass-cleaner-by-rutland\/"}}]},"product_brand":"Rutland","product_price_amount":"18.00","product_price_currency":"CAD","og_availability":"instock","product_availability":"instock","product_retailer_item_id":"RUT82","product_condition":"new"},"_links":{"self":[{"href":"https:\/\/staging.belleflamme.ca\/en\/wp-json\/wp\/v2\/product\/26543","targetHints":{"allow":["GET"]}}],"collection":[{"href":"https:\/\/staging.belleflamme.ca\/en\/wp-json\/wp\/v2\/product"}],"about":[{"href":"https:\/\/staging.belleflamme.ca\/en\/wp-json\/wp\/v2\/types\/product"}],"version-history":[{"count":5,"href":"https:\/\/staging.belleflamme.ca\/en\/wp-json\/wp\/v2\/product\/26543\/revisions"}],"predecessor-version":[{"id":27186,"href":"https:\/\/staging.belleflamme.ca\/en\/wp-json\/wp\/v2\/product\/26543\/revisions\/27186"}],"wp:featuredmedia":[{"embeddable":true,"href":"https:\/\/staging.belleflamme.ca\/en\/wp-json\/wp\/v2\/media\/26536"}],"wp:attachment":[{"href":"https:\/\/staging.belleflamme.ca\/en\/wp-json\/wp\/v2\/media?parent=26543"}],"wp:term":[{"taxonomy":"product_brand","embeddable":true,"href":"https:\/\/staging.belleflamme.ca\/en\/wp-json\/wp\/v2\/product_brand?post=26543"},{"taxonomy":"product_cat","embeddable":true,"href":"https:\/\/staging.belleflamme.ca\/en\/wp-json\/wp\/v2\/product_cat?post=26543"},{"taxonomy":"product_tag","embeddable":true,"href":"https:\/\/staging.belleflamme.ca\/en\/wp-json\/wp\/v2\/product_tag?post=26543"}],"curies":[{"name":"wp","href":"https:\/\/api.w.org\/{rel}","templated":true}]}}