{"id":26498,"date":"2024-01-15T18:07:20","date_gmt":"2024-01-15T23:07:20","guid":{"rendered":"https:\/\/www.belleflamme.ca\/?post_type=product&#038;p=26498"},"modified":"2024-01-18T11:02:45","modified_gmt":"2024-01-18T16:02:45","slug":"premium-1400f-hi-temp-brush-on-paint-by-rutland","status":"publish","type":"product","link":"https:\/\/staging.belleflamme.ca\/en\/product\/premium-1400f-hi-temp-brush-on-paint-by-rutland\/","title":{"rendered":"Premium 1400\u00b0F Hi-Temp Brush-On Paint by Rutland"},"content":{"rendered":"\t\t<div data-elementor-type=\"product-post\" data-elementor-id=\"26498\" class=\"elementor elementor-26498 elementor-26489\" data-elementor-post-type=\"product\">\n\t\t\t\t\t\t<section class=\"elementor-section elementor-top-section elementor-element elementor-element-3922ea23 elementor-section-boxed elementor-section-height-default elementor-section-height-default\" data-id=\"3922ea23\" data-element_type=\"section\">\n\t\t\t\t\t\t<div class=\"elementor-container elementor-column-gap-default\">\n\t\t\t\t\t<div class=\"elementor-column elementor-col-100 elementor-top-column elementor-element elementor-element-3425f518\" data-id=\"3425f518\" data-element_type=\"column\">\n\t\t\t<div class=\"elementor-widget-wrap elementor-element-populated\">\n\t\t\t\t\t\t<div class=\"elementor-element elementor-element-33d8d13a elementor-widget elementor-widget-text-editor\" data-id=\"33d8d13a\" data-element_type=\"widget\" data-widget_type=\"text-editor.default\">\n\t\t\t\t<div class=\"elementor-widget-container\">\n\t\t\t\t\t\t\t\t\t<p><strong>RUTLAND<\/strong><em><strong>\u00a0<\/strong><\/em><strong>Premium 1400\u00baF Flat Black Brush-On Paint<\/strong>\u00a0is specially formulated to resist peeling and blistering under temperatures up to 1400\u00b0F. Renews the finish on any natural cast iron, grills, ovens, or cookers \u2013 anywhere a high-temperature-resistant, flat black coating is needed. This quality paint is great for grills, stoves, smokers, stove pipes, fireplace inserts, furnaces, barbecues, mailboxes, lampposts, fireplace tools, brass, firebrick, and chimney caps.<\/p><ul><li>Low VOC formula<\/li><li>16 fl oz Can<\/li><li>Flat black<\/li><li>Contains no lead, fluorocarbons, or vinyl chloride<\/li><li>No primer needed<\/li><li>1 year UV resistance after application<\/li><li>Fast drying and color-fast<\/li><li>Non-toxic when dry<\/li><li>Weather- and heat-resistant<\/li><li>At least two layers are recommended<\/li><li>Heat cure is not required for two layers, but best results are obtained after heat curing<\/li><li>Heat cure is required for three or more layers<\/li><li>Not for direct food contact<\/li><li>Indoor and outdoor use<\/li><li>Can be used to paint the inside of a masonry firebox<\/li><li>Approved for sale in California<\/li><li>Made in the USA<\/li><\/ul><p><strong>Weight:\u00a0<\/strong>1.09 lbs<\/p><p><strong>Dimensions:<\/strong>\u00a04 \u00d7 3.375 \u00d7 3.375 in<\/p>\t\t\t\t\t\t\t\t<\/div>\n\t\t\t\t<\/div>\n\t\t\t\t<div class=\"elementor-element elementor-element-4320341 elementor-tabs-view-horizontal elementor-widget elementor-widget-tabs\" data-id=\"4320341\" data-element_type=\"widget\" data-widget_type=\"tabs.default\">\n\t\t\t\t<div class=\"elementor-widget-container\">\n\t\t\t\t\t\t\t<div class=\"elementor-tabs\">\n\t\t\t<div class=\"elementor-tabs-wrapper\" role=\"tablist\" >\n\t\t\t\t\t\t\t\t\t<div id=\"elementor-tab-title-7031\" class=\"elementor-tab-title elementor-tab-desktop-title\" aria-selected=\"true\" data-tab=\"1\" role=\"tab\" tabindex=\"0\" aria-controls=\"elementor-tab-content-7031\" aria-expanded=\"false\">Files<\/div>\n\t\t\t\t\t\t\t<\/div>\n\t\t\t<div class=\"elementor-tabs-content-wrapper\" role=\"tablist\" aria-orientation=\"vertical\">\n\t\t\t\t\t\t\t\t\t<div class=\"elementor-tab-title elementor-tab-mobile-title\" aria-selected=\"true\" data-tab=\"1\" role=\"tab\" tabindex=\"0\" aria-controls=\"elementor-tab-content-7031\" aria-expanded=\"false\">Files<\/div>\n\t\t\t\t\t<div id=\"elementor-tab-content-7031\" class=\"elementor-tab-content elementor-clearfix\" data-tab=\"1\" role=\"tabpanel\" aria-labelledby=\"elementor-tab-title-7031\" tabindex=\"0\" hidden=\"false\"><p><i class=\"far fa-file-pdf fa-xl\" style=\"font-size: 35px;\"><\/i>\u00a0<a href=\"https:\/\/www.belleflamme.ca\/wp-content\/uploads\/2024\/01\/81V.pdf\">Security Data Sheet<\/a><\/p><\/div>\n\t\t\t\t\t\t\t<\/div>\n\t\t<\/div>\n\t\t\t\t\t\t<\/div>\n\t\t\t\t<\/div>\n\t\t\t\t\t<\/div>\n\t\t<\/div>\n\t\t\t\t\t<\/div>\n\t\t<\/section>\n\t\t\t\t<\/div>\n\t\t","protected":false},"excerpt":{"rendered":"<p>RUTLAND\u00a0Premium 1400\u00baF Flat Black Brush-On Paint\u00a0is specially formulated to resist peeling and blistering under temperatures up to 1400\u00b0F. Renews the finish on any natural cast iron, grills, ovens, or cookers \u2013 anywhere a high-temperature-resistant, flat black coating is needed. This quality paint is great for grills, stoves, smokers, stove pipes, fireplace inserts, furnaces, barbecues, mailboxes, [&hellip;]<\/p>\n","protected":false},"featured_media":26491,"template":"","meta":{"inline_featured_image":false},"product_brand":[886],"product_cat":[1115,194],"product_tag":[],"class_list":{"0":"post-26498","1":"product","2":"type-product","3":"status-publish","4":"has-post-thumbnail","6":"product_brand-rutland-en","7":"product_cat-cement-mortar-and-fireplace-sealant","8":"product_cat-fireplaces-parts-accessories","10":"first","11":"instock","12":"taxable","13":"shipping-taxable","14":"purchasable","15":"product-type-simple"},"yoast_head":"<!-- This site is optimized with the Yoast SEO Premium plugin v24.2 (Yoast SEO v24.2) - https:\/\/yoast.com\/wordpress\/plugins\/seo\/ -->\n<title>Premium 1400\u00b0F Hi-Temp Brush-On Paint by Rutland - Groupe BelleFlamme<\/title>\n<meta name=\"description\" content=\"Premium 1400\u00b0F Hi-Temp Brush-On Paint by Rutland sold and installed by the Belleflamme Group. Laval, Montreal, Gatineau, Drummondville &amp; Saint-Sauveur.\" \/>\n<meta name=\"robots\" content=\"index, follow, max-snippet:-1, max-image-preview:large, max-video-preview:-1\" \/>\n<link rel=\"canonical\" href=\"https:\/\/staging.belleflamme.ca\/en\/product\/premium-1400f-hi-temp-brush-on-paint-by-rutland\/\" \/>\n<meta property=\"og:locale\" content=\"en_US\" \/>\n<meta property=\"og:type\" content=\"article\" \/>\n<meta property=\"og:title\" content=\"Premium 1400\u00b0F Hi-Temp Brush-On Paint by Rutland\" \/>\n<meta property=\"og:description\" content=\"Premium 1400\u00b0F Hi-Temp Brush-On Paint by Rutland sold and installed by the Belleflamme Group. Laval, Montreal, Gatineau, Drummondville &amp; Saint-Sauveur.\" \/>\n<meta property=\"og:url\" content=\"https:\/\/staging.belleflamme.ca\/en\/product\/premium-1400f-hi-temp-brush-on-paint-by-rutland\/\" \/>\n<meta property=\"og:site_name\" content=\"Groupe BelleFlamme\" \/>\n<meta property=\"article:publisher\" content=\"https:\/\/www.facebook.com\/belleflamme.ca\/\" \/>\n<meta property=\"article:modified_time\" content=\"2024-01-18T16:02:45+00:00\" \/>\n<meta property=\"og:image\" content=\"https:\/\/www.belleflamme.ca\/wp-content\/uploads\/2024\/01\/Peinture-au-pinceau-haute-temperature-de-qualite-superieure-1-400-F-de-Rutland.webp\" \/>\n\t<meta property=\"og:image:width\" content=\"600\" \/>\n\t<meta property=\"og:image:height\" content=\"600\" \/>\n\t<meta property=\"og:image:type\" content=\"image\/webp\" \/>\n<meta name=\"twitter:card\" content=\"summary_large_image\" \/>\n<meta name=\"twitter:label1\" content=\"Price\" \/>\n\t<meta name=\"twitter:data1\" content=\"&#036;72.00\" \/>\n\t<meta name=\"twitter:label2\" content=\"Availability\" \/>\n\t<meta name=\"twitter:data2\" content=\"In stock\" \/>\n<script type=\"application\/ld+json\" class=\"yoast-schema-graph\">{\"@context\":\"https:\/\/schema.org\",\"@graph\":[{\"@type\":[\"WebPage\",\"ItemPage\"],\"@id\":\"https:\/\/staging.belleflamme.ca\/en\/product\/premium-1400f-hi-temp-brush-on-paint-by-rutland\/\",\"url\":\"https:\/\/staging.belleflamme.ca\/en\/product\/premium-1400f-hi-temp-brush-on-paint-by-rutland\/\",\"name\":\"Premium 1400\u00b0F Hi-Temp Brush-On Paint by Rutland - Groupe BelleFlamme\",\"isPartOf\":{\"@id\":\"https:\/\/www.belleflamme.ca\/fr\/#website\"},\"primaryImageOfPage\":{\"@id\":\"https:\/\/staging.belleflamme.ca\/en\/product\/premium-1400f-hi-temp-brush-on-paint-by-rutland\/#primaryimage\"},\"image\":{\"@id\":\"https:\/\/staging.belleflamme.ca\/en\/product\/premium-1400f-hi-temp-brush-on-paint-by-rutland\/#primaryimage\"},\"thumbnailUrl\":\"https:\/\/staging.belleflamme.ca\/wp-content\/uploads\/2024\/01\/Peinture-au-pinceau-haute-temperature-de-qualite-superieure-1-400-F-de-Rutland.webp\",\"datePublished\":\"2024-01-15T23:07:20+00:00\",\"dateModified\":\"2024-01-18T16:02:45+00:00\",\"description\":\"Premium 1400\u00b0F Hi-Temp Brush-On Paint by Rutland [get_meta_en_fr]\",\"breadcrumb\":{\"@id\":\"https:\/\/staging.belleflamme.ca\/en\/product\/premium-1400f-hi-temp-brush-on-paint-by-rutland\/#breadcrumb\"},\"inLanguage\":\"en-US\",\"potentialAction\":[{\"@type\":\"ReadAction\",\"target\":[\"https:\/\/staging.belleflamme.ca\/en\/product\/premium-1400f-hi-temp-brush-on-paint-by-rutland\/\"]}]},{\"@type\":\"ImageObject\",\"inLanguage\":\"en-US\",\"@id\":\"https:\/\/staging.belleflamme.ca\/en\/product\/premium-1400f-hi-temp-brush-on-paint-by-rutland\/#primaryimage\",\"url\":\"https:\/\/staging.belleflamme.ca\/wp-content\/uploads\/2024\/01\/Peinture-au-pinceau-haute-temperature-de-qualite-superieure-1-400-F-de-Rutland.webp\",\"contentUrl\":\"https:\/\/staging.belleflamme.ca\/wp-content\/uploads\/2024\/01\/Peinture-au-pinceau-haute-temperature-de-qualite-superieure-1-400-F-de-Rutland.webp\",\"width\":600,\"height\":600,\"caption\":\"Peinture au pinceau haute temp\u00e9rature de qualit\u00e9 sup\u00e9rieure, 1 400 \u00b0F de Rutland\"},{\"@type\":\"BreadcrumbList\",\"@id\":\"https:\/\/staging.belleflamme.ca\/en\/product\/premium-1400f-hi-temp-brush-on-paint-by-rutland\/#breadcrumb\",\"itemListElement\":[{\"@type\":\"ListItem\",\"position\":1,\"name\":\"Home\",\"item\":\"https:\/\/www.belleflamme.ca\/fr\/\"},{\"@type\":\"ListItem\",\"position\":2,\"name\":\"Shop\",\"item\":\"https:\/\/www.belleflamme.ca\/en\/shop\/\"},{\"@type\":\"ListItem\",\"position\":3,\"name\":\"Fireplaces, Parts &amp; Accessories\",\"item\":\"https:\/\/staging.belleflamme.ca\/en\/category\/fireplaces-parts-accessories\/\"},{\"@type\":\"ListItem\",\"position\":4,\"name\":\"Cement, Mortar and Fireplace Sealant\",\"item\":\"https:\/\/staging.belleflamme.ca\/en\/category\/fireplaces-parts-accessories\/cement-mortar-and-fireplace-sealant\/\"},{\"@type\":\"ListItem\",\"position\":5,\"name\":\"Premium 1400\u00b0F Hi-Temp Brush-On Paint by Rutland\"}]},{\"@type\":\"WebSite\",\"@id\":\"https:\/\/www.belleflamme.ca\/fr\/#website\",\"url\":\"https:\/\/www.belleflamme.ca\/fr\/\",\"name\":\"Groupe Belleflamme\",\"description\":\"La m\u00e9canique du b\u00e2timent dans le sang.\",\"publisher\":{\"@id\":\"https:\/\/www.belleflamme.ca\/fr\/#organization\"},\"potentialAction\":[{\"@type\":\"SearchAction\",\"target\":{\"@type\":\"EntryPoint\",\"urlTemplate\":\"https:\/\/www.belleflamme.ca\/fr\/?s={search_term_string}\"},\"query-input\":{\"@type\":\"PropertyValueSpecification\",\"valueRequired\":true,\"valueName\":\"search_term_string\"}}],\"inLanguage\":\"en-US\"},{\"@type\":[\"Organization\",\"Place\"],\"@id\":\"https:\/\/www.belleflamme.ca\/fr\/#organization\",\"name\":\"Groupe Belleflamme\",\"alternateName\":\"Belleflamme\",\"url\":\"https:\/\/www.belleflamme.ca\/fr\/\",\"logo\":{\"@type\":\"ImageObject\",\"inLanguage\":\"en-US\",\"@id\":\"https:\/\/www.belleflamme.ca\/fr\/#\/schema\/logo\/image\/\",\"url\":\"https:\/\/staging.belleflamme.ca\/wp-content\/uploads\/2023\/01\/og-image.jpg\",\"contentUrl\":\"https:\/\/staging.belleflamme.ca\/wp-content\/uploads\/2023\/01\/og-image.jpg\",\"width\":1200,\"height\":630,\"caption\":\"Groupe Belleflamme\"},\"image\":{\"@id\":\"https:\/\/www.belleflamme.ca\/fr\/#\/schema\/logo\/image\/\"},\"sameAs\":[\"https:\/\/www.facebook.com\/belleflamme.ca\/\",\"https:\/\/www.linkedin.com\/company\/belleflamme\/\",\"https:\/\/www.pinterest.ca\/groupebelleflamme\/\",\"https:\/\/www.instagram.com\/legroupebelleflamme\/\"],\"mainEntityOfPage\":{\"@id\":\"https:\/\/staging.belleflamme.ca\/en\/product\/premium-1400f-hi-temp-brush-on-paint-by-rutland\/\"}}]}<\/script>\n<meta property=\"product:brand\" content=\"Rutland\" \/>\n<meta property=\"product:price:amount\" content=\"72.00\" \/>\n<meta property=\"product:price:currency\" content=\"CAD\" \/>\n<meta property=\"og:availability\" content=\"instock\" \/>\n<meta property=\"product:availability\" content=\"instock\" \/>\n<meta property=\"product:retailer_item_id\" content=\"81V\" \/>\n<meta property=\"product:condition\" content=\"new\" \/>\n<!-- \/ Yoast SEO Premium plugin. -->","yoast_head_json":{"title":"Premium 1400\u00b0F Hi-Temp Brush-On Paint by Rutland - Groupe BelleFlamme","description":"Premium 1400\u00b0F Hi-Temp Brush-On Paint by Rutland sold and installed by the Belleflamme Group. Laval, Montreal, Gatineau, Drummondville & Saint-Sauveur.","robots":{"index":"index","follow":"follow","max-snippet":"max-snippet:-1","max-image-preview":"max-image-preview:large","max-video-preview":"max-video-preview:-1"},"canonical":"https:\/\/staging.belleflamme.ca\/en\/product\/premium-1400f-hi-temp-brush-on-paint-by-rutland\/","og_locale":"en_US","og_type":"article","og_title":"Premium 1400\u00b0F Hi-Temp Brush-On Paint by Rutland","og_description":"Premium 1400\u00b0F Hi-Temp Brush-On Paint by Rutland sold and installed by the Belleflamme Group. Laval, Montreal, Gatineau, Drummondville & Saint-Sauveur.","og_url":"https:\/\/staging.belleflamme.ca\/en\/product\/premium-1400f-hi-temp-brush-on-paint-by-rutland\/","og_site_name":"Groupe BelleFlamme","article_publisher":"https:\/\/www.facebook.com\/belleflamme.ca\/","article_modified_time":"2024-01-18T16:02:45+00:00","og_image":[{"width":600,"height":600,"url":"https:\/\/www.belleflamme.ca\/wp-content\/uploads\/2024\/01\/Peinture-au-pinceau-haute-temperature-de-qualite-superieure-1-400-F-de-Rutland.webp","type":"image\/webp"}],"twitter_card":"summary_large_image","twitter_misc":{"Price":"&#36;72.00","Availability":"In stock"},"schema":{"@context":"https:\/\/schema.org","@graph":[{"@type":["WebPage","ItemPage"],"@id":"https:\/\/staging.belleflamme.ca\/en\/product\/premium-1400f-hi-temp-brush-on-paint-by-rutland\/","url":"https:\/\/staging.belleflamme.ca\/en\/product\/premium-1400f-hi-temp-brush-on-paint-by-rutland\/","name":"Premium 1400\u00b0F Hi-Temp Brush-On Paint by Rutland - Groupe BelleFlamme","isPartOf":{"@id":"https:\/\/www.belleflamme.ca\/fr\/#website"},"primaryImageOfPage":{"@id":"https:\/\/staging.belleflamme.ca\/en\/product\/premium-1400f-hi-temp-brush-on-paint-by-rutland\/#primaryimage"},"image":{"@id":"https:\/\/staging.belleflamme.ca\/en\/product\/premium-1400f-hi-temp-brush-on-paint-by-rutland\/#primaryimage"},"thumbnailUrl":"https:\/\/staging.belleflamme.ca\/wp-content\/uploads\/2024\/01\/Peinture-au-pinceau-haute-temperature-de-qualite-superieure-1-400-F-de-Rutland.webp","datePublished":"2024-01-15T23:07:20+00:00","dateModified":"2024-01-18T16:02:45+00:00","description":"Premium 1400\u00b0F Hi-Temp Brush-On Paint by Rutland [get_meta_en_fr]","breadcrumb":{"@id":"https:\/\/staging.belleflamme.ca\/en\/product\/premium-1400f-hi-temp-brush-on-paint-by-rutland\/#breadcrumb"},"inLanguage":"en-US","potentialAction":[{"@type":"ReadAction","target":["https:\/\/staging.belleflamme.ca\/en\/product\/premium-1400f-hi-temp-brush-on-paint-by-rutland\/"]}]},{"@type":"ImageObject","inLanguage":"en-US","@id":"https:\/\/staging.belleflamme.ca\/en\/product\/premium-1400f-hi-temp-brush-on-paint-by-rutland\/#primaryimage","url":"https:\/\/staging.belleflamme.ca\/wp-content\/uploads\/2024\/01\/Peinture-au-pinceau-haute-temperature-de-qualite-superieure-1-400-F-de-Rutland.webp","contentUrl":"https:\/\/staging.belleflamme.ca\/wp-content\/uploads\/2024\/01\/Peinture-au-pinceau-haute-temperature-de-qualite-superieure-1-400-F-de-Rutland.webp","width":600,"height":600,"caption":"Peinture au pinceau haute temp\u00e9rature de qualit\u00e9 sup\u00e9rieure, 1 400 \u00b0F de Rutland"},{"@type":"BreadcrumbList","@id":"https:\/\/staging.belleflamme.ca\/en\/product\/premium-1400f-hi-temp-brush-on-paint-by-rutland\/#breadcrumb","itemListElement":[{"@type":"ListItem","position":1,"name":"Home","item":"https:\/\/www.belleflamme.ca\/fr\/"},{"@type":"ListItem","position":2,"name":"Shop","item":"https:\/\/www.belleflamme.ca\/en\/shop\/"},{"@type":"ListItem","position":3,"name":"Fireplaces, Parts &amp; Accessories","item":"https:\/\/staging.belleflamme.ca\/en\/category\/fireplaces-parts-accessories\/"},{"@type":"ListItem","position":4,"name":"Cement, Mortar and Fireplace Sealant","item":"https:\/\/staging.belleflamme.ca\/en\/category\/fireplaces-parts-accessories\/cement-mortar-and-fireplace-sealant\/"},{"@type":"ListItem","position":5,"name":"Premium 1400\u00b0F Hi-Temp Brush-On Paint by Rutland"}]},{"@type":"WebSite","@id":"https:\/\/www.belleflamme.ca\/fr\/#website","url":"https:\/\/www.belleflamme.ca\/fr\/","name":"Groupe Belleflamme","description":"La m\u00e9canique du b\u00e2timent dans le sang.","publisher":{"@id":"https:\/\/www.belleflamme.ca\/fr\/#organization"},"potentialAction":[{"@type":"SearchAction","target":{"@type":"EntryPoint","urlTemplate":"https:\/\/www.belleflamme.ca\/fr\/?s={search_term_string}"},"query-input":{"@type":"PropertyValueSpecification","valueRequired":true,"valueName":"search_term_string"}}],"inLanguage":"en-US"},{"@type":["Organization","Place"],"@id":"https:\/\/www.belleflamme.ca\/fr\/#organization","name":"Groupe Belleflamme","alternateName":"Belleflamme","url":"https:\/\/www.belleflamme.ca\/fr\/","logo":{"@type":"ImageObject","inLanguage":"en-US","@id":"https:\/\/www.belleflamme.ca\/fr\/#\/schema\/logo\/image\/","url":"https:\/\/staging.belleflamme.ca\/wp-content\/uploads\/2023\/01\/og-image.jpg","contentUrl":"https:\/\/staging.belleflamme.ca\/wp-content\/uploads\/2023\/01\/og-image.jpg","width":1200,"height":630,"caption":"Groupe Belleflamme"},"image":{"@id":"https:\/\/www.belleflamme.ca\/fr\/#\/schema\/logo\/image\/"},"sameAs":["https:\/\/www.facebook.com\/belleflamme.ca\/","https:\/\/www.linkedin.com\/company\/belleflamme\/","https:\/\/www.pinterest.ca\/groupebelleflamme\/","https:\/\/www.instagram.com\/legroupebelleflamme\/"],"mainEntityOfPage":{"@id":"https:\/\/staging.belleflamme.ca\/en\/product\/premium-1400f-hi-temp-brush-on-paint-by-rutland\/"}}]},"product_brand":"Rutland","product_price_amount":"72.00","product_price_currency":"CAD","og_availability":"instock","product_availability":"instock","product_retailer_item_id":"81V","product_condition":"new"},"_links":{"self":[{"href":"https:\/\/staging.belleflamme.ca\/en\/wp-json\/wp\/v2\/product\/26498","targetHints":{"allow":["GET"]}}],"collection":[{"href":"https:\/\/staging.belleflamme.ca\/en\/wp-json\/wp\/v2\/product"}],"about":[{"href":"https:\/\/staging.belleflamme.ca\/en\/wp-json\/wp\/v2\/types\/product"}],"version-history":[{"count":5,"href":"https:\/\/staging.belleflamme.ca\/en\/wp-json\/wp\/v2\/product\/26498\/revisions"}],"predecessor-version":[{"id":27215,"href":"https:\/\/staging.belleflamme.ca\/en\/wp-json\/wp\/v2\/product\/26498\/revisions\/27215"}],"wp:featuredmedia":[{"embeddable":true,"href":"https:\/\/staging.belleflamme.ca\/en\/wp-json\/wp\/v2\/media\/26491"}],"wp:attachment":[{"href":"https:\/\/staging.belleflamme.ca\/en\/wp-json\/wp\/v2\/media?parent=26498"}],"wp:term":[{"taxonomy":"product_brand","embeddable":true,"href":"https:\/\/staging.belleflamme.ca\/en\/wp-json\/wp\/v2\/product_brand?post=26498"},{"taxonomy":"product_cat","embeddable":true,"href":"https:\/\/staging.belleflamme.ca\/en\/wp-json\/wp\/v2\/product_cat?post=26498"},{"taxonomy":"product_tag","embeddable":true,"href":"https:\/\/staging.belleflamme.ca\/en\/wp-json\/wp\/v2\/product_tag?post=26498"}],"curies":[{"name":"wp","href":"https:\/\/api.w.org\/{rel}","templated":true}]}}