{"id":25511,"date":"2024-01-12T21:01:59","date_gmt":"2024-01-13T02:01:59","guid":{"rendered":"https:\/\/www.belleflamme.ca\/?post_type=product&#038;p=25511"},"modified":"2024-01-12T21:08:51","modified_gmt":"2024-01-13T02:08:51","slug":"lumis-32-wood-fireplace-insert-from-supreme","status":"publish","type":"product","link":"https:\/\/staging.belleflamme.ca\/en\/product\/lumis-32-wood-fireplace-insert-from-supreme\/","title":{"rendered":"LUMIS 32 Wood Fireplace Insert from Supreme"},"content":{"rendered":"\t\t<div data-elementor-type=\"product-post\" data-elementor-id=\"25511\" class=\"elementor elementor-25511 elementor-25494\" data-elementor-post-type=\"product\">\n\t\t\t\t\t\t<section class=\"elementor-section elementor-top-section elementor-element elementor-element-41d1e98a elementor-section-boxed elementor-section-height-default elementor-section-height-default\" data-id=\"41d1e98a\" data-element_type=\"section\">\n\t\t\t\t\t\t<div class=\"elementor-container elementor-column-gap-default\">\n\t\t\t\t\t<div class=\"elementor-column elementor-col-100 elementor-top-column elementor-element elementor-element-6ff823e8\" data-id=\"6ff823e8\" data-element_type=\"column\">\n\t\t\t<div class=\"elementor-widget-wrap elementor-element-populated\">\n\t\t\t\t\t\t<div class=\"elementor-element elementor-element-36241227 elementor-widget elementor-widget-text-editor\" data-id=\"36241227\" data-element_type=\"widget\" data-widget_type=\"text-editor.default\">\n\t\t\t\t<div class=\"elementor-widget-container\">\n\t\t\t\t\t\t\t\t\t<p><iframe title=\"YouTube video player\" src=\"https:\/\/www.youtube.com\/embed\/PX9vDutd-6M?si=f-E9NMULWC4dxSzL\" width=\"560\" height=\"315\" frameborder=\"0\" allowfullscreen=\"allowfullscreen\"><\/iframe><\/p><h4 class=\"sub-heading\">EXCLUSIVE FEATURES &amp; TECHNOLOGIES:<\/h4><ol><li><a href=\"https:\/\/www.supremem.com\/lumis_32.php#1\" data-toggle=\"modal\" data-target=\"#1\">PATENTED AUTOMATIC AIR CONTROL<\/a><\/li><li><a href=\"https:\/\/www.supremem.com\/lumis_32.php#2\" data-toggle=\"modal\" data-target=\"#2\">FACEPLATE OVERLAY<\/a><\/li><li><a href=\"https:\/\/www.supremem.com\/lumis_32.php#4\" data-toggle=\"modal\" data-target=\"#3\">DUAL BLOWER SYSTEM (110 CFM)<\/a><\/li><li><a href=\"https:\/\/www.supremem.com\/lumis_32.php#9\" data-toggle=\"modal\" data-target=\"#4\">REVERSIBLE CAST-IRON PANELS<\/a><\/li><li><a href=\"https:\/\/www.supremem.com\/lumis_32.php#3\" data-toggle=\"modal\" data-target=\"#5\">CHIMNEY SWEEPING CAP<\/a><\/li><li><a href=\"https:\/\/www.supremem.com\/lumis_32.php#6\" data-toggle=\"modal\" data-target=\"#6\">INNOVATIVE BAFFLE DESIGN<\/a><\/li><\/ol><table class=\"table-specifications\"><tbody><tr><td><b>Superficie chauff\u00e9e:<\/b><\/td><td>500 \u00e0 2,000 pieds carr\u00e9s<\/td><\/tr><tr><td><b>Puissance calorifique totale:<\/b><\/td><td>75,000 BTU<\/td><\/tr><tr><td><b>Dur\u00e9e de combustion:<\/b><\/td><td>6 \u00e0 12 heures<\/td><\/tr><tr><td><b>Grandeur de la chambre \u00e0 combustion:<\/b><\/td><td>2,94 pieds cubes<\/td><\/tr><tr><td><b>Chemin\u00e9e:<\/b><\/td><td>6 pouces\u2009<\/td><\/tr><tr><td><b>Certifications:<\/b><\/td><td>EPA 28R, ASTM E2780, ASTM E2515,<br \/>CSA B415.1-10, UL 1482 et ULC S628<\/td><\/tr><tr><td><b>\u00c9missions:<\/b><\/td><td>1,54 g\/h<\/td><\/tr><tr><td><b>Dimensions de la vitre:<\/b><\/td><td>23\u201d x 12 3\/4\u201d<\/td><\/tr><tr><td><b>Num\u00e9ros de brevet:<\/b><\/td><td>7\/325,547 &amp; 9\/476,593<\/td><\/tr><\/tbody><\/table><p><img fetchpriority=\"high\" decoding=\"async\" class=\"alignnone wp-image-25497\" src=\"https:\/\/www.belleflamme.ca\/wp-content\/uploads\/2024\/01\/lumis_32_dimensions.jpg\" alt=\"\" width=\"1180\" height=\"535\" srcset=\"https:\/\/staging.belleflamme.ca\/wp-content\/uploads\/2024\/01\/lumis_32_dimensions.jpg 1500w, https:\/\/staging.belleflamme.ca\/wp-content\/uploads\/2024\/01\/lumis_32_dimensions-300x136.jpg 300w, https:\/\/staging.belleflamme.ca\/wp-content\/uploads\/2024\/01\/lumis_32_dimensions-1024x464.jpg 1024w, https:\/\/staging.belleflamme.ca\/wp-content\/uploads\/2024\/01\/lumis_32_dimensions-768x348.jpg 768w, https:\/\/staging.belleflamme.ca\/wp-content\/uploads\/2024\/01\/lumis_32_dimensions-900x408.jpg 900w\" sizes=\"(max-width: 1180px) 100vw, 1180px\" \/><\/p>\t\t\t\t\t\t\t\t<\/div>\n\t\t\t\t<\/div>\n\t\t\t\t\t<\/div>\n\t\t<\/div>\n\t\t\t\t\t<\/div>\n\t\t<\/section>\n\t\t\t\t<section class=\"elementor-section elementor-top-section elementor-element elementor-element-5097404 elementor-section-boxed elementor-section-height-default elementor-section-height-default\" data-id=\"5097404\" data-element_type=\"section\">\n\t\t\t\t\t\t<div class=\"elementor-container elementor-column-gap-default\">\n\t\t\t\t\t<div class=\"elementor-column elementor-col-100 elementor-top-column elementor-element elementor-element-4aac975\" data-id=\"4aac975\" data-element_type=\"column\">\n\t\t\t<div class=\"elementor-widget-wrap elementor-element-populated\">\n\t\t\t\t\t\t<div class=\"elementor-element elementor-element-3d95957 elementor-tabs-view-horizontal elementor-widget elementor-widget-tabs\" data-id=\"3d95957\" data-element_type=\"widget\" data-widget_type=\"tabs.default\">\n\t\t\t\t<div class=\"elementor-widget-container\">\n\t\t\t\t\t\t\t<div class=\"elementor-tabs\">\n\t\t\t<div class=\"elementor-tabs-wrapper\" role=\"tablist\" >\n\t\t\t\t\t\t\t\t\t<div id=\"elementor-tab-title-6451\" class=\"elementor-tab-title elementor-tab-desktop-title\" aria-selected=\"true\" data-tab=\"1\" role=\"tab\" tabindex=\"0\" aria-controls=\"elementor-tab-content-6451\" aria-expanded=\"false\">Files<\/div>\n\t\t\t\t\t\t\t<\/div>\n\t\t\t<div class=\"elementor-tabs-content-wrapper\" role=\"tablist\" aria-orientation=\"vertical\">\n\t\t\t\t\t\t\t\t\t<div class=\"elementor-tab-title elementor-tab-mobile-title\" aria-selected=\"true\" data-tab=\"1\" role=\"tab\" tabindex=\"0\" aria-controls=\"elementor-tab-content-6451\" aria-expanded=\"false\">Files<\/div>\n\t\t\t\t\t<div id=\"elementor-tab-content-6451\" class=\"elementor-tab-content elementor-clearfix\" data-tab=\"1\" role=\"tabpanel\" aria-labelledby=\"elementor-tab-title-6451\" tabindex=\"0\" hidden=\"false\"><p><i class=\"far fa-file-pdf fa-xl\" style=\"font-size: 35px;\"><\/i><a href=\"https:\/\/www.belleflamme.ca\/wp-content\/uploads\/2024\/01\/Lumis_brochure_2023_En_web.pdf\"> Brochure<\/a><br \/><i class=\"far fa-file-pdf fa-xl\" style=\"font-size: 35px;\"><\/i><a href=\"https:\/\/www.belleflamme.ca\/wp-content\/uploads\/2024\/01\/32IN_OM_EN_SEP22.pdf\"> Manual<\/a><\/p><\/div>\n\t\t\t\t\t\t\t<\/div>\n\t\t<\/div>\n\t\t\t\t\t\t<\/div>\n\t\t\t\t<\/div>\n\t\t\t\t\t<\/div>\n\t\t<\/div>\n\t\t\t\t\t<\/div>\n\t\t<\/section>\n\t\t\t\t<\/div>\n\t\t","protected":false},"excerpt":{"rendered":"<p>EXCLUSIVE FEATURES &amp; TECHNOLOGIES: PATENTED AUTOMATIC AIR CONTROL FACEPLATE OVERLAY DUAL BLOWER SYSTEM (110 CFM) REVERSIBLE CAST-IRON PANELS CHIMNEY SWEEPING CAP INNOVATIVE BAFFLE DESIGN Superficie chauff\u00e9e: 500 \u00e0 2,000 pieds carr\u00e9s Puissance calorifique totale: 75,000 BTU Dur\u00e9e de combustion: 6 \u00e0 12 heures Grandeur de la chambre \u00e0 combustion: 2,94 pieds cubes Chemin\u00e9e: 6 pouces\u2009 [&hellip;]<\/p>\n","protected":false},"featured_media":25496,"template":"","meta":{"inline_featured_image":false},"product_brand":[266],"product_cat":[193,203,202],"product_tag":[],"class_list":{"0":"post-25511","1":"product","2":"type-product","3":"status-publish","4":"has-post-thumbnail","6":"product_brand-supreme-en","7":"product_cat-stoves-fireplaces","8":"product_cat-wood-inserts","9":"product_cat-wood-stoves-fireplaces","11":"first","12":"instock","13":"taxable","14":"shipping-taxable","15":"purchasable","16":"product-type-simple"},"yoast_head":"<!-- This site is optimized with the Yoast SEO Premium plugin v24.2 (Yoast SEO v24.2) - https:\/\/yoast.com\/wordpress\/plugins\/seo\/ -->\n<title>LUMIS 32 Wood Fireplace Insert from Supreme - Groupe BelleFlamme<\/title>\n<meta name=\"description\" content=\"LUMIS 32 Wood Fireplace Insert from Supreme sold and installed by the Belleflamme Group. Laval, Montreal, Gatineau, Drummondville &amp; Saint-Sauveur.\" \/>\n<meta name=\"robots\" content=\"index, follow, max-snippet:-1, max-image-preview:large, max-video-preview:-1\" \/>\n<link rel=\"canonical\" href=\"https:\/\/staging.belleflamme.ca\/en\/product\/lumis-32-wood-fireplace-insert-from-supreme\/\" \/>\n<meta property=\"og:locale\" content=\"en_US\" \/>\n<meta property=\"og:type\" content=\"article\" \/>\n<meta property=\"og:title\" content=\"LUMIS 32 Wood Fireplace Insert from Supreme\" \/>\n<meta property=\"og:description\" content=\"LUMIS 32 Wood Fireplace Insert from Supreme sold and installed by the Belleflamme Group. Laval, Montreal, Gatineau, Drummondville &amp; Saint-Sauveur.\" \/>\n<meta property=\"og:url\" content=\"https:\/\/staging.belleflamme.ca\/en\/product\/lumis-32-wood-fireplace-insert-from-supreme\/\" \/>\n<meta property=\"og:site_name\" content=\"Groupe BelleFlamme\" \/>\n<meta property=\"article:publisher\" content=\"https:\/\/www.facebook.com\/belleflamme.ca\/\" \/>\n<meta property=\"article:modified_time\" content=\"2024-01-13T02:08:51+00:00\" \/>\n<meta property=\"og:image\" content=\"https:\/\/www.belleflamme.ca\/wp-content\/uploads\/2024\/01\/foyer-au-bois-encastrable-lumis-32-de-Supreme-scaled.jpg\" \/>\n\t<meta property=\"og:image:width\" content=\"2560\" \/>\n\t<meta property=\"og:image:height\" content=\"1440\" \/>\n\t<meta property=\"og:image:type\" content=\"image\/jpeg\" \/>\n<meta name=\"twitter:card\" content=\"summary_large_image\" \/>\n<meta name=\"twitter:label1\" content=\"Price\" \/>\n\t<meta name=\"twitter:data1\" content=\"&#036;3,990.00\" \/>\n\t<meta name=\"twitter:label2\" content=\"Availability\" \/>\n\t<meta name=\"twitter:data2\" content=\"In stock\" \/>\n<script type=\"application\/ld+json\" class=\"yoast-schema-graph\">{\"@context\":\"https:\/\/schema.org\",\"@graph\":[{\"@type\":[\"WebPage\",\"ItemPage\"],\"@id\":\"https:\/\/staging.belleflamme.ca\/en\/product\/lumis-32-wood-fireplace-insert-from-supreme\/\",\"url\":\"https:\/\/staging.belleflamme.ca\/en\/product\/lumis-32-wood-fireplace-insert-from-supreme\/\",\"name\":\"LUMIS 32 Wood Fireplace Insert from Supreme - Groupe BelleFlamme\",\"isPartOf\":{\"@id\":\"https:\/\/www.belleflamme.ca\/fr\/#website\"},\"primaryImageOfPage\":{\"@id\":\"https:\/\/staging.belleflamme.ca\/en\/product\/lumis-32-wood-fireplace-insert-from-supreme\/#primaryimage\"},\"image\":{\"@id\":\"https:\/\/staging.belleflamme.ca\/en\/product\/lumis-32-wood-fireplace-insert-from-supreme\/#primaryimage\"},\"thumbnailUrl\":\"https:\/\/staging.belleflamme.ca\/wp-content\/uploads\/2024\/01\/foyer-au-bois-encastrable-lumis-32-de-Supreme-scaled.jpg\",\"datePublished\":\"2024-01-13T02:01:59+00:00\",\"dateModified\":\"2024-01-13T02:08:51+00:00\",\"description\":\"LUMIS 32 Wood Fireplace Insert from Supreme [get_meta_en_fr]\",\"breadcrumb\":{\"@id\":\"https:\/\/staging.belleflamme.ca\/en\/product\/lumis-32-wood-fireplace-insert-from-supreme\/#breadcrumb\"},\"inLanguage\":\"en-US\",\"potentialAction\":[{\"@type\":\"ReadAction\",\"target\":[\"https:\/\/staging.belleflamme.ca\/en\/product\/lumis-32-wood-fireplace-insert-from-supreme\/\"]}]},{\"@type\":\"ImageObject\",\"inLanguage\":\"en-US\",\"@id\":\"https:\/\/staging.belleflamme.ca\/en\/product\/lumis-32-wood-fireplace-insert-from-supreme\/#primaryimage\",\"url\":\"https:\/\/staging.belleflamme.ca\/wp-content\/uploads\/2024\/01\/foyer-au-bois-encastrable-lumis-32-de-Supreme-scaled.jpg\",\"contentUrl\":\"https:\/\/staging.belleflamme.ca\/wp-content\/uploads\/2024\/01\/foyer-au-bois-encastrable-lumis-32-de-Supreme-scaled.jpg\",\"width\":2560,\"height\":1440,\"caption\":\"Luxurious Scandinavian light living room in country villa with natural stone slate wall, sofa and fireplace. Winter scene. 3d rendering.\"},{\"@type\":\"BreadcrumbList\",\"@id\":\"https:\/\/staging.belleflamme.ca\/en\/product\/lumis-32-wood-fireplace-insert-from-supreme\/#breadcrumb\",\"itemListElement\":[{\"@type\":\"ListItem\",\"position\":1,\"name\":\"Home\",\"item\":\"https:\/\/www.belleflamme.ca\/fr\/\"},{\"@type\":\"ListItem\",\"position\":2,\"name\":\"Shop\",\"item\":\"https:\/\/www.belleflamme.ca\/en\/shop\/\"},{\"@type\":\"ListItem\",\"position\":3,\"name\":\"Stoves &amp; Fireplaces\",\"item\":\"https:\/\/staging.belleflamme.ca\/en\/category\/stoves-fireplaces\/\"},{\"@type\":\"ListItem\",\"position\":4,\"name\":\"Wood Stoves &amp; Fireplaces\",\"item\":\"https:\/\/staging.belleflamme.ca\/en\/category\/stoves-fireplaces\/wood-stoves-fireplaces\/\"},{\"@type\":\"ListItem\",\"position\":5,\"name\":\"Wood Inserts\",\"item\":\"https:\/\/staging.belleflamme.ca\/en\/category\/stoves-fireplaces\/wood-stoves-fireplaces\/wood-inserts\/\"},{\"@type\":\"ListItem\",\"position\":6,\"name\":\"LUMIS 32 Wood Fireplace Insert from Supreme\"}]},{\"@type\":\"WebSite\",\"@id\":\"https:\/\/www.belleflamme.ca\/fr\/#website\",\"url\":\"https:\/\/www.belleflamme.ca\/fr\/\",\"name\":\"Groupe Belleflamme\",\"description\":\"La m\u00e9canique du b\u00e2timent dans le sang.\",\"publisher\":{\"@id\":\"https:\/\/www.belleflamme.ca\/fr\/#organization\"},\"potentialAction\":[{\"@type\":\"SearchAction\",\"target\":{\"@type\":\"EntryPoint\",\"urlTemplate\":\"https:\/\/www.belleflamme.ca\/fr\/?s={search_term_string}\"},\"query-input\":{\"@type\":\"PropertyValueSpecification\",\"valueRequired\":true,\"valueName\":\"search_term_string\"}}],\"inLanguage\":\"en-US\"},{\"@type\":[\"Organization\",\"Place\"],\"@id\":\"https:\/\/www.belleflamme.ca\/fr\/#organization\",\"name\":\"Groupe Belleflamme\",\"alternateName\":\"Belleflamme\",\"url\":\"https:\/\/www.belleflamme.ca\/fr\/\",\"logo\":{\"@type\":\"ImageObject\",\"inLanguage\":\"en-US\",\"@id\":\"https:\/\/www.belleflamme.ca\/fr\/#\/schema\/logo\/image\/\",\"url\":\"https:\/\/staging.belleflamme.ca\/wp-content\/uploads\/2023\/01\/og-image.jpg\",\"contentUrl\":\"https:\/\/staging.belleflamme.ca\/wp-content\/uploads\/2023\/01\/og-image.jpg\",\"width\":1200,\"height\":630,\"caption\":\"Groupe Belleflamme\"},\"image\":{\"@id\":\"https:\/\/www.belleflamme.ca\/fr\/#\/schema\/logo\/image\/\"},\"sameAs\":[\"https:\/\/www.facebook.com\/belleflamme.ca\/\",\"https:\/\/www.linkedin.com\/company\/belleflamme\/\",\"https:\/\/www.pinterest.ca\/groupebelleflamme\/\",\"https:\/\/www.instagram.com\/legroupebelleflamme\/\"],\"mainEntityOfPage\":{\"@id\":\"https:\/\/staging.belleflamme.ca\/en\/product\/lumis-32-wood-fireplace-insert-from-supreme\/\"}}]}<\/script>\n<meta property=\"product:brand\" content=\"Supreme\" \/>\n<meta property=\"product:price:amount\" content=\"3990.00\" \/>\n<meta property=\"product:price:currency\" content=\"CAD\" \/>\n<meta property=\"og:availability\" content=\"instock\" \/>\n<meta property=\"product:availability\" content=\"instock\" \/>\n<meta property=\"product:retailer_item_id\" content=\"32LM-01\" \/>\n<meta property=\"product:condition\" content=\"new\" \/>\n<!-- \/ Yoast SEO Premium plugin. -->","yoast_head_json":{"title":"LUMIS 32 Wood Fireplace Insert from Supreme - Groupe BelleFlamme","description":"LUMIS 32 Wood Fireplace Insert from Supreme sold and installed by the Belleflamme Group. Laval, Montreal, Gatineau, Drummondville & Saint-Sauveur.","robots":{"index":"index","follow":"follow","max-snippet":"max-snippet:-1","max-image-preview":"max-image-preview:large","max-video-preview":"max-video-preview:-1"},"canonical":"https:\/\/staging.belleflamme.ca\/en\/product\/lumis-32-wood-fireplace-insert-from-supreme\/","og_locale":"en_US","og_type":"article","og_title":"LUMIS 32 Wood Fireplace Insert from Supreme","og_description":"LUMIS 32 Wood Fireplace Insert from Supreme sold and installed by the Belleflamme Group. Laval, Montreal, Gatineau, Drummondville & Saint-Sauveur.","og_url":"https:\/\/staging.belleflamme.ca\/en\/product\/lumis-32-wood-fireplace-insert-from-supreme\/","og_site_name":"Groupe BelleFlamme","article_publisher":"https:\/\/www.facebook.com\/belleflamme.ca\/","article_modified_time":"2024-01-13T02:08:51+00:00","og_image":[{"width":2560,"height":1440,"url":"https:\/\/www.belleflamme.ca\/wp-content\/uploads\/2024\/01\/foyer-au-bois-encastrable-lumis-32-de-Supreme-scaled.jpg","type":"image\/jpeg"}],"twitter_card":"summary_large_image","twitter_misc":{"Price":"&#36;3,990.00","Availability":"In stock"},"schema":{"@context":"https:\/\/schema.org","@graph":[{"@type":["WebPage","ItemPage"],"@id":"https:\/\/staging.belleflamme.ca\/en\/product\/lumis-32-wood-fireplace-insert-from-supreme\/","url":"https:\/\/staging.belleflamme.ca\/en\/product\/lumis-32-wood-fireplace-insert-from-supreme\/","name":"LUMIS 32 Wood Fireplace Insert from Supreme - Groupe BelleFlamme","isPartOf":{"@id":"https:\/\/www.belleflamme.ca\/fr\/#website"},"primaryImageOfPage":{"@id":"https:\/\/staging.belleflamme.ca\/en\/product\/lumis-32-wood-fireplace-insert-from-supreme\/#primaryimage"},"image":{"@id":"https:\/\/staging.belleflamme.ca\/en\/product\/lumis-32-wood-fireplace-insert-from-supreme\/#primaryimage"},"thumbnailUrl":"https:\/\/staging.belleflamme.ca\/wp-content\/uploads\/2024\/01\/foyer-au-bois-encastrable-lumis-32-de-Supreme-scaled.jpg","datePublished":"2024-01-13T02:01:59+00:00","dateModified":"2024-01-13T02:08:51+00:00","description":"LUMIS 32 Wood Fireplace Insert from Supreme [get_meta_en_fr]","breadcrumb":{"@id":"https:\/\/staging.belleflamme.ca\/en\/product\/lumis-32-wood-fireplace-insert-from-supreme\/#breadcrumb"},"inLanguage":"en-US","potentialAction":[{"@type":"ReadAction","target":["https:\/\/staging.belleflamme.ca\/en\/product\/lumis-32-wood-fireplace-insert-from-supreme\/"]}]},{"@type":"ImageObject","inLanguage":"en-US","@id":"https:\/\/staging.belleflamme.ca\/en\/product\/lumis-32-wood-fireplace-insert-from-supreme\/#primaryimage","url":"https:\/\/staging.belleflamme.ca\/wp-content\/uploads\/2024\/01\/foyer-au-bois-encastrable-lumis-32-de-Supreme-scaled.jpg","contentUrl":"https:\/\/staging.belleflamme.ca\/wp-content\/uploads\/2024\/01\/foyer-au-bois-encastrable-lumis-32-de-Supreme-scaled.jpg","width":2560,"height":1440,"caption":"Luxurious Scandinavian light living room in country villa with natural stone slate wall, sofa and fireplace. Winter scene. 3d rendering."},{"@type":"BreadcrumbList","@id":"https:\/\/staging.belleflamme.ca\/en\/product\/lumis-32-wood-fireplace-insert-from-supreme\/#breadcrumb","itemListElement":[{"@type":"ListItem","position":1,"name":"Home","item":"https:\/\/www.belleflamme.ca\/fr\/"},{"@type":"ListItem","position":2,"name":"Shop","item":"https:\/\/www.belleflamme.ca\/en\/shop\/"},{"@type":"ListItem","position":3,"name":"Stoves &amp; Fireplaces","item":"https:\/\/staging.belleflamme.ca\/en\/category\/stoves-fireplaces\/"},{"@type":"ListItem","position":4,"name":"Wood Stoves &amp; Fireplaces","item":"https:\/\/staging.belleflamme.ca\/en\/category\/stoves-fireplaces\/wood-stoves-fireplaces\/"},{"@type":"ListItem","position":5,"name":"Wood Inserts","item":"https:\/\/staging.belleflamme.ca\/en\/category\/stoves-fireplaces\/wood-stoves-fireplaces\/wood-inserts\/"},{"@type":"ListItem","position":6,"name":"LUMIS 32 Wood Fireplace Insert from Supreme"}]},{"@type":"WebSite","@id":"https:\/\/www.belleflamme.ca\/fr\/#website","url":"https:\/\/www.belleflamme.ca\/fr\/","name":"Groupe Belleflamme","description":"La m\u00e9canique du b\u00e2timent dans le sang.","publisher":{"@id":"https:\/\/www.belleflamme.ca\/fr\/#organization"},"potentialAction":[{"@type":"SearchAction","target":{"@type":"EntryPoint","urlTemplate":"https:\/\/www.belleflamme.ca\/fr\/?s={search_term_string}"},"query-input":{"@type":"PropertyValueSpecification","valueRequired":true,"valueName":"search_term_string"}}],"inLanguage":"en-US"},{"@type":["Organization","Place"],"@id":"https:\/\/www.belleflamme.ca\/fr\/#organization","name":"Groupe Belleflamme","alternateName":"Belleflamme","url":"https:\/\/www.belleflamme.ca\/fr\/","logo":{"@type":"ImageObject","inLanguage":"en-US","@id":"https:\/\/www.belleflamme.ca\/fr\/#\/schema\/logo\/image\/","url":"https:\/\/staging.belleflamme.ca\/wp-content\/uploads\/2023\/01\/og-image.jpg","contentUrl":"https:\/\/staging.belleflamme.ca\/wp-content\/uploads\/2023\/01\/og-image.jpg","width":1200,"height":630,"caption":"Groupe Belleflamme"},"image":{"@id":"https:\/\/www.belleflamme.ca\/fr\/#\/schema\/logo\/image\/"},"sameAs":["https:\/\/www.facebook.com\/belleflamme.ca\/","https:\/\/www.linkedin.com\/company\/belleflamme\/","https:\/\/www.pinterest.ca\/groupebelleflamme\/","https:\/\/www.instagram.com\/legroupebelleflamme\/"],"mainEntityOfPage":{"@id":"https:\/\/staging.belleflamme.ca\/en\/product\/lumis-32-wood-fireplace-insert-from-supreme\/"}}]},"product_brand":"Supreme","product_price_amount":"3990.00","product_price_currency":"CAD","og_availability":"instock","product_availability":"instock","product_retailer_item_id":"32LM-01","product_condition":"new"},"_links":{"self":[{"href":"https:\/\/staging.belleflamme.ca\/en\/wp-json\/wp\/v2\/product\/25511","targetHints":{"allow":["GET"]}}],"collection":[{"href":"https:\/\/staging.belleflamme.ca\/en\/wp-json\/wp\/v2\/product"}],"about":[{"href":"https:\/\/staging.belleflamme.ca\/en\/wp-json\/wp\/v2\/types\/product"}],"version-history":[{"count":7,"href":"https:\/\/staging.belleflamme.ca\/en\/wp-json\/wp\/v2\/product\/25511\/revisions"}],"predecessor-version":[{"id":25518,"href":"https:\/\/staging.belleflamme.ca\/en\/wp-json\/wp\/v2\/product\/25511\/revisions\/25518"}],"wp:featuredmedia":[{"embeddable":true,"href":"https:\/\/staging.belleflamme.ca\/en\/wp-json\/wp\/v2\/media\/25496"}],"wp:attachment":[{"href":"https:\/\/staging.belleflamme.ca\/en\/wp-json\/wp\/v2\/media?parent=25511"}],"wp:term":[{"taxonomy":"product_brand","embeddable":true,"href":"https:\/\/staging.belleflamme.ca\/en\/wp-json\/wp\/v2\/product_brand?post=25511"},{"taxonomy":"product_cat","embeddable":true,"href":"https:\/\/staging.belleflamme.ca\/en\/wp-json\/wp\/v2\/product_cat?post=25511"},{"taxonomy":"product_tag","embeddable":true,"href":"https:\/\/staging.belleflamme.ca\/en\/wp-json\/wp\/v2\/product_tag?post=25511"}],"curies":[{"name":"wp","href":"https:\/\/api.w.org\/{rel}","templated":true}]}}