{"id":23109,"date":"2023-11-26T13:41:21","date_gmt":"2023-11-26T18:41:21","guid":{"rendered":"https:\/\/www.belleflamme.ca\/?post_type=product&#038;p=23109"},"modified":"2023-11-26T13:44:56","modified_gmt":"2023-11-26T18:44:56","slug":"divine-multi-h38pf-pier-gas-fireplace-by-montigo","status":"publish","type":"product","link":"https:\/\/staging.belleflamme.ca\/en\/product\/divine-multi-h38pf-pier-gas-fireplace-by-montigo\/","title":{"rendered":"DIVINE MULTI  H38PF Pier Gas Fireplace by Montigo"},"content":{"rendered":"\t\t<div data-elementor-type=\"product-post\" data-elementor-id=\"23109\" class=\"elementor elementor-23109 elementor-23102\" data-elementor-post-type=\"product\">\n\t\t\t\t\t\t<section class=\"elementor-section elementor-top-section elementor-element elementor-element-431e4214 elementor-section-boxed elementor-section-height-default elementor-section-height-default\" data-id=\"431e4214\" data-element_type=\"section\">\n\t\t\t\t\t\t<div class=\"elementor-container elementor-column-gap-default\">\n\t\t\t\t\t<div class=\"elementor-column elementor-col-100 elementor-top-column elementor-element elementor-element-5bdd0830\" data-id=\"5bdd0830\" data-element_type=\"column\">\n\t\t\t<div class=\"elementor-widget-wrap elementor-element-populated\">\n\t\t\t\t\t\t<div class=\"elementor-element elementor-element-1dbb5459 elementor-widget elementor-widget-text-editor\" data-id=\"1dbb5459\" data-element_type=\"widget\" data-widget_type=\"text-editor.default\">\n\t\t\t\t<div class=\"elementor-widget-container\">\n\t\t\t\t\t\t\t\t\t<iframe title=\"YouTube video player\" src=\"https:\/\/www.youtube.com\/embed\/nujBzpBt7IU?si=G9kDA3-26_UMGgKT\" width=\"560\" height=\"315\" frameborder=\"0\" allowfullscreen=\"allowfullscreen\"><\/iframe>\r\n<h2><span>La jet\u00e9e DIVINE<\/span><\/h2>\r\n<span>Le foyer multiface DIVINE Pier, o\u00f9 le charme intemporel rencontre la commodit\u00e9 moderne.\u00a0Avec son br\u00fbleur \u00e0 b\u00fbches traditionnel et son design captivant \u00e0 plusieurs faces, ce foyer apporte l&#8217;attrait d&#8217;un foyer \u00e0 bois classique au 21e si\u00e8cle.\u00a0L&#8217;ensemble de b\u00fbches m\u00e9ticuleusement con\u00e7u impr\u00e8gne votre espace de vie d&#8217;une \u00e9l\u00e9gance rustique, cr\u00e9ant une ambiance chaleureuse qui rappelle les moments pr\u00e9cieux pass\u00e9s autour d&#8217;un foyer traditionnelle. La construction multiface du DIVINE Pier vous permet de profiter de la lueur chaleureuse des flammes depuis diff\u00e9rents points de vue, ce qui en fait une superbe pi\u00e8ce ma\u00eetresse qui relie harmonieusement diff\u00e9rentes zones de votre maison.<\/span>\r\n\r\n<span>Avec la t\u00e9l\u00e9commande incluse, profiter du confort du DIVINE Pier n&#8217;a jamais \u00e9t\u00e9 aussi simple.\u00a0Ajustez la hauteur de la flamme, contr\u00f4lez avec le thermostat et allumez ou \u00e9teignez le feu, le tout du bout des doigts depuis le confort de votre canap\u00e9.\u00a0D\u00e9couvrez le luxe d&#8217;une ambiance chaleureuse avec un minimum d&#8217;effort tout en cr\u00e9ant l&#8217;atmosph\u00e8re parfaite pour la d\u00e9tente et les moments pr\u00e9cieux avec vos proches.\u00a0Plongez-vous dans l&#8217;\u00e9l\u00e9gance et la commodit\u00e9 in\u00e9gal\u00e9es qu&#8217;apporte le foyer multiface DIVINE Pier, ce qui en fait un ajout exquis \u00e0 toute maison moderne recherchant \u00e0 la fois style et confort.<\/span>\r\n<h2><span>Adorez la beaut\u00e9 sous tous les angles<\/span><\/h2>\r\n<span>Les foyers DIVINE multifaces de Montigo sont un v\u00e9ritable chef-d&#8217;\u0153uvre de design contemporain et de savoir-faire exceptionnel. Gr\u00e2ce \u00e0 leurs vitres multifaces innovantes, les flammes peuvent \u00eatre appr\u00e9ci\u00e9es sous plusieurs angles, cr\u00e9ant un point focal captivant dans n&#8217;importe quel espace de vie.\u00a0Ces foyers allient harmonieusement esth\u00e9tique moderne et technologie de pointe, offrant \u00e0 la fois \u00e9l\u00e9gance et commodit\u00e9 avec des fonctionnalit\u00e9s telles que le fonctionnement de la t\u00e9l\u00e9commande, les r\u00e9glages de flamme personnalisables et les options de chauffage efficaces.<\/span>\r\n<h2><span>Inspiration de conception de foyer<\/span><\/h2>\r\n<h3><span>TENDANCES LES PLUS CHAUDES EN MATI\u00c8RE DE CONCEPTION DE FOYERS<\/span><\/h3>\r\n<span>Que vous souhaitiez rafra\u00eechir un foyer existant avec un changement de manteau, un peu de peinture, une refonte compl\u00e8te de la conception, ou remplacer l&#8217;unit\u00e9 et cr\u00e9er un chef-d&#8217;\u0153uvre.\u00a0Il existe de nombreuses fa\u00e7ons de mettre \u00e0 niveau et une infinit\u00e9 de mat\u00e9riaux parmi lesquels choisir.<\/span>\r\n\r\n<strong><span>Standard:<\/span><\/strong>\r\n<ul>\r\n \t<li><span>Br\u00fbleur et b\u00fbches traditionnels, doublure en brique Heritage, grille en fer forg\u00e9, flamme Hi-Lo \u00e0 distance, t\u00e9l\u00e9commande multifonction, \u00e9cran \u00e0 micro-mailles, batterie de secours<\/span><\/li>\r\n<\/ul>\r\n<strong><span>Possibilit\u00e9s\u00a0:<\/span><\/strong>\r\n<ul>\r\n \t<li><span>T\u00e9l\u00e9commande murale, contr\u00f4le par application t\u00e9l\u00e9phonique WiFi<\/span><\/li>\r\n<\/ul>\r\n<h3><span>SP\u00c9CIFICATIONS EN UN COUP D&#8217;\u0152IL\u00a0:<\/span><\/h3>\r\n<div class=\"specs-list\">\r\n<dl>\r\n \t<dt><span>BTU maximum (NG)<\/span><\/dt>\r\n \t<dd><span>34 000<\/span><\/dd>\r\n<\/dl>\r\n<dl>\r\n \t<dt><span>Largeur du cadre<\/span><\/dt>\r\n \t<dd><span>41&#8243;<\/span><\/dd>\r\n<\/dl>\r\n<dl>\r\n \t<dt><span>Hauteur du cadre<\/span><\/dt>\r\n \t<dd><span>44&#8243;<\/span><\/dd>\r\n<\/dl>\r\n<dl>\r\n \t<dt><span>Profondeur du cadrage<\/span><\/dt>\r\n \t<dd><span>23 3\/4&#8243;<\/span><\/dd>\r\n<\/dl>\r\n<dl>\r\n \t<dt><span>Largeur d&#8217;ouverture du verre<\/span><\/dt>\r\n \t<dd><span>16 3\/8&#8243;<\/span><\/dd>\r\n<\/dl>\r\n<dl>\r\n \t<dt><span>Hauteur d&#8217;ouverture du verre<\/span><\/dt>\r\n \t<dd><span>21 5\/8&#8243;<\/span><\/dd>\r\n<\/dl>\r\n<dl>\r\n \t<dt><span>Taille de l&#8217;\u00e9vent int\u00e9rieur<\/span><\/dt>\r\n \t<dd><span>5<\/span><\/dd>\r\n<\/dl>\r\n<dl>\r\n \t<dt><span>Taille de l&#8217;\u00e9vent ext\u00e9rieur<\/span><\/dt>\r\n \t<dd><span>8<\/span><\/dd>\r\n<\/dl>\r\n<dl>\r\n \t<dt><span>Commercial<\/span><\/dt>\r\n \t<dd><span>Non<\/span><\/dd>\r\n<\/dl>\r\n<dl>\r\n \t<dt><span>Personnalisable<\/span><\/dt>\r\n \t<dd><span>Non<\/span><\/dd>\r\n<\/dl>\r\n<dl>\r\n \t<dt><span>Largeur d&#8217;ouverture du verre &#8211; C\u00f4t\u00e9s<\/span><\/dt>\r\n \t<dd><span>32 1\/8&#8243;<\/span><\/dd>\r\n<\/dl>\r\n<\/div>\t\t\t\t\t\t\t\t<\/div>\n\t\t\t\t<\/div>\n\t\t\t\t\t<\/div>\n\t\t<\/div>\n\t\t\t\t\t<\/div>\n\t\t<\/section>\n\t\t\t\t<section class=\"elementor-section elementor-top-section elementor-element elementor-element-fc105cb elementor-section-boxed elementor-section-height-default elementor-section-height-default\" data-id=\"fc105cb\" data-element_type=\"section\">\n\t\t\t\t\t\t<div class=\"elementor-container elementor-column-gap-default\">\n\t\t\t\t\t<div class=\"elementor-column elementor-col-100 elementor-top-column elementor-element elementor-element-13c8bdc\" data-id=\"13c8bdc\" data-element_type=\"column\">\n\t\t\t<div class=\"elementor-widget-wrap elementor-element-populated\">\n\t\t\t\t\t\t<div class=\"elementor-element elementor-element-1f1efd6 elementor-tabs-view-horizontal elementor-widget elementor-widget-tabs\" data-id=\"1f1efd6\" data-element_type=\"widget\" data-widget_type=\"tabs.default\">\n\t\t\t\t<div class=\"elementor-widget-container\">\n\t\t\t\t\t\t\t<div class=\"elementor-tabs\">\n\t\t\t<div class=\"elementor-tabs-wrapper\" role=\"tablist\" >\n\t\t\t\t\t\t\t\t\t<div id=\"elementor-tab-title-3261\" class=\"elementor-tab-title elementor-tab-desktop-title\" aria-selected=\"true\" data-tab=\"1\" role=\"tab\" tabindex=\"0\" aria-controls=\"elementor-tab-content-3261\" aria-expanded=\"false\">Files<\/div>\n\t\t\t\t\t\t\t<\/div>\n\t\t\t<div class=\"elementor-tabs-content-wrapper\" role=\"tablist\" aria-orientation=\"vertical\">\n\t\t\t\t\t\t\t\t\t<div class=\"elementor-tab-title elementor-tab-mobile-title\" aria-selected=\"true\" data-tab=\"1\" role=\"tab\" tabindex=\"0\" aria-controls=\"elementor-tab-content-3261\" aria-expanded=\"false\">Files<\/div>\n\t\t\t\t\t<div id=\"elementor-tab-content-3261\" class=\"elementor-tab-content elementor-clearfix\" data-tab=\"1\" role=\"tabpanel\" aria-labelledby=\"elementor-tab-title-3261\" tabindex=\"0\" hidden=\"false\"><i class=\"far fa-file-pdf fa-xl\" style=\"font-size:35px\"><\/i><a href=\"https:\/\/www.belleflamme.ca\/wp-content\/uploads\/2023\/11\/XB2215-Montigo-Fireplaces-Divine-Multi-Sided-Brochure-1.pdf\"> Brochure<\/a><\/br>\n<i class=\"far fa-file-pdf fa-xl\" style=\"font-size:35px\"><\/i><a href=\"https:\/\/www.belleflamme.ca\/wp-content\/uploads\/2023\/11\/montigo-residential-fireplace-Divine-Multi-Sided-38-pier-spec-sheet.pdf\"> Specification<\/a><\/br>\n<i class=\"far fa-file-pdf fa-xl\" style=\"font-size:35px\"><\/i><a href=\"https:\/\/www.belleflamme.ca\/wp-content\/uploads\/2023\/11\/xg0227-montigo-manual-divine-multi-sided.pdf\"> Installation<\/a><\/br><\/div>\n\t\t\t\t\t\t\t<\/div>\n\t\t<\/div>\n\t\t\t\t\t\t<\/div>\n\t\t\t\t<\/div>\n\t\t\t\t\t<\/div>\n\t\t<\/div>\n\t\t\t\t\t<\/div>\n\t\t<\/section>\n\t\t\t\t<\/div>\n\t\t","protected":false},"excerpt":{"rendered":"<p>La jet\u00e9e DIVINE Le foyer multiface DIVINE Pier, o\u00f9 le charme intemporel rencontre la commodit\u00e9 moderne.\u00a0Avec son br\u00fbleur \u00e0 b\u00fbches traditionnel et son design captivant \u00e0 plusieurs faces, ce foyer apporte l&#8217;attrait d&#8217;un foyer \u00e0 bois classique au 21e si\u00e8cle.\u00a0L&#8217;ensemble de b\u00fbches m\u00e9ticuleusement con\u00e7u impr\u00e8gne votre espace de vie d&#8217;une \u00e9l\u00e9gance rustique, cr\u00e9ant une ambiance [&hellip;]<\/p>\n","protected":false},"featured_media":23104,"template":"","meta":{"inline_featured_image":false},"product_brand":[262],"product_cat":[208,206,193],"product_tag":[],"class_list":{"0":"post-23109","1":"product","2":"type-product","3":"status-publish","4":"has-post-thumbnail","6":"product_brand-montigo-en","7":"product_cat-gas-fireplaces","8":"product_cat-gas-stoves-fireplaces","9":"product_cat-stoves-fireplaces","11":"first","12":"instock","13":"taxable","14":"shipping-taxable","15":"purchasable","16":"product-type-variable"},"yoast_head":"<!-- This site is optimized with the Yoast SEO Premium plugin v24.2 (Yoast SEO v24.2) - https:\/\/yoast.com\/wordpress\/plugins\/seo\/ -->\n<title>DIVINE MULTI H38PF Pier Gas Fireplace by Montigo - Groupe BelleFlamme<\/title>\n<meta name=\"description\" content=\"DIVINE MULTI H38PF Pier Gas Fireplace by Montigo sold and installed by the Belleflamme Group. Laval, Montreal, Gatineau, Drummondville &amp; Saint-Sauveur.\" \/>\n<meta name=\"robots\" content=\"index, follow, max-snippet:-1, max-image-preview:large, max-video-preview:-1\" \/>\n<link rel=\"canonical\" href=\"https:\/\/staging.belleflamme.ca\/en\/product\/divine-multi-h38pf-pier-gas-fireplace-by-montigo\/\" \/>\n<meta property=\"og:locale\" content=\"en_US\" \/>\n<meta property=\"og:type\" content=\"article\" \/>\n<meta property=\"og:title\" content=\"DIVINE MULTI H38PF Pier Gas Fireplace by Montigo\" \/>\n<meta property=\"og:description\" content=\"DIVINE MULTI H38PF Pier Gas Fireplace by Montigo sold and installed by the Belleflamme Group. Laval, Montreal, Gatineau, Drummondville &amp; Saint-Sauveur.\" \/>\n<meta property=\"og:url\" content=\"https:\/\/staging.belleflamme.ca\/en\/product\/divine-multi-h38pf-pier-gas-fireplace-by-montigo\/\" \/>\n<meta property=\"og:site_name\" content=\"Groupe BelleFlamme\" \/>\n<meta property=\"article:publisher\" content=\"https:\/\/www.facebook.com\/belleflamme.ca\/\" \/>\n<meta property=\"article:modified_time\" content=\"2023-11-26T18:44:56+00:00\" \/>\n<meta property=\"og:image\" content=\"https:\/\/www.belleflamme.ca\/wp-content\/uploads\/2023\/11\/Foyer-au-Gaz-Separateur-de-Pieces-DIVINE-MULTI-H38PF-de-Montigo.jpg\" \/>\n\t<meta property=\"og:image:width\" content=\"1200\" \/>\n\t<meta property=\"og:image:height\" content=\"1360\" \/>\n\t<meta property=\"og:image:type\" content=\"image\/jpeg\" \/>\n<meta name=\"twitter:card\" content=\"summary_large_image\" \/>\n<meta name=\"twitter:label1\" content=\"Availability\" \/>\n\t<meta name=\"twitter:data1\" content=\"In stock\" \/>\n<script type=\"application\/ld+json\" class=\"yoast-schema-graph\">{\"@context\":\"https:\/\/schema.org\",\"@graph\":[{\"@type\":[\"WebPage\",\"ItemPage\"],\"@id\":\"https:\/\/staging.belleflamme.ca\/en\/product\/divine-multi-h38pf-pier-gas-fireplace-by-montigo\/\",\"url\":\"https:\/\/staging.belleflamme.ca\/en\/product\/divine-multi-h38pf-pier-gas-fireplace-by-montigo\/\",\"name\":\"DIVINE MULTI H38PF Pier Gas Fireplace by Montigo - Groupe BelleFlamme\",\"isPartOf\":{\"@id\":\"https:\/\/www.belleflamme.ca\/fr\/#website\"},\"primaryImageOfPage\":{\"@id\":\"https:\/\/staging.belleflamme.ca\/en\/product\/divine-multi-h38pf-pier-gas-fireplace-by-montigo\/#primaryimage\"},\"image\":{\"@id\":\"https:\/\/staging.belleflamme.ca\/en\/product\/divine-multi-h38pf-pier-gas-fireplace-by-montigo\/#primaryimage\"},\"thumbnailUrl\":\"https:\/\/staging.belleflamme.ca\/wp-content\/uploads\/2023\/11\/Foyer-au-Gaz-Separateur-de-Pieces-DIVINE-MULTI-H38PF-de-Montigo.jpg\",\"datePublished\":\"2023-11-26T18:41:21+00:00\",\"dateModified\":\"2023-11-26T18:44:56+00:00\",\"description\":\"DIVINE MULTI H38PF Pier Gas Fireplace by Montigo [get_meta_en_fr]\",\"breadcrumb\":{\"@id\":\"https:\/\/staging.belleflamme.ca\/en\/product\/divine-multi-h38pf-pier-gas-fireplace-by-montigo\/#breadcrumb\"},\"inLanguage\":\"en-US\",\"potentialAction\":[{\"@type\":\"ReadAction\",\"target\":[\"https:\/\/staging.belleflamme.ca\/en\/product\/divine-multi-h38pf-pier-gas-fireplace-by-montigo\/\"]}]},{\"@type\":\"ImageObject\",\"inLanguage\":\"en-US\",\"@id\":\"https:\/\/staging.belleflamme.ca\/en\/product\/divine-multi-h38pf-pier-gas-fireplace-by-montigo\/#primaryimage\",\"url\":\"https:\/\/staging.belleflamme.ca\/wp-content\/uploads\/2023\/11\/Foyer-au-Gaz-Separateur-de-Pieces-DIVINE-MULTI-H38PF-de-Montigo.jpg\",\"contentUrl\":\"https:\/\/staging.belleflamme.ca\/wp-content\/uploads\/2023\/11\/Foyer-au-Gaz-Separateur-de-Pieces-DIVINE-MULTI-H38PF-de-Montigo.jpg\",\"width\":1200,\"height\":1360,\"caption\":\"Foyer au Gaz S\u00e9parateur de Pi\u00e8ces DIVINE MULTI H38PF de Montigo\"},{\"@type\":\"BreadcrumbList\",\"@id\":\"https:\/\/staging.belleflamme.ca\/en\/product\/divine-multi-h38pf-pier-gas-fireplace-by-montigo\/#breadcrumb\",\"itemListElement\":[{\"@type\":\"ListItem\",\"position\":1,\"name\":\"Home\",\"item\":\"https:\/\/www.belleflamme.ca\/fr\/\"},{\"@type\":\"ListItem\",\"position\":2,\"name\":\"Shop\",\"item\":\"https:\/\/www.belleflamme.ca\/en\/shop\/\"},{\"@type\":\"ListItem\",\"position\":3,\"name\":\"Stoves &amp; Fireplaces\",\"item\":\"https:\/\/staging.belleflamme.ca\/en\/category\/stoves-fireplaces\/\"},{\"@type\":\"ListItem\",\"position\":4,\"name\":\"Gas Stoves &amp; Fireplaces\",\"item\":\"https:\/\/staging.belleflamme.ca\/en\/category\/stoves-fireplaces\/gas-stoves-fireplaces\/\"},{\"@type\":\"ListItem\",\"position\":5,\"name\":\"Gas fireplaces\",\"item\":\"https:\/\/staging.belleflamme.ca\/en\/category\/stoves-fireplaces\/gas-stoves-fireplaces\/gas-fireplaces\/\"},{\"@type\":\"ListItem\",\"position\":6,\"name\":\"DIVINE MULTI H38PF Pier Gas Fireplace by Montigo\"}]},{\"@type\":\"WebSite\",\"@id\":\"https:\/\/www.belleflamme.ca\/fr\/#website\",\"url\":\"https:\/\/www.belleflamme.ca\/fr\/\",\"name\":\"Groupe Belleflamme\",\"description\":\"La m\u00e9canique du b\u00e2timent dans le sang.\",\"publisher\":{\"@id\":\"https:\/\/www.belleflamme.ca\/fr\/#organization\"},\"potentialAction\":[{\"@type\":\"SearchAction\",\"target\":{\"@type\":\"EntryPoint\",\"urlTemplate\":\"https:\/\/www.belleflamme.ca\/fr\/?s={search_term_string}\"},\"query-input\":{\"@type\":\"PropertyValueSpecification\",\"valueRequired\":true,\"valueName\":\"search_term_string\"}}],\"inLanguage\":\"en-US\"},{\"@type\":[\"Organization\",\"Place\"],\"@id\":\"https:\/\/www.belleflamme.ca\/fr\/#organization\",\"name\":\"Groupe Belleflamme\",\"alternateName\":\"Belleflamme\",\"url\":\"https:\/\/www.belleflamme.ca\/fr\/\",\"logo\":{\"@type\":\"ImageObject\",\"inLanguage\":\"en-US\",\"@id\":\"https:\/\/www.belleflamme.ca\/fr\/#\/schema\/logo\/image\/\",\"url\":\"https:\/\/staging.belleflamme.ca\/wp-content\/uploads\/2023\/01\/og-image.jpg\",\"contentUrl\":\"https:\/\/staging.belleflamme.ca\/wp-content\/uploads\/2023\/01\/og-image.jpg\",\"width\":1200,\"height\":630,\"caption\":\"Groupe Belleflamme\"},\"image\":{\"@id\":\"https:\/\/www.belleflamme.ca\/fr\/#\/schema\/logo\/image\/\"},\"sameAs\":[\"https:\/\/www.facebook.com\/belleflamme.ca\/\",\"https:\/\/www.linkedin.com\/company\/belleflamme\/\",\"https:\/\/www.pinterest.ca\/groupebelleflamme\/\",\"https:\/\/www.instagram.com\/legroupebelleflamme\/\"],\"mainEntityOfPage\":{\"@id\":\"https:\/\/staging.belleflamme.ca\/en\/product\/divine-multi-h38pf-pier-gas-fireplace-by-montigo\/\"}}]}<\/script>\n<meta property=\"product:brand\" content=\"Montigo\" \/>\n<meta property=\"og:availability\" content=\"instock\" \/>\n<meta property=\"product:availability\" content=\"instock\" \/>\n<meta property=\"product:condition\" content=\"new\" \/>\n<!-- \/ Yoast SEO Premium plugin. -->","yoast_head_json":{"title":"DIVINE MULTI H38PF Pier Gas Fireplace by Montigo - Groupe BelleFlamme","description":"DIVINE MULTI H38PF Pier Gas Fireplace by Montigo sold and installed by the Belleflamme Group. Laval, Montreal, Gatineau, Drummondville & Saint-Sauveur.","robots":{"index":"index","follow":"follow","max-snippet":"max-snippet:-1","max-image-preview":"max-image-preview:large","max-video-preview":"max-video-preview:-1"},"canonical":"https:\/\/staging.belleflamme.ca\/en\/product\/divine-multi-h38pf-pier-gas-fireplace-by-montigo\/","og_locale":"en_US","og_type":"article","og_title":"DIVINE MULTI H38PF Pier Gas Fireplace by Montigo","og_description":"DIVINE MULTI H38PF Pier Gas Fireplace by Montigo sold and installed by the Belleflamme Group. Laval, Montreal, Gatineau, Drummondville & Saint-Sauveur.","og_url":"https:\/\/staging.belleflamme.ca\/en\/product\/divine-multi-h38pf-pier-gas-fireplace-by-montigo\/","og_site_name":"Groupe BelleFlamme","article_publisher":"https:\/\/www.facebook.com\/belleflamme.ca\/","article_modified_time":"2023-11-26T18:44:56+00:00","og_image":[{"width":1200,"height":1360,"url":"https:\/\/www.belleflamme.ca\/wp-content\/uploads\/2023\/11\/Foyer-au-Gaz-Separateur-de-Pieces-DIVINE-MULTI-H38PF-de-Montigo.jpg","type":"image\/jpeg"}],"twitter_card":"summary_large_image","twitter_misc":{"Availability":"In stock"},"schema":{"@context":"https:\/\/schema.org","@graph":[{"@type":["WebPage","ItemPage"],"@id":"https:\/\/staging.belleflamme.ca\/en\/product\/divine-multi-h38pf-pier-gas-fireplace-by-montigo\/","url":"https:\/\/staging.belleflamme.ca\/en\/product\/divine-multi-h38pf-pier-gas-fireplace-by-montigo\/","name":"DIVINE MULTI H38PF Pier Gas Fireplace by Montigo - Groupe BelleFlamme","isPartOf":{"@id":"https:\/\/www.belleflamme.ca\/fr\/#website"},"primaryImageOfPage":{"@id":"https:\/\/staging.belleflamme.ca\/en\/product\/divine-multi-h38pf-pier-gas-fireplace-by-montigo\/#primaryimage"},"image":{"@id":"https:\/\/staging.belleflamme.ca\/en\/product\/divine-multi-h38pf-pier-gas-fireplace-by-montigo\/#primaryimage"},"thumbnailUrl":"https:\/\/staging.belleflamme.ca\/wp-content\/uploads\/2023\/11\/Foyer-au-Gaz-Separateur-de-Pieces-DIVINE-MULTI-H38PF-de-Montigo.jpg","datePublished":"2023-11-26T18:41:21+00:00","dateModified":"2023-11-26T18:44:56+00:00","description":"DIVINE MULTI H38PF Pier Gas Fireplace by Montigo [get_meta_en_fr]","breadcrumb":{"@id":"https:\/\/staging.belleflamme.ca\/en\/product\/divine-multi-h38pf-pier-gas-fireplace-by-montigo\/#breadcrumb"},"inLanguage":"en-US","potentialAction":[{"@type":"ReadAction","target":["https:\/\/staging.belleflamme.ca\/en\/product\/divine-multi-h38pf-pier-gas-fireplace-by-montigo\/"]}]},{"@type":"ImageObject","inLanguage":"en-US","@id":"https:\/\/staging.belleflamme.ca\/en\/product\/divine-multi-h38pf-pier-gas-fireplace-by-montigo\/#primaryimage","url":"https:\/\/staging.belleflamme.ca\/wp-content\/uploads\/2023\/11\/Foyer-au-Gaz-Separateur-de-Pieces-DIVINE-MULTI-H38PF-de-Montigo.jpg","contentUrl":"https:\/\/staging.belleflamme.ca\/wp-content\/uploads\/2023\/11\/Foyer-au-Gaz-Separateur-de-Pieces-DIVINE-MULTI-H38PF-de-Montigo.jpg","width":1200,"height":1360,"caption":"Foyer au Gaz S\u00e9parateur de Pi\u00e8ces DIVINE MULTI H38PF de Montigo"},{"@type":"BreadcrumbList","@id":"https:\/\/staging.belleflamme.ca\/en\/product\/divine-multi-h38pf-pier-gas-fireplace-by-montigo\/#breadcrumb","itemListElement":[{"@type":"ListItem","position":1,"name":"Home","item":"https:\/\/www.belleflamme.ca\/fr\/"},{"@type":"ListItem","position":2,"name":"Shop","item":"https:\/\/www.belleflamme.ca\/en\/shop\/"},{"@type":"ListItem","position":3,"name":"Stoves &amp; Fireplaces","item":"https:\/\/staging.belleflamme.ca\/en\/category\/stoves-fireplaces\/"},{"@type":"ListItem","position":4,"name":"Gas Stoves &amp; Fireplaces","item":"https:\/\/staging.belleflamme.ca\/en\/category\/stoves-fireplaces\/gas-stoves-fireplaces\/"},{"@type":"ListItem","position":5,"name":"Gas fireplaces","item":"https:\/\/staging.belleflamme.ca\/en\/category\/stoves-fireplaces\/gas-stoves-fireplaces\/gas-fireplaces\/"},{"@type":"ListItem","position":6,"name":"DIVINE MULTI H38PF Pier Gas Fireplace by Montigo"}]},{"@type":"WebSite","@id":"https:\/\/www.belleflamme.ca\/fr\/#website","url":"https:\/\/www.belleflamme.ca\/fr\/","name":"Groupe Belleflamme","description":"La m\u00e9canique du b\u00e2timent dans le sang.","publisher":{"@id":"https:\/\/www.belleflamme.ca\/fr\/#organization"},"potentialAction":[{"@type":"SearchAction","target":{"@type":"EntryPoint","urlTemplate":"https:\/\/www.belleflamme.ca\/fr\/?s={search_term_string}"},"query-input":{"@type":"PropertyValueSpecification","valueRequired":true,"valueName":"search_term_string"}}],"inLanguage":"en-US"},{"@type":["Organization","Place"],"@id":"https:\/\/www.belleflamme.ca\/fr\/#organization","name":"Groupe Belleflamme","alternateName":"Belleflamme","url":"https:\/\/www.belleflamme.ca\/fr\/","logo":{"@type":"ImageObject","inLanguage":"en-US","@id":"https:\/\/www.belleflamme.ca\/fr\/#\/schema\/logo\/image\/","url":"https:\/\/staging.belleflamme.ca\/wp-content\/uploads\/2023\/01\/og-image.jpg","contentUrl":"https:\/\/staging.belleflamme.ca\/wp-content\/uploads\/2023\/01\/og-image.jpg","width":1200,"height":630,"caption":"Groupe Belleflamme"},"image":{"@id":"https:\/\/www.belleflamme.ca\/fr\/#\/schema\/logo\/image\/"},"sameAs":["https:\/\/www.facebook.com\/belleflamme.ca\/","https:\/\/www.linkedin.com\/company\/belleflamme\/","https:\/\/www.pinterest.ca\/groupebelleflamme\/","https:\/\/www.instagram.com\/legroupebelleflamme\/"],"mainEntityOfPage":{"@id":"https:\/\/staging.belleflamme.ca\/en\/product\/divine-multi-h38pf-pier-gas-fireplace-by-montigo\/"}}]},"product_brand":"Montigo","og_availability":"instock","product_availability":"instock","product_condition":"new"},"_links":{"self":[{"href":"https:\/\/staging.belleflamme.ca\/en\/wp-json\/wp\/v2\/product\/23109","targetHints":{"allow":["GET"]}}],"collection":[{"href":"https:\/\/staging.belleflamme.ca\/en\/wp-json\/wp\/v2\/product"}],"about":[{"href":"https:\/\/staging.belleflamme.ca\/en\/wp-json\/wp\/v2\/types\/product"}],"version-history":[{"count":4,"href":"https:\/\/staging.belleflamme.ca\/en\/wp-json\/wp\/v2\/product\/23109\/revisions"}],"predecessor-version":[{"id":23113,"href":"https:\/\/staging.belleflamme.ca\/en\/wp-json\/wp\/v2\/product\/23109\/revisions\/23113"}],"wp:featuredmedia":[{"embeddable":true,"href":"https:\/\/staging.belleflamme.ca\/en\/wp-json\/wp\/v2\/media\/23104"}],"wp:attachment":[{"href":"https:\/\/staging.belleflamme.ca\/en\/wp-json\/wp\/v2\/media?parent=23109"}],"wp:term":[{"taxonomy":"product_brand","embeddable":true,"href":"https:\/\/staging.belleflamme.ca\/en\/wp-json\/wp\/v2\/product_brand?post=23109"},{"taxonomy":"product_cat","embeddable":true,"href":"https:\/\/staging.belleflamme.ca\/en\/wp-json\/wp\/v2\/product_cat?post=23109"},{"taxonomy":"product_tag","embeddable":true,"href":"https:\/\/staging.belleflamme.ca\/en\/wp-json\/wp\/v2\/product_tag?post=23109"}],"curies":[{"name":"wp","href":"https:\/\/api.w.org\/{rel}","templated":true}]}}