{"id":22685,"date":"2023-11-25T13:33:01","date_gmt":"2023-11-25T18:33:01","guid":{"rendered":"https:\/\/www.belleflamme.ca\/?post_type=product&#038;p=22685"},"modified":"2023-11-25T13:36:56","modified_gmt":"2023-11-25T18:36:56","slug":"phenom-p52df-residential-gas-fireplace-full-load-by-montigo","status":"publish","type":"product","link":"https:\/\/staging.belleflamme.ca\/en\/product\/phenom-p52df-residential-gas-fireplace-full-load-by-montigo\/","title":{"rendered":"PHENOM  P52DF Residential Gas Fireplace Full Load by Montigo"},"content":{"rendered":"\t\t<div data-elementor-type=\"product-post\" data-elementor-id=\"22685\" class=\"elementor elementor-22685 elementor-22678\" data-elementor-post-type=\"product\">\n\t\t\t\t\t\t<section class=\"elementor-section elementor-top-section elementor-element elementor-element-33ea2d83 elementor-section-boxed elementor-section-height-default elementor-section-height-default\" data-id=\"33ea2d83\" data-element_type=\"section\">\n\t\t\t\t\t\t<div class=\"elementor-container elementor-column-gap-default\">\n\t\t\t\t\t<div class=\"elementor-column elementor-col-100 elementor-top-column elementor-element elementor-element-680be3d\" data-id=\"680be3d\" data-element_type=\"column\">\n\t\t\t<div class=\"elementor-widget-wrap elementor-element-populated\">\n\t\t\t\t\t\t<div class=\"elementor-element elementor-element-3327e2ef elementor-widget elementor-widget-text-editor\" data-id=\"3327e2ef\" data-element_type=\"widget\" data-widget_type=\"text-editor.default\">\n\t\t\t\t<div class=\"elementor-widget-container\">\n\t\t\t\t\t\t\t\t\t<p><iframe title=\"YouTube video player\" src=\"https:\/\/www.youtube.com\/embed\/amNIUIO838A?si=8__D6ONGnqc9UIEc\" width=\"560\" height=\"315\" frameborder=\"0\" allowfullscreen=\"allowfullscreen\"><\/iframe><\/p><div class=\"specs-list\"><h2>It Starts with a Spark<\/h2><p>Introducing the PHENOM, the epitome of sophistication and convenience in the realm of fireplaces. This fully loaded marvel combines state-of-the-art technology, sleek aesthetics, and unmatched practicality to revolutionize the fireplace experience. Adorned with halogen lighting, the PHENOM illuminates the room with a captivating glow, perfectly simulating the flickering flames of a traditional fire. With the convenience of a remote control, users can effortlessly adjust the light intensity, fans, and heat output, creating an idyllic atmosphere without leaving the comfort of their seat.<\/p><p>The innovation doesn\u2019t stop there. Incorporated with high quality fans, this fireplace ensures an even distribution of warmth throughout the space, eliminating cold spots and providing a cozy environment during chilly evenings. Whether it\u2019s a grand living room or a cozy den, the advanced heating system effortlessly regulates the room\u2019s temperature, making it a focal point of comfort and style. With its fusion of cutting-edge features and opulent design, the PHENOM stands as a testament to the future of fireplace technology, setting a new benchmark for luxury, convenience, and unparalleled elegance in home heating solutions.<\/p><h2>A Direct Vent Gas Fireplace Classic<\/h2><p><em><strong>Great design is timeless.\u00a0<\/strong><\/em>The PHENOM Series single sided direct vent gas fireplace is the true definition of this phrase as we are still seeing fresh examples of interior designers using the the Phenom fireplace in multiple projects.<\/p><h2>Fireplace Design Inspiration<\/h2><h3>HOTTEST TRENDS IN FIREPLACE DESIGN<\/h3><p>Whether you want to freshen up an existing fireplace with a change of mantel, a bit of paint, a full design overhaul, or replace the unit and create a masterpiece. There are a lot of ways to upgrade and endless materials to choose from.<\/p><div class=\"js-fade js-fade-up js-delay-1 js-in\"><p><strong>Standard:<\/strong><\/p><ul><li>Concealed burner with Quartz firebeads, Multi-function remote control, Remote controlled fans, Black porcelain liner, Halogen uplighting, Remote Hi-Lo flame control, Battery backup<\/li><\/ul><p><strong>Options:<\/strong><\/p><ul><li>Surrounds in satin black or stainless steel, Speckled stones, driftwood, glass media<\/li><\/ul><h3>SPECS AT-A-GLANCE:<\/h3><div class=\"specs-list\"><dl><dt>Max BTU (NG)<\/dt><dd>40,000<\/dd><\/dl><dl><dt>Framing Width<\/dt><dd>52&#8243;<\/dd><\/dl><dl><dt>Framing Height<\/dt><dd>37 1\/2&#8243;<\/dd><\/dl><dl><dt>Framing Depth<\/dt><dd>24 1\/2&#8243;<\/dd><\/dl><dl><dt>Glass Opening Width<\/dt><dd>47&#8243;<\/dd><\/dl><dl><dt>Glass Opening Height<\/dt><dd>21 3\/4&#8243;<\/dd><\/dl><dl><dt>Inner Vent Size<\/dt><dd>5<\/dd><\/dl><dl><dt>Outer Vent Size<\/dt><dd>10<\/dd><\/dl><dl><dt>Commercial<\/dt><dd>No<\/dd><\/dl><dl><dt>Customizable<\/dt><dd>No<\/dd><\/dl><\/div><\/div><div class=\"js-fade js-fade-up js-delay-2 js-in\">\u00a0<\/div><\/div>\t\t\t\t\t\t\t\t<\/div>\n\t\t\t\t<\/div>\n\t\t\t\t\t<\/div>\n\t\t<\/div>\n\t\t\t\t\t<\/div>\n\t\t<\/section>\n\t\t\t\t<section class=\"elementor-section elementor-top-section elementor-element elementor-element-f9f99de elementor-section-boxed elementor-section-height-default elementor-section-height-default\" data-id=\"f9f99de\" data-element_type=\"section\">\n\t\t\t\t\t\t<div class=\"elementor-container elementor-column-gap-default\">\n\t\t\t\t\t<div class=\"elementor-column elementor-col-100 elementor-top-column elementor-element elementor-element-bc743e9\" data-id=\"bc743e9\" data-element_type=\"column\">\n\t\t\t<div class=\"elementor-widget-wrap elementor-element-populated\">\n\t\t\t\t\t\t<div class=\"elementor-element elementor-element-8bda270 elementor-tabs-view-horizontal elementor-widget elementor-widget-tabs\" data-id=\"8bda270\" data-element_type=\"widget\" data-widget_type=\"tabs.default\">\n\t\t\t\t<div class=\"elementor-widget-container\">\n\t\t\t\t\t\t\t<div class=\"elementor-tabs\">\n\t\t\t<div class=\"elementor-tabs-wrapper\" role=\"tablist\" >\n\t\t\t\t\t\t\t\t\t<div id=\"elementor-tab-title-1461\" class=\"elementor-tab-title elementor-tab-desktop-title\" aria-selected=\"true\" data-tab=\"1\" role=\"tab\" tabindex=\"0\" aria-controls=\"elementor-tab-content-1461\" aria-expanded=\"false\">Files<\/div>\n\t\t\t\t\t\t\t<\/div>\n\t\t\t<div class=\"elementor-tabs-content-wrapper\" role=\"tablist\" aria-orientation=\"vertical\">\n\t\t\t\t\t\t\t\t\t<div class=\"elementor-tab-title elementor-tab-mobile-title\" aria-selected=\"true\" data-tab=\"1\" role=\"tab\" tabindex=\"0\" aria-controls=\"elementor-tab-content-1461\" aria-expanded=\"false\">Files<\/div>\n\t\t\t\t\t<div id=\"elementor-tab-content-1461\" class=\"elementor-tab-content elementor-clearfix\" data-tab=\"1\" role=\"tabpanel\" aria-labelledby=\"elementor-tab-title-1461\" tabindex=\"0\" hidden=\"false\"><i class=\"far fa-file-pdf fa-xl\" style=\"font-size:35px\"><\/i><a href=\"https:\/\/www.belleflamme.ca\/wp-content\/uploads\/2023\/11\/XB2209-Montigo-Fireplaces-Phenom-Brochure.pdf\"> Brochure<\/a><\/br>\n<i class=\"far fa-file-pdf fa-xl\" style=\"font-size:35px\"><\/i><a href=\"https:\/\/www.belleflamme.ca\/wp-content\/uploads\/2023\/11\/montigo-residential-fireplace-Phenom-single-sided-spec-sheet.pdf\"> Specifications<\/a><\/br>\n<i class=\"far fa-file-pdf fa-xl\" style=\"font-size:35px\"><\/i><a href=\"https:\/\/www.belleflamme.ca\/wp-content\/uploads\/2023\/11\/xg0199-montigo-manual-phenom-single-sided.pdf\"> Installation<\/a><\/br><\/div>\n\t\t\t\t\t\t\t<\/div>\n\t\t<\/div>\n\t\t\t\t\t\t<\/div>\n\t\t\t\t<\/div>\n\t\t\t\t\t<\/div>\n\t\t<\/div>\n\t\t\t\t\t<\/div>\n\t\t<\/section>\n\t\t\t\t<\/div>\n\t\t","protected":false},"excerpt":{"rendered":"<p>It Starts with a Spark Introducing the PHENOM, the epitome of sophistication and convenience in the realm of fireplaces. This fully loaded marvel combines state-of-the-art technology, sleek aesthetics, and unmatched practicality to revolutionize the fireplace experience. Adorned with halogen lighting, the PHENOM illuminates the room with a captivating glow, perfectly simulating the flickering flames of [&hellip;]<\/p>\n","protected":false},"featured_media":22680,"template":"","meta":{"inline_featured_image":false},"product_brand":[262],"product_cat":[208,206,193],"product_tag":[],"class_list":{"0":"post-22685","1":"product","2":"type-product","3":"status-publish","4":"has-post-thumbnail","6":"product_brand-montigo-en","7":"product_cat-gas-fireplaces","8":"product_cat-gas-stoves-fireplaces","9":"product_cat-stoves-fireplaces","11":"first","12":"instock","13":"taxable","14":"shipping-taxable","15":"product-type-variable"},"yoast_head":"<!-- This site is optimized with the Yoast SEO Premium plugin v24.2 (Yoast SEO v24.2) - https:\/\/yoast.com\/wordpress\/plugins\/seo\/ -->\n<title>PHENOM P52DF Residential Gas Fireplace Full Load by Montigo - Groupe BelleFlamme<\/title>\n<meta name=\"description\" content=\"PHENOM P52DF Residential Gas Fireplace Full Load by Montigo sold and installed by the Belleflamme Group. Laval, Montreal, Gatineau, Drummondville &amp; Saint-Sauveur.\" \/>\n<meta name=\"robots\" content=\"index, follow, max-snippet:-1, max-image-preview:large, max-video-preview:-1\" \/>\n<link rel=\"canonical\" href=\"https:\/\/staging.belleflamme.ca\/en\/product\/phenom-p52df-residential-gas-fireplace-full-load-by-montigo\/\" \/>\n<meta property=\"og:locale\" content=\"en_US\" \/>\n<meta property=\"og:type\" content=\"article\" \/>\n<meta property=\"og:title\" content=\"PHENOM P52DF Residential Gas Fireplace Full Load by Montigo\" \/>\n<meta property=\"og:description\" content=\"PHENOM P52DF Residential Gas Fireplace Full Load by Montigo sold and installed by the Belleflamme Group. Laval, Montreal, Gatineau, Drummondville &amp; Saint-Sauveur.\" \/>\n<meta property=\"og:url\" content=\"https:\/\/staging.belleflamme.ca\/en\/product\/phenom-p52df-residential-gas-fireplace-full-load-by-montigo\/\" \/>\n<meta property=\"og:site_name\" content=\"Groupe BelleFlamme\" \/>\n<meta property=\"article:publisher\" content=\"https:\/\/www.facebook.com\/belleflamme.ca\/\" \/>\n<meta property=\"article:modified_time\" content=\"2023-11-25T18:36:56+00:00\" \/>\n<meta property=\"og:image\" content=\"https:\/\/www.belleflamme.ca\/wp-content\/uploads\/2023\/11\/Foyer-residentiel-au-Gaz-Entierement-Equipe-PHENOM-P52DF-de-Montigo.jpg\" \/>\n\t<meta property=\"og:image:width\" content=\"1200\" \/>\n\t<meta property=\"og:image:height\" content=\"1360\" \/>\n\t<meta property=\"og:image:type\" content=\"image\/jpeg\" \/>\n<meta name=\"twitter:card\" content=\"summary_large_image\" \/>\n<meta name=\"twitter:label1\" content=\"Availability\" \/>\n\t<meta name=\"twitter:data1\" content=\"In stock\" \/>\n<script type=\"application\/ld+json\" class=\"yoast-schema-graph\">{\"@context\":\"https:\/\/schema.org\",\"@graph\":[{\"@type\":[\"WebPage\",\"ItemPage\"],\"@id\":\"https:\/\/staging.belleflamme.ca\/en\/product\/phenom-p52df-residential-gas-fireplace-full-load-by-montigo\/\",\"url\":\"https:\/\/staging.belleflamme.ca\/en\/product\/phenom-p52df-residential-gas-fireplace-full-load-by-montigo\/\",\"name\":\"PHENOM P52DF Residential Gas Fireplace Full Load by Montigo - Groupe BelleFlamme\",\"isPartOf\":{\"@id\":\"https:\/\/www.belleflamme.ca\/fr\/#website\"},\"primaryImageOfPage\":{\"@id\":\"https:\/\/staging.belleflamme.ca\/en\/product\/phenom-p52df-residential-gas-fireplace-full-load-by-montigo\/#primaryimage\"},\"image\":{\"@id\":\"https:\/\/staging.belleflamme.ca\/en\/product\/phenom-p52df-residential-gas-fireplace-full-load-by-montigo\/#primaryimage\"},\"thumbnailUrl\":\"https:\/\/staging.belleflamme.ca\/wp-content\/uploads\/2023\/11\/Foyer-residentiel-au-Gaz-Entierement-Equipe-PHENOM-P52DF-de-Montigo.jpg\",\"datePublished\":\"2023-11-25T18:33:01+00:00\",\"dateModified\":\"2023-11-25T18:36:56+00:00\",\"description\":\"PHENOM P52DF Residential Gas Fireplace Full Load by Montigo [get_meta_en_fr]\",\"breadcrumb\":{\"@id\":\"https:\/\/staging.belleflamme.ca\/en\/product\/phenom-p52df-residential-gas-fireplace-full-load-by-montigo\/#breadcrumb\"},\"inLanguage\":\"en-US\",\"potentialAction\":[{\"@type\":\"ReadAction\",\"target\":[\"https:\/\/staging.belleflamme.ca\/en\/product\/phenom-p52df-residential-gas-fireplace-full-load-by-montigo\/\"]}]},{\"@type\":\"ImageObject\",\"inLanguage\":\"en-US\",\"@id\":\"https:\/\/staging.belleflamme.ca\/en\/product\/phenom-p52df-residential-gas-fireplace-full-load-by-montigo\/#primaryimage\",\"url\":\"https:\/\/staging.belleflamme.ca\/wp-content\/uploads\/2023\/11\/Foyer-residentiel-au-Gaz-Entierement-Equipe-PHENOM-P52DF-de-Montigo.jpg\",\"contentUrl\":\"https:\/\/staging.belleflamme.ca\/wp-content\/uploads\/2023\/11\/Foyer-residentiel-au-Gaz-Entierement-Equipe-PHENOM-P52DF-de-Montigo.jpg\",\"width\":1200,\"height\":1360,\"caption\":\"Foyer r\u00e9sidentiel au Gaz Enti\u00e8rement \u00c9quip\u00e9 PHENOM P52DF de Montigo\"},{\"@type\":\"BreadcrumbList\",\"@id\":\"https:\/\/staging.belleflamme.ca\/en\/product\/phenom-p52df-residential-gas-fireplace-full-load-by-montigo\/#breadcrumb\",\"itemListElement\":[{\"@type\":\"ListItem\",\"position\":1,\"name\":\"Home\",\"item\":\"https:\/\/www.belleflamme.ca\/fr\/\"},{\"@type\":\"ListItem\",\"position\":2,\"name\":\"Shop\",\"item\":\"https:\/\/www.belleflamme.ca\/en\/shop\/\"},{\"@type\":\"ListItem\",\"position\":3,\"name\":\"Stoves &amp; Fireplaces\",\"item\":\"https:\/\/staging.belleflamme.ca\/en\/category\/stoves-fireplaces\/\"},{\"@type\":\"ListItem\",\"position\":4,\"name\":\"Gas Stoves &amp; Fireplaces\",\"item\":\"https:\/\/staging.belleflamme.ca\/en\/category\/stoves-fireplaces\/gas-stoves-fireplaces\/\"},{\"@type\":\"ListItem\",\"position\":5,\"name\":\"Gas fireplaces\",\"item\":\"https:\/\/staging.belleflamme.ca\/en\/category\/stoves-fireplaces\/gas-stoves-fireplaces\/gas-fireplaces\/\"},{\"@type\":\"ListItem\",\"position\":6,\"name\":\"PHENOM P52DF Residential Gas Fireplace Full Load by Montigo\"}]},{\"@type\":\"WebSite\",\"@id\":\"https:\/\/www.belleflamme.ca\/fr\/#website\",\"url\":\"https:\/\/www.belleflamme.ca\/fr\/\",\"name\":\"Groupe Belleflamme\",\"description\":\"La m\u00e9canique du b\u00e2timent dans le sang.\",\"publisher\":{\"@id\":\"https:\/\/www.belleflamme.ca\/fr\/#organization\"},\"potentialAction\":[{\"@type\":\"SearchAction\",\"target\":{\"@type\":\"EntryPoint\",\"urlTemplate\":\"https:\/\/www.belleflamme.ca\/fr\/?s={search_term_string}\"},\"query-input\":{\"@type\":\"PropertyValueSpecification\",\"valueRequired\":true,\"valueName\":\"search_term_string\"}}],\"inLanguage\":\"en-US\"},{\"@type\":[\"Organization\",\"Place\"],\"@id\":\"https:\/\/www.belleflamme.ca\/fr\/#organization\",\"name\":\"Groupe Belleflamme\",\"alternateName\":\"Belleflamme\",\"url\":\"https:\/\/www.belleflamme.ca\/fr\/\",\"logo\":{\"@type\":\"ImageObject\",\"inLanguage\":\"en-US\",\"@id\":\"https:\/\/www.belleflamme.ca\/fr\/#\/schema\/logo\/image\/\",\"url\":\"https:\/\/staging.belleflamme.ca\/wp-content\/uploads\/2023\/01\/og-image.jpg\",\"contentUrl\":\"https:\/\/staging.belleflamme.ca\/wp-content\/uploads\/2023\/01\/og-image.jpg\",\"width\":1200,\"height\":630,\"caption\":\"Groupe Belleflamme\"},\"image\":{\"@id\":\"https:\/\/www.belleflamme.ca\/fr\/#\/schema\/logo\/image\/\"},\"sameAs\":[\"https:\/\/www.facebook.com\/belleflamme.ca\/\",\"https:\/\/www.linkedin.com\/company\/belleflamme\/\",\"https:\/\/www.pinterest.ca\/groupebelleflamme\/\",\"https:\/\/www.instagram.com\/legroupebelleflamme\/\"],\"mainEntityOfPage\":{\"@id\":\"https:\/\/staging.belleflamme.ca\/en\/product\/phenom-p52df-residential-gas-fireplace-full-load-by-montigo\/\"}}]}<\/script>\n<meta property=\"product:brand\" content=\"Montigo\" \/>\n<meta property=\"og:availability\" content=\"instock\" \/>\n<meta property=\"product:availability\" content=\"instock\" \/>\n<meta property=\"product:condition\" content=\"new\" \/>\n<!-- \/ Yoast SEO Premium plugin. -->","yoast_head_json":{"title":"PHENOM P52DF Residential Gas Fireplace Full Load by Montigo - Groupe BelleFlamme","description":"PHENOM P52DF Residential Gas Fireplace Full Load by Montigo sold and installed by the Belleflamme Group. Laval, Montreal, Gatineau, Drummondville & Saint-Sauveur.","robots":{"index":"index","follow":"follow","max-snippet":"max-snippet:-1","max-image-preview":"max-image-preview:large","max-video-preview":"max-video-preview:-1"},"canonical":"https:\/\/staging.belleflamme.ca\/en\/product\/phenom-p52df-residential-gas-fireplace-full-load-by-montigo\/","og_locale":"en_US","og_type":"article","og_title":"PHENOM P52DF Residential Gas Fireplace Full Load by Montigo","og_description":"PHENOM P52DF Residential Gas Fireplace Full Load by Montigo sold and installed by the Belleflamme Group. Laval, Montreal, Gatineau, Drummondville & Saint-Sauveur.","og_url":"https:\/\/staging.belleflamme.ca\/en\/product\/phenom-p52df-residential-gas-fireplace-full-load-by-montigo\/","og_site_name":"Groupe BelleFlamme","article_publisher":"https:\/\/www.facebook.com\/belleflamme.ca\/","article_modified_time":"2023-11-25T18:36:56+00:00","og_image":[{"width":1200,"height":1360,"url":"https:\/\/www.belleflamme.ca\/wp-content\/uploads\/2023\/11\/Foyer-residentiel-au-Gaz-Entierement-Equipe-PHENOM-P52DF-de-Montigo.jpg","type":"image\/jpeg"}],"twitter_card":"summary_large_image","twitter_misc":{"Availability":"In stock"},"schema":{"@context":"https:\/\/schema.org","@graph":[{"@type":["WebPage","ItemPage"],"@id":"https:\/\/staging.belleflamme.ca\/en\/product\/phenom-p52df-residential-gas-fireplace-full-load-by-montigo\/","url":"https:\/\/staging.belleflamme.ca\/en\/product\/phenom-p52df-residential-gas-fireplace-full-load-by-montigo\/","name":"PHENOM P52DF Residential Gas Fireplace Full Load by Montigo - Groupe BelleFlamme","isPartOf":{"@id":"https:\/\/www.belleflamme.ca\/fr\/#website"},"primaryImageOfPage":{"@id":"https:\/\/staging.belleflamme.ca\/en\/product\/phenom-p52df-residential-gas-fireplace-full-load-by-montigo\/#primaryimage"},"image":{"@id":"https:\/\/staging.belleflamme.ca\/en\/product\/phenom-p52df-residential-gas-fireplace-full-load-by-montigo\/#primaryimage"},"thumbnailUrl":"https:\/\/staging.belleflamme.ca\/wp-content\/uploads\/2023\/11\/Foyer-residentiel-au-Gaz-Entierement-Equipe-PHENOM-P52DF-de-Montigo.jpg","datePublished":"2023-11-25T18:33:01+00:00","dateModified":"2023-11-25T18:36:56+00:00","description":"PHENOM P52DF Residential Gas Fireplace Full Load by Montigo [get_meta_en_fr]","breadcrumb":{"@id":"https:\/\/staging.belleflamme.ca\/en\/product\/phenom-p52df-residential-gas-fireplace-full-load-by-montigo\/#breadcrumb"},"inLanguage":"en-US","potentialAction":[{"@type":"ReadAction","target":["https:\/\/staging.belleflamme.ca\/en\/product\/phenom-p52df-residential-gas-fireplace-full-load-by-montigo\/"]}]},{"@type":"ImageObject","inLanguage":"en-US","@id":"https:\/\/staging.belleflamme.ca\/en\/product\/phenom-p52df-residential-gas-fireplace-full-load-by-montigo\/#primaryimage","url":"https:\/\/staging.belleflamme.ca\/wp-content\/uploads\/2023\/11\/Foyer-residentiel-au-Gaz-Entierement-Equipe-PHENOM-P52DF-de-Montigo.jpg","contentUrl":"https:\/\/staging.belleflamme.ca\/wp-content\/uploads\/2023\/11\/Foyer-residentiel-au-Gaz-Entierement-Equipe-PHENOM-P52DF-de-Montigo.jpg","width":1200,"height":1360,"caption":"Foyer r\u00e9sidentiel au Gaz Enti\u00e8rement \u00c9quip\u00e9 PHENOM P52DF de Montigo"},{"@type":"BreadcrumbList","@id":"https:\/\/staging.belleflamme.ca\/en\/product\/phenom-p52df-residential-gas-fireplace-full-load-by-montigo\/#breadcrumb","itemListElement":[{"@type":"ListItem","position":1,"name":"Home","item":"https:\/\/www.belleflamme.ca\/fr\/"},{"@type":"ListItem","position":2,"name":"Shop","item":"https:\/\/www.belleflamme.ca\/en\/shop\/"},{"@type":"ListItem","position":3,"name":"Stoves &amp; Fireplaces","item":"https:\/\/staging.belleflamme.ca\/en\/category\/stoves-fireplaces\/"},{"@type":"ListItem","position":4,"name":"Gas Stoves &amp; Fireplaces","item":"https:\/\/staging.belleflamme.ca\/en\/category\/stoves-fireplaces\/gas-stoves-fireplaces\/"},{"@type":"ListItem","position":5,"name":"Gas fireplaces","item":"https:\/\/staging.belleflamme.ca\/en\/category\/stoves-fireplaces\/gas-stoves-fireplaces\/gas-fireplaces\/"},{"@type":"ListItem","position":6,"name":"PHENOM P52DF Residential Gas Fireplace Full Load by Montigo"}]},{"@type":"WebSite","@id":"https:\/\/www.belleflamme.ca\/fr\/#website","url":"https:\/\/www.belleflamme.ca\/fr\/","name":"Groupe Belleflamme","description":"La m\u00e9canique du b\u00e2timent dans le sang.","publisher":{"@id":"https:\/\/www.belleflamme.ca\/fr\/#organization"},"potentialAction":[{"@type":"SearchAction","target":{"@type":"EntryPoint","urlTemplate":"https:\/\/www.belleflamme.ca\/fr\/?s={search_term_string}"},"query-input":{"@type":"PropertyValueSpecification","valueRequired":true,"valueName":"search_term_string"}}],"inLanguage":"en-US"},{"@type":["Organization","Place"],"@id":"https:\/\/www.belleflamme.ca\/fr\/#organization","name":"Groupe Belleflamme","alternateName":"Belleflamme","url":"https:\/\/www.belleflamme.ca\/fr\/","logo":{"@type":"ImageObject","inLanguage":"en-US","@id":"https:\/\/www.belleflamme.ca\/fr\/#\/schema\/logo\/image\/","url":"https:\/\/staging.belleflamme.ca\/wp-content\/uploads\/2023\/01\/og-image.jpg","contentUrl":"https:\/\/staging.belleflamme.ca\/wp-content\/uploads\/2023\/01\/og-image.jpg","width":1200,"height":630,"caption":"Groupe Belleflamme"},"image":{"@id":"https:\/\/www.belleflamme.ca\/fr\/#\/schema\/logo\/image\/"},"sameAs":["https:\/\/www.facebook.com\/belleflamme.ca\/","https:\/\/www.linkedin.com\/company\/belleflamme\/","https:\/\/www.pinterest.ca\/groupebelleflamme\/","https:\/\/www.instagram.com\/legroupebelleflamme\/"],"mainEntityOfPage":{"@id":"https:\/\/staging.belleflamme.ca\/en\/product\/phenom-p52df-residential-gas-fireplace-full-load-by-montigo\/"}}]},"product_brand":"Montigo","og_availability":"instock","product_availability":"instock","product_condition":"new"},"_links":{"self":[{"href":"https:\/\/staging.belleflamme.ca\/en\/wp-json\/wp\/v2\/product\/22685","targetHints":{"allow":["GET"]}}],"collection":[{"href":"https:\/\/staging.belleflamme.ca\/en\/wp-json\/wp\/v2\/product"}],"about":[{"href":"https:\/\/staging.belleflamme.ca\/en\/wp-json\/wp\/v2\/types\/product"}],"version-history":[{"count":4,"href":"https:\/\/staging.belleflamme.ca\/en\/wp-json\/wp\/v2\/product\/22685\/revisions"}],"predecessor-version":[{"id":22689,"href":"https:\/\/staging.belleflamme.ca\/en\/wp-json\/wp\/v2\/product\/22685\/revisions\/22689"}],"wp:featuredmedia":[{"embeddable":true,"href":"https:\/\/staging.belleflamme.ca\/en\/wp-json\/wp\/v2\/media\/22680"}],"wp:attachment":[{"href":"https:\/\/staging.belleflamme.ca\/en\/wp-json\/wp\/v2\/media?parent=22685"}],"wp:term":[{"taxonomy":"product_brand","embeddable":true,"href":"https:\/\/staging.belleflamme.ca\/en\/wp-json\/wp\/v2\/product_brand?post=22685"},{"taxonomy":"product_cat","embeddable":true,"href":"https:\/\/staging.belleflamme.ca\/en\/wp-json\/wp\/v2\/product_cat?post=22685"},{"taxonomy":"product_tag","embeddable":true,"href":"https:\/\/staging.belleflamme.ca\/en\/wp-json\/wp\/v2\/product_tag?post=22685"}],"curies":[{"name":"wp","href":"https:\/\/api.w.org\/{rel}","templated":true}]}}