{"id":22509,"date":"2023-11-25T10:57:23","date_gmt":"2023-11-25T15:57:23","guid":{"rendered":"https:\/\/www.belleflamme.ca\/?post_type=product&#038;p=22509"},"modified":"2023-11-25T11:05:30","modified_gmt":"2023-11-25T16:05:30","slug":"drsq38-2-delray-square-gas-fireplace-full-load-by-montigo","status":"publish","type":"product","link":"https:\/\/staging.belleflamme.ca\/en\/product\/drsq38-2-delray-square-gas-fireplace-full-load-by-montigo\/","title":{"rendered":"DRSQ38-2 DelRay Square Gas Fireplace Full Load by Montigo"},"content":{"rendered":"\t\t<div data-elementor-type=\"product-post\" data-elementor-id=\"22509\" class=\"elementor elementor-22509 elementor-22501\" data-elementor-post-type=\"product\">\n\t\t\t\t\t\t<section class=\"elementor-section elementor-top-section elementor-element elementor-element-9f19149 elementor-section-boxed elementor-section-height-default elementor-section-height-default\" data-id=\"9f19149\" data-element_type=\"section\">\n\t\t\t\t\t\t<div class=\"elementor-container elementor-column-gap-default\">\n\t\t\t\t\t<div class=\"elementor-column elementor-col-100 elementor-top-column elementor-element elementor-element-6a89f54c\" data-id=\"6a89f54c\" data-element_type=\"column\">\n\t\t\t<div class=\"elementor-widget-wrap elementor-element-populated\">\n\t\t\t\t\t\t<div class=\"elementor-element elementor-element-1ab9d2cb elementor-widget elementor-widget-text-editor\" data-id=\"1ab9d2cb\" data-element_type=\"widget\" data-widget_type=\"text-editor.default\">\n\t\t\t\t<div class=\"elementor-widget-container\">\n\t\t\t\t\t\t\t\t\t<p><iframe title=\"YouTube video player\" src=\"https:\/\/www.youtube.com\/embed\/gJ8X8eLl4zc?si=TG93NbbOI-K_33mS\" width=\"560\" height=\"315\" frameborder=\"0\" allowfullscreen=\"allowfullscreen\"><\/iframe><\/p><div class=\"js-fade js-fade-up js-delay-1 js-in\"><div class=\"specs-list\"><h2>A More Flexible Fireplace You Can Redesign Anytime!<\/h2><p>Introducing the full load DELRAY Square DRSQ38-2. This Flexible gas fireplace features sleek contemporary styling and a small footprint that\u2019s perfect for new construction and retrofit installations at minimal impact to floor space.<\/p><p>The DELRAY Square is a high efficiency, mobile home compatible fireplace that is ready to customize with any of our stunning logsets or contemporary scenes. Combustible wood facing can be installed right down to the glass opening.<\/p><p>The universal burner system is not only convertible from natural gas to propane, but can switch from traditional to contemporary burner media scenes without changing the burner system.<\/p><p>Additional features include\u00a0<a href=\"https:\/\/www.montigo.com\/blog\/fireplace-heat-management\/\">heat management<\/a>, propane conversion kits, trim kits, and more.<\/p><h2>Heat Management<\/h2><h3>COOL WALL SOLUTIONS<\/h3><p>Because today\u2019s homeowners often want to mount a TV or artwork above their fireplace, heat management and keeping a cool wall is a top concern. Gas fireplaces put out a considerable amount of heat and that can damage delicate electronics. That\u2019s why Montigo has several options for heat control and heat redirection.<\/p><h2>Fireplace Design Inspiration<\/h2><h3>HOTTEST TRENDS IN FIREPLACE DESIGN<\/h3><p>Whether you want to freshen up an existing fireplace with a change of mantel, a bit of paint, a full design overhaul, or replace the unit and create a masterpiece. There are a lot of ways to upgrade and endless materials to choose from.<\/p><p><strong>Standard:<\/strong><\/p><ul><li>Concealed universal burner, multi-function remote control, remote hi-lo flame control, remote controlled fans, micro mesh screen, battery backup, halogen downlighting<\/li><\/ul><p><strong>Options:<\/strong><\/p><ul><li>Heat management, adjustable trim kit, traditional logsets, contemporary scenes, traditional and contemporary liners, propane conversion kit, Speckled Stones, glass media<\/li><\/ul><h3>SPECS AT-A-GLANCE:<\/h3><div class=\"specs-list\"><dl><dt>Max BTU (NG)<\/dt><dd>24,000<\/dd><\/dl><dl><dt>Framing Width<\/dt><dd>40&#8243;<\/dd><\/dl><dl><dt>Framing Height<\/dt><dd>44 7\/16&#8243;<\/dd><\/dl><dl><dt>Framing Depth<\/dt><dd>18&#8243;<\/dd><\/dl><dl><dt>Glass Opening Width<\/dt><dd>33 11\/16&#8243;<\/dd><\/dl><dl><dt>Glass Opening Height<\/dt><dd>22 7\/8&#8243;<\/dd><\/dl><dl><dt>Inner Vent Size<\/dt><dd>5<\/dd><\/dl><dl><dt>Outer Vent Size<\/dt><dd>8<\/dd><\/dl><dl><dt>Commercial<\/dt><dd>No<\/dd><\/dl><dl><dt>Customizable<\/dt><dd>No<\/dd><\/dl><dl><dt>P.4. 1-15 Efficiency NG<\/dt><dd>65.0%<\/dd><\/dl><dl><dt>P.4. 1-15 Efficiency LP<\/dt><dd>61.5%<\/dd><\/dl><\/div><\/div><\/div>\t\t\t\t\t\t\t\t<\/div>\n\t\t\t\t<\/div>\n\t\t\t\t\t<\/div>\n\t\t<\/div>\n\t\t\t\t\t<\/div>\n\t\t<\/section>\n\t\t\t\t<section class=\"elementor-section elementor-top-section elementor-element elementor-element-92e5e47 elementor-section-boxed elementor-section-height-default elementor-section-height-default\" data-id=\"92e5e47\" data-element_type=\"section\">\n\t\t\t\t\t\t<div class=\"elementor-container elementor-column-gap-default\">\n\t\t\t\t\t<div class=\"elementor-column elementor-col-100 elementor-top-column elementor-element elementor-element-7039256\" data-id=\"7039256\" data-element_type=\"column\">\n\t\t\t<div class=\"elementor-widget-wrap elementor-element-populated\">\n\t\t\t\t\t\t<div class=\"elementor-element elementor-element-655ec8d elementor-tabs-view-horizontal elementor-widget elementor-widget-tabs\" data-id=\"655ec8d\" data-element_type=\"widget\" data-widget_type=\"tabs.default\">\n\t\t\t\t<div class=\"elementor-widget-container\">\n\t\t\t\t\t\t\t<div class=\"elementor-tabs\">\n\t\t\t<div class=\"elementor-tabs-wrapper\" role=\"tablist\" >\n\t\t\t\t\t\t\t\t\t<div id=\"elementor-tab-title-1061\" class=\"elementor-tab-title elementor-tab-desktop-title\" aria-selected=\"true\" data-tab=\"1\" role=\"tab\" tabindex=\"0\" aria-controls=\"elementor-tab-content-1061\" aria-expanded=\"false\">Files<\/div>\n\t\t\t\t\t\t\t<\/div>\n\t\t\t<div class=\"elementor-tabs-content-wrapper\" role=\"tablist\" aria-orientation=\"vertical\">\n\t\t\t\t\t\t\t\t\t<div class=\"elementor-tab-title elementor-tab-mobile-title\" aria-selected=\"true\" data-tab=\"1\" role=\"tab\" tabindex=\"0\" aria-controls=\"elementor-tab-content-1061\" aria-expanded=\"false\">Files<\/div>\n\t\t\t\t\t<div id=\"elementor-tab-content-1061\" class=\"elementor-tab-content elementor-clearfix\" data-tab=\"1\" role=\"tabpanel\" aria-labelledby=\"elementor-tab-title-1061\" tabindex=\"0\" hidden=\"false\"><i class=\"far fa-file-pdf fa-xl\" style=\"font-size:35px\"><\/i><a href=\"https:\/\/www.belleflamme.ca\/wp-content\/uploads\/2023\/11\/XB2219-Montigo-Fireplaces-DelRay-Brochure.pdf\"> Brochure<\/a><\/br>\n<i class=\"far fa-file-pdf fa-xl\" style=\"font-size:35px\"><\/i><a href=\"https:\/\/www.belleflamme.ca\/wp-content\/uploads\/2023\/11\/montigo-residential-fireplace-DelRay-Square-spec-sheet-2.pdf\"> Specifications<\/a><\/br>\n<i class=\"far fa-file-pdf fa-xl\" style=\"font-size:35px\"><\/i><a href=\"https:\/\/www.belleflamme.ca\/wp-content\/uploads\/2023\/11\/xg0230-montigo-manual-delray-square-34-38.pdf\"> Installation<\/a><\/br><\/div>\n\t\t\t\t\t\t\t<\/div>\n\t\t<\/div>\n\t\t\t\t\t\t<\/div>\n\t\t\t\t<\/div>\n\t\t\t\t\t<\/div>\n\t\t<\/div>\n\t\t\t\t\t<\/div>\n\t\t<\/section>\n\t\t\t\t<\/div>\n\t\t","protected":false},"excerpt":{"rendered":"<p>A More Flexible Fireplace You Can Redesign Anytime! Introducing the full load DELRAY Square DRSQ38-2. This Flexible gas fireplace features sleek contemporary styling and a small footprint that\u2019s perfect for new construction and retrofit installations at minimal impact to floor space. The DELRAY Square is a high efficiency, mobile home compatible fireplace that is ready [&hellip;]<\/p>\n","protected":false},"featured_media":22503,"template":"","meta":{"inline_featured_image":false},"product_brand":[262],"product_cat":[208,206,193],"product_tag":[],"class_list":{"0":"post-22509","1":"product","2":"type-product","3":"status-publish","4":"has-post-thumbnail","6":"product_brand-montigo-en","7":"product_cat-gas-fireplaces","8":"product_cat-gas-stoves-fireplaces","9":"product_cat-stoves-fireplaces","11":"first","12":"instock","13":"taxable","14":"shipping-taxable","15":"purchasable","16":"product-type-simple"},"yoast_head":"<!-- This site is optimized with the Yoast SEO Premium plugin v24.2 (Yoast SEO v24.2) - https:\/\/yoast.com\/wordpress\/plugins\/seo\/ -->\n<title>DRSQ38-2 DelRay Square Gas Fireplace Full Load by Montigo - Groupe BelleFlamme<\/title>\n<meta name=\"description\" content=\"DRSQ38-2 DelRay Square Gas Fireplace Full Load by Montigo sold and installed by the Belleflamme Group. Laval, Montreal, Gatineau, Drummondville &amp; Saint-Sauveur.\" \/>\n<meta name=\"robots\" content=\"index, follow, max-snippet:-1, max-image-preview:large, max-video-preview:-1\" \/>\n<link rel=\"canonical\" href=\"https:\/\/staging.belleflamme.ca\/en\/product\/drsq38-2-delray-square-gas-fireplace-full-load-by-montigo\/\" \/>\n<meta property=\"og:locale\" content=\"en_US\" \/>\n<meta property=\"og:type\" content=\"article\" \/>\n<meta property=\"og:title\" content=\"DRSQ38-2 DelRay Square Gas Fireplace Full Load by Montigo\" \/>\n<meta property=\"og:description\" content=\"DRSQ38-2 DelRay Square Gas Fireplace Full Load by Montigo sold and installed by the Belleflamme Group. Laval, Montreal, Gatineau, Drummondville &amp; Saint-Sauveur.\" \/>\n<meta property=\"og:url\" content=\"https:\/\/staging.belleflamme.ca\/en\/product\/drsq38-2-delray-square-gas-fireplace-full-load-by-montigo\/\" \/>\n<meta property=\"og:site_name\" content=\"Groupe BelleFlamme\" \/>\n<meta property=\"article:publisher\" content=\"https:\/\/www.facebook.com\/belleflamme.ca\/\" \/>\n<meta property=\"article:modified_time\" content=\"2023-11-25T16:05:30+00:00\" \/>\n<meta property=\"og:image\" content=\"https:\/\/www.belleflamme.ca\/wp-content\/uploads\/2023\/11\/Foyer-au-Gaz-Carre-DRSQ38-2-DelRay-Entierement-Equipe-de-Montigo.jpg\" \/>\n\t<meta property=\"og:image:width\" content=\"1200\" \/>\n\t<meta property=\"og:image:height\" content=\"1360\" \/>\n\t<meta property=\"og:image:type\" content=\"image\/jpeg\" \/>\n<meta name=\"twitter:card\" content=\"summary_large_image\" \/>\n<meta name=\"twitter:label1\" content=\"Price\" \/>\n\t<meta name=\"twitter:data1\" content=\"&#036;5,216.85\" \/>\n\t<meta name=\"twitter:label2\" content=\"Availability\" \/>\n\t<meta name=\"twitter:data2\" content=\"In stock\" \/>\n<script type=\"application\/ld+json\" class=\"yoast-schema-graph\">{\"@context\":\"https:\/\/schema.org\",\"@graph\":[{\"@type\":[\"WebPage\",\"ItemPage\"],\"@id\":\"https:\/\/staging.belleflamme.ca\/en\/product\/drsq38-2-delray-square-gas-fireplace-full-load-by-montigo\/\",\"url\":\"https:\/\/staging.belleflamme.ca\/en\/product\/drsq38-2-delray-square-gas-fireplace-full-load-by-montigo\/\",\"name\":\"DRSQ38-2 DelRay Square Gas Fireplace Full Load by Montigo - Groupe BelleFlamme\",\"isPartOf\":{\"@id\":\"https:\/\/www.belleflamme.ca\/fr\/#website\"},\"primaryImageOfPage\":{\"@id\":\"https:\/\/staging.belleflamme.ca\/en\/product\/drsq38-2-delray-square-gas-fireplace-full-load-by-montigo\/#primaryimage\"},\"image\":{\"@id\":\"https:\/\/staging.belleflamme.ca\/en\/product\/drsq38-2-delray-square-gas-fireplace-full-load-by-montigo\/#primaryimage\"},\"thumbnailUrl\":\"https:\/\/staging.belleflamme.ca\/wp-content\/uploads\/2023\/11\/Foyer-au-Gaz-Carre-DRSQ38-2-DelRay-Entierement-Equipe-de-Montigo.jpg\",\"datePublished\":\"2023-11-25T15:57:23+00:00\",\"dateModified\":\"2023-11-25T16:05:30+00:00\",\"description\":\"DRSQ38-2 DelRay Square Gas Fireplace Full Load by Montigo [get_meta_en_fr]\",\"breadcrumb\":{\"@id\":\"https:\/\/staging.belleflamme.ca\/en\/product\/drsq38-2-delray-square-gas-fireplace-full-load-by-montigo\/#breadcrumb\"},\"inLanguage\":\"en-US\",\"potentialAction\":[{\"@type\":\"ReadAction\",\"target\":[\"https:\/\/staging.belleflamme.ca\/en\/product\/drsq38-2-delray-square-gas-fireplace-full-load-by-montigo\/\"]}]},{\"@type\":\"ImageObject\",\"inLanguage\":\"en-US\",\"@id\":\"https:\/\/staging.belleflamme.ca\/en\/product\/drsq38-2-delray-square-gas-fireplace-full-load-by-montigo\/#primaryimage\",\"url\":\"https:\/\/staging.belleflamme.ca\/wp-content\/uploads\/2023\/11\/Foyer-au-Gaz-Carre-DRSQ38-2-DelRay-Entierement-Equipe-de-Montigo.jpg\",\"contentUrl\":\"https:\/\/staging.belleflamme.ca\/wp-content\/uploads\/2023\/11\/Foyer-au-Gaz-Carre-DRSQ38-2-DelRay-Entierement-Equipe-de-Montigo.jpg\",\"width\":1200,\"height\":1360,\"caption\":\"Foyer au Gaz Carr\u00e9 DRSQ38-2 DelRay Enti\u00e8rement \u00c9quip\u00e9 de Montigo\"},{\"@type\":\"BreadcrumbList\",\"@id\":\"https:\/\/staging.belleflamme.ca\/en\/product\/drsq38-2-delray-square-gas-fireplace-full-load-by-montigo\/#breadcrumb\",\"itemListElement\":[{\"@type\":\"ListItem\",\"position\":1,\"name\":\"Home\",\"item\":\"https:\/\/www.belleflamme.ca\/fr\/\"},{\"@type\":\"ListItem\",\"position\":2,\"name\":\"Shop\",\"item\":\"https:\/\/www.belleflamme.ca\/en\/shop\/\"},{\"@type\":\"ListItem\",\"position\":3,\"name\":\"Stoves &amp; Fireplaces\",\"item\":\"https:\/\/staging.belleflamme.ca\/en\/category\/stoves-fireplaces\/\"},{\"@type\":\"ListItem\",\"position\":4,\"name\":\"Gas Stoves &amp; Fireplaces\",\"item\":\"https:\/\/staging.belleflamme.ca\/en\/category\/stoves-fireplaces\/gas-stoves-fireplaces\/\"},{\"@type\":\"ListItem\",\"position\":5,\"name\":\"Gas fireplaces\",\"item\":\"https:\/\/staging.belleflamme.ca\/en\/category\/stoves-fireplaces\/gas-stoves-fireplaces\/gas-fireplaces\/\"},{\"@type\":\"ListItem\",\"position\":6,\"name\":\"DRSQ38-2 DelRay Square Gas Fireplace Full Load by Montigo\"}]},{\"@type\":\"WebSite\",\"@id\":\"https:\/\/www.belleflamme.ca\/fr\/#website\",\"url\":\"https:\/\/www.belleflamme.ca\/fr\/\",\"name\":\"Groupe Belleflamme\",\"description\":\"La m\u00e9canique du b\u00e2timent dans le sang.\",\"publisher\":{\"@id\":\"https:\/\/www.belleflamme.ca\/fr\/#organization\"},\"potentialAction\":[{\"@type\":\"SearchAction\",\"target\":{\"@type\":\"EntryPoint\",\"urlTemplate\":\"https:\/\/www.belleflamme.ca\/fr\/?s={search_term_string}\"},\"query-input\":{\"@type\":\"PropertyValueSpecification\",\"valueRequired\":true,\"valueName\":\"search_term_string\"}}],\"inLanguage\":\"en-US\"},{\"@type\":[\"Organization\",\"Place\"],\"@id\":\"https:\/\/www.belleflamme.ca\/fr\/#organization\",\"name\":\"Groupe Belleflamme\",\"alternateName\":\"Belleflamme\",\"url\":\"https:\/\/www.belleflamme.ca\/fr\/\",\"logo\":{\"@type\":\"ImageObject\",\"inLanguage\":\"en-US\",\"@id\":\"https:\/\/www.belleflamme.ca\/fr\/#\/schema\/logo\/image\/\",\"url\":\"https:\/\/staging.belleflamme.ca\/wp-content\/uploads\/2023\/01\/og-image.jpg\",\"contentUrl\":\"https:\/\/staging.belleflamme.ca\/wp-content\/uploads\/2023\/01\/og-image.jpg\",\"width\":1200,\"height\":630,\"caption\":\"Groupe Belleflamme\"},\"image\":{\"@id\":\"https:\/\/www.belleflamme.ca\/fr\/#\/schema\/logo\/image\/\"},\"sameAs\":[\"https:\/\/www.facebook.com\/belleflamme.ca\/\",\"https:\/\/www.linkedin.com\/company\/belleflamme\/\",\"https:\/\/www.pinterest.ca\/groupebelleflamme\/\",\"https:\/\/www.instagram.com\/legroupebelleflamme\/\"],\"mainEntityOfPage\":{\"@id\":\"https:\/\/staging.belleflamme.ca\/en\/product\/drsq38-2-delray-square-gas-fireplace-full-load-by-montigo\/\"}}]}<\/script>\n<meta property=\"product:brand\" content=\"Montigo\" \/>\n<meta property=\"product:price:amount\" content=\"5216.85\" \/>\n<meta property=\"product:price:currency\" content=\"CAD\" \/>\n<meta property=\"og:availability\" content=\"instock\" \/>\n<meta property=\"product:availability\" content=\"instock\" \/>\n<meta property=\"product:retailer_item_id\" content=\"MGO DRSQ38NI-2\" \/>\n<meta property=\"product:condition\" content=\"new\" \/>\n<!-- \/ Yoast SEO Premium plugin. -->","yoast_head_json":{"title":"DRSQ38-2 DelRay Square Gas Fireplace Full Load by Montigo - Groupe BelleFlamme","description":"DRSQ38-2 DelRay Square Gas Fireplace Full Load by Montigo sold and installed by the Belleflamme Group. Laval, Montreal, Gatineau, Drummondville & Saint-Sauveur.","robots":{"index":"index","follow":"follow","max-snippet":"max-snippet:-1","max-image-preview":"max-image-preview:large","max-video-preview":"max-video-preview:-1"},"canonical":"https:\/\/staging.belleflamme.ca\/en\/product\/drsq38-2-delray-square-gas-fireplace-full-load-by-montigo\/","og_locale":"en_US","og_type":"article","og_title":"DRSQ38-2 DelRay Square Gas Fireplace Full Load by Montigo","og_description":"DRSQ38-2 DelRay Square Gas Fireplace Full Load by Montigo sold and installed by the Belleflamme Group. Laval, Montreal, Gatineau, Drummondville & Saint-Sauveur.","og_url":"https:\/\/staging.belleflamme.ca\/en\/product\/drsq38-2-delray-square-gas-fireplace-full-load-by-montigo\/","og_site_name":"Groupe BelleFlamme","article_publisher":"https:\/\/www.facebook.com\/belleflamme.ca\/","article_modified_time":"2023-11-25T16:05:30+00:00","og_image":[{"width":1200,"height":1360,"url":"https:\/\/www.belleflamme.ca\/wp-content\/uploads\/2023\/11\/Foyer-au-Gaz-Carre-DRSQ38-2-DelRay-Entierement-Equipe-de-Montigo.jpg","type":"image\/jpeg"}],"twitter_card":"summary_large_image","twitter_misc":{"Price":"&#36;5,216.85","Availability":"In stock"},"schema":{"@context":"https:\/\/schema.org","@graph":[{"@type":["WebPage","ItemPage"],"@id":"https:\/\/staging.belleflamme.ca\/en\/product\/drsq38-2-delray-square-gas-fireplace-full-load-by-montigo\/","url":"https:\/\/staging.belleflamme.ca\/en\/product\/drsq38-2-delray-square-gas-fireplace-full-load-by-montigo\/","name":"DRSQ38-2 DelRay Square Gas Fireplace Full Load by Montigo - Groupe BelleFlamme","isPartOf":{"@id":"https:\/\/www.belleflamme.ca\/fr\/#website"},"primaryImageOfPage":{"@id":"https:\/\/staging.belleflamme.ca\/en\/product\/drsq38-2-delray-square-gas-fireplace-full-load-by-montigo\/#primaryimage"},"image":{"@id":"https:\/\/staging.belleflamme.ca\/en\/product\/drsq38-2-delray-square-gas-fireplace-full-load-by-montigo\/#primaryimage"},"thumbnailUrl":"https:\/\/staging.belleflamme.ca\/wp-content\/uploads\/2023\/11\/Foyer-au-Gaz-Carre-DRSQ38-2-DelRay-Entierement-Equipe-de-Montigo.jpg","datePublished":"2023-11-25T15:57:23+00:00","dateModified":"2023-11-25T16:05:30+00:00","description":"DRSQ38-2 DelRay Square Gas Fireplace Full Load by Montigo [get_meta_en_fr]","breadcrumb":{"@id":"https:\/\/staging.belleflamme.ca\/en\/product\/drsq38-2-delray-square-gas-fireplace-full-load-by-montigo\/#breadcrumb"},"inLanguage":"en-US","potentialAction":[{"@type":"ReadAction","target":["https:\/\/staging.belleflamme.ca\/en\/product\/drsq38-2-delray-square-gas-fireplace-full-load-by-montigo\/"]}]},{"@type":"ImageObject","inLanguage":"en-US","@id":"https:\/\/staging.belleflamme.ca\/en\/product\/drsq38-2-delray-square-gas-fireplace-full-load-by-montigo\/#primaryimage","url":"https:\/\/staging.belleflamme.ca\/wp-content\/uploads\/2023\/11\/Foyer-au-Gaz-Carre-DRSQ38-2-DelRay-Entierement-Equipe-de-Montigo.jpg","contentUrl":"https:\/\/staging.belleflamme.ca\/wp-content\/uploads\/2023\/11\/Foyer-au-Gaz-Carre-DRSQ38-2-DelRay-Entierement-Equipe-de-Montigo.jpg","width":1200,"height":1360,"caption":"Foyer au Gaz Carr\u00e9 DRSQ38-2 DelRay Enti\u00e8rement \u00c9quip\u00e9 de Montigo"},{"@type":"BreadcrumbList","@id":"https:\/\/staging.belleflamme.ca\/en\/product\/drsq38-2-delray-square-gas-fireplace-full-load-by-montigo\/#breadcrumb","itemListElement":[{"@type":"ListItem","position":1,"name":"Home","item":"https:\/\/www.belleflamme.ca\/fr\/"},{"@type":"ListItem","position":2,"name":"Shop","item":"https:\/\/www.belleflamme.ca\/en\/shop\/"},{"@type":"ListItem","position":3,"name":"Stoves &amp; Fireplaces","item":"https:\/\/staging.belleflamme.ca\/en\/category\/stoves-fireplaces\/"},{"@type":"ListItem","position":4,"name":"Gas Stoves &amp; Fireplaces","item":"https:\/\/staging.belleflamme.ca\/en\/category\/stoves-fireplaces\/gas-stoves-fireplaces\/"},{"@type":"ListItem","position":5,"name":"Gas fireplaces","item":"https:\/\/staging.belleflamme.ca\/en\/category\/stoves-fireplaces\/gas-stoves-fireplaces\/gas-fireplaces\/"},{"@type":"ListItem","position":6,"name":"DRSQ38-2 DelRay Square Gas Fireplace Full Load by Montigo"}]},{"@type":"WebSite","@id":"https:\/\/www.belleflamme.ca\/fr\/#website","url":"https:\/\/www.belleflamme.ca\/fr\/","name":"Groupe Belleflamme","description":"La m\u00e9canique du b\u00e2timent dans le sang.","publisher":{"@id":"https:\/\/www.belleflamme.ca\/fr\/#organization"},"potentialAction":[{"@type":"SearchAction","target":{"@type":"EntryPoint","urlTemplate":"https:\/\/www.belleflamme.ca\/fr\/?s={search_term_string}"},"query-input":{"@type":"PropertyValueSpecification","valueRequired":true,"valueName":"search_term_string"}}],"inLanguage":"en-US"},{"@type":["Organization","Place"],"@id":"https:\/\/www.belleflamme.ca\/fr\/#organization","name":"Groupe Belleflamme","alternateName":"Belleflamme","url":"https:\/\/www.belleflamme.ca\/fr\/","logo":{"@type":"ImageObject","inLanguage":"en-US","@id":"https:\/\/www.belleflamme.ca\/fr\/#\/schema\/logo\/image\/","url":"https:\/\/staging.belleflamme.ca\/wp-content\/uploads\/2023\/01\/og-image.jpg","contentUrl":"https:\/\/staging.belleflamme.ca\/wp-content\/uploads\/2023\/01\/og-image.jpg","width":1200,"height":630,"caption":"Groupe Belleflamme"},"image":{"@id":"https:\/\/www.belleflamme.ca\/fr\/#\/schema\/logo\/image\/"},"sameAs":["https:\/\/www.facebook.com\/belleflamme.ca\/","https:\/\/www.linkedin.com\/company\/belleflamme\/","https:\/\/www.pinterest.ca\/groupebelleflamme\/","https:\/\/www.instagram.com\/legroupebelleflamme\/"],"mainEntityOfPage":{"@id":"https:\/\/staging.belleflamme.ca\/en\/product\/drsq38-2-delray-square-gas-fireplace-full-load-by-montigo\/"}}]},"product_brand":"Montigo","product_price_amount":"5216.85","product_price_currency":"CAD","og_availability":"instock","product_availability":"instock","product_retailer_item_id":"MGO DRSQ38NI-2","product_condition":"new"},"_links":{"self":[{"href":"https:\/\/staging.belleflamme.ca\/en\/wp-json\/wp\/v2\/product\/22509","targetHints":{"allow":["GET"]}}],"collection":[{"href":"https:\/\/staging.belleflamme.ca\/en\/wp-json\/wp\/v2\/product"}],"about":[{"href":"https:\/\/staging.belleflamme.ca\/en\/wp-json\/wp\/v2\/types\/product"}],"version-history":[{"count":4,"href":"https:\/\/staging.belleflamme.ca\/en\/wp-json\/wp\/v2\/product\/22509\/revisions"}],"predecessor-version":[{"id":22513,"href":"https:\/\/staging.belleflamme.ca\/en\/wp-json\/wp\/v2\/product\/22509\/revisions\/22513"}],"wp:featuredmedia":[{"embeddable":true,"href":"https:\/\/staging.belleflamme.ca\/en\/wp-json\/wp\/v2\/media\/22503"}],"wp:attachment":[{"href":"https:\/\/staging.belleflamme.ca\/en\/wp-json\/wp\/v2\/media?parent=22509"}],"wp:term":[{"taxonomy":"product_brand","embeddable":true,"href":"https:\/\/staging.belleflamme.ca\/en\/wp-json\/wp\/v2\/product_brand?post=22509"},{"taxonomy":"product_cat","embeddable":true,"href":"https:\/\/staging.belleflamme.ca\/en\/wp-json\/wp\/v2\/product_cat?post=22509"},{"taxonomy":"product_tag","embeddable":true,"href":"https:\/\/staging.belleflamme.ca\/en\/wp-json\/wp\/v2\/product_tag?post=22509"}],"curies":[{"name":"wp","href":"https:\/\/api.w.org\/{rel}","templated":true}]}}