{"id":22392,"date":"2023-11-24T15:13:37","date_gmt":"2023-11-24T20:13:37","guid":{"rendered":"https:\/\/www.belleflamme.ca\/?post_type=product&#038;p=22392"},"modified":"2023-11-24T15:18:36","modified_gmt":"2023-11-24T20:18:36","slug":"drl4813-2-delray-full-load-linear-gas-fireplace-by-montigo","status":"publish","type":"product","link":"https:\/\/staging.belleflamme.ca\/en\/product\/drl4813-2-delray-full-load-linear-gas-fireplace-by-montigo\/","title":{"rendered":"DRL4813-2 DelRay Full Load Linear Gas Fireplace by Montigo"},"content":{"rendered":"\t\t<div data-elementor-type=\"product-post\" data-elementor-id=\"22392\" class=\"elementor elementor-22392 elementor-22384\" data-elementor-post-type=\"product\">\n\t\t\t\t\t\t<section class=\"elementor-section elementor-top-section elementor-element elementor-element-79d12e0c elementor-section-boxed elementor-section-height-default elementor-section-height-default\" data-id=\"79d12e0c\" data-element_type=\"section\">\n\t\t\t\t\t\t<div class=\"elementor-container elementor-column-gap-default\">\n\t\t\t\t\t<div class=\"elementor-column elementor-col-100 elementor-top-column elementor-element elementor-element-65d0b8fb\" data-id=\"65d0b8fb\" data-element_type=\"column\">\n\t\t\t<div class=\"elementor-widget-wrap elementor-element-populated\">\n\t\t\t\t\t\t<div class=\"elementor-element elementor-element-3debd0b9 elementor-widget elementor-widget-text-editor\" data-id=\"3debd0b9\" data-element_type=\"widget\" data-widget_type=\"text-editor.default\">\n\t\t\t\t<div class=\"elementor-widget-container\">\n\t\t\t\t\t\t\t\t\t<p><iframe title=\"YouTube video player\" src=\"https:\/\/www.youtube.com\/embed\/QmYoM9DACbg?si=X5uiLIjzQ_FMKwtw\" width=\"560\" height=\"315\" frameborder=\"0\" allowfullscreen=\"allowfullscreen\"><\/iframe><\/p><h2>Minimalist &amp; Elegantly Simple<\/h2><p>Introducing the DELRAY Linear DRL4813-2. This minimalist residential gas fireplace offers elegance and efficiency at an entry level price point.<\/p><p>At a slim 14 \u00bc\u201d framing depth and 4\/7 direct venting, the DELRAY can add sleek contemporary styling to both new construction and retrofit installations at minimal impact to floor space.<\/p><p>The DELRAY Linear is a high efficiency, mobile home compatible fireplace that is ready to customize with any of our stunning burner media options. Combustible wood facing can be installed right down to the glass opening.<\/p><p>Additional features include\u00a0<a href=\"https:\/\/www.montigo.com\/blog\/fireplace-heat-management\/\">heat management<\/a>, propane conversion kits, trim kits, and more.<\/p><h2>Heat Management<\/h2><h3>COOL WALL SOLUTIONS<\/h3><p>Because today\u2019s homeowners often want to mount a TV or artwork above their fireplace, heat management and keeping a cool wall is a top concern. Gas fireplaces put out a considerable amount of heat and that can damage delicate electronics. That\u2019s why Montigo has several options for heat control and heat redirection.<\/p><h2>Fireplace Design Inspiration<\/h2><h3>HOTTEST TRENDS IN FIREPLACE DESIGN<\/h3><p>Whether you want to freshen up an existing fireplace with a change of mantel, a bit of paint, a full design overhaul, or replace the unit and create a masterpiece. There are a lot of ways to upgrade and endless materials to choose from.<\/p><div class=\"js-fade js-fade-up js-delay-1 js-in\"><p><strong>Standard:<\/strong><\/p><ul><li>Concealed burner with Ice fireglass, multi-function remote control, remote controlled fans, micro mesh safety screen, black reflective glass, halogen downlighting, battery backup<\/li><\/ul><p><strong>Options:<\/strong><\/p><ul><li>Propane conversion kit, adjustable trim kit, Driftwood &amp; Speckled Stones media, glass media, heat management kit<\/li><\/ul><h3>SPECS AT-A-GLANCE:<\/h3><div class=\"specs-list\"><dl><dt>Max BTU (NG)<\/dt><dd>21,000<\/dd><\/dl><dl><dt>Framing Width<\/dt><dd>55 3\/8&#8243;<\/dd><\/dl><dl><dt>Framing Height<\/dt><dd>34&#8243;<\/dd><\/dl><dl><dt>Framing Depth<\/dt><dd>14 1\/4&#8243;<\/dd><\/dl><dl><dt>Glass Opening Width<\/dt><dd>48 1\/2&#8243;<\/dd><\/dl><dl><dt>Glass Opening Height<\/dt><dd>14 11\/16&#8243;<\/dd><\/dl><dl><dt>Inner Vent Size<\/dt><dd>4<\/dd><\/dl><dl><dt>Outer Vent Size<\/dt><dd>7<\/dd><\/dl><dl><dt>Commercial<\/dt><dd>No<\/dd><\/dl><dl><dt>Customizable<\/dt><dd>No<\/dd><\/dl><dl><dt>P.4. 1-15 Efficiency NG<\/dt><dd>63.0%<\/dd><\/dl><dl><dt>P.4. 1-15 Efficiency LP<\/dt><dd>60.0%<\/dd><\/dl><\/div><\/div><div class=\"js-fade js-fade-up js-delay-2 js-in\">\u00a0<\/div>\t\t\t\t\t\t\t\t<\/div>\n\t\t\t\t<\/div>\n\t\t\t\t\t<\/div>\n\t\t<\/div>\n\t\t\t\t\t<\/div>\n\t\t<\/section>\n\t\t\t\t<section class=\"elementor-section elementor-top-section elementor-element elementor-element-dc6425a elementor-section-boxed elementor-section-height-default elementor-section-height-default\" data-id=\"dc6425a\" data-element_type=\"section\">\n\t\t\t\t\t\t<div class=\"elementor-container elementor-column-gap-default\">\n\t\t\t\t\t<div class=\"elementor-column elementor-col-100 elementor-top-column elementor-element elementor-element-a6aa1a5\" data-id=\"a6aa1a5\" data-element_type=\"column\">\n\t\t\t<div class=\"elementor-widget-wrap elementor-element-populated\">\n\t\t\t\t\t\t<div class=\"elementor-element elementor-element-cc84e38 elementor-tabs-view-horizontal elementor-widget elementor-widget-tabs\" data-id=\"cc84e38\" data-element_type=\"widget\" data-widget_type=\"tabs.default\">\n\t\t\t\t<div class=\"elementor-widget-container\">\n\t\t\t\t\t\t\t<div class=\"elementor-tabs\">\n\t\t\t<div class=\"elementor-tabs-wrapper\" role=\"tablist\" >\n\t\t\t\t\t\t\t\t\t<div id=\"elementor-tab-title-2141\" class=\"elementor-tab-title elementor-tab-desktop-title\" aria-selected=\"true\" data-tab=\"1\" role=\"tab\" tabindex=\"0\" aria-controls=\"elementor-tab-content-2141\" aria-expanded=\"false\">Files<\/div>\n\t\t\t\t\t\t\t<\/div>\n\t\t\t<div class=\"elementor-tabs-content-wrapper\" role=\"tablist\" aria-orientation=\"vertical\">\n\t\t\t\t\t\t\t\t\t<div class=\"elementor-tab-title elementor-tab-mobile-title\" aria-selected=\"true\" data-tab=\"1\" role=\"tab\" tabindex=\"0\" aria-controls=\"elementor-tab-content-2141\" aria-expanded=\"false\">Files<\/div>\n\t\t\t\t\t<div id=\"elementor-tab-content-2141\" class=\"elementor-tab-content elementor-clearfix\" data-tab=\"1\" role=\"tabpanel\" aria-labelledby=\"elementor-tab-title-2141\" tabindex=\"0\" hidden=\"false\"><i class=\"far fa-file-pdf fa-xl\" style=\"font-size:35px\"><\/i><a href=\"https:\/\/www.belleflamme.ca\/wp-content\/uploads\/2023\/11\/XB2219-Montigo-Fireplaces-DelRay-Brochure.pdf\"> Brochure<\/a><\/br>\n<i class=\"far fa-file-pdf fa-xl\" style=\"font-size:35px\"><\/i><a href=\"https:\/\/www.belleflamme.ca\/wp-content\/uploads\/2023\/11\/montigo-residential-fireplace-DelRay-Linear-spec-sheet-2.pdf\"> Specifications<\/a><\/br>\n<i class=\"far fa-file-pdf fa-xl\" style=\"font-size:35px\"><\/i><a href=\"https:\/\/www.belleflamme.ca\/wp-content\/uploads\/2023\/11\/xg0226-montigo-manual-delray-linear.pdf\"> Installation<\/a><\/br><\/div>\n\t\t\t\t\t\t\t<\/div>\n\t\t<\/div>\n\t\t\t\t\t\t<\/div>\n\t\t\t\t<\/div>\n\t\t\t\t\t<\/div>\n\t\t<\/div>\n\t\t\t\t\t<\/div>\n\t\t<\/section>\n\t\t\t\t<\/div>\n\t\t","protected":false},"excerpt":{"rendered":"<p>Minimalist &amp; Elegantly Simple Introducing the DELRAY Linear DRL4813-2. This minimalist residential gas fireplace offers elegance and efficiency at an entry level price point. At a slim 14 \u00bc\u201d framing depth and 4\/7 direct venting, the DELRAY can add sleek contemporary styling to both new construction and retrofit installations at minimal impact to floor space. [&hellip;]<\/p>\n","protected":false},"featured_media":48055,"template":"","meta":{"inline_featured_image":false},"product_brand":[262],"product_cat":[208,206,193],"product_tag":[],"class_list":{"0":"post-22392","1":"product","2":"type-product","3":"status-publish","4":"has-post-thumbnail","6":"product_brand-montigo-en","7":"product_cat-gas-fireplaces","8":"product_cat-gas-stoves-fireplaces","9":"product_cat-stoves-fireplaces","11":"first","12":"instock","13":"taxable","14":"shipping-taxable","15":"purchasable","16":"product-type-simple"},"yoast_head":"<!-- This site is optimized with the Yoast SEO Premium plugin v24.2 (Yoast SEO v24.2) - https:\/\/yoast.com\/wordpress\/plugins\/seo\/ -->\n<title>DRL4813-2 DelRay Full Load Linear Gas Fireplace by Montigo - Groupe BelleFlamme<\/title>\n<meta name=\"description\" content=\"DRL4813-2 DelRay Full Load Linear Gas Fireplace by Montigo sold and installed by the Belleflamme Group. Laval, Montreal, Gatineau, Drummondville &amp; Saint-Sauveur.\" \/>\n<meta name=\"robots\" content=\"index, follow, max-snippet:-1, max-image-preview:large, max-video-preview:-1\" \/>\n<link rel=\"canonical\" href=\"https:\/\/staging.belleflamme.ca\/en\/product\/drl4813-2-delray-full-load-linear-gas-fireplace-by-montigo\/\" \/>\n<meta property=\"og:locale\" content=\"en_US\" \/>\n<meta property=\"og:type\" content=\"article\" \/>\n<meta property=\"og:title\" content=\"DRL4813-2 DelRay Full Load Linear Gas Fireplace by Montigo\" \/>\n<meta property=\"og:description\" content=\"DRL4813-2 DelRay Full Load Linear Gas Fireplace by Montigo sold and installed by the Belleflamme Group. Laval, Montreal, Gatineau, Drummondville &amp; Saint-Sauveur.\" \/>\n<meta property=\"og:url\" content=\"https:\/\/staging.belleflamme.ca\/en\/product\/drl4813-2-delray-full-load-linear-gas-fireplace-by-montigo\/\" \/>\n<meta property=\"og:site_name\" content=\"Groupe BelleFlamme\" \/>\n<meta property=\"article:publisher\" content=\"https:\/\/www.facebook.com\/belleflamme.ca\/\" \/>\n<meta property=\"article:modified_time\" content=\"2023-11-24T20:18:36+00:00\" \/>\n<meta property=\"og:image\" content=\"https:\/\/www.belleflamme.ca\/wp-content\/uploads\/2023\/11\/Foyer-au-Gaz-Lineaire-DelRay-Entierement-equipe-DRL4813-2-de-Montigo.jpg\" \/>\n\t<meta property=\"og:image:width\" content=\"1200\" \/>\n\t<meta property=\"og:image:height\" content=\"1360\" \/>\n\t<meta property=\"og:image:type\" content=\"image\/jpeg\" \/>\n<meta name=\"twitter:card\" content=\"summary_large_image\" \/>\n<meta name=\"twitter:label1\" content=\"Price\" \/>\n\t<meta name=\"twitter:data1\" content=\"&#036;6,088.50\" \/>\n\t<meta name=\"twitter:label2\" content=\"Availability\" \/>\n\t<meta name=\"twitter:data2\" content=\"In stock\" \/>\n<script type=\"application\/ld+json\" class=\"yoast-schema-graph\">{\"@context\":\"https:\/\/schema.org\",\"@graph\":[{\"@type\":[\"WebPage\",\"ItemPage\"],\"@id\":\"https:\/\/staging.belleflamme.ca\/en\/product\/drl4813-2-delray-full-load-linear-gas-fireplace-by-montigo\/\",\"url\":\"https:\/\/staging.belleflamme.ca\/en\/product\/drl4813-2-delray-full-load-linear-gas-fireplace-by-montigo\/\",\"name\":\"DRL4813-2 DelRay Full Load Linear Gas Fireplace by Montigo - Groupe BelleFlamme\",\"isPartOf\":{\"@id\":\"https:\/\/www.belleflamme.ca\/fr\/#website\"},\"primaryImageOfPage\":{\"@id\":\"https:\/\/staging.belleflamme.ca\/en\/product\/drl4813-2-delray-full-load-linear-gas-fireplace-by-montigo\/#primaryimage\"},\"image\":{\"@id\":\"https:\/\/staging.belleflamme.ca\/en\/product\/drl4813-2-delray-full-load-linear-gas-fireplace-by-montigo\/#primaryimage\"},\"thumbnailUrl\":\"https:\/\/staging.belleflamme.ca\/wp-content\/uploads\/2023\/11\/Foyer-au-Gaz-Lineaire-DelRay-Entierement-equipe-DRL4813-2-de-Montigo.webp\",\"datePublished\":\"2023-11-24T20:13:37+00:00\",\"dateModified\":\"2023-11-24T20:18:36+00:00\",\"description\":\"DRL4813-2 DelRay Full Load Linear Gas Fireplace by Montigo [get_meta_en_fr]\",\"breadcrumb\":{\"@id\":\"https:\/\/staging.belleflamme.ca\/en\/product\/drl4813-2-delray-full-load-linear-gas-fireplace-by-montigo\/#breadcrumb\"},\"inLanguage\":\"en-US\",\"potentialAction\":[{\"@type\":\"ReadAction\",\"target\":[\"https:\/\/staging.belleflamme.ca\/en\/product\/drl4813-2-delray-full-load-linear-gas-fireplace-by-montigo\/\"]}]},{\"@type\":\"ImageObject\",\"inLanguage\":\"en-US\",\"@id\":\"https:\/\/staging.belleflamme.ca\/en\/product\/drl4813-2-delray-full-load-linear-gas-fireplace-by-montigo\/#primaryimage\",\"url\":\"https:\/\/staging.belleflamme.ca\/wp-content\/uploads\/2023\/11\/Foyer-au-Gaz-Lineaire-DelRay-Entierement-equipe-DRL4813-2-de-Montigo.webp\",\"contentUrl\":\"https:\/\/staging.belleflamme.ca\/wp-content\/uploads\/2023\/11\/Foyer-au-Gaz-Lineaire-DelRay-Entierement-equipe-DRL4813-2-de-Montigo.webp\",\"width\":1200,\"height\":1360,\"caption\":\"Foyer au Gaz Lin\u00e9aire DelRay Enti\u00e8rement \u00e9quip\u00e9 DRL4813-2 de Montigo\"},{\"@type\":\"BreadcrumbList\",\"@id\":\"https:\/\/staging.belleflamme.ca\/en\/product\/drl4813-2-delray-full-load-linear-gas-fireplace-by-montigo\/#breadcrumb\",\"itemListElement\":[{\"@type\":\"ListItem\",\"position\":1,\"name\":\"Home\",\"item\":\"https:\/\/www.belleflamme.ca\/fr\/\"},{\"@type\":\"ListItem\",\"position\":2,\"name\":\"Shop\",\"item\":\"https:\/\/www.belleflamme.ca\/en\/shop\/\"},{\"@type\":\"ListItem\",\"position\":3,\"name\":\"Stoves &amp; Fireplaces\",\"item\":\"https:\/\/staging.belleflamme.ca\/en\/category\/stoves-fireplaces\/\"},{\"@type\":\"ListItem\",\"position\":4,\"name\":\"Gas Stoves &amp; Fireplaces\",\"item\":\"https:\/\/staging.belleflamme.ca\/en\/category\/stoves-fireplaces\/gas-stoves-fireplaces\/\"},{\"@type\":\"ListItem\",\"position\":5,\"name\":\"Gas fireplaces\",\"item\":\"https:\/\/staging.belleflamme.ca\/en\/category\/stoves-fireplaces\/gas-stoves-fireplaces\/gas-fireplaces\/\"},{\"@type\":\"ListItem\",\"position\":6,\"name\":\"DRL4813-2 DelRay Full Load Linear Gas Fireplace by Montigo\"}]},{\"@type\":\"WebSite\",\"@id\":\"https:\/\/www.belleflamme.ca\/fr\/#website\",\"url\":\"https:\/\/www.belleflamme.ca\/fr\/\",\"name\":\"Groupe Belleflamme\",\"description\":\"La m\u00e9canique du b\u00e2timent dans le sang.\",\"publisher\":{\"@id\":\"https:\/\/www.belleflamme.ca\/fr\/#organization\"},\"potentialAction\":[{\"@type\":\"SearchAction\",\"target\":{\"@type\":\"EntryPoint\",\"urlTemplate\":\"https:\/\/www.belleflamme.ca\/fr\/?s={search_term_string}\"},\"query-input\":{\"@type\":\"PropertyValueSpecification\",\"valueRequired\":true,\"valueName\":\"search_term_string\"}}],\"inLanguage\":\"en-US\"},{\"@type\":[\"Organization\",\"Place\"],\"@id\":\"https:\/\/www.belleflamme.ca\/fr\/#organization\",\"name\":\"Groupe Belleflamme\",\"alternateName\":\"Belleflamme\",\"url\":\"https:\/\/www.belleflamme.ca\/fr\/\",\"logo\":{\"@type\":\"ImageObject\",\"inLanguage\":\"en-US\",\"@id\":\"https:\/\/www.belleflamme.ca\/fr\/#\/schema\/logo\/image\/\",\"url\":\"https:\/\/staging.belleflamme.ca\/wp-content\/uploads\/2023\/01\/og-image.jpg\",\"contentUrl\":\"https:\/\/staging.belleflamme.ca\/wp-content\/uploads\/2023\/01\/og-image.jpg\",\"width\":1200,\"height\":630,\"caption\":\"Groupe Belleflamme\"},\"image\":{\"@id\":\"https:\/\/www.belleflamme.ca\/fr\/#\/schema\/logo\/image\/\"},\"sameAs\":[\"https:\/\/www.facebook.com\/belleflamme.ca\/\",\"https:\/\/www.linkedin.com\/company\/belleflamme\/\",\"https:\/\/www.pinterest.ca\/groupebelleflamme\/\",\"https:\/\/www.instagram.com\/legroupebelleflamme\/\"],\"mainEntityOfPage\":{\"@id\":\"https:\/\/staging.belleflamme.ca\/en\/product\/drl4813-2-delray-full-load-linear-gas-fireplace-by-montigo\/\"}}]}<\/script>\n<meta property=\"product:brand\" content=\"Montigo\" \/>\n<meta property=\"product:price:amount\" content=\"6088.50\" \/>\n<meta property=\"product:price:currency\" content=\"CAD\" \/>\n<meta property=\"og:availability\" content=\"instock\" \/>\n<meta property=\"product:availability\" content=\"instock\" \/>\n<meta property=\"product:retailer_item_id\" content=\"MGO DRL4813NI-2\" \/>\n<meta property=\"product:condition\" content=\"new\" \/>\n<!-- \/ Yoast SEO Premium plugin. -->","yoast_head_json":{"title":"DRL4813-2 DelRay Full Load Linear Gas Fireplace by Montigo - Groupe BelleFlamme","description":"DRL4813-2 DelRay Full Load Linear Gas Fireplace by Montigo sold and installed by the Belleflamme Group. Laval, Montreal, Gatineau, Drummondville & Saint-Sauveur.","robots":{"index":"index","follow":"follow","max-snippet":"max-snippet:-1","max-image-preview":"max-image-preview:large","max-video-preview":"max-video-preview:-1"},"canonical":"https:\/\/staging.belleflamme.ca\/en\/product\/drl4813-2-delray-full-load-linear-gas-fireplace-by-montigo\/","og_locale":"en_US","og_type":"article","og_title":"DRL4813-2 DelRay Full Load Linear Gas Fireplace by Montigo","og_description":"DRL4813-2 DelRay Full Load Linear Gas Fireplace by Montigo sold and installed by the Belleflamme Group. Laval, Montreal, Gatineau, Drummondville & Saint-Sauveur.","og_url":"https:\/\/staging.belleflamme.ca\/en\/product\/drl4813-2-delray-full-load-linear-gas-fireplace-by-montigo\/","og_site_name":"Groupe BelleFlamme","article_publisher":"https:\/\/www.facebook.com\/belleflamme.ca\/","article_modified_time":"2023-11-24T20:18:36+00:00","og_image":[{"width":1200,"height":1360,"url":"https:\/\/www.belleflamme.ca\/wp-content\/uploads\/2023\/11\/Foyer-au-Gaz-Lineaire-DelRay-Entierement-equipe-DRL4813-2-de-Montigo.jpg","type":"image\/jpeg"}],"twitter_card":"summary_large_image","twitter_misc":{"Price":"&#36;6,088.50","Availability":"In stock"},"schema":{"@context":"https:\/\/schema.org","@graph":[{"@type":["WebPage","ItemPage"],"@id":"https:\/\/staging.belleflamme.ca\/en\/product\/drl4813-2-delray-full-load-linear-gas-fireplace-by-montigo\/","url":"https:\/\/staging.belleflamme.ca\/en\/product\/drl4813-2-delray-full-load-linear-gas-fireplace-by-montigo\/","name":"DRL4813-2 DelRay Full Load Linear Gas Fireplace by Montigo - Groupe BelleFlamme","isPartOf":{"@id":"https:\/\/www.belleflamme.ca\/fr\/#website"},"primaryImageOfPage":{"@id":"https:\/\/staging.belleflamme.ca\/en\/product\/drl4813-2-delray-full-load-linear-gas-fireplace-by-montigo\/#primaryimage"},"image":{"@id":"https:\/\/staging.belleflamme.ca\/en\/product\/drl4813-2-delray-full-load-linear-gas-fireplace-by-montigo\/#primaryimage"},"thumbnailUrl":"https:\/\/staging.belleflamme.ca\/wp-content\/uploads\/2023\/11\/Foyer-au-Gaz-Lineaire-DelRay-Entierement-equipe-DRL4813-2-de-Montigo.webp","datePublished":"2023-11-24T20:13:37+00:00","dateModified":"2023-11-24T20:18:36+00:00","description":"DRL4813-2 DelRay Full Load Linear Gas Fireplace by Montigo [get_meta_en_fr]","breadcrumb":{"@id":"https:\/\/staging.belleflamme.ca\/en\/product\/drl4813-2-delray-full-load-linear-gas-fireplace-by-montigo\/#breadcrumb"},"inLanguage":"en-US","potentialAction":[{"@type":"ReadAction","target":["https:\/\/staging.belleflamme.ca\/en\/product\/drl4813-2-delray-full-load-linear-gas-fireplace-by-montigo\/"]}]},{"@type":"ImageObject","inLanguage":"en-US","@id":"https:\/\/staging.belleflamme.ca\/en\/product\/drl4813-2-delray-full-load-linear-gas-fireplace-by-montigo\/#primaryimage","url":"https:\/\/staging.belleflamme.ca\/wp-content\/uploads\/2023\/11\/Foyer-au-Gaz-Lineaire-DelRay-Entierement-equipe-DRL4813-2-de-Montigo.webp","contentUrl":"https:\/\/staging.belleflamme.ca\/wp-content\/uploads\/2023\/11\/Foyer-au-Gaz-Lineaire-DelRay-Entierement-equipe-DRL4813-2-de-Montigo.webp","width":1200,"height":1360,"caption":"Foyer au Gaz Lin\u00e9aire DelRay Enti\u00e8rement \u00e9quip\u00e9 DRL4813-2 de Montigo"},{"@type":"BreadcrumbList","@id":"https:\/\/staging.belleflamme.ca\/en\/product\/drl4813-2-delray-full-load-linear-gas-fireplace-by-montigo\/#breadcrumb","itemListElement":[{"@type":"ListItem","position":1,"name":"Home","item":"https:\/\/www.belleflamme.ca\/fr\/"},{"@type":"ListItem","position":2,"name":"Shop","item":"https:\/\/www.belleflamme.ca\/en\/shop\/"},{"@type":"ListItem","position":3,"name":"Stoves &amp; Fireplaces","item":"https:\/\/staging.belleflamme.ca\/en\/category\/stoves-fireplaces\/"},{"@type":"ListItem","position":4,"name":"Gas Stoves &amp; Fireplaces","item":"https:\/\/staging.belleflamme.ca\/en\/category\/stoves-fireplaces\/gas-stoves-fireplaces\/"},{"@type":"ListItem","position":5,"name":"Gas fireplaces","item":"https:\/\/staging.belleflamme.ca\/en\/category\/stoves-fireplaces\/gas-stoves-fireplaces\/gas-fireplaces\/"},{"@type":"ListItem","position":6,"name":"DRL4813-2 DelRay Full Load Linear Gas Fireplace by Montigo"}]},{"@type":"WebSite","@id":"https:\/\/www.belleflamme.ca\/fr\/#website","url":"https:\/\/www.belleflamme.ca\/fr\/","name":"Groupe Belleflamme","description":"La m\u00e9canique du b\u00e2timent dans le sang.","publisher":{"@id":"https:\/\/www.belleflamme.ca\/fr\/#organization"},"potentialAction":[{"@type":"SearchAction","target":{"@type":"EntryPoint","urlTemplate":"https:\/\/www.belleflamme.ca\/fr\/?s={search_term_string}"},"query-input":{"@type":"PropertyValueSpecification","valueRequired":true,"valueName":"search_term_string"}}],"inLanguage":"en-US"},{"@type":["Organization","Place"],"@id":"https:\/\/www.belleflamme.ca\/fr\/#organization","name":"Groupe Belleflamme","alternateName":"Belleflamme","url":"https:\/\/www.belleflamme.ca\/fr\/","logo":{"@type":"ImageObject","inLanguage":"en-US","@id":"https:\/\/www.belleflamme.ca\/fr\/#\/schema\/logo\/image\/","url":"https:\/\/staging.belleflamme.ca\/wp-content\/uploads\/2023\/01\/og-image.jpg","contentUrl":"https:\/\/staging.belleflamme.ca\/wp-content\/uploads\/2023\/01\/og-image.jpg","width":1200,"height":630,"caption":"Groupe Belleflamme"},"image":{"@id":"https:\/\/www.belleflamme.ca\/fr\/#\/schema\/logo\/image\/"},"sameAs":["https:\/\/www.facebook.com\/belleflamme.ca\/","https:\/\/www.linkedin.com\/company\/belleflamme\/","https:\/\/www.pinterest.ca\/groupebelleflamme\/","https:\/\/www.instagram.com\/legroupebelleflamme\/"],"mainEntityOfPage":{"@id":"https:\/\/staging.belleflamme.ca\/en\/product\/drl4813-2-delray-full-load-linear-gas-fireplace-by-montigo\/"}}]},"product_brand":"Montigo","product_price_amount":"6088.50","product_price_currency":"CAD","og_availability":"instock","product_availability":"instock","product_retailer_item_id":"MGO DRL4813NI-2","product_condition":"new"},"_links":{"self":[{"href":"https:\/\/staging.belleflamme.ca\/en\/wp-json\/wp\/v2\/product\/22392","targetHints":{"allow":["GET"]}}],"collection":[{"href":"https:\/\/staging.belleflamme.ca\/en\/wp-json\/wp\/v2\/product"}],"about":[{"href":"https:\/\/staging.belleflamme.ca\/en\/wp-json\/wp\/v2\/types\/product"}],"version-history":[{"count":4,"href":"https:\/\/staging.belleflamme.ca\/en\/wp-json\/wp\/v2\/product\/22392\/revisions"}],"predecessor-version":[{"id":22396,"href":"https:\/\/staging.belleflamme.ca\/en\/wp-json\/wp\/v2\/product\/22392\/revisions\/22396"}],"wp:featuredmedia":[{"embeddable":true,"href":"https:\/\/staging.belleflamme.ca\/en\/wp-json\/wp\/v2\/media\/48055"}],"wp:attachment":[{"href":"https:\/\/staging.belleflamme.ca\/en\/wp-json\/wp\/v2\/media?parent=22392"}],"wp:term":[{"taxonomy":"product_brand","embeddable":true,"href":"https:\/\/staging.belleflamme.ca\/en\/wp-json\/wp\/v2\/product_brand?post=22392"},{"taxonomy":"product_cat","embeddable":true,"href":"https:\/\/staging.belleflamme.ca\/en\/wp-json\/wp\/v2\/product_cat?post=22392"},{"taxonomy":"product_tag","embeddable":true,"href":"https:\/\/staging.belleflamme.ca\/en\/wp-json\/wp\/v2\/product_tag?post=22392"}],"curies":[{"name":"wp","href":"https:\/\/api.w.org\/{rel}","templated":true}]}}