{"id":22285,"date":"2023-11-24T13:31:29","date_gmt":"2023-11-24T18:31:29","guid":{"rendered":"https:\/\/www.belleflamme.ca\/?post_type=product&#038;p=22285"},"modified":"2023-11-24T13:37:28","modified_gmt":"2023-11-24T18:37:28","slug":"gaz-fireplace-insert-34-dvl-deluxe-ember-glo-from-fireplace-xtrordinair","status":"publish","type":"product","link":"https:\/\/staging.belleflamme.ca\/en\/product\/gaz-fireplace-insert-34-dvl-deluxe-ember-glo-from-fireplace-xtrordinair\/","title":{"rendered":"GAZ FIREPLACE INSERT 34 DVL DELUXE EMBER-GLO\u2122 from Fireplace Xtrordinair"},"content":{"rendered":"\t\t<div data-elementor-type=\"product-post\" data-elementor-id=\"22285\" class=\"elementor elementor-22285 elementor-22273\" data-elementor-post-type=\"product\">\n\t\t\t\t\t\t<section class=\"elementor-section elementor-top-section elementor-element elementor-element-621cb6f elementor-section-boxed elementor-section-height-default elementor-section-height-default\" data-id=\"621cb6f\" data-element_type=\"section\">\n\t\t\t\t\t\t<div class=\"elementor-container elementor-column-gap-default\">\n\t\t\t\t\t<div class=\"elementor-column elementor-col-100 elementor-top-column elementor-element elementor-element-3e074a8e\" data-id=\"3e074a8e\" data-element_type=\"column\">\n\t\t\t<div class=\"elementor-widget-wrap elementor-element-populated\">\n\t\t\t\t\t\t<div class=\"elementor-element elementor-element-69c16063 elementor-widget elementor-widget-text-editor\" data-id=\"69c16063\" data-element_type=\"widget\" data-widget_type=\"text-editor.default\">\n\t\t\t\t<div class=\"elementor-widget-container\">\n\t\t\t\t\t\t\t\t\t<iframe src=\"https:\/\/player.vimeo.com\/video\/465417115?h=dc7b1bc037\" width=\"640\" height=\"360\" frameborder=\"0\" allowfullscreen=\"allowfullscreen\"><\/iframe>\r\n\r\n&nbsp;\r\n\r\n<span>Le DVL est notre encastrable au gaz le plus populaire et peut chauffer jusqu&#8217;\u00e0 2 000 pieds carr\u00e9s.\u00a0<\/span><span>Ce mod\u00e8le dispose d&#8217;une g\u00e9n\u00e9reuse zone de visualisation en verre c\u00e9ramique et de votre choix d&#8217;ensembles de b\u00fbches classiques en ch\u00eane, bouleau ou bois flott\u00e9 haute d\u00e9finition.\u00a0<\/span><span>Cet encastrable de luxe est livr\u00e9 enti\u00e8rement \u00e9quip\u00e9 d&#8217;un \u00e9clairage r\u00e9aliste de lit de braises Ember-Glo\u2122, de la t\u00e9l\u00e9commande GreenSmart\u00ae, de lumi\u00e8res d&#8217;accentuation et d&#8217;un ventilateur de convection de 180 CFM.<\/span>\r\n<ul>\r\n \t<li><span>Capacit\u00e9 de chauffage : jusqu&#8217;\u00e0 2 000 pieds carr\u00e9s<\/span><\/li>\r\n \t<li><span>Entr\u00e9e maximale BTU\/HR\u00a0: 40\u00a0000 (NG\/LP)<\/span><\/li>\r\n \t<li><span>Entr\u00e9e minimale BTU\/HR\u00a0: 13\u00a0500 (NG) 9\u00a0600 (LP)<\/span><\/li>\r\n \t<li><span>Efficacit\u00e9 en r\u00e9gime permanent (\u00e9lev\u00e9e)\u00a0: jusqu&#8217;\u00e0 82,17\u00a0% (NG), 83,81\u00a0% (LP)<\/span><\/li>\r\n \t<li><span>Efficacit\u00e9 canadienne P4\u00a0: 72,81\u00a0% (GN), 70,30\u00a0% (LP)<\/span><\/li>\r\n \t<li><span>Dimensions : Hauteur 23-7\/8&#8243; 607 mm (avant), 21-3\/8&#8243; 508 mm (arri\u00e8re), largeur 31-1\/2&#8243; 801 mm (avant) 20&#8243; (508 mm arri\u00e8re), profondeur 14-1\/2&#8243; 369mm<\/span><\/li>\r\n \t<li><span>Zone de visualisation du verre : Verre c\u00e9ramique, 27\u2033 L x 16-1\/8\u2033 H, 437 pouces carr\u00e9s.<\/span><\/li>\r\n<\/ul>\r\n<img decoding=\"async\" src=\"https:\/\/www.fireplacex.com\/wp-content\/uploads\/34DVLEG_Install_A.jpg\" \/>\r\n\r\n<img decoding=\"async\" src=\"https:\/\/www.fireplacex.com\/wp-content\/uploads\/34DVLEG_DIM.jpg\" \/>\t\t\t\t\t\t\t\t<\/div>\n\t\t\t\t<\/div>\n\t\t\t\t\t<\/div>\n\t\t<\/div>\n\t\t\t\t\t<\/div>\n\t\t<\/section>\n\t\t\t\t<section class=\"elementor-section elementor-top-section elementor-element elementor-element-c1aac44 elementor-section-boxed elementor-section-height-default elementor-section-height-default\" data-id=\"c1aac44\" data-element_type=\"section\">\n\t\t\t\t\t\t<div class=\"elementor-container elementor-column-gap-default\">\n\t\t\t\t\t<div class=\"elementor-column elementor-col-100 elementor-top-column elementor-element elementor-element-02de720\" data-id=\"02de720\" data-element_type=\"column\">\n\t\t\t<div class=\"elementor-widget-wrap elementor-element-populated\">\n\t\t\t\t\t\t<div class=\"elementor-element elementor-element-aa30434 elementor-tabs-view-horizontal elementor-widget elementor-widget-tabs\" data-id=\"aa30434\" data-element_type=\"widget\" data-widget_type=\"tabs.default\">\n\t\t\t\t<div class=\"elementor-widget-container\">\n\t\t\t\t\t\t\t<div class=\"elementor-tabs\">\n\t\t\t<div class=\"elementor-tabs-wrapper\" role=\"tablist\" >\n\t\t\t\t\t\t\t\t\t<div id=\"elementor-tab-title-1781\" class=\"elementor-tab-title elementor-tab-desktop-title\" aria-selected=\"true\" data-tab=\"1\" role=\"tab\" tabindex=\"0\" aria-controls=\"elementor-tab-content-1781\" aria-expanded=\"false\">Files<\/div>\n\t\t\t\t\t\t\t<\/div>\n\t\t\t<div class=\"elementor-tabs-content-wrapper\" role=\"tablist\" aria-orientation=\"vertical\">\n\t\t\t\t\t\t\t\t\t<div class=\"elementor-tab-title elementor-tab-mobile-title\" aria-selected=\"true\" data-tab=\"1\" role=\"tab\" tabindex=\"0\" aria-controls=\"elementor-tab-content-1781\" aria-expanded=\"false\">Files<\/div>\n\t\t\t\t\t<div id=\"elementor-tab-content-1781\" class=\"elementor-tab-content elementor-clearfix\" data-tab=\"1\" role=\"tabpanel\" aria-labelledby=\"elementor-tab-title-1781\" tabindex=\"0\" hidden=\"false\"><p><i class=\"far fa-file-pdf fa-xl\" style=\"font-size: 35px;\"><\/i><a href=\"https:\/\/www.belleflamme.ca\/wp-content\/uploads\/2023\/11\/SPF_F34DVL_581.pdf\"> Flyer<\/a><br \/><i class=\"far fa-file-pdf fa-xl\" style=\"font-size: 35px;\"><\/i><a href=\"https:\/\/www.belleflamme.ca\/wp-content\/uploads\/2023\/11\/98801037.pdf\"> Brochure<\/a><br \/><i class=\"far fa-file-pdf fa-xl\" style=\"font-size: 35px;\"><\/i><a href=\"https:\/\/www.belleflamme.ca\/wp-content\/uploads\/2023\/11\/100-01536.pdf\"> Manual<\/a><br \/><i class=\"far fa-file-pdf fa-xl\" style=\"font-size: 35px;\"><\/i>\u00a0<a href=\"https:\/\/www.belleflamme.ca\/wp-content\/uploads\/2023\/11\/Install_guide_insert.pdf\">Worksheet<\/a><\/p><\/div>\n\t\t\t\t\t\t\t<\/div>\n\t\t<\/div>\n\t\t\t\t\t\t<\/div>\n\t\t\t\t<\/div>\n\t\t\t\t\t<\/div>\n\t\t<\/div>\n\t\t\t\t\t<\/div>\n\t\t<\/section>\n\t\t\t\t<\/div>\n\t\t","protected":false},"excerpt":{"rendered":"<p>&nbsp; Le DVL est notre encastrable au gaz le plus populaire et peut chauffer jusqu&#8217;\u00e0 2 000 pieds carr\u00e9s.\u00a0Ce mod\u00e8le dispose d&#8217;une g\u00e9n\u00e9reuse zone de visualisation en verre c\u00e9ramique et de votre choix d&#8217;ensembles de b\u00fbches classiques en ch\u00eane, bouleau ou bois flott\u00e9 haute d\u00e9finition.\u00a0Cet encastrable de luxe est livr\u00e9 enti\u00e8rement \u00e9quip\u00e9 d&#8217;un \u00e9clairage r\u00e9aliste [&hellip;]<\/p>\n","protected":false},"featured_media":22275,"template":"","meta":{"inline_featured_image":false},"product_brand":[258],"product_cat":[207,206,193],"product_tag":[],"class_list":{"0":"post-22285","1":"product","2":"type-product","3":"status-publish","4":"has-post-thumbnail","6":"product_brand-fireplaces-xtrordinair-en","7":"product_cat-gas-inserts","8":"product_cat-gas-stoves-fireplaces","9":"product_cat-stoves-fireplaces","11":"first","12":"instock","13":"taxable","14":"shipping-taxable","15":"purchasable","16":"product-type-simple"},"yoast_head":"<!-- This site is optimized with the Yoast SEO Premium plugin v24.2 (Yoast SEO v24.2) - https:\/\/yoast.com\/wordpress\/plugins\/seo\/ -->\n<title>GAZ FIREPLACE INSERT 34 DVL DELUXE EMBER-GLO\u2122 from Fireplace Xtrordinair - Groupe BelleFlamme<\/title>\n<meta name=\"description\" content=\"GAZ FIREPLACE INSERT 34 DVL DELUXE EMBER-GLO\u2122 from Fireplace Xtrordinair sold and installed by the Belleflamme Group. Laval, Montreal, Gatineau, Drummondville &amp; Saint-Sauveur.\" \/>\n<meta name=\"robots\" content=\"index, follow, max-snippet:-1, max-image-preview:large, max-video-preview:-1\" \/>\n<link rel=\"canonical\" href=\"https:\/\/staging.belleflamme.ca\/en\/product\/gaz-fireplace-insert-34-dvl-deluxe-ember-glo-from-fireplace-xtrordinair\/\" \/>\n<meta property=\"og:locale\" content=\"en_US\" \/>\n<meta property=\"og:type\" content=\"article\" \/>\n<meta property=\"og:title\" content=\"GAZ FIREPLACE INSERT 34 DVL DELUXE EMBER-GLO\u2122 from Fireplace Xtrordinair\" \/>\n<meta property=\"og:description\" content=\"GAZ FIREPLACE INSERT 34 DVL DELUXE EMBER-GLO\u2122 from Fireplace Xtrordinair sold and installed by the Belleflamme Group. Laval, Montreal, Gatineau, Drummondville &amp; Saint-Sauveur.\" \/>\n<meta property=\"og:url\" content=\"https:\/\/staging.belleflamme.ca\/en\/product\/gaz-fireplace-insert-34-dvl-deluxe-ember-glo-from-fireplace-xtrordinair\/\" \/>\n<meta property=\"og:site_name\" content=\"Groupe BelleFlamme\" \/>\n<meta property=\"article:publisher\" content=\"https:\/\/www.facebook.com\/belleflamme.ca\/\" \/>\n<meta property=\"article:modified_time\" content=\"2023-11-24T18:37:28+00:00\" \/>\n<meta property=\"og:image\" content=\"https:\/\/www.belleflamme.ca\/wp-content\/uploads\/2023\/11\/FOYER-ENCASTRABLE-AU-GAZ-34-DVL-DELUXE-EMBER-GLO\u2122-de-Fireplace-Xtrordinair.jpg\" \/>\n\t<meta property=\"og:image:width\" content=\"800\" \/>\n\t<meta property=\"og:image:height\" content=\"600\" \/>\n\t<meta property=\"og:image:type\" content=\"image\/jpeg\" \/>\n<meta name=\"twitter:card\" content=\"summary_large_image\" \/>\n<meta name=\"twitter:label1\" content=\"Price\" \/>\n\t<meta name=\"twitter:data1\" content=\"&#036;6,492.00\" \/>\n\t<meta name=\"twitter:label2\" content=\"Availability\" \/>\n\t<meta name=\"twitter:data2\" content=\"In stock\" \/>\n<script type=\"application\/ld+json\" class=\"yoast-schema-graph\">{\"@context\":\"https:\/\/schema.org\",\"@graph\":[{\"@type\":[\"WebPage\",\"ItemPage\"],\"@id\":\"https:\/\/staging.belleflamme.ca\/en\/product\/gaz-fireplace-insert-34-dvl-deluxe-ember-glo-from-fireplace-xtrordinair\/\",\"url\":\"https:\/\/staging.belleflamme.ca\/en\/product\/gaz-fireplace-insert-34-dvl-deluxe-ember-glo-from-fireplace-xtrordinair\/\",\"name\":\"GAZ FIREPLACE INSERT 34 DVL DELUXE EMBER-GLO\u2122 from Fireplace Xtrordinair - Groupe BelleFlamme\",\"isPartOf\":{\"@id\":\"https:\/\/www.belleflamme.ca\/fr\/#website\"},\"primaryImageOfPage\":{\"@id\":\"https:\/\/staging.belleflamme.ca\/en\/product\/gaz-fireplace-insert-34-dvl-deluxe-ember-glo-from-fireplace-xtrordinair\/#primaryimage\"},\"image\":{\"@id\":\"https:\/\/staging.belleflamme.ca\/en\/product\/gaz-fireplace-insert-34-dvl-deluxe-ember-glo-from-fireplace-xtrordinair\/#primaryimage\"},\"thumbnailUrl\":\"https:\/\/staging.belleflamme.ca\/wp-content\/uploads\/2023\/11\/FOYER-ENCASTRABLE-AU-GAZ-34-DVL-DELUXE-EMBER-GLO\u2122-de-Fireplace-Xtrordinair.jpg\",\"datePublished\":\"2023-11-24T18:31:29+00:00\",\"dateModified\":\"2023-11-24T18:37:28+00:00\",\"description\":\"GAZ FIREPLACE INSERT 34 DVL DELUXE EMBER-GLO\u2122 from Fireplace Xtrordinair [get_meta_en_fr]\",\"breadcrumb\":{\"@id\":\"https:\/\/staging.belleflamme.ca\/en\/product\/gaz-fireplace-insert-34-dvl-deluxe-ember-glo-from-fireplace-xtrordinair\/#breadcrumb\"},\"inLanguage\":\"en-US\",\"potentialAction\":[{\"@type\":\"ReadAction\",\"target\":[\"https:\/\/staging.belleflamme.ca\/en\/product\/gaz-fireplace-insert-34-dvl-deluxe-ember-glo-from-fireplace-xtrordinair\/\"]}]},{\"@type\":\"ImageObject\",\"inLanguage\":\"en-US\",\"@id\":\"https:\/\/staging.belleflamme.ca\/en\/product\/gaz-fireplace-insert-34-dvl-deluxe-ember-glo-from-fireplace-xtrordinair\/#primaryimage\",\"url\":\"https:\/\/staging.belleflamme.ca\/wp-content\/uploads\/2023\/11\/FOYER-ENCASTRABLE-AU-GAZ-34-DVL-DELUXE-EMBER-GLO\u2122-de-Fireplace-Xtrordinair.jpg\",\"contentUrl\":\"https:\/\/staging.belleflamme.ca\/wp-content\/uploads\/2023\/11\/FOYER-ENCASTRABLE-AU-GAZ-34-DVL-DELUXE-EMBER-GLO\u2122-de-Fireplace-Xtrordinair.jpg\",\"width\":800,\"height\":600,\"caption\":\"FOYER ENCASTRABLE AU GAZ 34 DVL DELUXE EMBER-GLO\u2122 de Fireplace Xtrordinair\"},{\"@type\":\"BreadcrumbList\",\"@id\":\"https:\/\/staging.belleflamme.ca\/en\/product\/gaz-fireplace-insert-34-dvl-deluxe-ember-glo-from-fireplace-xtrordinair\/#breadcrumb\",\"itemListElement\":[{\"@type\":\"ListItem\",\"position\":1,\"name\":\"Home\",\"item\":\"https:\/\/www.belleflamme.ca\/fr\/\"},{\"@type\":\"ListItem\",\"position\":2,\"name\":\"Shop\",\"item\":\"https:\/\/www.belleflamme.ca\/en\/shop\/\"},{\"@type\":\"ListItem\",\"position\":3,\"name\":\"Stoves &amp; Fireplaces\",\"item\":\"https:\/\/staging.belleflamme.ca\/en\/category\/stoves-fireplaces\/\"},{\"@type\":\"ListItem\",\"position\":4,\"name\":\"Gas Stoves &amp; Fireplaces\",\"item\":\"https:\/\/staging.belleflamme.ca\/en\/category\/stoves-fireplaces\/gas-stoves-fireplaces\/\"},{\"@type\":\"ListItem\",\"position\":5,\"name\":\"Gas Inserts\",\"item\":\"https:\/\/staging.belleflamme.ca\/en\/category\/stoves-fireplaces\/gas-stoves-fireplaces\/gas-inserts\/\"},{\"@type\":\"ListItem\",\"position\":6,\"name\":\"GAZ FIREPLACE INSERT 34 DVL DELUXE EMBER-GLO\u2122 from Fireplace Xtrordinair\"}]},{\"@type\":\"WebSite\",\"@id\":\"https:\/\/www.belleflamme.ca\/fr\/#website\",\"url\":\"https:\/\/www.belleflamme.ca\/fr\/\",\"name\":\"Groupe Belleflamme\",\"description\":\"La m\u00e9canique du b\u00e2timent dans le sang.\",\"publisher\":{\"@id\":\"https:\/\/www.belleflamme.ca\/fr\/#organization\"},\"potentialAction\":[{\"@type\":\"SearchAction\",\"target\":{\"@type\":\"EntryPoint\",\"urlTemplate\":\"https:\/\/www.belleflamme.ca\/fr\/?s={search_term_string}\"},\"query-input\":{\"@type\":\"PropertyValueSpecification\",\"valueRequired\":true,\"valueName\":\"search_term_string\"}}],\"inLanguage\":\"en-US\"},{\"@type\":[\"Organization\",\"Place\"],\"@id\":\"https:\/\/www.belleflamme.ca\/fr\/#organization\",\"name\":\"Groupe Belleflamme\",\"alternateName\":\"Belleflamme\",\"url\":\"https:\/\/www.belleflamme.ca\/fr\/\",\"logo\":{\"@type\":\"ImageObject\",\"inLanguage\":\"en-US\",\"@id\":\"https:\/\/www.belleflamme.ca\/fr\/#\/schema\/logo\/image\/\",\"url\":\"https:\/\/staging.belleflamme.ca\/wp-content\/uploads\/2023\/01\/og-image.jpg\",\"contentUrl\":\"https:\/\/staging.belleflamme.ca\/wp-content\/uploads\/2023\/01\/og-image.jpg\",\"width\":1200,\"height\":630,\"caption\":\"Groupe Belleflamme\"},\"image\":{\"@id\":\"https:\/\/www.belleflamme.ca\/fr\/#\/schema\/logo\/image\/\"},\"sameAs\":[\"https:\/\/www.facebook.com\/belleflamme.ca\/\",\"https:\/\/www.linkedin.com\/company\/belleflamme\/\",\"https:\/\/www.pinterest.ca\/groupebelleflamme\/\",\"https:\/\/www.instagram.com\/legroupebelleflamme\/\"],\"mainEntityOfPage\":{\"@id\":\"https:\/\/staging.belleflamme.ca\/en\/product\/gaz-fireplace-insert-34-dvl-deluxe-ember-glo-from-fireplace-xtrordinair\/\"}}]}<\/script>\n<meta property=\"product:brand\" content=\"Fireplaces Xtrordinair\" \/>\n<meta property=\"product:price:amount\" content=\"6492.00\" \/>\n<meta property=\"product:price:currency\" content=\"CAD\" \/>\n<meta property=\"og:availability\" content=\"instock\" \/>\n<meta property=\"product:availability\" content=\"instock\" \/>\n<meta property=\"product:retailer_item_id\" content=\"98400376\" \/>\n<meta property=\"product:condition\" content=\"new\" \/>\n<!-- \/ Yoast SEO Premium plugin. -->","yoast_head_json":{"title":"GAZ FIREPLACE INSERT 34 DVL DELUXE EMBER-GLO\u2122 from Fireplace Xtrordinair - Groupe BelleFlamme","description":"GAZ FIREPLACE INSERT 34 DVL DELUXE EMBER-GLO\u2122 from Fireplace Xtrordinair sold and installed by the Belleflamme Group. Laval, Montreal, Gatineau, Drummondville & Saint-Sauveur.","robots":{"index":"index","follow":"follow","max-snippet":"max-snippet:-1","max-image-preview":"max-image-preview:large","max-video-preview":"max-video-preview:-1"},"canonical":"https:\/\/staging.belleflamme.ca\/en\/product\/gaz-fireplace-insert-34-dvl-deluxe-ember-glo-from-fireplace-xtrordinair\/","og_locale":"en_US","og_type":"article","og_title":"GAZ FIREPLACE INSERT 34 DVL DELUXE EMBER-GLO\u2122 from Fireplace Xtrordinair","og_description":"GAZ FIREPLACE INSERT 34 DVL DELUXE EMBER-GLO\u2122 from Fireplace Xtrordinair sold and installed by the Belleflamme Group. Laval, Montreal, Gatineau, Drummondville & Saint-Sauveur.","og_url":"https:\/\/staging.belleflamme.ca\/en\/product\/gaz-fireplace-insert-34-dvl-deluxe-ember-glo-from-fireplace-xtrordinair\/","og_site_name":"Groupe BelleFlamme","article_publisher":"https:\/\/www.facebook.com\/belleflamme.ca\/","article_modified_time":"2023-11-24T18:37:28+00:00","og_image":[{"width":800,"height":600,"url":"https:\/\/www.belleflamme.ca\/wp-content\/uploads\/2023\/11\/FOYER-ENCASTRABLE-AU-GAZ-34-DVL-DELUXE-EMBER-GLO\u2122-de-Fireplace-Xtrordinair.jpg","type":"image\/jpeg"}],"twitter_card":"summary_large_image","twitter_misc":{"Price":"&#36;6,492.00","Availability":"In stock"},"schema":{"@context":"https:\/\/schema.org","@graph":[{"@type":["WebPage","ItemPage"],"@id":"https:\/\/staging.belleflamme.ca\/en\/product\/gaz-fireplace-insert-34-dvl-deluxe-ember-glo-from-fireplace-xtrordinair\/","url":"https:\/\/staging.belleflamme.ca\/en\/product\/gaz-fireplace-insert-34-dvl-deluxe-ember-glo-from-fireplace-xtrordinair\/","name":"GAZ FIREPLACE INSERT 34 DVL DELUXE EMBER-GLO\u2122 from Fireplace Xtrordinair - Groupe BelleFlamme","isPartOf":{"@id":"https:\/\/www.belleflamme.ca\/fr\/#website"},"primaryImageOfPage":{"@id":"https:\/\/staging.belleflamme.ca\/en\/product\/gaz-fireplace-insert-34-dvl-deluxe-ember-glo-from-fireplace-xtrordinair\/#primaryimage"},"image":{"@id":"https:\/\/staging.belleflamme.ca\/en\/product\/gaz-fireplace-insert-34-dvl-deluxe-ember-glo-from-fireplace-xtrordinair\/#primaryimage"},"thumbnailUrl":"https:\/\/staging.belleflamme.ca\/wp-content\/uploads\/2023\/11\/FOYER-ENCASTRABLE-AU-GAZ-34-DVL-DELUXE-EMBER-GLO\u2122-de-Fireplace-Xtrordinair.jpg","datePublished":"2023-11-24T18:31:29+00:00","dateModified":"2023-11-24T18:37:28+00:00","description":"GAZ FIREPLACE INSERT 34 DVL DELUXE EMBER-GLO\u2122 from Fireplace Xtrordinair [get_meta_en_fr]","breadcrumb":{"@id":"https:\/\/staging.belleflamme.ca\/en\/product\/gaz-fireplace-insert-34-dvl-deluxe-ember-glo-from-fireplace-xtrordinair\/#breadcrumb"},"inLanguage":"en-US","potentialAction":[{"@type":"ReadAction","target":["https:\/\/staging.belleflamme.ca\/en\/product\/gaz-fireplace-insert-34-dvl-deluxe-ember-glo-from-fireplace-xtrordinair\/"]}]},{"@type":"ImageObject","inLanguage":"en-US","@id":"https:\/\/staging.belleflamme.ca\/en\/product\/gaz-fireplace-insert-34-dvl-deluxe-ember-glo-from-fireplace-xtrordinair\/#primaryimage","url":"https:\/\/staging.belleflamme.ca\/wp-content\/uploads\/2023\/11\/FOYER-ENCASTRABLE-AU-GAZ-34-DVL-DELUXE-EMBER-GLO\u2122-de-Fireplace-Xtrordinair.jpg","contentUrl":"https:\/\/staging.belleflamme.ca\/wp-content\/uploads\/2023\/11\/FOYER-ENCASTRABLE-AU-GAZ-34-DVL-DELUXE-EMBER-GLO\u2122-de-Fireplace-Xtrordinair.jpg","width":800,"height":600,"caption":"FOYER ENCASTRABLE AU GAZ 34 DVL DELUXE EMBER-GLO\u2122 de Fireplace Xtrordinair"},{"@type":"BreadcrumbList","@id":"https:\/\/staging.belleflamme.ca\/en\/product\/gaz-fireplace-insert-34-dvl-deluxe-ember-glo-from-fireplace-xtrordinair\/#breadcrumb","itemListElement":[{"@type":"ListItem","position":1,"name":"Home","item":"https:\/\/www.belleflamme.ca\/fr\/"},{"@type":"ListItem","position":2,"name":"Shop","item":"https:\/\/www.belleflamme.ca\/en\/shop\/"},{"@type":"ListItem","position":3,"name":"Stoves &amp; Fireplaces","item":"https:\/\/staging.belleflamme.ca\/en\/category\/stoves-fireplaces\/"},{"@type":"ListItem","position":4,"name":"Gas Stoves &amp; Fireplaces","item":"https:\/\/staging.belleflamme.ca\/en\/category\/stoves-fireplaces\/gas-stoves-fireplaces\/"},{"@type":"ListItem","position":5,"name":"Gas Inserts","item":"https:\/\/staging.belleflamme.ca\/en\/category\/stoves-fireplaces\/gas-stoves-fireplaces\/gas-inserts\/"},{"@type":"ListItem","position":6,"name":"GAZ FIREPLACE INSERT 34 DVL DELUXE EMBER-GLO\u2122 from Fireplace Xtrordinair"}]},{"@type":"WebSite","@id":"https:\/\/www.belleflamme.ca\/fr\/#website","url":"https:\/\/www.belleflamme.ca\/fr\/","name":"Groupe Belleflamme","description":"La m\u00e9canique du b\u00e2timent dans le sang.","publisher":{"@id":"https:\/\/www.belleflamme.ca\/fr\/#organization"},"potentialAction":[{"@type":"SearchAction","target":{"@type":"EntryPoint","urlTemplate":"https:\/\/www.belleflamme.ca\/fr\/?s={search_term_string}"},"query-input":{"@type":"PropertyValueSpecification","valueRequired":true,"valueName":"search_term_string"}}],"inLanguage":"en-US"},{"@type":["Organization","Place"],"@id":"https:\/\/www.belleflamme.ca\/fr\/#organization","name":"Groupe Belleflamme","alternateName":"Belleflamme","url":"https:\/\/www.belleflamme.ca\/fr\/","logo":{"@type":"ImageObject","inLanguage":"en-US","@id":"https:\/\/www.belleflamme.ca\/fr\/#\/schema\/logo\/image\/","url":"https:\/\/staging.belleflamme.ca\/wp-content\/uploads\/2023\/01\/og-image.jpg","contentUrl":"https:\/\/staging.belleflamme.ca\/wp-content\/uploads\/2023\/01\/og-image.jpg","width":1200,"height":630,"caption":"Groupe Belleflamme"},"image":{"@id":"https:\/\/www.belleflamme.ca\/fr\/#\/schema\/logo\/image\/"},"sameAs":["https:\/\/www.facebook.com\/belleflamme.ca\/","https:\/\/www.linkedin.com\/company\/belleflamme\/","https:\/\/www.pinterest.ca\/groupebelleflamme\/","https:\/\/www.instagram.com\/legroupebelleflamme\/"],"mainEntityOfPage":{"@id":"https:\/\/staging.belleflamme.ca\/en\/product\/gaz-fireplace-insert-34-dvl-deluxe-ember-glo-from-fireplace-xtrordinair\/"}}]},"product_brand":"Fireplaces Xtrordinair","product_price_amount":"6492.00","product_price_currency":"CAD","og_availability":"instock","product_availability":"instock","product_retailer_item_id":"98400376","product_condition":"new"},"_links":{"self":[{"href":"https:\/\/staging.belleflamme.ca\/en\/wp-json\/wp\/v2\/product\/22285","targetHints":{"allow":["GET"]}}],"collection":[{"href":"https:\/\/staging.belleflamme.ca\/en\/wp-json\/wp\/v2\/product"}],"about":[{"href":"https:\/\/staging.belleflamme.ca\/en\/wp-json\/wp\/v2\/types\/product"}],"version-history":[{"count":4,"href":"https:\/\/staging.belleflamme.ca\/en\/wp-json\/wp\/v2\/product\/22285\/revisions"}],"predecessor-version":[{"id":22289,"href":"https:\/\/staging.belleflamme.ca\/en\/wp-json\/wp\/v2\/product\/22285\/revisions\/22289"}],"wp:featuredmedia":[{"embeddable":true,"href":"https:\/\/staging.belleflamme.ca\/en\/wp-json\/wp\/v2\/media\/22275"}],"wp:attachment":[{"href":"https:\/\/staging.belleflamme.ca\/en\/wp-json\/wp\/v2\/media?parent=22285"}],"wp:term":[{"taxonomy":"product_brand","embeddable":true,"href":"https:\/\/staging.belleflamme.ca\/en\/wp-json\/wp\/v2\/product_brand?post=22285"},{"taxonomy":"product_cat","embeddable":true,"href":"https:\/\/staging.belleflamme.ca\/en\/wp-json\/wp\/v2\/product_cat?post=22285"},{"taxonomy":"product_tag","embeddable":true,"href":"https:\/\/staging.belleflamme.ca\/en\/wp-json\/wp\/v2\/product_tag?post=22285"}],"curies":[{"name":"wp","href":"https:\/\/api.w.org\/{rel}","templated":true}]}}