{"id":15590,"date":"2023-06-07T10:52:27","date_gmt":"2023-06-07T14:52:27","guid":{"rendered":"https:\/\/www.belleflamme.ca\/?post_type=product&#038;p=15590"},"modified":"2023-06-07T10:56:43","modified_gmt":"2023-06-07T14:56:43","slug":"blaze-15-inch-outdoor-refrigerator","status":"publish","type":"product","link":"https:\/\/staging.belleflamme.ca\/en\/product\/blaze-15-inch-outdoor-refrigerator\/","title":{"rendered":"Blaze 15-Inch Outdoor Refrigerator"},"content":{"rendered":"<ul>\n<li>White LED lighting in the cabinet saves you from blindly reaching for drinks at night<\/li>\n<li>Dial in and monitor temperatures in the fridge with a digital thermostat and temperature display<\/li>\n<li>304-grade stainless steel construction is unrivaled in terms of outdoor longevity<\/li>\n<li>1-year limited warranty gets your outdoor refrigeration experience off on the right foot<\/li>\n<li>Slim design is ideal for small spaces and lends a sleek look no matter the setting<\/li>\n<li>Even with a space-saving design, this slim refrigerator can hold up to 74 beverage cans<\/li>\n<\/ul>\n<p>This Blaze 15\u2033 Outdoor Refrigerator features a slim design for small spaces and lends a sleek look no matter the setting. Despite its space-saving design, this low-profile fridge can still hold up to 74 cans of your favorite beverages! White LED lighting, meanwhile, ensures you can find your favorite drinks, day or night. To top it all off, the unit\u2019s heavy-duty, 304-grade stainless steel construction and 1-year limited warranty give you confidence in your new outdoor appliance.<\/p>\n<h2>Product Specs<\/h2>\n<table class=\"woocommerce-product-attributes shop_attributes\">\n<tbody>\n<tr class=\"woocommerce-product-attributes-item woocommerce-product-attributes-item--attribute_overall-dimensions\">\n<th class=\"woocommerce-product-attributes-item__label\">Overall Dimensions<\/th>\n<td class=\"woocommerce-product-attributes-item__value\">34\u00bc\u2033 H \u00d7 14.96\u2033 W \u00d7 23\u00be\u2033 D<\/td>\n<\/tr>\n<tr class=\"woocommerce-product-attributes-item woocommerce-product-attributes-item--attribute_cut-out-dimensions\">\n<th class=\"woocommerce-product-attributes-item__label\">Cut Out Dimensions<\/th>\n<td class=\"woocommerce-product-attributes-item__value\">34 7\/16\u2033 H \u00d7 15 3\/16\u2033 W \u00d7 25\u00be\u2033 D<\/td>\n<\/tr>\n<\/tbody>\n<\/table>\n","protected":false},"excerpt":{"rendered":"<p>White LED lighting in the cabinet saves you from blindly reaching for drinks at night Dial in and monitor temperatures in the fridge with a digital thermostat and temperature display 304-grade stainless steel construction is unrivaled in terms of outdoor longevity 1-year limited warranty gets your outdoor refrigeration experience off on the right foot Slim [&hellip;]<\/p>\n","protected":false},"featured_media":15588,"template":"","meta":{"inline_featured_image":false},"product_brand":[347],"product_cat":[144,354,149],"product_tag":[],"class_list":{"0":"post-15590","1":"product","2":"type-product","3":"status-publish","4":"has-post-thumbnail","6":"product_brand-blaze-en","7":"product_cat-bbq-outdoor-products","8":"product_cat-cabinets-modules","9":"product_cat-outdoor-kitchen","11":"first","12":"instock","13":"taxable","14":"shipping-taxable","15":"product-type-simple"},"yoast_head":"<!-- This site is optimized with the Yoast SEO Premium plugin v24.2 (Yoast SEO v24.2) - https:\/\/yoast.com\/wordpress\/plugins\/seo\/ -->\n<title>Blaze 15-Inch Outdoor Refrigerator - Groupe BelleFlamme<\/title>\n<meta name=\"description\" content=\"Blaze 15-Inch Outdoor Refrigerator sold and installed by the Belleflamme Group. Laval, Montreal, Gatineau, Drummondville &amp; Saint-Sauveur.\" \/>\n<meta name=\"robots\" content=\"index, follow, max-snippet:-1, max-image-preview:large, max-video-preview:-1\" \/>\n<link rel=\"canonical\" href=\"https:\/\/staging.belleflamme.ca\/en\/product\/blaze-15-inch-outdoor-refrigerator\/\" \/>\n<meta property=\"og:locale\" content=\"en_US\" \/>\n<meta property=\"og:type\" content=\"article\" \/>\n<meta property=\"og:title\" content=\"Blaze 15-Inch Outdoor Refrigerator\" \/>\n<meta property=\"og:description\" content=\"Blaze 15-Inch Outdoor Refrigerator sold and installed by the Belleflamme Group. Laval, Montreal, Gatineau, Drummondville &amp; Saint-Sauveur.\" \/>\n<meta property=\"og:url\" content=\"https:\/\/staging.belleflamme.ca\/en\/product\/blaze-15-inch-outdoor-refrigerator\/\" \/>\n<meta property=\"og:site_name\" content=\"Groupe BelleFlamme\" \/>\n<meta property=\"article:publisher\" content=\"https:\/\/www.facebook.com\/belleflamme.ca\/\" \/>\n<meta property=\"article:modified_time\" content=\"2023-06-07T14:56:43+00:00\" \/>\n<meta property=\"og:image\" content=\"https:\/\/www.belleflamme.ca\/wp-content\/uploads\/2023\/06\/Refrigerateur-dexterieur-Blaze-de-15-pouces.webp\" \/>\n\t<meta property=\"og:image:width\" content=\"600\" \/>\n\t<meta property=\"og:image:height\" content=\"600\" \/>\n\t<meta property=\"og:image:type\" content=\"image\/webp\" \/>\n<meta name=\"twitter:card\" content=\"summary_large_image\" \/>\n<meta name=\"twitter:label1\" content=\"Price\" \/>\n\t<meta name=\"twitter:data1\" content=\"\" \/>\n\t<meta name=\"twitter:label2\" content=\"Availability\" \/>\n\t<meta name=\"twitter:data2\" content=\"In stock\" \/>\n<script type=\"application\/ld+json\" class=\"yoast-schema-graph\">{\"@context\":\"https:\/\/schema.org\",\"@graph\":[{\"@type\":[\"WebPage\",\"ItemPage\"],\"@id\":\"https:\/\/staging.belleflamme.ca\/en\/product\/blaze-15-inch-outdoor-refrigerator\/\",\"url\":\"https:\/\/staging.belleflamme.ca\/en\/product\/blaze-15-inch-outdoor-refrigerator\/\",\"name\":\"Blaze 15-Inch Outdoor Refrigerator - Groupe BelleFlamme\",\"isPartOf\":{\"@id\":\"https:\/\/www.belleflamme.ca\/fr\/#website\"},\"primaryImageOfPage\":{\"@id\":\"https:\/\/staging.belleflamme.ca\/en\/product\/blaze-15-inch-outdoor-refrigerator\/#primaryimage\"},\"image\":{\"@id\":\"https:\/\/staging.belleflamme.ca\/en\/product\/blaze-15-inch-outdoor-refrigerator\/#primaryimage\"},\"thumbnailUrl\":\"https:\/\/staging.belleflamme.ca\/wp-content\/uploads\/2023\/06\/Refrigerateur-dexterieur-Blaze-de-15-pouces.webp\",\"datePublished\":\"2023-06-07T14:52:27+00:00\",\"dateModified\":\"2023-06-07T14:56:43+00:00\",\"description\":\"Blaze 15-Inch Outdoor Refrigerator [get_meta_en_fr]\",\"breadcrumb\":{\"@id\":\"https:\/\/staging.belleflamme.ca\/en\/product\/blaze-15-inch-outdoor-refrigerator\/#breadcrumb\"},\"inLanguage\":\"en-US\",\"potentialAction\":[{\"@type\":\"ReadAction\",\"target\":[\"https:\/\/staging.belleflamme.ca\/en\/product\/blaze-15-inch-outdoor-refrigerator\/\"]}]},{\"@type\":\"ImageObject\",\"inLanguage\":\"en-US\",\"@id\":\"https:\/\/staging.belleflamme.ca\/en\/product\/blaze-15-inch-outdoor-refrigerator\/#primaryimage\",\"url\":\"https:\/\/staging.belleflamme.ca\/wp-content\/uploads\/2023\/06\/Refrigerateur-dexterieur-Blaze-de-15-pouces.webp\",\"contentUrl\":\"https:\/\/staging.belleflamme.ca\/wp-content\/uploads\/2023\/06\/Refrigerateur-dexterieur-Blaze-de-15-pouces.webp\",\"width\":600,\"height\":600,\"caption\":\"R\u00e9frig\u00e9rateur d'ext\u00e9rieur Blaze de 15 pouces\"},{\"@type\":\"BreadcrumbList\",\"@id\":\"https:\/\/staging.belleflamme.ca\/en\/product\/blaze-15-inch-outdoor-refrigerator\/#breadcrumb\",\"itemListElement\":[{\"@type\":\"ListItem\",\"position\":1,\"name\":\"Home\",\"item\":\"https:\/\/www.belleflamme.ca\/fr\/\"},{\"@type\":\"ListItem\",\"position\":2,\"name\":\"Shop\",\"item\":\"https:\/\/www.belleflamme.ca\/en\/shop\/\"},{\"@type\":\"ListItem\",\"position\":3,\"name\":\"BBQ &amp; Outdoor Products\",\"item\":\"https:\/\/staging.belleflamme.ca\/en\/category\/bbq-outdoor-products\/\"},{\"@type\":\"ListItem\",\"position\":4,\"name\":\"Outdoor Kitchen\",\"item\":\"https:\/\/staging.belleflamme.ca\/en\/category\/bbq-outdoor-products\/outdoor-kitchen\/\"},{\"@type\":\"ListItem\",\"position\":5,\"name\":\"Cabinets &amp; Modules\",\"item\":\"https:\/\/staging.belleflamme.ca\/en\/category\/bbq-outdoor-products\/outdoor-kitchen\/cabinets-modules\/\"},{\"@type\":\"ListItem\",\"position\":6,\"name\":\"Blaze 15-Inch Outdoor Refrigerator\"}]},{\"@type\":\"WebSite\",\"@id\":\"https:\/\/www.belleflamme.ca\/fr\/#website\",\"url\":\"https:\/\/www.belleflamme.ca\/fr\/\",\"name\":\"Groupe Belleflamme\",\"description\":\"La m\u00e9canique du b\u00e2timent dans le sang.\",\"publisher\":{\"@id\":\"https:\/\/www.belleflamme.ca\/fr\/#organization\"},\"potentialAction\":[{\"@type\":\"SearchAction\",\"target\":{\"@type\":\"EntryPoint\",\"urlTemplate\":\"https:\/\/www.belleflamme.ca\/fr\/?s={search_term_string}\"},\"query-input\":{\"@type\":\"PropertyValueSpecification\",\"valueRequired\":true,\"valueName\":\"search_term_string\"}}],\"inLanguage\":\"en-US\"},{\"@type\":[\"Organization\",\"Place\"],\"@id\":\"https:\/\/www.belleflamme.ca\/fr\/#organization\",\"name\":\"Groupe Belleflamme\",\"alternateName\":\"Belleflamme\",\"url\":\"https:\/\/www.belleflamme.ca\/fr\/\",\"logo\":{\"@type\":\"ImageObject\",\"inLanguage\":\"en-US\",\"@id\":\"https:\/\/www.belleflamme.ca\/fr\/#\/schema\/logo\/image\/\",\"url\":\"https:\/\/staging.belleflamme.ca\/wp-content\/uploads\/2023\/01\/og-image.jpg\",\"contentUrl\":\"https:\/\/staging.belleflamme.ca\/wp-content\/uploads\/2023\/01\/og-image.jpg\",\"width\":1200,\"height\":630,\"caption\":\"Groupe Belleflamme\"},\"image\":{\"@id\":\"https:\/\/www.belleflamme.ca\/fr\/#\/schema\/logo\/image\/\"},\"sameAs\":[\"https:\/\/www.facebook.com\/belleflamme.ca\/\",\"https:\/\/www.linkedin.com\/company\/belleflamme\/\",\"https:\/\/www.pinterest.ca\/groupebelleflamme\/\",\"https:\/\/www.instagram.com\/legroupebelleflamme\/\"],\"mainEntityOfPage\":{\"@id\":\"https:\/\/staging.belleflamme.ca\/en\/product\/blaze-15-inch-outdoor-refrigerator\/\"}}]}<\/script>\n<meta property=\"product:brand\" content=\"Blaze\" \/>\n<meta property=\"product:price:amount\" content=\"0.00\" \/>\n<meta property=\"product:price:currency\" content=\"CAD\" \/>\n<meta property=\"og:availability\" content=\"instock\" \/>\n<meta property=\"product:availability\" content=\"instock\" \/>\n<meta property=\"product:condition\" content=\"new\" \/>\n<!-- \/ Yoast SEO Premium plugin. -->","yoast_head_json":{"title":"Blaze 15-Inch Outdoor Refrigerator - Groupe BelleFlamme","description":"Blaze 15-Inch Outdoor Refrigerator sold and installed by the Belleflamme Group. Laval, Montreal, Gatineau, Drummondville & Saint-Sauveur.","robots":{"index":"index","follow":"follow","max-snippet":"max-snippet:-1","max-image-preview":"max-image-preview:large","max-video-preview":"max-video-preview:-1"},"canonical":"https:\/\/staging.belleflamme.ca\/en\/product\/blaze-15-inch-outdoor-refrigerator\/","og_locale":"en_US","og_type":"article","og_title":"Blaze 15-Inch Outdoor Refrigerator","og_description":"Blaze 15-Inch Outdoor Refrigerator sold and installed by the Belleflamme Group. Laval, Montreal, Gatineau, Drummondville & Saint-Sauveur.","og_url":"https:\/\/staging.belleflamme.ca\/en\/product\/blaze-15-inch-outdoor-refrigerator\/","og_site_name":"Groupe BelleFlamme","article_publisher":"https:\/\/www.facebook.com\/belleflamme.ca\/","article_modified_time":"2023-06-07T14:56:43+00:00","og_image":[{"width":600,"height":600,"url":"https:\/\/www.belleflamme.ca\/wp-content\/uploads\/2023\/06\/Refrigerateur-dexterieur-Blaze-de-15-pouces.webp","type":"image\/webp"}],"twitter_card":"summary_large_image","twitter_misc":{"Price":"","Availability":"In stock"},"schema":{"@context":"https:\/\/schema.org","@graph":[{"@type":["WebPage","ItemPage"],"@id":"https:\/\/staging.belleflamme.ca\/en\/product\/blaze-15-inch-outdoor-refrigerator\/","url":"https:\/\/staging.belleflamme.ca\/en\/product\/blaze-15-inch-outdoor-refrigerator\/","name":"Blaze 15-Inch Outdoor Refrigerator - Groupe BelleFlamme","isPartOf":{"@id":"https:\/\/www.belleflamme.ca\/fr\/#website"},"primaryImageOfPage":{"@id":"https:\/\/staging.belleflamme.ca\/en\/product\/blaze-15-inch-outdoor-refrigerator\/#primaryimage"},"image":{"@id":"https:\/\/staging.belleflamme.ca\/en\/product\/blaze-15-inch-outdoor-refrigerator\/#primaryimage"},"thumbnailUrl":"https:\/\/staging.belleflamme.ca\/wp-content\/uploads\/2023\/06\/Refrigerateur-dexterieur-Blaze-de-15-pouces.webp","datePublished":"2023-06-07T14:52:27+00:00","dateModified":"2023-06-07T14:56:43+00:00","description":"Blaze 15-Inch Outdoor Refrigerator [get_meta_en_fr]","breadcrumb":{"@id":"https:\/\/staging.belleflamme.ca\/en\/product\/blaze-15-inch-outdoor-refrigerator\/#breadcrumb"},"inLanguage":"en-US","potentialAction":[{"@type":"ReadAction","target":["https:\/\/staging.belleflamme.ca\/en\/product\/blaze-15-inch-outdoor-refrigerator\/"]}]},{"@type":"ImageObject","inLanguage":"en-US","@id":"https:\/\/staging.belleflamme.ca\/en\/product\/blaze-15-inch-outdoor-refrigerator\/#primaryimage","url":"https:\/\/staging.belleflamme.ca\/wp-content\/uploads\/2023\/06\/Refrigerateur-dexterieur-Blaze-de-15-pouces.webp","contentUrl":"https:\/\/staging.belleflamme.ca\/wp-content\/uploads\/2023\/06\/Refrigerateur-dexterieur-Blaze-de-15-pouces.webp","width":600,"height":600,"caption":"R\u00e9frig\u00e9rateur d'ext\u00e9rieur Blaze de 15 pouces"},{"@type":"BreadcrumbList","@id":"https:\/\/staging.belleflamme.ca\/en\/product\/blaze-15-inch-outdoor-refrigerator\/#breadcrumb","itemListElement":[{"@type":"ListItem","position":1,"name":"Home","item":"https:\/\/www.belleflamme.ca\/fr\/"},{"@type":"ListItem","position":2,"name":"Shop","item":"https:\/\/www.belleflamme.ca\/en\/shop\/"},{"@type":"ListItem","position":3,"name":"BBQ &amp; Outdoor Products","item":"https:\/\/staging.belleflamme.ca\/en\/category\/bbq-outdoor-products\/"},{"@type":"ListItem","position":4,"name":"Outdoor Kitchen","item":"https:\/\/staging.belleflamme.ca\/en\/category\/bbq-outdoor-products\/outdoor-kitchen\/"},{"@type":"ListItem","position":5,"name":"Cabinets &amp; Modules","item":"https:\/\/staging.belleflamme.ca\/en\/category\/bbq-outdoor-products\/outdoor-kitchen\/cabinets-modules\/"},{"@type":"ListItem","position":6,"name":"Blaze 15-Inch Outdoor Refrigerator"}]},{"@type":"WebSite","@id":"https:\/\/www.belleflamme.ca\/fr\/#website","url":"https:\/\/www.belleflamme.ca\/fr\/","name":"Groupe Belleflamme","description":"La m\u00e9canique du b\u00e2timent dans le sang.","publisher":{"@id":"https:\/\/www.belleflamme.ca\/fr\/#organization"},"potentialAction":[{"@type":"SearchAction","target":{"@type":"EntryPoint","urlTemplate":"https:\/\/www.belleflamme.ca\/fr\/?s={search_term_string}"},"query-input":{"@type":"PropertyValueSpecification","valueRequired":true,"valueName":"search_term_string"}}],"inLanguage":"en-US"},{"@type":["Organization","Place"],"@id":"https:\/\/www.belleflamme.ca\/fr\/#organization","name":"Groupe Belleflamme","alternateName":"Belleflamme","url":"https:\/\/www.belleflamme.ca\/fr\/","logo":{"@type":"ImageObject","inLanguage":"en-US","@id":"https:\/\/www.belleflamme.ca\/fr\/#\/schema\/logo\/image\/","url":"https:\/\/staging.belleflamme.ca\/wp-content\/uploads\/2023\/01\/og-image.jpg","contentUrl":"https:\/\/staging.belleflamme.ca\/wp-content\/uploads\/2023\/01\/og-image.jpg","width":1200,"height":630,"caption":"Groupe Belleflamme"},"image":{"@id":"https:\/\/www.belleflamme.ca\/fr\/#\/schema\/logo\/image\/"},"sameAs":["https:\/\/www.facebook.com\/belleflamme.ca\/","https:\/\/www.linkedin.com\/company\/belleflamme\/","https:\/\/www.pinterest.ca\/groupebelleflamme\/","https:\/\/www.instagram.com\/legroupebelleflamme\/"],"mainEntityOfPage":{"@id":"https:\/\/staging.belleflamme.ca\/en\/product\/blaze-15-inch-outdoor-refrigerator\/"}}]},"product_brand":"Blaze","product_price_amount":"0.00","product_price_currency":"CAD","og_availability":"instock","product_availability":"instock","product_condition":"new"},"_links":{"self":[{"href":"https:\/\/staging.belleflamme.ca\/en\/wp-json\/wp\/v2\/product\/15590","targetHints":{"allow":["GET"]}}],"collection":[{"href":"https:\/\/staging.belleflamme.ca\/en\/wp-json\/wp\/v2\/product"}],"about":[{"href":"https:\/\/staging.belleflamme.ca\/en\/wp-json\/wp\/v2\/types\/product"}],"version-history":[{"count":1,"href":"https:\/\/staging.belleflamme.ca\/en\/wp-json\/wp\/v2\/product\/15590\/revisions"}],"predecessor-version":[{"id":15591,"href":"https:\/\/staging.belleflamme.ca\/en\/wp-json\/wp\/v2\/product\/15590\/revisions\/15591"}],"wp:featuredmedia":[{"embeddable":true,"href":"https:\/\/staging.belleflamme.ca\/en\/wp-json\/wp\/v2\/media\/15588"}],"wp:attachment":[{"href":"https:\/\/staging.belleflamme.ca\/en\/wp-json\/wp\/v2\/media?parent=15590"}],"wp:term":[{"taxonomy":"product_brand","embeddable":true,"href":"https:\/\/staging.belleflamme.ca\/en\/wp-json\/wp\/v2\/product_brand?post=15590"},{"taxonomy":"product_cat","embeddable":true,"href":"https:\/\/staging.belleflamme.ca\/en\/wp-json\/wp\/v2\/product_cat?post=15590"},{"taxonomy":"product_tag","embeddable":true,"href":"https:\/\/staging.belleflamme.ca\/en\/wp-json\/wp\/v2\/product_tag?post=15590"}],"curies":[{"name":"wp","href":"https:\/\/api.w.org\/{rel}","templated":true}]}}