{"id":14762,"date":"2023-05-16T15:53:25","date_gmt":"2023-05-16T19:53:25","guid":{"rendered":"https:\/\/www.belleflamme.ca\/?post_type=product&#038;p=14762"},"modified":"2023-05-16T15:56:43","modified_gmt":"2023-05-16T19:56:43","slug":"blaze-professional-infrared-searing-burner","status":"publish","type":"product","link":"https:\/\/staging.belleflamme.ca\/en\/product\/blaze-professional-infrared-searing-burner\/","title":{"rendered":"Blaze Professional Infrared Searing Burner"},"content":{"rendered":"<ul>\n<li>Powerful infrared burner allows you to sear like a professional<\/li>\n<li>Infrared searing burner locks in flavorful juices and retains moisture<\/li>\n<li>Ideal for searing steaks, pork chops, vegetables and more<\/li>\n<li>Replaces only the left-side standard burner in your Blaze Professional grill<\/li>\n<li>Designed for use with Blaze Professional grills<\/li>\n<\/ul>\n<p>Vous pouvez mettre \u00e0 niveau l&#8217;un des br\u00fbleurs standard de votre gril \u00e0 gaz Blaze Professional avec ce br\u00fbleur infrarouge pour faire passer vos grillades \u00e0 un autre niveau. Ce br\u00fbleur de saisie IR produit un puissant 18 000 BTU pour atteindre les temp\u00e9ratures \u00e9lev\u00e9es n\u00e9cessaires pour saisir des steaks, des c\u00f4telettes de porc, des l\u00e9gumes et plus encore. Il peut facilement \u00eatre remplac\u00e9 par n&#8217;importe quel br\u00fbleur conventionnel sur votre gril Blaze Professional. Le br\u00fbleur infrarouge Sear est garanti pendant 1 an au propri\u00e9taire d&#8217;origine contre les d\u00e9fauts de fabrication et de fabrication. Cette garantie s&#8217;\u00e9tend \u00e0 l&#8217;acheteur d&#8217;origine contre les d\u00e9fauts de fabrication pour les produits achet\u00e9s pour une utilisation domestique unifamiliale ordinaire.<\/p>\n<p>Le br\u00fbleur de saisie est destin\u00e9 \u00e0 remplacer uniquement le br\u00fbleur du c\u00f4t\u00e9 gauche de votre gril Blaze Professional. L&#8217;installation de plus d&#8217;un br\u00fbleur de saisie n&#8217;est pas recommand\u00e9e et peut potentiellement causer des dommages structurels \u00e0 votre gril. Blaze ne garantit aucun dommage aux grils avec plusieurs br\u00fbleurs \u00e0 saisir install\u00e9s.<\/p>\n","protected":false},"excerpt":{"rendered":"<p>Powerful infrared burner allows you to sear like a professional Infrared searing burner locks in flavorful juices and retains moisture Ideal for searing steaks, pork chops, vegetables and more Replaces only the left-side standard burner in your Blaze Professional grill Designed for use with Blaze Professional grills Vous pouvez mettre \u00e0 niveau l&#8217;un des br\u00fbleurs [&hellip;]<\/p>\n","protected":false},"featured_media":14760,"template":"","meta":{"inline_featured_image":false},"product_brand":[347],"product_cat":[144,145],"product_tag":[],"class_list":{"0":"post-14762","1":"product","2":"type-product","3":"status-publish","4":"has-post-thumbnail","6":"product_brand-blaze-en","7":"product_cat-bbq-outdoor-products","8":"product_cat-bbq-accessories","10":"first","11":"instock","12":"taxable","13":"shipping-taxable","14":"product-type-simple"},"yoast_head":"<!-- This site is optimized with the Yoast SEO Premium plugin v24.2 (Yoast SEO v24.2) - https:\/\/yoast.com\/wordpress\/plugins\/seo\/ -->\n<title>Blaze Professional Infrared Searing Burner - Groupe BelleFlamme<\/title>\n<meta name=\"description\" content=\"Blaze Professional Infrared Searing Burner sold and installed by the Belleflamme Group. Laval, Montreal, Gatineau, Drummondville &amp; Saint-Sauveur.\" \/>\n<meta name=\"robots\" content=\"index, follow, max-snippet:-1, max-image-preview:large, max-video-preview:-1\" \/>\n<link rel=\"canonical\" href=\"https:\/\/staging.belleflamme.ca\/en\/product\/blaze-professional-infrared-searing-burner\/\" \/>\n<meta property=\"og:locale\" content=\"en_US\" \/>\n<meta property=\"og:type\" content=\"article\" \/>\n<meta property=\"og:title\" content=\"Blaze Professional Infrared Searing Burner\" \/>\n<meta property=\"og:description\" content=\"Blaze Professional Infrared Searing Burner sold and installed by the Belleflamme Group. Laval, Montreal, Gatineau, Drummondville &amp; Saint-Sauveur.\" \/>\n<meta property=\"og:url\" content=\"https:\/\/staging.belleflamme.ca\/en\/product\/blaze-professional-infrared-searing-burner\/\" \/>\n<meta property=\"og:site_name\" content=\"Groupe BelleFlamme\" \/>\n<meta property=\"article:publisher\" content=\"https:\/\/www.facebook.com\/belleflamme.ca\/\" \/>\n<meta property=\"article:modified_time\" content=\"2023-05-16T19:56:43+00:00\" \/>\n<meta property=\"og:image\" content=\"https:\/\/www.belleflamme.ca\/wp-content\/uploads\/2023\/05\/PRO_IR2-scaled-1.webp\" \/>\n\t<meta property=\"og:image:width\" content=\"1620\" \/>\n\t<meta property=\"og:image:height\" content=\"1080\" \/>\n\t<meta property=\"og:image:type\" content=\"image\/webp\" \/>\n<meta name=\"twitter:card\" content=\"summary_large_image\" \/>\n<meta name=\"twitter:label1\" content=\"Price\" \/>\n\t<meta name=\"twitter:data1\" content=\"\" \/>\n\t<meta name=\"twitter:label2\" content=\"Availability\" \/>\n\t<meta name=\"twitter:data2\" content=\"In stock\" \/>\n<script type=\"application\/ld+json\" class=\"yoast-schema-graph\">{\"@context\":\"https:\/\/schema.org\",\"@graph\":[{\"@type\":[\"WebPage\",\"ItemPage\"],\"@id\":\"https:\/\/staging.belleflamme.ca\/en\/product\/blaze-professional-infrared-searing-burner\/\",\"url\":\"https:\/\/staging.belleflamme.ca\/en\/product\/blaze-professional-infrared-searing-burner\/\",\"name\":\"Blaze Professional Infrared Searing Burner - Groupe BelleFlamme\",\"isPartOf\":{\"@id\":\"https:\/\/www.belleflamme.ca\/fr\/#website\"},\"primaryImageOfPage\":{\"@id\":\"https:\/\/staging.belleflamme.ca\/en\/product\/blaze-professional-infrared-searing-burner\/#primaryimage\"},\"image\":{\"@id\":\"https:\/\/staging.belleflamme.ca\/en\/product\/blaze-professional-infrared-searing-burner\/#primaryimage\"},\"thumbnailUrl\":\"https:\/\/staging.belleflamme.ca\/wp-content\/uploads\/2023\/05\/PRO_IR2-scaled-1.webp\",\"datePublished\":\"2023-05-16T19:53:25+00:00\",\"dateModified\":\"2023-05-16T19:56:43+00:00\",\"description\":\"Blaze Professional Infrared Searing Burner [get_meta_en_fr]\",\"breadcrumb\":{\"@id\":\"https:\/\/staging.belleflamme.ca\/en\/product\/blaze-professional-infrared-searing-burner\/#breadcrumb\"},\"inLanguage\":\"en-US\",\"potentialAction\":[{\"@type\":\"ReadAction\",\"target\":[\"https:\/\/staging.belleflamme.ca\/en\/product\/blaze-professional-infrared-searing-burner\/\"]}]},{\"@type\":\"ImageObject\",\"inLanguage\":\"en-US\",\"@id\":\"https:\/\/staging.belleflamme.ca\/en\/product\/blaze-professional-infrared-searing-burner\/#primaryimage\",\"url\":\"https:\/\/staging.belleflamme.ca\/wp-content\/uploads\/2023\/05\/PRO_IR2-scaled-1.webp\",\"contentUrl\":\"https:\/\/staging.belleflamme.ca\/wp-content\/uploads\/2023\/05\/PRO_IR2-scaled-1.webp\",\"width\":1620,\"height\":1080,\"caption\":\"Br\u00fbleur infrarouge professionnel Blaze\"},{\"@type\":\"BreadcrumbList\",\"@id\":\"https:\/\/staging.belleflamme.ca\/en\/product\/blaze-professional-infrared-searing-burner\/#breadcrumb\",\"itemListElement\":[{\"@type\":\"ListItem\",\"position\":1,\"name\":\"Home\",\"item\":\"https:\/\/www.belleflamme.ca\/fr\/\"},{\"@type\":\"ListItem\",\"position\":2,\"name\":\"Shop\",\"item\":\"https:\/\/www.belleflamme.ca\/en\/shop\/\"},{\"@type\":\"ListItem\",\"position\":3,\"name\":\"BBQ &amp; Outdoor Products\",\"item\":\"https:\/\/staging.belleflamme.ca\/en\/category\/bbq-outdoor-products\/\"},{\"@type\":\"ListItem\",\"position\":4,\"name\":\"BBQ accessories\",\"item\":\"https:\/\/staging.belleflamme.ca\/en\/category\/bbq-outdoor-products\/bbq-accessories\/\"},{\"@type\":\"ListItem\",\"position\":5,\"name\":\"Blaze Professional Infrared Searing Burner\"}]},{\"@type\":\"WebSite\",\"@id\":\"https:\/\/www.belleflamme.ca\/fr\/#website\",\"url\":\"https:\/\/www.belleflamme.ca\/fr\/\",\"name\":\"Groupe Belleflamme\",\"description\":\"La m\u00e9canique du b\u00e2timent dans le sang.\",\"publisher\":{\"@id\":\"https:\/\/www.belleflamme.ca\/fr\/#organization\"},\"potentialAction\":[{\"@type\":\"SearchAction\",\"target\":{\"@type\":\"EntryPoint\",\"urlTemplate\":\"https:\/\/www.belleflamme.ca\/fr\/?s={search_term_string}\"},\"query-input\":{\"@type\":\"PropertyValueSpecification\",\"valueRequired\":true,\"valueName\":\"search_term_string\"}}],\"inLanguage\":\"en-US\"},{\"@type\":[\"Organization\",\"Place\"],\"@id\":\"https:\/\/www.belleflamme.ca\/fr\/#organization\",\"name\":\"Groupe Belleflamme\",\"alternateName\":\"Belleflamme\",\"url\":\"https:\/\/www.belleflamme.ca\/fr\/\",\"logo\":{\"@type\":\"ImageObject\",\"inLanguage\":\"en-US\",\"@id\":\"https:\/\/www.belleflamme.ca\/fr\/#\/schema\/logo\/image\/\",\"url\":\"https:\/\/staging.belleflamme.ca\/wp-content\/uploads\/2023\/01\/og-image.jpg\",\"contentUrl\":\"https:\/\/staging.belleflamme.ca\/wp-content\/uploads\/2023\/01\/og-image.jpg\",\"width\":1200,\"height\":630,\"caption\":\"Groupe Belleflamme\"},\"image\":{\"@id\":\"https:\/\/www.belleflamme.ca\/fr\/#\/schema\/logo\/image\/\"},\"sameAs\":[\"https:\/\/www.facebook.com\/belleflamme.ca\/\",\"https:\/\/www.linkedin.com\/company\/belleflamme\/\",\"https:\/\/www.pinterest.ca\/groupebelleflamme\/\",\"https:\/\/www.instagram.com\/legroupebelleflamme\/\"],\"mainEntityOfPage\":{\"@id\":\"https:\/\/staging.belleflamme.ca\/en\/product\/blaze-professional-infrared-searing-burner\/\"}}]}<\/script>\n<meta property=\"product:brand\" content=\"Blaze\" \/>\n<meta property=\"product:price:amount\" content=\"0.00\" \/>\n<meta property=\"product:price:currency\" content=\"CAD\" \/>\n<meta property=\"og:availability\" content=\"instock\" \/>\n<meta property=\"product:availability\" content=\"instock\" \/>\n<meta property=\"product:condition\" content=\"new\" \/>\n<!-- \/ Yoast SEO Premium plugin. -->","yoast_head_json":{"title":"Blaze Professional Infrared Searing Burner - Groupe BelleFlamme","description":"Blaze Professional Infrared Searing Burner sold and installed by the Belleflamme Group. Laval, Montreal, Gatineau, Drummondville & Saint-Sauveur.","robots":{"index":"index","follow":"follow","max-snippet":"max-snippet:-1","max-image-preview":"max-image-preview:large","max-video-preview":"max-video-preview:-1"},"canonical":"https:\/\/staging.belleflamme.ca\/en\/product\/blaze-professional-infrared-searing-burner\/","og_locale":"en_US","og_type":"article","og_title":"Blaze Professional Infrared Searing Burner","og_description":"Blaze Professional Infrared Searing Burner sold and installed by the Belleflamme Group. Laval, Montreal, Gatineau, Drummondville & Saint-Sauveur.","og_url":"https:\/\/staging.belleflamme.ca\/en\/product\/blaze-professional-infrared-searing-burner\/","og_site_name":"Groupe BelleFlamme","article_publisher":"https:\/\/www.facebook.com\/belleflamme.ca\/","article_modified_time":"2023-05-16T19:56:43+00:00","og_image":[{"width":1620,"height":1080,"url":"https:\/\/www.belleflamme.ca\/wp-content\/uploads\/2023\/05\/PRO_IR2-scaled-1.webp","type":"image\/webp"}],"twitter_card":"summary_large_image","twitter_misc":{"Price":"","Availability":"In stock"},"schema":{"@context":"https:\/\/schema.org","@graph":[{"@type":["WebPage","ItemPage"],"@id":"https:\/\/staging.belleflamme.ca\/en\/product\/blaze-professional-infrared-searing-burner\/","url":"https:\/\/staging.belleflamme.ca\/en\/product\/blaze-professional-infrared-searing-burner\/","name":"Blaze Professional Infrared Searing Burner - Groupe BelleFlamme","isPartOf":{"@id":"https:\/\/www.belleflamme.ca\/fr\/#website"},"primaryImageOfPage":{"@id":"https:\/\/staging.belleflamme.ca\/en\/product\/blaze-professional-infrared-searing-burner\/#primaryimage"},"image":{"@id":"https:\/\/staging.belleflamme.ca\/en\/product\/blaze-professional-infrared-searing-burner\/#primaryimage"},"thumbnailUrl":"https:\/\/staging.belleflamme.ca\/wp-content\/uploads\/2023\/05\/PRO_IR2-scaled-1.webp","datePublished":"2023-05-16T19:53:25+00:00","dateModified":"2023-05-16T19:56:43+00:00","description":"Blaze Professional Infrared Searing Burner [get_meta_en_fr]","breadcrumb":{"@id":"https:\/\/staging.belleflamme.ca\/en\/product\/blaze-professional-infrared-searing-burner\/#breadcrumb"},"inLanguage":"en-US","potentialAction":[{"@type":"ReadAction","target":["https:\/\/staging.belleflamme.ca\/en\/product\/blaze-professional-infrared-searing-burner\/"]}]},{"@type":"ImageObject","inLanguage":"en-US","@id":"https:\/\/staging.belleflamme.ca\/en\/product\/blaze-professional-infrared-searing-burner\/#primaryimage","url":"https:\/\/staging.belleflamme.ca\/wp-content\/uploads\/2023\/05\/PRO_IR2-scaled-1.webp","contentUrl":"https:\/\/staging.belleflamme.ca\/wp-content\/uploads\/2023\/05\/PRO_IR2-scaled-1.webp","width":1620,"height":1080,"caption":"Br\u00fbleur infrarouge professionnel Blaze"},{"@type":"BreadcrumbList","@id":"https:\/\/staging.belleflamme.ca\/en\/product\/blaze-professional-infrared-searing-burner\/#breadcrumb","itemListElement":[{"@type":"ListItem","position":1,"name":"Home","item":"https:\/\/www.belleflamme.ca\/fr\/"},{"@type":"ListItem","position":2,"name":"Shop","item":"https:\/\/www.belleflamme.ca\/en\/shop\/"},{"@type":"ListItem","position":3,"name":"BBQ &amp; Outdoor Products","item":"https:\/\/staging.belleflamme.ca\/en\/category\/bbq-outdoor-products\/"},{"@type":"ListItem","position":4,"name":"BBQ accessories","item":"https:\/\/staging.belleflamme.ca\/en\/category\/bbq-outdoor-products\/bbq-accessories\/"},{"@type":"ListItem","position":5,"name":"Blaze Professional Infrared Searing Burner"}]},{"@type":"WebSite","@id":"https:\/\/www.belleflamme.ca\/fr\/#website","url":"https:\/\/www.belleflamme.ca\/fr\/","name":"Groupe Belleflamme","description":"La m\u00e9canique du b\u00e2timent dans le sang.","publisher":{"@id":"https:\/\/www.belleflamme.ca\/fr\/#organization"},"potentialAction":[{"@type":"SearchAction","target":{"@type":"EntryPoint","urlTemplate":"https:\/\/www.belleflamme.ca\/fr\/?s={search_term_string}"},"query-input":{"@type":"PropertyValueSpecification","valueRequired":true,"valueName":"search_term_string"}}],"inLanguage":"en-US"},{"@type":["Organization","Place"],"@id":"https:\/\/www.belleflamme.ca\/fr\/#organization","name":"Groupe Belleflamme","alternateName":"Belleflamme","url":"https:\/\/www.belleflamme.ca\/fr\/","logo":{"@type":"ImageObject","inLanguage":"en-US","@id":"https:\/\/www.belleflamme.ca\/fr\/#\/schema\/logo\/image\/","url":"https:\/\/staging.belleflamme.ca\/wp-content\/uploads\/2023\/01\/og-image.jpg","contentUrl":"https:\/\/staging.belleflamme.ca\/wp-content\/uploads\/2023\/01\/og-image.jpg","width":1200,"height":630,"caption":"Groupe Belleflamme"},"image":{"@id":"https:\/\/www.belleflamme.ca\/fr\/#\/schema\/logo\/image\/"},"sameAs":["https:\/\/www.facebook.com\/belleflamme.ca\/","https:\/\/www.linkedin.com\/company\/belleflamme\/","https:\/\/www.pinterest.ca\/groupebelleflamme\/","https:\/\/www.instagram.com\/legroupebelleflamme\/"],"mainEntityOfPage":{"@id":"https:\/\/staging.belleflamme.ca\/en\/product\/blaze-professional-infrared-searing-burner\/"}}]},"product_brand":"Blaze","product_price_amount":"0.00","product_price_currency":"CAD","og_availability":"instock","product_availability":"instock","product_condition":"new"},"_links":{"self":[{"href":"https:\/\/staging.belleflamme.ca\/en\/wp-json\/wp\/v2\/product\/14762","targetHints":{"allow":["GET"]}}],"collection":[{"href":"https:\/\/staging.belleflamme.ca\/en\/wp-json\/wp\/v2\/product"}],"about":[{"href":"https:\/\/staging.belleflamme.ca\/en\/wp-json\/wp\/v2\/types\/product"}],"version-history":[{"count":1,"href":"https:\/\/staging.belleflamme.ca\/en\/wp-json\/wp\/v2\/product\/14762\/revisions"}],"predecessor-version":[{"id":14763,"href":"https:\/\/staging.belleflamme.ca\/en\/wp-json\/wp\/v2\/product\/14762\/revisions\/14763"}],"wp:featuredmedia":[{"embeddable":true,"href":"https:\/\/staging.belleflamme.ca\/en\/wp-json\/wp\/v2\/media\/14760"}],"wp:attachment":[{"href":"https:\/\/staging.belleflamme.ca\/en\/wp-json\/wp\/v2\/media?parent=14762"}],"wp:term":[{"taxonomy":"product_brand","embeddable":true,"href":"https:\/\/staging.belleflamme.ca\/en\/wp-json\/wp\/v2\/product_brand?post=14762"},{"taxonomy":"product_cat","embeddable":true,"href":"https:\/\/staging.belleflamme.ca\/en\/wp-json\/wp\/v2\/product_cat?post=14762"},{"taxonomy":"product_tag","embeddable":true,"href":"https:\/\/staging.belleflamme.ca\/en\/wp-json\/wp\/v2\/product_tag?post=14762"}],"curies":[{"name":"wp","href":"https:\/\/api.w.org\/{rel}","templated":true}]}}