{"id":14638,"date":"2023-05-16T13:12:23","date_gmt":"2023-05-16T17:12:23","guid":{"rendered":"https:\/\/www.belleflamme.ca\/?post_type=product&#038;p=14638"},"modified":"2023-05-16T13:16:35","modified_gmt":"2023-05-16T17:16:35","slug":"blaze-pro-extra-large-smoker-box","status":"publish","type":"product","link":"https:\/\/staging.belleflamme.ca\/en\/product\/blaze-pro-extra-large-smoker-box\/","title":{"rendered":"Blaze Pro Extra Large Smoker Box"},"content":{"rendered":"<ul>\n<li>Extra Large for more intense smoky flavor<\/li>\n<li>Made to last with 304 Stainless Steel construction<\/li>\n<li>Adds outstanding smoky flavor to grilled foods, with no charcoal mess<\/li>\n<li>Allows flavor-enhancing wood chips to smolder, not flame<\/li>\n<li>Design allows you to easily add wood chips to your cook out<\/li>\n<li>Welded seams allow the use of liquids for steaming<\/li>\n<\/ul>\n<p>Add deliciously smoky flavor to any of your grilled foods with the Blaze Pro Extra Large Smoker Box. The Extra Large Smoker Box is a bigger and better version of our Original Pro Smoker Box \u2013 the size of a full cooking grid! This smoker box is constructed of heavy-duty 304 Stainless Steel which will remain durable under high temperatures. This box sits directly below your cooking grid and allows you to easily add wood chips or liquids.<\/p>\n<p>This Smoker Box is warranted for 1 year to the original owner against defects in manufacturing and workmanship. This warranty extends to the original purchaser against manufacture defects for products purchased for ordinary single-family home use.<\/p>\n<table class=\"woocommerce-product-attributes shop_attributes\">\n<tbody>\n<tr class=\"woocommerce-product-attributes-item woocommerce-product-attributes-item--attribute_overall-dimensions\">\n<th class=\"woocommerce-product-attributes-item__label\">Overall Dimensions<\/th>\n<td class=\"woocommerce-product-attributes-item__value\">19\u2033 H \u00d7 10\u2033 W \u00d7 1\u2033 D<\/td>\n<\/tr>\n<\/tbody>\n<\/table>\n","protected":false},"excerpt":{"rendered":"<p>Extra Large for more intense smoky flavor Made to last with 304 Stainless Steel construction Adds outstanding smoky flavor to grilled foods, with no charcoal mess Allows flavor-enhancing wood chips to smolder, not flame Design allows you to easily add wood chips to your cook out Welded seams allow the use of liquids for steaming [&hellip;]<\/p>\n","protected":false},"featured_media":14636,"template":"","meta":{"inline_featured_image":false},"product_brand":[347],"product_cat":[144,145],"product_tag":[],"class_list":{"0":"post-14638","1":"product","2":"type-product","3":"status-publish","4":"has-post-thumbnail","6":"product_brand-blaze-en","7":"product_cat-bbq-outdoor-products","8":"product_cat-bbq-accessories","10":"first","11":"instock","12":"taxable","13":"shipping-taxable","14":"product-type-simple"},"yoast_head":"<!-- This site is optimized with the Yoast SEO Premium plugin v24.2 (Yoast SEO v24.2) - https:\/\/yoast.com\/wordpress\/plugins\/seo\/ -->\n<title>Blaze Pro Extra Large Smoker Box - Groupe BelleFlamme<\/title>\n<meta name=\"description\" content=\"Blaze Pro Extra Large Smoker Box sold and installed by the Belleflamme Group. Laval, Montreal, Gatineau, Drummondville &amp; Saint-Sauveur.\" \/>\n<meta name=\"robots\" content=\"index, follow, max-snippet:-1, max-image-preview:large, max-video-preview:-1\" \/>\n<link rel=\"canonical\" href=\"https:\/\/staging.belleflamme.ca\/en\/product\/blaze-pro-extra-large-smoker-box\/\" \/>\n<meta property=\"og:locale\" content=\"en_US\" \/>\n<meta property=\"og:type\" content=\"article\" \/>\n<meta property=\"og:title\" content=\"Blaze Pro Extra Large Smoker Box\" \/>\n<meta property=\"og:description\" content=\"Blaze Pro Extra Large Smoker Box sold and installed by the Belleflamme Group. Laval, Montreal, Gatineau, Drummondville &amp; Saint-Sauveur.\" \/>\n<meta property=\"og:url\" content=\"https:\/\/staging.belleflamme.ca\/en\/product\/blaze-pro-extra-large-smoker-box\/\" \/>\n<meta property=\"og:site_name\" content=\"Groupe BelleFlamme\" \/>\n<meta property=\"article:publisher\" content=\"https:\/\/www.facebook.com\/belleflamme.ca\/\" \/>\n<meta property=\"article:modified_time\" content=\"2023-05-16T17:16:35+00:00\" \/>\n<meta property=\"og:image\" content=\"https:\/\/www.belleflamme.ca\/wp-content\/uploads\/2023\/05\/PRO-with-wood-chips-2.webp\" \/>\n\t<meta property=\"og:image:width\" content=\"1200\" \/>\n\t<meta property=\"og:image:height\" content=\"800\" \/>\n\t<meta property=\"og:image:type\" content=\"image\/webp\" \/>\n<meta name=\"twitter:card\" content=\"summary_large_image\" \/>\n<meta name=\"twitter:label1\" content=\"Price\" \/>\n\t<meta name=\"twitter:data1\" content=\"\" \/>\n\t<meta name=\"twitter:label2\" content=\"Availability\" \/>\n\t<meta name=\"twitter:data2\" content=\"In stock\" \/>\n<script type=\"application\/ld+json\" class=\"yoast-schema-graph\">{\"@context\":\"https:\/\/schema.org\",\"@graph\":[{\"@type\":[\"WebPage\",\"ItemPage\"],\"@id\":\"https:\/\/staging.belleflamme.ca\/en\/product\/blaze-pro-extra-large-smoker-box\/\",\"url\":\"https:\/\/staging.belleflamme.ca\/en\/product\/blaze-pro-extra-large-smoker-box\/\",\"name\":\"Blaze Pro Extra Large Smoker Box - Groupe BelleFlamme\",\"isPartOf\":{\"@id\":\"https:\/\/www.belleflamme.ca\/fr\/#website\"},\"primaryImageOfPage\":{\"@id\":\"https:\/\/staging.belleflamme.ca\/en\/product\/blaze-pro-extra-large-smoker-box\/#primaryimage\"},\"image\":{\"@id\":\"https:\/\/staging.belleflamme.ca\/en\/product\/blaze-pro-extra-large-smoker-box\/#primaryimage\"},\"thumbnailUrl\":\"https:\/\/staging.belleflamme.ca\/wp-content\/uploads\/2023\/05\/PRO-with-wood-chips-2.webp\",\"datePublished\":\"2023-05-16T17:12:23+00:00\",\"dateModified\":\"2023-05-16T17:16:35+00:00\",\"description\":\"Blaze Pro Extra Large Smoker Box [get_meta_en_fr]\",\"breadcrumb\":{\"@id\":\"https:\/\/staging.belleflamme.ca\/en\/product\/blaze-pro-extra-large-smoker-box\/#breadcrumb\"},\"inLanguage\":\"en-US\",\"potentialAction\":[{\"@type\":\"ReadAction\",\"target\":[\"https:\/\/staging.belleflamme.ca\/en\/product\/blaze-pro-extra-large-smoker-box\/\"]}]},{\"@type\":\"ImageObject\",\"inLanguage\":\"en-US\",\"@id\":\"https:\/\/staging.belleflamme.ca\/en\/product\/blaze-pro-extra-large-smoker-box\/#primaryimage\",\"url\":\"https:\/\/staging.belleflamme.ca\/wp-content\/uploads\/2023\/05\/PRO-with-wood-chips-2.webp\",\"contentUrl\":\"https:\/\/staging.belleflamme.ca\/wp-content\/uploads\/2023\/05\/PRO-with-wood-chips-2.webp\",\"width\":1200,\"height\":800,\"caption\":\"Des produits O\u00f9 acheter Vid\u00e9os \u00c0 propos Soutien Brochure Blaze Recherche \u2026 Bo\u00eete de fumage extra large Blaze Pro\"},{\"@type\":\"BreadcrumbList\",\"@id\":\"https:\/\/staging.belleflamme.ca\/en\/product\/blaze-pro-extra-large-smoker-box\/#breadcrumb\",\"itemListElement\":[{\"@type\":\"ListItem\",\"position\":1,\"name\":\"Home\",\"item\":\"https:\/\/www.belleflamme.ca\/fr\/\"},{\"@type\":\"ListItem\",\"position\":2,\"name\":\"Shop\",\"item\":\"https:\/\/www.belleflamme.ca\/en\/shop\/\"},{\"@type\":\"ListItem\",\"position\":3,\"name\":\"BBQ &amp; Outdoor Products\",\"item\":\"https:\/\/staging.belleflamme.ca\/en\/category\/bbq-outdoor-products\/\"},{\"@type\":\"ListItem\",\"position\":4,\"name\":\"BBQ accessories\",\"item\":\"https:\/\/staging.belleflamme.ca\/en\/category\/bbq-outdoor-products\/bbq-accessories\/\"},{\"@type\":\"ListItem\",\"position\":5,\"name\":\"Blaze Pro Extra Large Smoker Box\"}]},{\"@type\":\"WebSite\",\"@id\":\"https:\/\/www.belleflamme.ca\/fr\/#website\",\"url\":\"https:\/\/www.belleflamme.ca\/fr\/\",\"name\":\"Groupe Belleflamme\",\"description\":\"La m\u00e9canique du b\u00e2timent dans le sang.\",\"publisher\":{\"@id\":\"https:\/\/www.belleflamme.ca\/fr\/#organization\"},\"potentialAction\":[{\"@type\":\"SearchAction\",\"target\":{\"@type\":\"EntryPoint\",\"urlTemplate\":\"https:\/\/www.belleflamme.ca\/fr\/?s={search_term_string}\"},\"query-input\":{\"@type\":\"PropertyValueSpecification\",\"valueRequired\":true,\"valueName\":\"search_term_string\"}}],\"inLanguage\":\"en-US\"},{\"@type\":[\"Organization\",\"Place\"],\"@id\":\"https:\/\/www.belleflamme.ca\/fr\/#organization\",\"name\":\"Groupe Belleflamme\",\"alternateName\":\"Belleflamme\",\"url\":\"https:\/\/www.belleflamme.ca\/fr\/\",\"logo\":{\"@type\":\"ImageObject\",\"inLanguage\":\"en-US\",\"@id\":\"https:\/\/www.belleflamme.ca\/fr\/#\/schema\/logo\/image\/\",\"url\":\"https:\/\/staging.belleflamme.ca\/wp-content\/uploads\/2023\/01\/og-image.jpg\",\"contentUrl\":\"https:\/\/staging.belleflamme.ca\/wp-content\/uploads\/2023\/01\/og-image.jpg\",\"width\":1200,\"height\":630,\"caption\":\"Groupe Belleflamme\"},\"image\":{\"@id\":\"https:\/\/www.belleflamme.ca\/fr\/#\/schema\/logo\/image\/\"},\"sameAs\":[\"https:\/\/www.facebook.com\/belleflamme.ca\/\",\"https:\/\/www.linkedin.com\/company\/belleflamme\/\",\"https:\/\/www.pinterest.ca\/groupebelleflamme\/\",\"https:\/\/www.instagram.com\/legroupebelleflamme\/\"],\"mainEntityOfPage\":{\"@id\":\"https:\/\/staging.belleflamme.ca\/en\/product\/blaze-pro-extra-large-smoker-box\/\"}}]}<\/script>\n<meta property=\"product:brand\" content=\"Blaze\" \/>\n<meta property=\"product:price:amount\" content=\"0.00\" \/>\n<meta property=\"product:price:currency\" content=\"CAD\" \/>\n<meta property=\"og:availability\" content=\"instock\" \/>\n<meta property=\"product:availability\" content=\"instock\" \/>\n<meta property=\"product:condition\" content=\"new\" \/>\n<!-- \/ Yoast SEO Premium plugin. -->","yoast_head_json":{"title":"Blaze Pro Extra Large Smoker Box - Groupe BelleFlamme","description":"Blaze Pro Extra Large Smoker Box sold and installed by the Belleflamme Group. Laval, Montreal, Gatineau, Drummondville & Saint-Sauveur.","robots":{"index":"index","follow":"follow","max-snippet":"max-snippet:-1","max-image-preview":"max-image-preview:large","max-video-preview":"max-video-preview:-1"},"canonical":"https:\/\/staging.belleflamme.ca\/en\/product\/blaze-pro-extra-large-smoker-box\/","og_locale":"en_US","og_type":"article","og_title":"Blaze Pro Extra Large Smoker Box","og_description":"Blaze Pro Extra Large Smoker Box sold and installed by the Belleflamme Group. Laval, Montreal, Gatineau, Drummondville & Saint-Sauveur.","og_url":"https:\/\/staging.belleflamme.ca\/en\/product\/blaze-pro-extra-large-smoker-box\/","og_site_name":"Groupe BelleFlamme","article_publisher":"https:\/\/www.facebook.com\/belleflamme.ca\/","article_modified_time":"2023-05-16T17:16:35+00:00","og_image":[{"width":1200,"height":800,"url":"https:\/\/www.belleflamme.ca\/wp-content\/uploads\/2023\/05\/PRO-with-wood-chips-2.webp","type":"image\/webp"}],"twitter_card":"summary_large_image","twitter_misc":{"Price":"","Availability":"In stock"},"schema":{"@context":"https:\/\/schema.org","@graph":[{"@type":["WebPage","ItemPage"],"@id":"https:\/\/staging.belleflamme.ca\/en\/product\/blaze-pro-extra-large-smoker-box\/","url":"https:\/\/staging.belleflamme.ca\/en\/product\/blaze-pro-extra-large-smoker-box\/","name":"Blaze Pro Extra Large Smoker Box - Groupe BelleFlamme","isPartOf":{"@id":"https:\/\/www.belleflamme.ca\/fr\/#website"},"primaryImageOfPage":{"@id":"https:\/\/staging.belleflamme.ca\/en\/product\/blaze-pro-extra-large-smoker-box\/#primaryimage"},"image":{"@id":"https:\/\/staging.belleflamme.ca\/en\/product\/blaze-pro-extra-large-smoker-box\/#primaryimage"},"thumbnailUrl":"https:\/\/staging.belleflamme.ca\/wp-content\/uploads\/2023\/05\/PRO-with-wood-chips-2.webp","datePublished":"2023-05-16T17:12:23+00:00","dateModified":"2023-05-16T17:16:35+00:00","description":"Blaze Pro Extra Large Smoker Box [get_meta_en_fr]","breadcrumb":{"@id":"https:\/\/staging.belleflamme.ca\/en\/product\/blaze-pro-extra-large-smoker-box\/#breadcrumb"},"inLanguage":"en-US","potentialAction":[{"@type":"ReadAction","target":["https:\/\/staging.belleflamme.ca\/en\/product\/blaze-pro-extra-large-smoker-box\/"]}]},{"@type":"ImageObject","inLanguage":"en-US","@id":"https:\/\/staging.belleflamme.ca\/en\/product\/blaze-pro-extra-large-smoker-box\/#primaryimage","url":"https:\/\/staging.belleflamme.ca\/wp-content\/uploads\/2023\/05\/PRO-with-wood-chips-2.webp","contentUrl":"https:\/\/staging.belleflamme.ca\/wp-content\/uploads\/2023\/05\/PRO-with-wood-chips-2.webp","width":1200,"height":800,"caption":"Des produits O\u00f9 acheter Vid\u00e9os \u00c0 propos Soutien Brochure Blaze Recherche \u2026 Bo\u00eete de fumage extra large Blaze Pro"},{"@type":"BreadcrumbList","@id":"https:\/\/staging.belleflamme.ca\/en\/product\/blaze-pro-extra-large-smoker-box\/#breadcrumb","itemListElement":[{"@type":"ListItem","position":1,"name":"Home","item":"https:\/\/www.belleflamme.ca\/fr\/"},{"@type":"ListItem","position":2,"name":"Shop","item":"https:\/\/www.belleflamme.ca\/en\/shop\/"},{"@type":"ListItem","position":3,"name":"BBQ &amp; Outdoor Products","item":"https:\/\/staging.belleflamme.ca\/en\/category\/bbq-outdoor-products\/"},{"@type":"ListItem","position":4,"name":"BBQ accessories","item":"https:\/\/staging.belleflamme.ca\/en\/category\/bbq-outdoor-products\/bbq-accessories\/"},{"@type":"ListItem","position":5,"name":"Blaze Pro Extra Large Smoker Box"}]},{"@type":"WebSite","@id":"https:\/\/www.belleflamme.ca\/fr\/#website","url":"https:\/\/www.belleflamme.ca\/fr\/","name":"Groupe Belleflamme","description":"La m\u00e9canique du b\u00e2timent dans le sang.","publisher":{"@id":"https:\/\/www.belleflamme.ca\/fr\/#organization"},"potentialAction":[{"@type":"SearchAction","target":{"@type":"EntryPoint","urlTemplate":"https:\/\/www.belleflamme.ca\/fr\/?s={search_term_string}"},"query-input":{"@type":"PropertyValueSpecification","valueRequired":true,"valueName":"search_term_string"}}],"inLanguage":"en-US"},{"@type":["Organization","Place"],"@id":"https:\/\/www.belleflamme.ca\/fr\/#organization","name":"Groupe Belleflamme","alternateName":"Belleflamme","url":"https:\/\/www.belleflamme.ca\/fr\/","logo":{"@type":"ImageObject","inLanguage":"en-US","@id":"https:\/\/www.belleflamme.ca\/fr\/#\/schema\/logo\/image\/","url":"https:\/\/staging.belleflamme.ca\/wp-content\/uploads\/2023\/01\/og-image.jpg","contentUrl":"https:\/\/staging.belleflamme.ca\/wp-content\/uploads\/2023\/01\/og-image.jpg","width":1200,"height":630,"caption":"Groupe Belleflamme"},"image":{"@id":"https:\/\/www.belleflamme.ca\/fr\/#\/schema\/logo\/image\/"},"sameAs":["https:\/\/www.facebook.com\/belleflamme.ca\/","https:\/\/www.linkedin.com\/company\/belleflamme\/","https:\/\/www.pinterest.ca\/groupebelleflamme\/","https:\/\/www.instagram.com\/legroupebelleflamme\/"],"mainEntityOfPage":{"@id":"https:\/\/staging.belleflamme.ca\/en\/product\/blaze-pro-extra-large-smoker-box\/"}}]},"product_brand":"Blaze","product_price_amount":"0.00","product_price_currency":"CAD","og_availability":"instock","product_availability":"instock","product_condition":"new"},"_links":{"self":[{"href":"https:\/\/staging.belleflamme.ca\/en\/wp-json\/wp\/v2\/product\/14638","targetHints":{"allow":["GET"]}}],"collection":[{"href":"https:\/\/staging.belleflamme.ca\/en\/wp-json\/wp\/v2\/product"}],"about":[{"href":"https:\/\/staging.belleflamme.ca\/en\/wp-json\/wp\/v2\/types\/product"}],"version-history":[{"count":1,"href":"https:\/\/staging.belleflamme.ca\/en\/wp-json\/wp\/v2\/product\/14638\/revisions"}],"predecessor-version":[{"id":14639,"href":"https:\/\/staging.belleflamme.ca\/en\/wp-json\/wp\/v2\/product\/14638\/revisions\/14639"}],"wp:featuredmedia":[{"embeddable":true,"href":"https:\/\/staging.belleflamme.ca\/en\/wp-json\/wp\/v2\/media\/14636"}],"wp:attachment":[{"href":"https:\/\/staging.belleflamme.ca\/en\/wp-json\/wp\/v2\/media?parent=14638"}],"wp:term":[{"taxonomy":"product_brand","embeddable":true,"href":"https:\/\/staging.belleflamme.ca\/en\/wp-json\/wp\/v2\/product_brand?post=14638"},{"taxonomy":"product_cat","embeddable":true,"href":"https:\/\/staging.belleflamme.ca\/en\/wp-json\/wp\/v2\/product_cat?post=14638"},{"taxonomy":"product_tag","embeddable":true,"href":"https:\/\/staging.belleflamme.ca\/en\/wp-json\/wp\/v2\/product_tag?post=14638"}],"curies":[{"name":"wp","href":"https:\/\/api.w.org\/{rel}","templated":true}]}}