{"id":14545,"date":"2023-05-16T11:35:47","date_gmt":"2023-05-16T15:35:47","guid":{"rendered":"https:\/\/www.belleflamme.ca\/?post_type=product&#038;p=14545"},"modified":"2023-07-02T12:16:45","modified_gmt":"2023-07-02T16:16:45","slug":"blaze-40-inch-5-burner-lte-gas-grill-with-rear-burner-and-built-in-lighting-system","status":"publish","type":"product","link":"https:\/\/staging.belleflamme.ca\/en\/product\/blaze-40-inch-5-burner-lte-gas-grill-with-rear-burner-and-built-in-lighting-system\/","title":{"rendered":"Blaze 40-Inch 5-Burner LTE Gas Grill with Rear Burner and Built-in Lighting System"},"content":{"rendered":"\t\t<div data-elementor-type=\"product-post\" data-elementor-id=\"14545\" class=\"elementor elementor-14545 elementor-14541\" data-elementor-post-type=\"product\">\n\t\t\t\t\t\t<section class=\"elementor-section elementor-top-section elementor-element elementor-element-74dc2a38 elementor-section-boxed elementor-section-height-default elementor-section-height-default\" data-id=\"74dc2a38\" data-element_type=\"section\">\n\t\t\t\t\t\t<div class=\"elementor-container elementor-column-gap-default\">\n\t\t\t\t\t<div class=\"elementor-column elementor-col-100 elementor-top-column elementor-element elementor-element-5121bd92\" data-id=\"5121bd92\" data-element_type=\"column\">\n\t\t\t<div class=\"elementor-widget-wrap elementor-element-populated\">\n\t\t\t\t\t\t<div class=\"elementor-element elementor-element-7f541770 elementor-widget elementor-widget-text-editor\" data-id=\"7f541770\" data-element_type=\"widget\" data-widget_type=\"text-editor.default\">\n\t\t\t\t<div class=\"elementor-widget-container\">\n\t\t\t\t\t\t\t\t\t<ul>\n \t<li>5 commercial quality 304 cast stainless steel burners<\/li>\n \t<li>14,000 BTUs of cooking power per burner, for a total cooking surface of 70,000 BTUs<\/li>\n \t<li>10,000 BTU infrared rear rotisserie burner<\/li>\n \t<li>Total grill BTUs equal 80,000<\/li>\n \t<li>Heavy 9mm triangular stainless steel cooking rods maximize durability and produce distinguished sear marks<\/li>\n \t<li>915 square inches of total cooking space<\/li>\n \t<li>Push and turn flame-thrower primary ignition system delivers a fast start every time<\/li>\n \t<li>Flash tube ignition and crossovers provide an alternate ignition option<\/li>\n \t<li>Removable warming rack<\/li>\n \t<li>Heat zone separators divide the cooking surface into individual temperature zones<\/li>\n \t<li>Flame stabilizing grids minimize flare-ups while adding a grilled flavor<\/li>\n \t<li>Full-width drip tray for quick clean up<\/li>\n \t<li>Illuminated control knobs for evening gatherings creates a sophisticated appearance<\/li>\n \t<li>Interior lights help navigate the grilling surface at night<\/li>\n \t<li>Double-lined grill hood protects outer layer from heat discoloration and maintains more heat<\/li>\n \t<li>Blaze Grills offers an impressive Lifetime Warranty<\/li>\n<\/ul>\nBlaze introduces an affordable commercial style grill that was designed with your outdoor BBQ desires in mind. Blaze gas grills feature precision cut, 304 stainless steel components which bring the promise of lasting durability to your outdoor BBQ! This model takes things to the next level with our signature SRL led accent lights and integrated halogen hood lighting. Blaze gas grills have a lifetime warranty that warrants against any defects in the manufacturing and workmanship of the main burners, cooking grids, body, flame tamers, heat zone separators, warming rack, and control valves. While ignition, electronic, and lighting systems\u00a0are covered for one (1) year after the date of purchase. Grills must be registered within thirty days for the warranty to apply.\n<table class=\"woocommerce-product-attributes shop_attributes\">\n<tbody>\n<tr class=\"woocommerce-product-attributes-item woocommerce-product-attributes-item--attribute_dimensions\">\n<th class=\"woocommerce-product-attributes-item__label\">Dimensions<\/th>\n<td class=\"woocommerce-product-attributes-item__value\">21\u00bc\u2033 H \u00d7 39\u00bd\u2033 W \u00d7 25\u00be\u2033 D<\/td>\n<\/tr>\n<tr class=\"woocommerce-product-attributes-item woocommerce-product-attributes-item--attribute_cut-out-dimensions\">\n<th class=\"woocommerce-product-attributes-item__label\">Cut-Out Dimensions<\/th>\n<td class=\"woocommerce-product-attributes-item__value\">8\u00bd\u2033 H \u00d7 38\u215c\u2033 W \u00d7 21\u00bc\u2033 D\n(See manual for information on additional space needed for grill hood to open)<\/td>\n<\/tr>\n<\/tbody>\n<\/table>\t\t\t\t\t\t\t\t<\/div>\n\t\t\t\t<\/div>\n\t\t\t\t\t<\/div>\n\t\t<\/div>\n\t\t\t\t\t<\/div>\n\t\t<\/section>\n\t\t\t\t<section class=\"elementor-section elementor-top-section elementor-element elementor-element-7ff74c8 elementor-section-boxed elementor-section-height-default elementor-section-height-default\" data-id=\"7ff74c8\" data-element_type=\"section\">\n\t\t\t\t\t\t<div class=\"elementor-container elementor-column-gap-default\">\n\t\t\t\t\t<div class=\"elementor-column elementor-col-100 elementor-top-column elementor-element elementor-element-a5ff9f5\" data-id=\"a5ff9f5\" data-element_type=\"column\">\n\t\t\t<div class=\"elementor-widget-wrap elementor-element-populated\">\n\t\t\t\t\t\t<div class=\"elementor-element elementor-element-2c0c721 elementor-tabs-view-horizontal elementor-widget elementor-widget-tabs\" data-id=\"2c0c721\" data-element_type=\"widget\" data-widget_type=\"tabs.default\">\n\t\t\t\t<div class=\"elementor-widget-container\">\n\t\t\t\t\t\t\t<div class=\"elementor-tabs\">\n\t\t\t<div class=\"elementor-tabs-wrapper\" role=\"tablist\" >\n\t\t\t\t\t\t\t\t\t<div id=\"elementor-tab-title-4611\" class=\"elementor-tab-title elementor-tab-desktop-title\" aria-selected=\"true\" data-tab=\"1\" role=\"tab\" tabindex=\"0\" aria-controls=\"elementor-tab-content-4611\" aria-expanded=\"false\">Files<\/div>\n\t\t\t\t\t\t\t<\/div>\n\t\t\t<div class=\"elementor-tabs-content-wrapper\" role=\"tablist\" aria-orientation=\"vertical\">\n\t\t\t\t\t\t\t\t\t<div class=\"elementor-tab-title elementor-tab-mobile-title\" aria-selected=\"true\" data-tab=\"1\" role=\"tab\" tabindex=\"0\" aria-controls=\"elementor-tab-content-4611\" aria-expanded=\"false\">Files<\/div>\n\t\t\t\t\t<div id=\"elementor-tab-content-4611\" class=\"elementor-tab-content elementor-clearfix\" data-tab=\"1\" role=\"tabpanel\" aria-labelledby=\"elementor-tab-title-4611\" tabindex=\"0\" hidden=\"false\"><i class=\"far fa-file-pdf fa-xl\" style=\"font-size:35px\"><\/i><a href=\"https:\/\/www.belleflamme.ca\/wp-content\/uploads\/2023\/07\/Blaze-LTE2-User-Manual-1-1.pdf\"> Manual<\/a><\/br><\/div>\n\t\t\t\t\t\t\t<\/div>\n\t\t<\/div>\n\t\t\t\t\t\t<\/div>\n\t\t\t\t<\/div>\n\t\t\t\t\t<\/div>\n\t\t<\/div>\n\t\t\t\t\t<\/div>\n\t\t<\/section>\n\t\t\t\t<\/div>\n\t\t","protected":false},"excerpt":{"rendered":"<p>5 commercial quality 304 cast stainless steel burners 14,000 BTUs of cooking power per burner, for a total cooking surface of 70,000 BTUs 10,000 BTU infrared rear rotisserie burner Total grill BTUs equal 80,000 Heavy 9mm triangular stainless steel cooking rods maximize durability and produce distinguished sear marks 915 square inches of total cooking space [&hellip;]<\/p>\n","protected":false},"featured_media":14543,"template":"","meta":{"inline_featured_image":false},"product_brand":[347],"product_cat":[144,147,353,149],"product_tag":[],"class_list":{"0":"post-14545","1":"product","2":"type-product","3":"status-publish","4":"has-post-thumbnail","6":"product_brand-blaze-en","7":"product_cat-bbq-outdoor-products","8":"product_cat-gaz-bbq","9":"product_cat-outdoor-bbq","10":"product_cat-outdoor-kitchen","12":"first","13":"instock","14":"taxable","15":"shipping-taxable","16":"product-type-simple"},"yoast_head":"<!-- This site is optimized with the Yoast SEO Premium plugin v24.2 (Yoast SEO v24.2) - https:\/\/yoast.com\/wordpress\/plugins\/seo\/ -->\n<title>Blaze 40-Inch 5-Burner LTE Gas Grill with Rear Burner and Built-in Lighting System - Groupe BelleFlamme<\/title>\n<meta name=\"description\" content=\"Blaze 40-Inch 5-Burner LTE Gas Grill with Rear Burner and Built-in Lighting System sold and installed by the Belleflamme Group. Laval, Montreal, Gatineau, Drummondville &amp; Saint-Sauveur.\" \/>\n<meta name=\"robots\" content=\"index, follow, max-snippet:-1, max-image-preview:large, max-video-preview:-1\" \/>\n<link rel=\"canonical\" href=\"https:\/\/staging.belleflamme.ca\/en\/product\/blaze-40-inch-5-burner-lte-gas-grill-with-rear-burner-and-built-in-lighting-system\/\" \/>\n<meta property=\"og:locale\" content=\"en_US\" \/>\n<meta property=\"og:type\" content=\"article\" \/>\n<meta property=\"og:title\" content=\"Blaze 40-Inch 5-Burner LTE Gas Grill with Rear Burner and Built-in Lighting System\" \/>\n<meta property=\"og:description\" content=\"Blaze 40-Inch 5-Burner LTE Gas Grill with Rear Burner and Built-in Lighting System sold and installed by the Belleflamme Group. Laval, Montreal, Gatineau, Drummondville &amp; Saint-Sauveur.\" \/>\n<meta property=\"og:url\" content=\"https:\/\/staging.belleflamme.ca\/en\/product\/blaze-40-inch-5-burner-lte-gas-grill-with-rear-burner-and-built-in-lighting-system\/\" \/>\n<meta property=\"og:site_name\" content=\"Groupe BelleFlamme\" \/>\n<meta property=\"article:publisher\" content=\"https:\/\/www.facebook.com\/belleflamme.ca\/\" \/>\n<meta property=\"article:modified_time\" content=\"2023-07-02T16:16:45+00:00\" \/>\n<meta property=\"og:image\" content=\"https:\/\/www.belleflamme.ca\/wp-content\/uploads\/2023\/05\/Blaze-5-Burner-LTE-01-lightson-scaled-1.webp\" \/>\n\t<meta property=\"og:image:width\" content=\"1071\" \/>\n\t<meta property=\"og:image:height\" content=\"1080\" \/>\n\t<meta property=\"og:image:type\" content=\"image\/webp\" \/>\n<meta name=\"twitter:card\" content=\"summary_large_image\" \/>\n<meta name=\"twitter:label1\" content=\"Price\" \/>\n\t<meta name=\"twitter:data1\" content=\"\" \/>\n\t<meta name=\"twitter:label2\" content=\"Availability\" \/>\n\t<meta name=\"twitter:data2\" content=\"In stock\" \/>\n<script type=\"application\/ld+json\" class=\"yoast-schema-graph\">{\"@context\":\"https:\/\/schema.org\",\"@graph\":[{\"@type\":[\"WebPage\",\"ItemPage\"],\"@id\":\"https:\/\/staging.belleflamme.ca\/en\/product\/blaze-40-inch-5-burner-lte-gas-grill-with-rear-burner-and-built-in-lighting-system\/\",\"url\":\"https:\/\/staging.belleflamme.ca\/en\/product\/blaze-40-inch-5-burner-lte-gas-grill-with-rear-burner-and-built-in-lighting-system\/\",\"name\":\"Blaze 40-Inch 5-Burner LTE Gas Grill with Rear Burner and Built-in Lighting System - Groupe BelleFlamme\",\"isPartOf\":{\"@id\":\"https:\/\/www.belleflamme.ca\/fr\/#website\"},\"primaryImageOfPage\":{\"@id\":\"https:\/\/staging.belleflamme.ca\/en\/product\/blaze-40-inch-5-burner-lte-gas-grill-with-rear-burner-and-built-in-lighting-system\/#primaryimage\"},\"image\":{\"@id\":\"https:\/\/staging.belleflamme.ca\/en\/product\/blaze-40-inch-5-burner-lte-gas-grill-with-rear-burner-and-built-in-lighting-system\/#primaryimage\"},\"thumbnailUrl\":\"https:\/\/staging.belleflamme.ca\/wp-content\/uploads\/2023\/05\/Blaze-5-Burner-LTE-01-lightson-scaled-1.webp\",\"datePublished\":\"2023-05-16T15:35:47+00:00\",\"dateModified\":\"2023-07-02T16:16:45+00:00\",\"description\":\"Blaze 40-Inch 5-Burner LTE Gas Grill with Rear Burner and Built-in Lighting System [get_meta_en_fr]\",\"breadcrumb\":{\"@id\":\"https:\/\/staging.belleflamme.ca\/en\/product\/blaze-40-inch-5-burner-lte-gas-grill-with-rear-burner-and-built-in-lighting-system\/#breadcrumb\"},\"inLanguage\":\"en-US\",\"potentialAction\":[{\"@type\":\"ReadAction\",\"target\":[\"https:\/\/staging.belleflamme.ca\/en\/product\/blaze-40-inch-5-burner-lte-gas-grill-with-rear-burner-and-built-in-lighting-system\/\"]}]},{\"@type\":\"ImageObject\",\"inLanguage\":\"en-US\",\"@id\":\"https:\/\/staging.belleflamme.ca\/en\/product\/blaze-40-inch-5-burner-lte-gas-grill-with-rear-burner-and-built-in-lighting-system\/#primaryimage\",\"url\":\"https:\/\/staging.belleflamme.ca\/wp-content\/uploads\/2023\/05\/Blaze-5-Burner-LTE-01-lightson-scaled-1.webp\",\"contentUrl\":\"https:\/\/staging.belleflamme.ca\/wp-content\/uploads\/2023\/05\/Blaze-5-Burner-LTE-01-lightson-scaled-1.webp\",\"width\":1071,\"height\":1080,\"caption\":\"Gril \u00e0 gaz Blaze 40 pouces \u00e0 5 br\u00fbleurs LTE avec br\u00fbleur arri\u00e8re et syst\u00e8me d'\u00e9clairage int\u00e9gr\u00e9\"},{\"@type\":\"BreadcrumbList\",\"@id\":\"https:\/\/staging.belleflamme.ca\/en\/product\/blaze-40-inch-5-burner-lte-gas-grill-with-rear-burner-and-built-in-lighting-system\/#breadcrumb\",\"itemListElement\":[{\"@type\":\"ListItem\",\"position\":1,\"name\":\"Home\",\"item\":\"https:\/\/www.belleflamme.ca\/fr\/\"},{\"@type\":\"ListItem\",\"position\":2,\"name\":\"Shop\",\"item\":\"https:\/\/www.belleflamme.ca\/en\/shop\/\"},{\"@type\":\"ListItem\",\"position\":3,\"name\":\"BBQ &amp; Outdoor Products\",\"item\":\"https:\/\/staging.belleflamme.ca\/en\/category\/bbq-outdoor-products\/\"},{\"@type\":\"ListItem\",\"position\":4,\"name\":\"Outdoor Kitchen\",\"item\":\"https:\/\/staging.belleflamme.ca\/en\/category\/bbq-outdoor-products\/outdoor-kitchen\/\"},{\"@type\":\"ListItem\",\"position\":5,\"name\":\"Outdoor BBQ\",\"item\":\"https:\/\/staging.belleflamme.ca\/en\/category\/bbq-outdoor-products\/outdoor-kitchen\/outdoor-bbq\/\"},{\"@type\":\"ListItem\",\"position\":6,\"name\":\"Blaze 40-Inch 5-Burner LTE Gas Grill with Rear Burner and Built-in Lighting System\"}]},{\"@type\":\"WebSite\",\"@id\":\"https:\/\/www.belleflamme.ca\/fr\/#website\",\"url\":\"https:\/\/www.belleflamme.ca\/fr\/\",\"name\":\"Groupe Belleflamme\",\"description\":\"La m\u00e9canique du b\u00e2timent dans le sang.\",\"publisher\":{\"@id\":\"https:\/\/www.belleflamme.ca\/fr\/#organization\"},\"potentialAction\":[{\"@type\":\"SearchAction\",\"target\":{\"@type\":\"EntryPoint\",\"urlTemplate\":\"https:\/\/www.belleflamme.ca\/fr\/?s={search_term_string}\"},\"query-input\":{\"@type\":\"PropertyValueSpecification\",\"valueRequired\":true,\"valueName\":\"search_term_string\"}}],\"inLanguage\":\"en-US\"},{\"@type\":[\"Organization\",\"Place\"],\"@id\":\"https:\/\/www.belleflamme.ca\/fr\/#organization\",\"name\":\"Groupe Belleflamme\",\"alternateName\":\"Belleflamme\",\"url\":\"https:\/\/www.belleflamme.ca\/fr\/\",\"logo\":{\"@type\":\"ImageObject\",\"inLanguage\":\"en-US\",\"@id\":\"https:\/\/www.belleflamme.ca\/fr\/#\/schema\/logo\/image\/\",\"url\":\"https:\/\/staging.belleflamme.ca\/wp-content\/uploads\/2023\/01\/og-image.jpg\",\"contentUrl\":\"https:\/\/staging.belleflamme.ca\/wp-content\/uploads\/2023\/01\/og-image.jpg\",\"width\":1200,\"height\":630,\"caption\":\"Groupe Belleflamme\"},\"image\":{\"@id\":\"https:\/\/www.belleflamme.ca\/fr\/#\/schema\/logo\/image\/\"},\"sameAs\":[\"https:\/\/www.facebook.com\/belleflamme.ca\/\",\"https:\/\/www.linkedin.com\/company\/belleflamme\/\",\"https:\/\/www.pinterest.ca\/groupebelleflamme\/\",\"https:\/\/www.instagram.com\/legroupebelleflamme\/\"],\"mainEntityOfPage\":{\"@id\":\"https:\/\/staging.belleflamme.ca\/en\/product\/blaze-40-inch-5-burner-lte-gas-grill-with-rear-burner-and-built-in-lighting-system\/\"}}]}<\/script>\n<meta property=\"product:brand\" content=\"Blaze\" \/>\n<meta property=\"product:price:amount\" content=\"0.00\" \/>\n<meta property=\"product:price:currency\" content=\"CAD\" \/>\n<meta property=\"og:availability\" content=\"instock\" \/>\n<meta property=\"product:availability\" content=\"instock\" \/>\n<meta property=\"product:condition\" content=\"new\" \/>\n<!-- \/ Yoast SEO Premium plugin. -->","yoast_head_json":{"title":"Blaze 40-Inch 5-Burner LTE Gas Grill with Rear Burner and Built-in Lighting System - Groupe BelleFlamme","description":"Blaze 40-Inch 5-Burner LTE Gas Grill with Rear Burner and Built-in Lighting System sold and installed by the Belleflamme Group. Laval, Montreal, Gatineau, Drummondville & Saint-Sauveur.","robots":{"index":"index","follow":"follow","max-snippet":"max-snippet:-1","max-image-preview":"max-image-preview:large","max-video-preview":"max-video-preview:-1"},"canonical":"https:\/\/staging.belleflamme.ca\/en\/product\/blaze-40-inch-5-burner-lte-gas-grill-with-rear-burner-and-built-in-lighting-system\/","og_locale":"en_US","og_type":"article","og_title":"Blaze 40-Inch 5-Burner LTE Gas Grill with Rear Burner and Built-in Lighting System","og_description":"Blaze 40-Inch 5-Burner LTE Gas Grill with Rear Burner and Built-in Lighting System sold and installed by the Belleflamme Group. Laval, Montreal, Gatineau, Drummondville & Saint-Sauveur.","og_url":"https:\/\/staging.belleflamme.ca\/en\/product\/blaze-40-inch-5-burner-lte-gas-grill-with-rear-burner-and-built-in-lighting-system\/","og_site_name":"Groupe BelleFlamme","article_publisher":"https:\/\/www.facebook.com\/belleflamme.ca\/","article_modified_time":"2023-07-02T16:16:45+00:00","og_image":[{"width":1071,"height":1080,"url":"https:\/\/www.belleflamme.ca\/wp-content\/uploads\/2023\/05\/Blaze-5-Burner-LTE-01-lightson-scaled-1.webp","type":"image\/webp"}],"twitter_card":"summary_large_image","twitter_misc":{"Price":"","Availability":"In stock"},"schema":{"@context":"https:\/\/schema.org","@graph":[{"@type":["WebPage","ItemPage"],"@id":"https:\/\/staging.belleflamme.ca\/en\/product\/blaze-40-inch-5-burner-lte-gas-grill-with-rear-burner-and-built-in-lighting-system\/","url":"https:\/\/staging.belleflamme.ca\/en\/product\/blaze-40-inch-5-burner-lte-gas-grill-with-rear-burner-and-built-in-lighting-system\/","name":"Blaze 40-Inch 5-Burner LTE Gas Grill with Rear Burner and Built-in Lighting System - Groupe BelleFlamme","isPartOf":{"@id":"https:\/\/www.belleflamme.ca\/fr\/#website"},"primaryImageOfPage":{"@id":"https:\/\/staging.belleflamme.ca\/en\/product\/blaze-40-inch-5-burner-lte-gas-grill-with-rear-burner-and-built-in-lighting-system\/#primaryimage"},"image":{"@id":"https:\/\/staging.belleflamme.ca\/en\/product\/blaze-40-inch-5-burner-lte-gas-grill-with-rear-burner-and-built-in-lighting-system\/#primaryimage"},"thumbnailUrl":"https:\/\/staging.belleflamme.ca\/wp-content\/uploads\/2023\/05\/Blaze-5-Burner-LTE-01-lightson-scaled-1.webp","datePublished":"2023-05-16T15:35:47+00:00","dateModified":"2023-07-02T16:16:45+00:00","description":"Blaze 40-Inch 5-Burner LTE Gas Grill with Rear Burner and Built-in Lighting System [get_meta_en_fr]","breadcrumb":{"@id":"https:\/\/staging.belleflamme.ca\/en\/product\/blaze-40-inch-5-burner-lte-gas-grill-with-rear-burner-and-built-in-lighting-system\/#breadcrumb"},"inLanguage":"en-US","potentialAction":[{"@type":"ReadAction","target":["https:\/\/staging.belleflamme.ca\/en\/product\/blaze-40-inch-5-burner-lte-gas-grill-with-rear-burner-and-built-in-lighting-system\/"]}]},{"@type":"ImageObject","inLanguage":"en-US","@id":"https:\/\/staging.belleflamme.ca\/en\/product\/blaze-40-inch-5-burner-lte-gas-grill-with-rear-burner-and-built-in-lighting-system\/#primaryimage","url":"https:\/\/staging.belleflamme.ca\/wp-content\/uploads\/2023\/05\/Blaze-5-Burner-LTE-01-lightson-scaled-1.webp","contentUrl":"https:\/\/staging.belleflamme.ca\/wp-content\/uploads\/2023\/05\/Blaze-5-Burner-LTE-01-lightson-scaled-1.webp","width":1071,"height":1080,"caption":"Gril \u00e0 gaz Blaze 40 pouces \u00e0 5 br\u00fbleurs LTE avec br\u00fbleur arri\u00e8re et syst\u00e8me d'\u00e9clairage int\u00e9gr\u00e9"},{"@type":"BreadcrumbList","@id":"https:\/\/staging.belleflamme.ca\/en\/product\/blaze-40-inch-5-burner-lte-gas-grill-with-rear-burner-and-built-in-lighting-system\/#breadcrumb","itemListElement":[{"@type":"ListItem","position":1,"name":"Home","item":"https:\/\/www.belleflamme.ca\/fr\/"},{"@type":"ListItem","position":2,"name":"Shop","item":"https:\/\/www.belleflamme.ca\/en\/shop\/"},{"@type":"ListItem","position":3,"name":"BBQ &amp; Outdoor Products","item":"https:\/\/staging.belleflamme.ca\/en\/category\/bbq-outdoor-products\/"},{"@type":"ListItem","position":4,"name":"Outdoor Kitchen","item":"https:\/\/staging.belleflamme.ca\/en\/category\/bbq-outdoor-products\/outdoor-kitchen\/"},{"@type":"ListItem","position":5,"name":"Outdoor BBQ","item":"https:\/\/staging.belleflamme.ca\/en\/category\/bbq-outdoor-products\/outdoor-kitchen\/outdoor-bbq\/"},{"@type":"ListItem","position":6,"name":"Blaze 40-Inch 5-Burner LTE Gas Grill with Rear Burner and Built-in Lighting System"}]},{"@type":"WebSite","@id":"https:\/\/www.belleflamme.ca\/fr\/#website","url":"https:\/\/www.belleflamme.ca\/fr\/","name":"Groupe Belleflamme","description":"La m\u00e9canique du b\u00e2timent dans le sang.","publisher":{"@id":"https:\/\/www.belleflamme.ca\/fr\/#organization"},"potentialAction":[{"@type":"SearchAction","target":{"@type":"EntryPoint","urlTemplate":"https:\/\/www.belleflamme.ca\/fr\/?s={search_term_string}"},"query-input":{"@type":"PropertyValueSpecification","valueRequired":true,"valueName":"search_term_string"}}],"inLanguage":"en-US"},{"@type":["Organization","Place"],"@id":"https:\/\/www.belleflamme.ca\/fr\/#organization","name":"Groupe Belleflamme","alternateName":"Belleflamme","url":"https:\/\/www.belleflamme.ca\/fr\/","logo":{"@type":"ImageObject","inLanguage":"en-US","@id":"https:\/\/www.belleflamme.ca\/fr\/#\/schema\/logo\/image\/","url":"https:\/\/staging.belleflamme.ca\/wp-content\/uploads\/2023\/01\/og-image.jpg","contentUrl":"https:\/\/staging.belleflamme.ca\/wp-content\/uploads\/2023\/01\/og-image.jpg","width":1200,"height":630,"caption":"Groupe Belleflamme"},"image":{"@id":"https:\/\/www.belleflamme.ca\/fr\/#\/schema\/logo\/image\/"},"sameAs":["https:\/\/www.facebook.com\/belleflamme.ca\/","https:\/\/www.linkedin.com\/company\/belleflamme\/","https:\/\/www.pinterest.ca\/groupebelleflamme\/","https:\/\/www.instagram.com\/legroupebelleflamme\/"],"mainEntityOfPage":{"@id":"https:\/\/staging.belleflamme.ca\/en\/product\/blaze-40-inch-5-burner-lte-gas-grill-with-rear-burner-and-built-in-lighting-system\/"}}]},"product_brand":"Blaze","product_price_amount":"0.00","product_price_currency":"CAD","og_availability":"instock","product_availability":"instock","product_condition":"new"},"_links":{"self":[{"href":"https:\/\/staging.belleflamme.ca\/en\/wp-json\/wp\/v2\/product\/14545","targetHints":{"allow":["GET"]}}],"collection":[{"href":"https:\/\/staging.belleflamme.ca\/en\/wp-json\/wp\/v2\/product"}],"about":[{"href":"https:\/\/staging.belleflamme.ca\/en\/wp-json\/wp\/v2\/types\/product"}],"version-history":[{"count":4,"href":"https:\/\/staging.belleflamme.ca\/en\/wp-json\/wp\/v2\/product\/14545\/revisions"}],"predecessor-version":[{"id":16257,"href":"https:\/\/staging.belleflamme.ca\/en\/wp-json\/wp\/v2\/product\/14545\/revisions\/16257"}],"wp:featuredmedia":[{"embeddable":true,"href":"https:\/\/staging.belleflamme.ca\/en\/wp-json\/wp\/v2\/media\/14543"}],"wp:attachment":[{"href":"https:\/\/staging.belleflamme.ca\/en\/wp-json\/wp\/v2\/media?parent=14545"}],"wp:term":[{"taxonomy":"product_brand","embeddable":true,"href":"https:\/\/staging.belleflamme.ca\/en\/wp-json\/wp\/v2\/product_brand?post=14545"},{"taxonomy":"product_cat","embeddable":true,"href":"https:\/\/staging.belleflamme.ca\/en\/wp-json\/wp\/v2\/product_cat?post=14545"},{"taxonomy":"product_tag","embeddable":true,"href":"https:\/\/staging.belleflamme.ca\/en\/wp-json\/wp\/v2\/product_tag?post=14545"}],"curies":[{"name":"wp","href":"https:\/\/api.w.org\/{rel}","templated":true}]}}