{"id":14520,"date":"2023-05-16T11:09:22","date_gmt":"2023-05-16T15:09:22","guid":{"rendered":"https:\/\/www.belleflamme.ca\/?post_type=product&#038;p=14520"},"modified":"2023-07-02T11:59:26","modified_gmt":"2023-07-02T15:59:26","slug":"blaze-professional-lux-34-inch-3-burner-built-in-gas-grill-with-rear-infrared-burner","status":"publish","type":"product","link":"https:\/\/staging.belleflamme.ca\/en\/product\/blaze-professional-lux-34-inch-3-burner-built-in-gas-grill-with-rear-infrared-burner\/","title":{"rendered":"Blaze Professional LUX 34-Inch 3 Burner Built-In Gas Grill With Rear Infrared Burner"},"content":{"rendered":"\t\t<div data-elementor-type=\"product-post\" data-elementor-id=\"14520\" class=\"elementor elementor-14520 elementor-14516\" data-elementor-post-type=\"product\">\n\t\t\t\t\t\t<section class=\"elementor-section elementor-top-section elementor-element elementor-element-168eb7ef elementor-section-boxed elementor-section-height-default elementor-section-height-default\" data-id=\"168eb7ef\" data-element_type=\"section\">\n\t\t\t\t\t\t<div class=\"elementor-container elementor-column-gap-default\">\n\t\t\t\t\t<div class=\"elementor-column elementor-col-100 elementor-top-column elementor-element elementor-element-6cdb3bd9\" data-id=\"6cdb3bd9\" data-element_type=\"column\">\n\t\t\t<div class=\"elementor-widget-wrap elementor-element-populated\">\n\t\t\t\t\t\t<div class=\"elementor-element elementor-element-26961e22 elementor-widget elementor-widget-text-editor\" data-id=\"26961e22\" data-element_type=\"widget\" data-widget_type=\"text-editor.default\">\n\t\t\t\t<div class=\"elementor-widget-container\">\n\t\t\t\t\t\t\t\t\t<ul>\r\n \t<li>Blaze Grills offers an impressive Lifetime Warranty<\/li>\r\n \t<li>3 commercial quality 304 cast stainless steel H burners<\/li>\r\n \t<li>18,000 BTUs of cooking power per burner, for a total of 54,000 BTUs<\/li>\r\n \t<li>10,000 BTU infrared rear rotisserie burner with included rotisserie kit<\/li>\r\n \t<li>Rotisserie kit includes a waterproof motor<\/li>\r\n \t<li>Heavy 12mm stainless steel hexagon cooking rods maximize durability<\/li>\r\n \t<li>816 square inches of total cooking space<\/li>\r\n \t<li>Push and turn flame-thrower primary ignition system delivers a fast start every time<\/li>\r\n \t<li>Individual flash tube secondary ignition<\/li>\r\n \t<li>Removable warming rack<\/li>\r\n \t<li>Heat zone separators divide the cooking surface into individual temperature zones<\/li>\r\n \t<li>Flame stabilizing grids minimize flare-ups while adding a grilled flavor<\/li>\r\n \t<li>Full-width drip tray for quick clean up<\/li>\r\n \t<li>Illuminated control knobs for evening gatherings creates a sophisticated appearance<\/li>\r\n \t<li>Interior lights help navigate the grilling surface at night<\/li>\r\n \t<li>Double-lined grill hood protects outer layer from heat discoloration and maintains more heat<\/li>\r\n<\/ul>\r\nBlaze presents the Blaze Professional LUX Grill as a leader in the industry regarding the thickness of its components resulting in irrefutable durability while providing an effective cooking system. By the precision mixing of fuel and oxygen, Blaze Professional LUX achieves extraordinary searing temperatures while maintaining low gas consumption per burner when compared to the top performing grill brands. The Professional\u2019s Illumination system compliments its unmistakable style giving an appearance to catch every admiring eye! As of March 15, 2016 \u2014 Blaze gas grills have a lifetime warranty that warrants against any defects in the manufacturing and workmanship of the main burners, cooking grids, body, flame tamers, heat zone separators, warming rack, and control valves. While ignition, electronic, and lighting systems are covered for one (1) year after the date of purchase. Grills must be registered within thirty days for the warranty to apply.\r\n\r\n&nbsp;\r\n<table class=\"woocommerce-product-attributes shop_attributes\">\r\n<tbody>\r\n<tr class=\"woocommerce-product-attributes-item woocommerce-product-attributes-item--attribute_dimensions\">\r\n<th class=\"woocommerce-product-attributes-item__label\">Dimensions<\/th>\r\n<td class=\"woocommerce-product-attributes-item__value\">24\u00bc\u2033 H \u00d7 34\u2033 W \u00d7 28\u215c\u2033 D<\/td>\r\n<\/tr>\r\n<tr class=\"woocommerce-product-attributes-item woocommerce-product-attributes-item--attribute_cut-out-dimensions\">\r\n<th class=\"woocommerce-product-attributes-item__label\">Cut Out Dimensions<\/th>\r\n<td class=\"woocommerce-product-attributes-item__value\">10\u00bd\u2033 H \u00d7 32\u00bc\u2033 W \u00d7 23\u215d\u2033 D\r\n(See manual for information on additional space needed for grill hood to open)<\/td>\r\n<\/tr>\r\n<\/tbody>\r\n<\/table>\r\n&nbsp;\t\t\t\t\t\t\t\t<\/div>\n\t\t\t\t<\/div>\n\t\t\t\t\t<\/div>\n\t\t<\/div>\n\t\t\t\t\t<\/div>\n\t\t<\/section>\n\t\t\t\t<section class=\"elementor-section elementor-top-section elementor-element elementor-element-c2269e4 elementor-section-boxed elementor-section-height-default elementor-section-height-default\" data-id=\"c2269e4\" data-element_type=\"section\">\n\t\t\t\t\t\t<div class=\"elementor-container elementor-column-gap-default\">\n\t\t\t\t\t<div class=\"elementor-column elementor-col-100 elementor-top-column elementor-element elementor-element-6f419c4\" data-id=\"6f419c4\" data-element_type=\"column\">\n\t\t\t<div class=\"elementor-widget-wrap elementor-element-populated\">\n\t\t\t\t\t\t<div class=\"elementor-element elementor-element-5a380cd elementor-tabs-view-horizontal elementor-widget elementor-widget-tabs\" data-id=\"5a380cd\" data-element_type=\"widget\" data-widget_type=\"tabs.default\">\n\t\t\t\t<div class=\"elementor-widget-container\">\n\t\t\t\t\t\t\t<div class=\"elementor-tabs\">\n\t\t\t<div class=\"elementor-tabs-wrapper\" role=\"tablist\" >\n\t\t\t\t\t\t\t\t\t<div id=\"elementor-tab-title-9461\" class=\"elementor-tab-title elementor-tab-desktop-title\" aria-selected=\"true\" data-tab=\"1\" role=\"tab\" tabindex=\"0\" aria-controls=\"elementor-tab-content-9461\" aria-expanded=\"false\">Files<\/div>\n\t\t\t\t\t\t\t<\/div>\n\t\t\t<div class=\"elementor-tabs-content-wrapper\" role=\"tablist\" aria-orientation=\"vertical\">\n\t\t\t\t\t\t\t\t\t<div class=\"elementor-tab-title elementor-tab-mobile-title\" aria-selected=\"true\" data-tab=\"1\" role=\"tab\" tabindex=\"0\" aria-controls=\"elementor-tab-content-9461\" aria-expanded=\"false\">Files<\/div>\n\t\t\t\t\t<div id=\"elementor-tab-content-9461\" class=\"elementor-tab-content elementor-clearfix\" data-tab=\"1\" role=\"tabpanel\" aria-labelledby=\"elementor-tab-title-9461\" tabindex=\"0\" hidden=\"false\"><i class=\"far fa-file-pdf fa-xl\" style=\"font-size:35px\"><\/i><a href=\"https:\/\/www.belleflamme.ca\/wp-content\/uploads\/2023\/07\/Blaze-Professional-Grill-Manual.pdf\"> Manual<\/a><\/br><\/div>\n\t\t\t\t\t\t\t<\/div>\n\t\t<\/div>\n\t\t\t\t\t\t<\/div>\n\t\t\t\t<\/div>\n\t\t\t\t\t<\/div>\n\t\t<\/div>\n\t\t\t\t\t<\/div>\n\t\t<\/section>\n\t\t\t\t<\/div>\n\t\t","protected":false},"excerpt":{"rendered":"<p>Blaze Grills offers an impressive Lifetime Warranty 3 commercial quality 304 cast stainless steel H burners 18,000 BTUs of cooking power per burner, for a total of 54,000 BTUs 10,000 BTU infrared rear rotisserie burner with included rotisserie kit Rotisserie kit includes a waterproof motor Heavy 12mm stainless steel hexagon cooking rods maximize durability 816 [&hellip;]<\/p>\n","protected":false},"featured_media":14518,"template":"","meta":{"inline_featured_image":false},"product_brand":[347],"product_cat":[144,147,353,149],"product_tag":[],"class_list":{"0":"post-14520","1":"product","2":"type-product","3":"status-publish","4":"has-post-thumbnail","6":"product_brand-blaze-en","7":"product_cat-bbq-outdoor-products","8":"product_cat-gaz-bbq","9":"product_cat-outdoor-bbq","10":"product_cat-outdoor-kitchen","12":"first","13":"instock","14":"taxable","15":"shipping-taxable","16":"product-type-simple"},"yoast_head":"<!-- This site is optimized with the Yoast SEO Premium plugin v24.2 (Yoast SEO v24.2) - https:\/\/yoast.com\/wordpress\/plugins\/seo\/ -->\n<title>Blaze Professional LUX 34-Inch 3 Burner Built-In Gas Grill With Rear Infrared Burner - Groupe BelleFlamme<\/title>\n<meta name=\"description\" content=\"Blaze Professional LUX 34-Inch 3 Burner Built-In Gas Grill With Rear Infrared Burner sold and installed by the Belleflamme Group. Laval, Montreal, Gatineau, Drummondville &amp; Saint-Sauveur.\" \/>\n<meta name=\"robots\" content=\"index, follow, max-snippet:-1, max-image-preview:large, max-video-preview:-1\" \/>\n<link rel=\"canonical\" href=\"https:\/\/staging.belleflamme.ca\/en\/product\/blaze-professional-lux-34-inch-3-burner-built-in-gas-grill-with-rear-infrared-burner\/\" \/>\n<meta property=\"og:locale\" content=\"en_US\" \/>\n<meta property=\"og:type\" content=\"article\" \/>\n<meta property=\"og:title\" content=\"Blaze Professional LUX 34-Inch 3 Burner Built-In Gas Grill With Rear Infrared Burner\" \/>\n<meta property=\"og:description\" content=\"Blaze Professional LUX 34-Inch 3 Burner Built-In Gas Grill With Rear Infrared Burner sold and installed by the Belleflamme Group. Laval, Montreal, Gatineau, Drummondville &amp; Saint-Sauveur.\" \/>\n<meta property=\"og:url\" content=\"https:\/\/staging.belleflamme.ca\/en\/product\/blaze-professional-lux-34-inch-3-burner-built-in-gas-grill-with-rear-infrared-burner\/\" \/>\n<meta property=\"og:site_name\" content=\"Groupe BelleFlamme\" \/>\n<meta property=\"article:publisher\" content=\"https:\/\/www.facebook.com\/belleflamme.ca\/\" \/>\n<meta property=\"article:modified_time\" content=\"2023-07-02T15:59:26+00:00\" \/>\n<meta property=\"og:image\" content=\"https:\/\/www.belleflamme.ca\/wp-content\/uploads\/2023\/05\/BLZ-3PRO_BuiltInOpen.webp\" \/>\n\t<meta property=\"og:image:width\" content=\"1080\" \/>\n\t<meta property=\"og:image:height\" content=\"1080\" \/>\n\t<meta property=\"og:image:type\" content=\"image\/webp\" \/>\n<meta name=\"twitter:card\" content=\"summary_large_image\" \/>\n<meta name=\"twitter:label1\" content=\"Price\" \/>\n\t<meta name=\"twitter:data1\" content=\"\" \/>\n\t<meta name=\"twitter:label2\" content=\"Availability\" \/>\n\t<meta name=\"twitter:data2\" content=\"In stock\" \/>\n<script type=\"application\/ld+json\" class=\"yoast-schema-graph\">{\"@context\":\"https:\/\/schema.org\",\"@graph\":[{\"@type\":[\"WebPage\",\"ItemPage\"],\"@id\":\"https:\/\/staging.belleflamme.ca\/en\/product\/blaze-professional-lux-34-inch-3-burner-built-in-gas-grill-with-rear-infrared-burner\/\",\"url\":\"https:\/\/staging.belleflamme.ca\/en\/product\/blaze-professional-lux-34-inch-3-burner-built-in-gas-grill-with-rear-infrared-burner\/\",\"name\":\"Blaze Professional LUX 34-Inch 3 Burner Built-In Gas Grill With Rear Infrared Burner - Groupe BelleFlamme\",\"isPartOf\":{\"@id\":\"https:\/\/www.belleflamme.ca\/fr\/#website\"},\"primaryImageOfPage\":{\"@id\":\"https:\/\/staging.belleflamme.ca\/en\/product\/blaze-professional-lux-34-inch-3-burner-built-in-gas-grill-with-rear-infrared-burner\/#primaryimage\"},\"image\":{\"@id\":\"https:\/\/staging.belleflamme.ca\/en\/product\/blaze-professional-lux-34-inch-3-burner-built-in-gas-grill-with-rear-infrared-burner\/#primaryimage\"},\"thumbnailUrl\":\"https:\/\/staging.belleflamme.ca\/wp-content\/uploads\/2023\/05\/BLZ-3PRO_BuiltInOpen.webp\",\"datePublished\":\"2023-05-16T15:09:22+00:00\",\"dateModified\":\"2023-07-02T15:59:26+00:00\",\"description\":\"Blaze Professional LUX 34-Inch 3 Burner Built-In Gas Grill With Rear Infrared Burner [get_meta_en_fr]\",\"breadcrumb\":{\"@id\":\"https:\/\/staging.belleflamme.ca\/en\/product\/blaze-professional-lux-34-inch-3-burner-built-in-gas-grill-with-rear-infrared-burner\/#breadcrumb\"},\"inLanguage\":\"en-US\",\"potentialAction\":[{\"@type\":\"ReadAction\",\"target\":[\"https:\/\/staging.belleflamme.ca\/en\/product\/blaze-professional-lux-34-inch-3-burner-built-in-gas-grill-with-rear-infrared-burner\/\"]}]},{\"@type\":\"ImageObject\",\"inLanguage\":\"en-US\",\"@id\":\"https:\/\/staging.belleflamme.ca\/en\/product\/blaze-professional-lux-34-inch-3-burner-built-in-gas-grill-with-rear-infrared-burner\/#primaryimage\",\"url\":\"https:\/\/staging.belleflamme.ca\/wp-content\/uploads\/2023\/05\/BLZ-3PRO_BuiltInOpen.webp\",\"contentUrl\":\"https:\/\/staging.belleflamme.ca\/wp-content\/uploads\/2023\/05\/BLZ-3PRO_BuiltInOpen.webp\",\"width\":1080,\"height\":1080,\"caption\":\"Gril \u00e0 gaz int\u00e9gr\u00e9 Blaze Professional LUX 34\"},{\"@type\":\"BreadcrumbList\",\"@id\":\"https:\/\/staging.belleflamme.ca\/en\/product\/blaze-professional-lux-34-inch-3-burner-built-in-gas-grill-with-rear-infrared-burner\/#breadcrumb\",\"itemListElement\":[{\"@type\":\"ListItem\",\"position\":1,\"name\":\"Home\",\"item\":\"https:\/\/www.belleflamme.ca\/fr\/\"},{\"@type\":\"ListItem\",\"position\":2,\"name\":\"Shop\",\"item\":\"https:\/\/www.belleflamme.ca\/en\/shop\/\"},{\"@type\":\"ListItem\",\"position\":3,\"name\":\"BBQ &amp; Outdoor Products\",\"item\":\"https:\/\/staging.belleflamme.ca\/en\/category\/bbq-outdoor-products\/\"},{\"@type\":\"ListItem\",\"position\":4,\"name\":\"Outdoor Kitchen\",\"item\":\"https:\/\/staging.belleflamme.ca\/en\/category\/bbq-outdoor-products\/outdoor-kitchen\/\"},{\"@type\":\"ListItem\",\"position\":5,\"name\":\"Outdoor BBQ\",\"item\":\"https:\/\/staging.belleflamme.ca\/en\/category\/bbq-outdoor-products\/outdoor-kitchen\/outdoor-bbq\/\"},{\"@type\":\"ListItem\",\"position\":6,\"name\":\"Blaze Professional LUX 34-Inch 3 Burner Built-In Gas Grill With Rear Infrared Burner\"}]},{\"@type\":\"WebSite\",\"@id\":\"https:\/\/www.belleflamme.ca\/fr\/#website\",\"url\":\"https:\/\/www.belleflamme.ca\/fr\/\",\"name\":\"Groupe Belleflamme\",\"description\":\"La m\u00e9canique du b\u00e2timent dans le sang.\",\"publisher\":{\"@id\":\"https:\/\/www.belleflamme.ca\/fr\/#organization\"},\"potentialAction\":[{\"@type\":\"SearchAction\",\"target\":{\"@type\":\"EntryPoint\",\"urlTemplate\":\"https:\/\/www.belleflamme.ca\/fr\/?s={search_term_string}\"},\"query-input\":{\"@type\":\"PropertyValueSpecification\",\"valueRequired\":true,\"valueName\":\"search_term_string\"}}],\"inLanguage\":\"en-US\"},{\"@type\":[\"Organization\",\"Place\"],\"@id\":\"https:\/\/www.belleflamme.ca\/fr\/#organization\",\"name\":\"Groupe Belleflamme\",\"alternateName\":\"Belleflamme\",\"url\":\"https:\/\/www.belleflamme.ca\/fr\/\",\"logo\":{\"@type\":\"ImageObject\",\"inLanguage\":\"en-US\",\"@id\":\"https:\/\/www.belleflamme.ca\/fr\/#\/schema\/logo\/image\/\",\"url\":\"https:\/\/staging.belleflamme.ca\/wp-content\/uploads\/2023\/01\/og-image.jpg\",\"contentUrl\":\"https:\/\/staging.belleflamme.ca\/wp-content\/uploads\/2023\/01\/og-image.jpg\",\"width\":1200,\"height\":630,\"caption\":\"Groupe Belleflamme\"},\"image\":{\"@id\":\"https:\/\/www.belleflamme.ca\/fr\/#\/schema\/logo\/image\/\"},\"sameAs\":[\"https:\/\/www.facebook.com\/belleflamme.ca\/\",\"https:\/\/www.linkedin.com\/company\/belleflamme\/\",\"https:\/\/www.pinterest.ca\/groupebelleflamme\/\",\"https:\/\/www.instagram.com\/legroupebelleflamme\/\"],\"mainEntityOfPage\":{\"@id\":\"https:\/\/staging.belleflamme.ca\/en\/product\/blaze-professional-lux-34-inch-3-burner-built-in-gas-grill-with-rear-infrared-burner\/\"}}]}<\/script>\n<meta property=\"product:brand\" content=\"Blaze\" \/>\n<meta property=\"product:price:amount\" content=\"0.00\" \/>\n<meta property=\"product:price:currency\" content=\"CAD\" \/>\n<meta property=\"og:availability\" content=\"instock\" \/>\n<meta property=\"product:availability\" content=\"instock\" \/>\n<meta property=\"product:condition\" content=\"new\" \/>\n<!-- \/ Yoast SEO Premium plugin. -->","yoast_head_json":{"title":"Blaze Professional LUX 34-Inch 3 Burner Built-In Gas Grill With Rear Infrared Burner - Groupe BelleFlamme","description":"Blaze Professional LUX 34-Inch 3 Burner Built-In Gas Grill With Rear Infrared Burner sold and installed by the Belleflamme Group. Laval, Montreal, Gatineau, Drummondville & Saint-Sauveur.","robots":{"index":"index","follow":"follow","max-snippet":"max-snippet:-1","max-image-preview":"max-image-preview:large","max-video-preview":"max-video-preview:-1"},"canonical":"https:\/\/staging.belleflamme.ca\/en\/product\/blaze-professional-lux-34-inch-3-burner-built-in-gas-grill-with-rear-infrared-burner\/","og_locale":"en_US","og_type":"article","og_title":"Blaze Professional LUX 34-Inch 3 Burner Built-In Gas Grill With Rear Infrared Burner","og_description":"Blaze Professional LUX 34-Inch 3 Burner Built-In Gas Grill With Rear Infrared Burner sold and installed by the Belleflamme Group. Laval, Montreal, Gatineau, Drummondville & Saint-Sauveur.","og_url":"https:\/\/staging.belleflamme.ca\/en\/product\/blaze-professional-lux-34-inch-3-burner-built-in-gas-grill-with-rear-infrared-burner\/","og_site_name":"Groupe BelleFlamme","article_publisher":"https:\/\/www.facebook.com\/belleflamme.ca\/","article_modified_time":"2023-07-02T15:59:26+00:00","og_image":[{"width":1080,"height":1080,"url":"https:\/\/www.belleflamme.ca\/wp-content\/uploads\/2023\/05\/BLZ-3PRO_BuiltInOpen.webp","type":"image\/webp"}],"twitter_card":"summary_large_image","twitter_misc":{"Price":"","Availability":"In stock"},"schema":{"@context":"https:\/\/schema.org","@graph":[{"@type":["WebPage","ItemPage"],"@id":"https:\/\/staging.belleflamme.ca\/en\/product\/blaze-professional-lux-34-inch-3-burner-built-in-gas-grill-with-rear-infrared-burner\/","url":"https:\/\/staging.belleflamme.ca\/en\/product\/blaze-professional-lux-34-inch-3-burner-built-in-gas-grill-with-rear-infrared-burner\/","name":"Blaze Professional LUX 34-Inch 3 Burner Built-In Gas Grill With Rear Infrared Burner - Groupe BelleFlamme","isPartOf":{"@id":"https:\/\/www.belleflamme.ca\/fr\/#website"},"primaryImageOfPage":{"@id":"https:\/\/staging.belleflamme.ca\/en\/product\/blaze-professional-lux-34-inch-3-burner-built-in-gas-grill-with-rear-infrared-burner\/#primaryimage"},"image":{"@id":"https:\/\/staging.belleflamme.ca\/en\/product\/blaze-professional-lux-34-inch-3-burner-built-in-gas-grill-with-rear-infrared-burner\/#primaryimage"},"thumbnailUrl":"https:\/\/staging.belleflamme.ca\/wp-content\/uploads\/2023\/05\/BLZ-3PRO_BuiltInOpen.webp","datePublished":"2023-05-16T15:09:22+00:00","dateModified":"2023-07-02T15:59:26+00:00","description":"Blaze Professional LUX 34-Inch 3 Burner Built-In Gas Grill With Rear Infrared Burner [get_meta_en_fr]","breadcrumb":{"@id":"https:\/\/staging.belleflamme.ca\/en\/product\/blaze-professional-lux-34-inch-3-burner-built-in-gas-grill-with-rear-infrared-burner\/#breadcrumb"},"inLanguage":"en-US","potentialAction":[{"@type":"ReadAction","target":["https:\/\/staging.belleflamme.ca\/en\/product\/blaze-professional-lux-34-inch-3-burner-built-in-gas-grill-with-rear-infrared-burner\/"]}]},{"@type":"ImageObject","inLanguage":"en-US","@id":"https:\/\/staging.belleflamme.ca\/en\/product\/blaze-professional-lux-34-inch-3-burner-built-in-gas-grill-with-rear-infrared-burner\/#primaryimage","url":"https:\/\/staging.belleflamme.ca\/wp-content\/uploads\/2023\/05\/BLZ-3PRO_BuiltInOpen.webp","contentUrl":"https:\/\/staging.belleflamme.ca\/wp-content\/uploads\/2023\/05\/BLZ-3PRO_BuiltInOpen.webp","width":1080,"height":1080,"caption":"Gril \u00e0 gaz int\u00e9gr\u00e9 Blaze Professional LUX 34"},{"@type":"BreadcrumbList","@id":"https:\/\/staging.belleflamme.ca\/en\/product\/blaze-professional-lux-34-inch-3-burner-built-in-gas-grill-with-rear-infrared-burner\/#breadcrumb","itemListElement":[{"@type":"ListItem","position":1,"name":"Home","item":"https:\/\/www.belleflamme.ca\/fr\/"},{"@type":"ListItem","position":2,"name":"Shop","item":"https:\/\/www.belleflamme.ca\/en\/shop\/"},{"@type":"ListItem","position":3,"name":"BBQ &amp; Outdoor Products","item":"https:\/\/staging.belleflamme.ca\/en\/category\/bbq-outdoor-products\/"},{"@type":"ListItem","position":4,"name":"Outdoor Kitchen","item":"https:\/\/staging.belleflamme.ca\/en\/category\/bbq-outdoor-products\/outdoor-kitchen\/"},{"@type":"ListItem","position":5,"name":"Outdoor BBQ","item":"https:\/\/staging.belleflamme.ca\/en\/category\/bbq-outdoor-products\/outdoor-kitchen\/outdoor-bbq\/"},{"@type":"ListItem","position":6,"name":"Blaze Professional LUX 34-Inch 3 Burner Built-In Gas Grill With Rear Infrared Burner"}]},{"@type":"WebSite","@id":"https:\/\/www.belleflamme.ca\/fr\/#website","url":"https:\/\/www.belleflamme.ca\/fr\/","name":"Groupe Belleflamme","description":"La m\u00e9canique du b\u00e2timent dans le sang.","publisher":{"@id":"https:\/\/www.belleflamme.ca\/fr\/#organization"},"potentialAction":[{"@type":"SearchAction","target":{"@type":"EntryPoint","urlTemplate":"https:\/\/www.belleflamme.ca\/fr\/?s={search_term_string}"},"query-input":{"@type":"PropertyValueSpecification","valueRequired":true,"valueName":"search_term_string"}}],"inLanguage":"en-US"},{"@type":["Organization","Place"],"@id":"https:\/\/www.belleflamme.ca\/fr\/#organization","name":"Groupe Belleflamme","alternateName":"Belleflamme","url":"https:\/\/www.belleflamme.ca\/fr\/","logo":{"@type":"ImageObject","inLanguage":"en-US","@id":"https:\/\/www.belleflamme.ca\/fr\/#\/schema\/logo\/image\/","url":"https:\/\/staging.belleflamme.ca\/wp-content\/uploads\/2023\/01\/og-image.jpg","contentUrl":"https:\/\/staging.belleflamme.ca\/wp-content\/uploads\/2023\/01\/og-image.jpg","width":1200,"height":630,"caption":"Groupe Belleflamme"},"image":{"@id":"https:\/\/www.belleflamme.ca\/fr\/#\/schema\/logo\/image\/"},"sameAs":["https:\/\/www.facebook.com\/belleflamme.ca\/","https:\/\/www.linkedin.com\/company\/belleflamme\/","https:\/\/www.pinterest.ca\/groupebelleflamme\/","https:\/\/www.instagram.com\/legroupebelleflamme\/"],"mainEntityOfPage":{"@id":"https:\/\/staging.belleflamme.ca\/en\/product\/blaze-professional-lux-34-inch-3-burner-built-in-gas-grill-with-rear-infrared-burner\/"}}]},"product_brand":"Blaze","product_price_amount":"0.00","product_price_currency":"CAD","og_availability":"instock","product_availability":"instock","product_condition":"new"},"_links":{"self":[{"href":"https:\/\/staging.belleflamme.ca\/en\/wp-json\/wp\/v2\/product\/14520","targetHints":{"allow":["GET"]}}],"collection":[{"href":"https:\/\/staging.belleflamme.ca\/en\/wp-json\/wp\/v2\/product"}],"about":[{"href":"https:\/\/staging.belleflamme.ca\/en\/wp-json\/wp\/v2\/types\/product"}],"version-history":[{"count":4,"href":"https:\/\/staging.belleflamme.ca\/en\/wp-json\/wp\/v2\/product\/14520\/revisions"}],"predecessor-version":[{"id":16217,"href":"https:\/\/staging.belleflamme.ca\/en\/wp-json\/wp\/v2\/product\/14520\/revisions\/16217"}],"wp:featuredmedia":[{"embeddable":true,"href":"https:\/\/staging.belleflamme.ca\/en\/wp-json\/wp\/v2\/media\/14518"}],"wp:attachment":[{"href":"https:\/\/staging.belleflamme.ca\/en\/wp-json\/wp\/v2\/media?parent=14520"}],"wp:term":[{"taxonomy":"product_brand","embeddable":true,"href":"https:\/\/staging.belleflamme.ca\/en\/wp-json\/wp\/v2\/product_brand?post=14520"},{"taxonomy":"product_cat","embeddable":true,"href":"https:\/\/staging.belleflamme.ca\/en\/wp-json\/wp\/v2\/product_cat?post=14520"},{"taxonomy":"product_tag","embeddable":true,"href":"https:\/\/staging.belleflamme.ca\/en\/wp-json\/wp\/v2\/product_tag?post=14520"}],"curies":[{"name":"wp","href":"https:\/\/api.w.org\/{rel}","templated":true}]}}