{"id":13990,"date":"2023-05-08T11:18:35","date_gmt":"2023-05-08T15:18:35","guid":{"rendered":"https:\/\/www.belleflamme.ca\/?post_type=product&#038;p=13990"},"modified":"2023-07-01T17:40:09","modified_gmt":"2023-07-01T21:40:09","slug":"professional-classic-series-power-vent","status":"publish","type":"product","link":"https:\/\/staging.belleflamme.ca\/en\/product\/professional-classic-series-power-vent\/","title":{"rendered":"Professional Classic Series: Power Vent"},"content":{"rendered":"\t\t<div data-elementor-type=\"product-post\" data-elementor-id=\"13990\" class=\"elementor elementor-13990 elementor-13986\" data-elementor-post-type=\"product\">\n\t\t\t\t\t\t<section class=\"elementor-section elementor-top-section elementor-element elementor-element-77883efa elementor-section-boxed elementor-section-height-default elementor-section-height-default\" data-id=\"77883efa\" data-element_type=\"section\">\n\t\t\t\t\t\t<div class=\"elementor-container elementor-column-gap-default\">\n\t\t\t\t\t<div class=\"elementor-column elementor-col-100 elementor-top-column elementor-element elementor-element-57b58197\" data-id=\"57b58197\" data-element_type=\"column\">\n\t\t\t<div class=\"elementor-widget-wrap elementor-element-populated\">\n\t\t\t\t\t\t<div class=\"elementor-element elementor-element-2b3c8fda elementor-widget elementor-widget-text-editor\" data-id=\"2b3c8fda\" data-element_type=\"widget\" data-widget_type=\"text-editor.default\">\n\t\t\t\t<div class=\"elementor-widget-container\">\n\t\t\t\t\t\t\t\t\tProfessional Classic\u2122 Power Vent gas water heaters offer up to 100 foot vent runs, energy efficiency and the Guardian System\r\n\r\n<strong>Efficiency<\/strong>\r\n<ul>\r\n \t<li>0.65 UEF (0.67 EF)<\/li>\r\n<\/ul>\r\n<strong>Performance<\/strong>\r\n<ul>\r\n \t<li>FHR: 71 &#8211; 104 gallons<\/li>\r\n \t<li>Recovery: 32.4 to 50.5 GPH at a 90\u00b0 F rise<\/li>\r\n<\/ul>\r\n<strong>Self-Diagnostic System<\/strong>\r\n<ul>\r\n \t<li>Electronic gas control for improved monitoring&gt; and service<\/li>\r\n<\/ul>\r\n<strong>Low Emissions<\/strong>\r\n<ul>\r\n \t<li>Eco-friendly burner, low NOx design<\/li>\r\n<\/ul>\r\n<strong>Features<\/strong>\r\n<ul>\r\n \t<li>Uses indoor air for combustion; blower&gt; exhausts the flue gases<\/li>\r\n \t<li>Standard 120 VAC electrical connection<\/li>\r\n<\/ul>\r\n<strong>Guardian System\u2122 &amp; Sensor<\/strong>\r\n<ul>\r\n \t<li>Exclusive air\/fuel shut-off device<\/li>\r\n \t<li>Maintenance free \u2013 no filter to clean<\/li>\r\n \t<li>Disables the heater in the presence of flammable vapor accumulation<\/li>\r\n<\/ul>\r\n<strong>Flexible Venting Options<\/strong>\r\n<ul>\r\n \t<li>Long venting lengths up to 100 equivalent feet<\/li>\r\n \t<li>PVC, ABS, or CPVC vent pipe options<\/li>\r\n \t<li>Vertical or horizontal termination<\/li>\r\n<\/ul>\r\n<strong>Longer Life<\/strong>\r\n<ul>\r\n \t<li>Premium grade anode rod provides long-lasting tank protection<\/li>\r\n<\/ul>\r\n<strong>High Altitude Compliant<\/strong>\r\n<ul>\r\n \t<li>Certified for applications up to 7,800 ft. above sea level<\/li>\r\n<\/ul>\r\n<strong>Plus\u2026<\/strong>\r\n<ul>\r\n \t<li>Enhanced-flow brass drain valve<\/li>\r\n \t<li>Temperature and pressure relief valve included<\/li>\r\n \t<li>Low lead compliant<\/li>\r\n \t<li>Durable Silicon Nitride Ignitor (HSI)<\/li>\r\n \t<li>EverKleen\u2122 patented system fights sediment build-up<\/li>\r\n \t<li>Standard replacement parts<\/li>\r\n<\/ul>\t\t\t\t\t\t\t\t<\/div>\n\t\t\t\t<\/div>\n\t\t\t\t\t<\/div>\n\t\t<\/div>\n\t\t\t\t\t<\/div>\n\t\t<\/section>\n\t\t\t\t<section class=\"elementor-section elementor-top-section elementor-element elementor-element-eed2343 elementor-section-boxed elementor-section-height-default elementor-section-height-default\" data-id=\"eed2343\" data-element_type=\"section\">\n\t\t\t\t\t\t<div class=\"elementor-container elementor-column-gap-default\">\n\t\t\t\t\t<div class=\"elementor-column elementor-col-100 elementor-top-column elementor-element elementor-element-99e2b02\" data-id=\"99e2b02\" data-element_type=\"column\">\n\t\t\t<div class=\"elementor-widget-wrap elementor-element-populated\">\n\t\t\t\t\t\t<div class=\"elementor-element elementor-element-1155335 elementor-tabs-view-horizontal elementor-widget elementor-widget-tabs\" data-id=\"1155335\" data-element_type=\"widget\" data-widget_type=\"tabs.default\">\n\t\t\t\t<div class=\"elementor-widget-container\">\n\t\t\t\t\t\t\t<div class=\"elementor-tabs\">\n\t\t\t<div class=\"elementor-tabs-wrapper\" role=\"tablist\" >\n\t\t\t\t\t\t\t\t\t<div id=\"elementor-tab-title-1811\" class=\"elementor-tab-title elementor-tab-desktop-title\" aria-selected=\"true\" data-tab=\"1\" role=\"tab\" tabindex=\"0\" aria-controls=\"elementor-tab-content-1811\" aria-expanded=\"false\">Files<\/div>\n\t\t\t\t\t\t\t<\/div>\n\t\t\t<div class=\"elementor-tabs-content-wrapper\" role=\"tablist\" aria-orientation=\"vertical\">\n\t\t\t\t\t\t\t\t\t<div class=\"elementor-tab-title elementor-tab-mobile-title\" aria-selected=\"true\" data-tab=\"1\" role=\"tab\" tabindex=\"0\" aria-controls=\"elementor-tab-content-1811\" aria-expanded=\"false\">Files<\/div>\n\t\t\t\t\t<div id=\"elementor-tab-content-1811\" class=\"elementor-tab-content elementor-clearfix\" data-tab=\"1\" role=\"tabpanel\" aria-labelledby=\"elementor-tab-title-1811\" tabindex=\"0\" hidden=\"false\"><i class=\"far fa-file-pdf fa-xl\" style=\"font-size:35px\"><\/i><a href=\"https:\/\/www.belleflamme.ca\/wp-content\/uploads\/2023\/07\/C36299E0-D12A-4570-9343-0F9D23222CE5.pdf\"> Brochure<\/a><\/br><\/div>\n\t\t\t\t\t\t\t<\/div>\n\t\t<\/div>\n\t\t\t\t\t\t<\/div>\n\t\t\t\t<\/div>\n\t\t\t\t\t<\/div>\n\t\t<\/div>\n\t\t\t\t\t<\/div>\n\t\t<\/section>\n\t\t\t\t<\/div>\n\t\t","protected":false},"excerpt":{"rendered":"<p>Professional Classic\u2122 Power Vent gas water heaters offer up to 100 foot vent runs, energy efficiency and the Guardian System Efficiency 0.65 UEF (0.67 EF) Performance FHR: 71 &#8211; 104 gallons Recovery: 32.4 to 50.5 GPH at a 90\u00b0 F rise Self-Diagnostic System Electronic gas control for improved monitoring&gt; and service Low Emissions Eco-friendly burner, [&hellip;]<\/p>\n","protected":false},"featured_media":13988,"template":"","meta":{"inline_featured_image":false},"product_brand":[326],"product_cat":[181,176,366],"product_tag":[],"class_list":{"0":"post-13990","1":"product","2":"type-product","3":"status-publish","4":"has-post-thumbnail","6":"product_brand-rheem-en","7":"product_cat-gas-water-heaters","8":"product_cat-plumbing-gas","9":"product_cat-water-heaters","11":"first","12":"instock","13":"taxable","14":"shipping-taxable","15":"product-type-variable"},"yoast_head":"<!-- This site is optimized with the Yoast SEO Premium plugin v24.2 (Yoast SEO v24.2) - https:\/\/yoast.com\/wordpress\/plugins\/seo\/ -->\n<title>Professional Classic Series: Power Vent - Groupe BelleFlamme<\/title>\n<meta name=\"description\" content=\"Professional Classic Series: Power Vent sold and installed by the Belleflamme Group. Laval, Montreal, Gatineau, Drummondville &amp; Saint-Sauveur.\" \/>\n<meta name=\"robots\" content=\"index, follow, max-snippet:-1, max-image-preview:large, max-video-preview:-1\" \/>\n<link rel=\"canonical\" href=\"https:\/\/staging.belleflamme.ca\/en\/product\/professional-classic-series-power-vent\/\" \/>\n<meta property=\"og:locale\" content=\"en_US\" \/>\n<meta property=\"og:type\" content=\"article\" \/>\n<meta property=\"og:title\" content=\"Professional Classic Series: Power Vent\" \/>\n<meta property=\"og:description\" content=\"Professional Classic Series: Power Vent sold and installed by the Belleflamme Group. Laval, Montreal, Gatineau, Drummondville &amp; Saint-Sauveur.\" \/>\n<meta property=\"og:url\" content=\"https:\/\/staging.belleflamme.ca\/en\/product\/professional-classic-series-power-vent\/\" \/>\n<meta property=\"og:site_name\" content=\"Groupe BelleFlamme\" \/>\n<meta property=\"article:publisher\" content=\"https:\/\/www.facebook.com\/belleflamme.ca\/\" \/>\n<meta property=\"article:modified_time\" content=\"2023-07-01T21:40:09+00:00\" \/>\n<meta property=\"og:image\" content=\"https:\/\/www.belleflamme.ca\/wp-content\/uploads\/2023\/05\/rheem-Serie-Professionnelle-Classique-Evacuation-Forcee.webp\" \/>\n\t<meta property=\"og:image:width\" content=\"1000\" \/>\n\t<meta property=\"og:image:height\" content=\"1000\" \/>\n\t<meta property=\"og:image:type\" content=\"image\/webp\" \/>\n<meta name=\"twitter:card\" content=\"summary_large_image\" \/>\n<meta name=\"twitter:label1\" content=\"Availability\" \/>\n\t<meta name=\"twitter:data1\" content=\"In stock\" \/>\n<script type=\"application\/ld+json\" class=\"yoast-schema-graph\">{\"@context\":\"https:\/\/schema.org\",\"@graph\":[{\"@type\":[\"WebPage\",\"ItemPage\"],\"@id\":\"https:\/\/staging.belleflamme.ca\/en\/product\/professional-classic-series-power-vent\/\",\"url\":\"https:\/\/staging.belleflamme.ca\/en\/product\/professional-classic-series-power-vent\/\",\"name\":\"Professional Classic Series: Power Vent - Groupe BelleFlamme\",\"isPartOf\":{\"@id\":\"https:\/\/www.belleflamme.ca\/fr\/#website\"},\"primaryImageOfPage\":{\"@id\":\"https:\/\/staging.belleflamme.ca\/en\/product\/professional-classic-series-power-vent\/#primaryimage\"},\"image\":{\"@id\":\"https:\/\/staging.belleflamme.ca\/en\/product\/professional-classic-series-power-vent\/#primaryimage\"},\"thumbnailUrl\":\"https:\/\/staging.belleflamme.ca\/wp-content\/uploads\/2023\/05\/rheem-Serie-Professionnelle-Classique-Evacuation-Forcee.webp\",\"datePublished\":\"2023-05-08T15:18:35+00:00\",\"dateModified\":\"2023-07-01T21:40:09+00:00\",\"description\":\"Professional Classic Series: Power Vent [get_meta_en_fr]\",\"breadcrumb\":{\"@id\":\"https:\/\/staging.belleflamme.ca\/en\/product\/professional-classic-series-power-vent\/#breadcrumb\"},\"inLanguage\":\"en-US\",\"potentialAction\":[{\"@type\":\"ReadAction\",\"target\":[\"https:\/\/staging.belleflamme.ca\/en\/product\/professional-classic-series-power-vent\/\"]}]},{\"@type\":\"ImageObject\",\"inLanguage\":\"en-US\",\"@id\":\"https:\/\/staging.belleflamme.ca\/en\/product\/professional-classic-series-power-vent\/#primaryimage\",\"url\":\"https:\/\/staging.belleflamme.ca\/wp-content\/uploads\/2023\/05\/rheem-Serie-Professionnelle-Classique-Evacuation-Forcee.webp\",\"contentUrl\":\"https:\/\/staging.belleflamme.ca\/wp-content\/uploads\/2023\/05\/rheem-Serie-Professionnelle-Classique-Evacuation-Forcee.webp\",\"width\":1000,\"height\":1000,\"caption\":\"rheem S\u00e9rie Professionnelle Classique \u00c9vacuation Forc\u00e9e\"},{\"@type\":\"BreadcrumbList\",\"@id\":\"https:\/\/staging.belleflamme.ca\/en\/product\/professional-classic-series-power-vent\/#breadcrumb\",\"itemListElement\":[{\"@type\":\"ListItem\",\"position\":1,\"name\":\"Home\",\"item\":\"https:\/\/www.belleflamme.ca\/fr\/\"},{\"@type\":\"ListItem\",\"position\":2,\"name\":\"Shop\",\"item\":\"https:\/\/www.belleflamme.ca\/en\/shop\/\"},{\"@type\":\"ListItem\",\"position\":3,\"name\":\"Plumbing &amp; Gas\",\"item\":\"https:\/\/staging.belleflamme.ca\/en\/category\/plumbing-gas\/\"},{\"@type\":\"ListItem\",\"position\":4,\"name\":\"Water heaters\",\"item\":\"https:\/\/staging.belleflamme.ca\/en\/category\/plumbing-gas\/water-heaters\/\"},{\"@type\":\"ListItem\",\"position\":5,\"name\":\"Gas water heaters\",\"item\":\"https:\/\/staging.belleflamme.ca\/en\/category\/plumbing-gas\/water-heaters\/gas-water-heaters\/\"},{\"@type\":\"ListItem\",\"position\":6,\"name\":\"Professional Classic Series: Power Vent\"}]},{\"@type\":\"WebSite\",\"@id\":\"https:\/\/www.belleflamme.ca\/fr\/#website\",\"url\":\"https:\/\/www.belleflamme.ca\/fr\/\",\"name\":\"Groupe Belleflamme\",\"description\":\"La m\u00e9canique du b\u00e2timent dans le sang.\",\"publisher\":{\"@id\":\"https:\/\/www.belleflamme.ca\/fr\/#organization\"},\"potentialAction\":[{\"@type\":\"SearchAction\",\"target\":{\"@type\":\"EntryPoint\",\"urlTemplate\":\"https:\/\/www.belleflamme.ca\/fr\/?s={search_term_string}\"},\"query-input\":{\"@type\":\"PropertyValueSpecification\",\"valueRequired\":true,\"valueName\":\"search_term_string\"}}],\"inLanguage\":\"en-US\"},{\"@type\":[\"Organization\",\"Place\"],\"@id\":\"https:\/\/www.belleflamme.ca\/fr\/#organization\",\"name\":\"Groupe Belleflamme\",\"alternateName\":\"Belleflamme\",\"url\":\"https:\/\/www.belleflamme.ca\/fr\/\",\"logo\":{\"@type\":\"ImageObject\",\"inLanguage\":\"en-US\",\"@id\":\"https:\/\/www.belleflamme.ca\/fr\/#\/schema\/logo\/image\/\",\"url\":\"https:\/\/staging.belleflamme.ca\/wp-content\/uploads\/2023\/01\/og-image.jpg\",\"contentUrl\":\"https:\/\/staging.belleflamme.ca\/wp-content\/uploads\/2023\/01\/og-image.jpg\",\"width\":1200,\"height\":630,\"caption\":\"Groupe Belleflamme\"},\"image\":{\"@id\":\"https:\/\/www.belleflamme.ca\/fr\/#\/schema\/logo\/image\/\"},\"sameAs\":[\"https:\/\/www.facebook.com\/belleflamme.ca\/\",\"https:\/\/www.linkedin.com\/company\/belleflamme\/\",\"https:\/\/www.pinterest.ca\/groupebelleflamme\/\",\"https:\/\/www.instagram.com\/legroupebelleflamme\/\"],\"mainEntityOfPage\":{\"@id\":\"https:\/\/staging.belleflamme.ca\/en\/product\/professional-classic-series-power-vent\/\"}}]}<\/script>\n<meta property=\"product:brand\" content=\"Rheem\" \/>\n<meta property=\"og:availability\" content=\"instock\" \/>\n<meta property=\"product:availability\" content=\"instock\" \/>\n<meta property=\"product:condition\" content=\"new\" \/>\n<!-- \/ Yoast SEO Premium plugin. -->","yoast_head_json":{"title":"Professional Classic Series: Power Vent - Groupe BelleFlamme","description":"Professional Classic Series: Power Vent sold and installed by the Belleflamme Group. Laval, Montreal, Gatineau, Drummondville & Saint-Sauveur.","robots":{"index":"index","follow":"follow","max-snippet":"max-snippet:-1","max-image-preview":"max-image-preview:large","max-video-preview":"max-video-preview:-1"},"canonical":"https:\/\/staging.belleflamme.ca\/en\/product\/professional-classic-series-power-vent\/","og_locale":"en_US","og_type":"article","og_title":"Professional Classic Series: Power Vent","og_description":"Professional Classic Series: Power Vent sold and installed by the Belleflamme Group. Laval, Montreal, Gatineau, Drummondville & Saint-Sauveur.","og_url":"https:\/\/staging.belleflamme.ca\/en\/product\/professional-classic-series-power-vent\/","og_site_name":"Groupe BelleFlamme","article_publisher":"https:\/\/www.facebook.com\/belleflamme.ca\/","article_modified_time":"2023-07-01T21:40:09+00:00","og_image":[{"width":1000,"height":1000,"url":"https:\/\/www.belleflamme.ca\/wp-content\/uploads\/2023\/05\/rheem-Serie-Professionnelle-Classique-Evacuation-Forcee.webp","type":"image\/webp"}],"twitter_card":"summary_large_image","twitter_misc":{"Availability":"In stock"},"schema":{"@context":"https:\/\/schema.org","@graph":[{"@type":["WebPage","ItemPage"],"@id":"https:\/\/staging.belleflamme.ca\/en\/product\/professional-classic-series-power-vent\/","url":"https:\/\/staging.belleflamme.ca\/en\/product\/professional-classic-series-power-vent\/","name":"Professional Classic Series: Power Vent - Groupe BelleFlamme","isPartOf":{"@id":"https:\/\/www.belleflamme.ca\/fr\/#website"},"primaryImageOfPage":{"@id":"https:\/\/staging.belleflamme.ca\/en\/product\/professional-classic-series-power-vent\/#primaryimage"},"image":{"@id":"https:\/\/staging.belleflamme.ca\/en\/product\/professional-classic-series-power-vent\/#primaryimage"},"thumbnailUrl":"https:\/\/staging.belleflamme.ca\/wp-content\/uploads\/2023\/05\/rheem-Serie-Professionnelle-Classique-Evacuation-Forcee.webp","datePublished":"2023-05-08T15:18:35+00:00","dateModified":"2023-07-01T21:40:09+00:00","description":"Professional Classic Series: Power Vent [get_meta_en_fr]","breadcrumb":{"@id":"https:\/\/staging.belleflamme.ca\/en\/product\/professional-classic-series-power-vent\/#breadcrumb"},"inLanguage":"en-US","potentialAction":[{"@type":"ReadAction","target":["https:\/\/staging.belleflamme.ca\/en\/product\/professional-classic-series-power-vent\/"]}]},{"@type":"ImageObject","inLanguage":"en-US","@id":"https:\/\/staging.belleflamme.ca\/en\/product\/professional-classic-series-power-vent\/#primaryimage","url":"https:\/\/staging.belleflamme.ca\/wp-content\/uploads\/2023\/05\/rheem-Serie-Professionnelle-Classique-Evacuation-Forcee.webp","contentUrl":"https:\/\/staging.belleflamme.ca\/wp-content\/uploads\/2023\/05\/rheem-Serie-Professionnelle-Classique-Evacuation-Forcee.webp","width":1000,"height":1000,"caption":"rheem S\u00e9rie Professionnelle Classique \u00c9vacuation Forc\u00e9e"},{"@type":"BreadcrumbList","@id":"https:\/\/staging.belleflamme.ca\/en\/product\/professional-classic-series-power-vent\/#breadcrumb","itemListElement":[{"@type":"ListItem","position":1,"name":"Home","item":"https:\/\/www.belleflamme.ca\/fr\/"},{"@type":"ListItem","position":2,"name":"Shop","item":"https:\/\/www.belleflamme.ca\/en\/shop\/"},{"@type":"ListItem","position":3,"name":"Plumbing &amp; Gas","item":"https:\/\/staging.belleflamme.ca\/en\/category\/plumbing-gas\/"},{"@type":"ListItem","position":4,"name":"Water heaters","item":"https:\/\/staging.belleflamme.ca\/en\/category\/plumbing-gas\/water-heaters\/"},{"@type":"ListItem","position":5,"name":"Gas water heaters","item":"https:\/\/staging.belleflamme.ca\/en\/category\/plumbing-gas\/water-heaters\/gas-water-heaters\/"},{"@type":"ListItem","position":6,"name":"Professional Classic Series: Power Vent"}]},{"@type":"WebSite","@id":"https:\/\/www.belleflamme.ca\/fr\/#website","url":"https:\/\/www.belleflamme.ca\/fr\/","name":"Groupe Belleflamme","description":"La m\u00e9canique du b\u00e2timent dans le sang.","publisher":{"@id":"https:\/\/www.belleflamme.ca\/fr\/#organization"},"potentialAction":[{"@type":"SearchAction","target":{"@type":"EntryPoint","urlTemplate":"https:\/\/www.belleflamme.ca\/fr\/?s={search_term_string}"},"query-input":{"@type":"PropertyValueSpecification","valueRequired":true,"valueName":"search_term_string"}}],"inLanguage":"en-US"},{"@type":["Organization","Place"],"@id":"https:\/\/www.belleflamme.ca\/fr\/#organization","name":"Groupe Belleflamme","alternateName":"Belleflamme","url":"https:\/\/www.belleflamme.ca\/fr\/","logo":{"@type":"ImageObject","inLanguage":"en-US","@id":"https:\/\/www.belleflamme.ca\/fr\/#\/schema\/logo\/image\/","url":"https:\/\/staging.belleflamme.ca\/wp-content\/uploads\/2023\/01\/og-image.jpg","contentUrl":"https:\/\/staging.belleflamme.ca\/wp-content\/uploads\/2023\/01\/og-image.jpg","width":1200,"height":630,"caption":"Groupe Belleflamme"},"image":{"@id":"https:\/\/www.belleflamme.ca\/fr\/#\/schema\/logo\/image\/"},"sameAs":["https:\/\/www.facebook.com\/belleflamme.ca\/","https:\/\/www.linkedin.com\/company\/belleflamme\/","https:\/\/www.pinterest.ca\/groupebelleflamme\/","https:\/\/www.instagram.com\/legroupebelleflamme\/"],"mainEntityOfPage":{"@id":"https:\/\/staging.belleflamme.ca\/en\/product\/professional-classic-series-power-vent\/"}}]},"product_brand":"Rheem","og_availability":"instock","product_availability":"instock","product_condition":"new"},"_links":{"self":[{"href":"https:\/\/staging.belleflamme.ca\/en\/wp-json\/wp\/v2\/product\/13990","targetHints":{"allow":["GET"]}}],"collection":[{"href":"https:\/\/staging.belleflamme.ca\/en\/wp-json\/wp\/v2\/product"}],"about":[{"href":"https:\/\/staging.belleflamme.ca\/en\/wp-json\/wp\/v2\/types\/product"}],"version-history":[{"count":4,"href":"https:\/\/staging.belleflamme.ca\/en\/wp-json\/wp\/v2\/product\/13990\/revisions"}],"predecessor-version":[{"id":16097,"href":"https:\/\/staging.belleflamme.ca\/en\/wp-json\/wp\/v2\/product\/13990\/revisions\/16097"}],"wp:featuredmedia":[{"embeddable":true,"href":"https:\/\/staging.belleflamme.ca\/en\/wp-json\/wp\/v2\/media\/13988"}],"wp:attachment":[{"href":"https:\/\/staging.belleflamme.ca\/en\/wp-json\/wp\/v2\/media?parent=13990"}],"wp:term":[{"taxonomy":"product_brand","embeddable":true,"href":"https:\/\/staging.belleflamme.ca\/en\/wp-json\/wp\/v2\/product_brand?post=13990"},{"taxonomy":"product_cat","embeddable":true,"href":"https:\/\/staging.belleflamme.ca\/en\/wp-json\/wp\/v2\/product_cat?post=13990"},{"taxonomy":"product_tag","embeddable":true,"href":"https:\/\/staging.belleflamme.ca\/en\/wp-json\/wp\/v2\/product_tag?post=13990"}],"curies":[{"name":"wp","href":"https:\/\/api.w.org\/{rel}","templated":true}]}}