{"id":13959,"date":"2023-05-08T10:57:59","date_gmt":"2023-05-08T14:57:59","guid":{"rendered":"https:\/\/www.belleflamme.ca\/?post_type=product&#038;p=13959"},"modified":"2023-07-01T19:18:55","modified_gmt":"2023-07-01T23:18:55","slug":"professional-classic-plus-series-heavy-duty-power-direct-vent","status":"publish","type":"product","link":"https:\/\/staging.belleflamme.ca\/en\/product\/professional-classic-plus-series-heavy-duty-power-direct-vent\/","title":{"rendered":"Professional Classic Plus Series: Heavy Duty Power Direct Vent"},"content":{"rendered":"<p>Professional Classic Plus\u00ae Heavy Duty Power Direct Vent gas water heaters are a perfect choice for tight construction and indoor air quality<br \/>\n<b>Efficiency<\/b><\/p>\n<ul>\n<li>.62 EF<\/li>\n<\/ul>\n<p><strong>Performance<\/strong><\/p>\n<ul>\n<li>Recovery Capacity: 72.8 gallons per hour (delivers approximately 120 gallons of hot water in the first hour)**<\/li>\n<\/ul>\n<p><strong>Self-Diagnostic System<\/strong><\/p>\n<ul>\n<li>Electronic gas control for improved monitoring and service<\/li>\n<\/ul>\n<p><strong>Low Emissions<\/strong><\/p>\n<ul>\n<li>Eco-friendly burner, low NOx design<\/li>\n<\/ul>\n<p><strong>Features<\/strong><\/p>\n<ul>\n<li>Two pipe system: one pipe pulls in outside air for combustion and the other exhausts combustion gases<\/li>\n<li>120 VAC powered blower<\/li>\n<\/ul>\n<p><strong>Flammable Vapor Detection System<\/strong><\/p>\n<ul>\n<li>Protective control system that disables the heater in the presence of flammable vapor accumulation<\/li>\n<\/ul>\n<p><strong>Flexible Venting Options<\/strong><\/p>\n<ul>\n<li>Long venting lengths up to 100 feet<\/li>\n<li>PVC, ABS, or CPVC vent pipe options<\/li>\n<li>\u00a0Vertical or horizontal termination<\/li>\n<li>\u00a0Concentric vent kit available<\/li>\n<\/ul>\n<p><strong>Longer Life<\/strong><\/p>\n<ul>\n<li>Premium grade anode rod provides long-lasting tank protection<\/li>\n<\/ul>\n<p><strong>Plus\u2026<\/strong><\/p>\n<ul>\n<li>Enhanced flow brass drain valve<\/li>\n<li>Temperature and pressure relief valve included<\/li>\n<li>Low lead compliant<\/li>\n<li>\u00a0Durable silicon nitride igniter (HSI)<\/li>\n<li>\u00a0Side taps for space heating<\/li>\n<li>\u00a0EverKleen\u2122 patented system fights sediment build-up<\/li>\n<li>Standard replacement parts<\/li>\n<\/ul>\n<style>\/*! elementor - v3.13.3 - 28-05-2023 *\/\n.elementor-widget-tabs.elementor-tabs-view-vertical .elementor-tabs-wrapper{width:25%;flex-shrink:0}.elementor-widget-tabs.elementor-tabs-view-vertical .elementor-tab-desktop-title.elementor-active{border-right-style:none}.elementor-widget-tabs.elementor-tabs-view-vertical .elementor-tab-desktop-title.elementor-active:after,.elementor-widget-tabs.elementor-tabs-view-vertical .elementor-tab-desktop-title.elementor-active:before{height:999em;width:0;right:0;border-right-style:solid}.elementor-widget-tabs.elementor-tabs-view-vertical .elementor-tab-desktop-title.elementor-active:before{top:0;transform:translateY(-100%)}.elementor-widget-tabs.elementor-tabs-view-vertical .elementor-tab-desktop-title.elementor-active:after{top:100%}.elementor-widget-tabs.elementor-tabs-view-horizontal .elementor-tab-desktop-title{display:table-cell}.elementor-widget-tabs.elementor-tabs-view-horizontal .elementor-tab-desktop-title.elementor-active{border-bottom-style:none}.elementor-widget-tabs.elementor-tabs-view-horizontal .elementor-tab-desktop-title.elementor-active:after,.elementor-widget-tabs.elementor-tabs-view-horizontal .elementor-tab-desktop-title.elementor-active:before{bottom:0;height:0;width:999em;border-bottom-style:solid}.elementor-widget-tabs.elementor-tabs-view-horizontal .elementor-tab-desktop-title.elementor-active:before{right:100%}.elementor-widget-tabs.elementor-tabs-view-horizontal .elementor-tab-desktop-title.elementor-active:after{left:100%}.elementor-widget-tabs .elementor-tab-content,.elementor-widget-tabs .elementor-tab-title,.elementor-widget-tabs .elementor-tab-title:after,.elementor-widget-tabs .elementor-tab-title:before,.elementor-widget-tabs .elementor-tabs-content-wrapper{border:1px #d5d8dc}.elementor-widget-tabs .elementor-tabs{text-align:left}.elementor-widget-tabs .elementor-tabs-wrapper{overflow:hidden}.elementor-widget-tabs .elementor-tab-title{cursor:pointer;outline:var(--focus-outline,none)}.elementor-widget-tabs .elementor-tab-desktop-title{position:relative;padding:20px 25px;font-weight:700;line-height:1;border:solid transparent}.elementor-widget-tabs .elementor-tab-desktop-title.elementor-active{border-color:#d5d8dc}.elementor-widget-tabs .elementor-tab-desktop-title.elementor-active:after,.elementor-widget-tabs .elementor-tab-desktop-title.elementor-active:before{display:block;content:\"\";position:absolute}.elementor-widget-tabs .elementor-tab-desktop-title:focus-visible{border:1px solid #000}.elementor-widget-tabs .elementor-tab-mobile-title{padding:10px;cursor:pointer}.elementor-widget-tabs .elementor-tab-content{padding:20px;display:none}@media (max-width:767px){.elementor-tabs .elementor-tab-content,.elementor-tabs .elementor-tab-title{border-style:solid solid none}.elementor-tabs .elementor-tabs-wrapper{display:none}.elementor-tabs .elementor-tabs-content-wrapper{border-bottom-style:solid}.elementor-tabs .elementor-tab-content{padding:10px}}@media (min-width:768px){.elementor-widget-tabs.elementor-tabs-view-vertical .elementor-tabs{display:flex}.elementor-widget-tabs.elementor-tabs-view-vertical .elementor-tabs-wrapper{flex-direction:column}.elementor-widget-tabs.elementor-tabs-view-vertical .elementor-tabs-content-wrapper{flex-grow:1;border-style:solid solid solid none}.elementor-widget-tabs.elementor-tabs-view-horizontal .elementor-tab-content{border-style:none solid solid}.elementor-widget-tabs.elementor-tabs-alignment-center .elementor-tabs-wrapper,.elementor-widget-tabs.elementor-tabs-alignment-end .elementor-tabs-wrapper,.elementor-widget-tabs.elementor-tabs-alignment-stretch .elementor-tabs-wrapper{display:flex}.elementor-widget-tabs.elementor-tabs-alignment-center .elementor-tabs-wrapper{justify-content:center}.elementor-widget-tabs.elementor-tabs-alignment-end .elementor-tabs-wrapper{justify-content:flex-end}.elementor-widget-tabs.elementor-tabs-alignment-stretch.elementor-tabs-view-horizontal .elementor-tab-title{width:100%}.elementor-widget-tabs.elementor-tabs-alignment-stretch.elementor-tabs-view-vertical .elementor-tab-title{height:100%}.elementor-tabs .elementor-tab-mobile-title{display:none}}<\/style>\n<p>\t\t\t\t\t\t\t\t\tFiles<br \/>\n\t\t\t\t\t\t\t\t\tFiles<br \/>\n\t\t\t\t\t<a href=\"https:\/\/www.belleflamme.ca\/wp-content\/uploads\/2023\/07\/32FCB446-C94E-4B73-8F3E-ECC8D74BD6FA.pdf\"> Brochure<\/a><\/br><br \/>\n<a href=\"https:\/\/www.belleflamme.ca\/wp-content\/uploads\/2023\/07\/AP14897-3_PowerDirectVent_40-75gal_CAN.pdf\"> Manual<\/a><\/br><\/p>\n","protected":false},"excerpt":{"rendered":"<p>Professional Classic Plus\u00ae Heavy Duty Power Direct Vent gas water heaters are a perfect choice for tight construction and indoor air quality Efficiency .62 EF Performance Recovery Capacity: 72.8 gallons per hour (delivers approximately 120 gallons of hot water in the first hour)** Self-Diagnostic System Electronic gas control for improved monitoring and service Low Emissions [&hellip;]<\/p>\n","protected":false},"featured_media":13957,"template":"","meta":{"inline_featured_image":false},"product_brand":[326],"product_cat":[181,176,366],"product_tag":[],"class_list":{"0":"post-13959","1":"product","2":"type-product","3":"status-publish","4":"has-post-thumbnail","6":"product_brand-rheem-en","7":"product_cat-gas-water-heaters","8":"product_cat-plumbing-gas","9":"product_cat-water-heaters","11":"first","12":"instock","13":"taxable","14":"shipping-taxable","15":"product-type-simple"},"yoast_head":"<!-- This site is optimized with the Yoast SEO Premium plugin v24.2 (Yoast SEO v24.2) - https:\/\/yoast.com\/wordpress\/plugins\/seo\/ -->\n<title>Professional Classic Plus Series: Heavy Duty Power Direct Vent - Groupe BelleFlamme<\/title>\n<meta name=\"description\" content=\"Professional Classic Plus Series: Heavy Duty Power Direct Vent sold and installed by the Belleflamme Group. Laval, Montreal, Gatineau, Drummondville &amp; Saint-Sauveur.\" \/>\n<meta name=\"robots\" content=\"index, follow, max-snippet:-1, max-image-preview:large, max-video-preview:-1\" \/>\n<link rel=\"canonical\" href=\"https:\/\/staging.belleflamme.ca\/en\/product\/professional-classic-plus-series-heavy-duty-power-direct-vent\/\" \/>\n<meta property=\"og:locale\" content=\"en_US\" \/>\n<meta property=\"og:type\" content=\"article\" \/>\n<meta property=\"og:title\" content=\"Professional Classic Plus Series: Heavy Duty Power Direct Vent\" \/>\n<meta property=\"og:description\" content=\"Professional Classic Plus Series: Heavy Duty Power Direct Vent sold and installed by the Belleflamme Group. Laval, Montreal, Gatineau, Drummondville &amp; Saint-Sauveur.\" \/>\n<meta property=\"og:url\" content=\"https:\/\/staging.belleflamme.ca\/en\/product\/professional-classic-plus-series-heavy-duty-power-direct-vent\/\" \/>\n<meta property=\"og:site_name\" content=\"Groupe BelleFlamme\" \/>\n<meta property=\"article:publisher\" content=\"https:\/\/www.facebook.com\/belleflamme.ca\/\" \/>\n<meta property=\"article:modified_time\" content=\"2023-07-01T23:18:55+00:00\" \/>\n<meta property=\"og:image\" content=\"https:\/\/www.belleflamme.ca\/wp-content\/uploads\/2023\/05\/rheem-Serie-Professional-Classic-Plus-Evacuation-directe-assistee-a-usage-intensif.webp\" \/>\n\t<meta property=\"og:image:width\" content=\"1000\" \/>\n\t<meta property=\"og:image:height\" content=\"1000\" \/>\n\t<meta property=\"og:image:type\" content=\"image\/webp\" \/>\n<meta name=\"twitter:card\" content=\"summary_large_image\" \/>\n<meta name=\"twitter:label1\" content=\"Price\" \/>\n\t<meta name=\"twitter:data1\" content=\"\" \/>\n\t<meta name=\"twitter:label2\" content=\"Availability\" \/>\n\t<meta name=\"twitter:data2\" content=\"In stock\" \/>\n<script type=\"application\/ld+json\" class=\"yoast-schema-graph\">{\"@context\":\"https:\/\/schema.org\",\"@graph\":[{\"@type\":[\"WebPage\",\"ItemPage\"],\"@id\":\"https:\/\/staging.belleflamme.ca\/en\/product\/professional-classic-plus-series-heavy-duty-power-direct-vent\/\",\"url\":\"https:\/\/staging.belleflamme.ca\/en\/product\/professional-classic-plus-series-heavy-duty-power-direct-vent\/\",\"name\":\"Professional Classic Plus Series: Heavy Duty Power Direct Vent - Groupe BelleFlamme\",\"isPartOf\":{\"@id\":\"https:\/\/www.belleflamme.ca\/fr\/#website\"},\"primaryImageOfPage\":{\"@id\":\"https:\/\/staging.belleflamme.ca\/en\/product\/professional-classic-plus-series-heavy-duty-power-direct-vent\/#primaryimage\"},\"image\":{\"@id\":\"https:\/\/staging.belleflamme.ca\/en\/product\/professional-classic-plus-series-heavy-duty-power-direct-vent\/#primaryimage\"},\"thumbnailUrl\":\"https:\/\/staging.belleflamme.ca\/wp-content\/uploads\/2023\/05\/rheem-Serie-Professional-Classic-Plus-Evacuation-directe-assistee-a-usage-intensif.webp\",\"datePublished\":\"2023-05-08T14:57:59+00:00\",\"dateModified\":\"2023-07-01T23:18:55+00:00\",\"description\":\"Professional Classic Plus Series: Heavy Duty Power Direct Vent [get_meta_en_fr]\",\"breadcrumb\":{\"@id\":\"https:\/\/staging.belleflamme.ca\/en\/product\/professional-classic-plus-series-heavy-duty-power-direct-vent\/#breadcrumb\"},\"inLanguage\":\"en-US\",\"potentialAction\":[{\"@type\":\"ReadAction\",\"target\":[\"https:\/\/staging.belleflamme.ca\/en\/product\/professional-classic-plus-series-heavy-duty-power-direct-vent\/\"]}]},{\"@type\":\"ImageObject\",\"inLanguage\":\"en-US\",\"@id\":\"https:\/\/staging.belleflamme.ca\/en\/product\/professional-classic-plus-series-heavy-duty-power-direct-vent\/#primaryimage\",\"url\":\"https:\/\/staging.belleflamme.ca\/wp-content\/uploads\/2023\/05\/rheem-Serie-Professional-Classic-Plus-Evacuation-directe-assistee-a-usage-intensif.webp\",\"contentUrl\":\"https:\/\/staging.belleflamme.ca\/wp-content\/uploads\/2023\/05\/rheem-Serie-Professional-Classic-Plus-Evacuation-directe-assistee-a-usage-intensif.webp\",\"width\":1000,\"height\":1000,\"caption\":\"rheem S\u00e9rie Professional Classic Plus \u00c9vacuation directe assist\u00e9e \u00e0 usage intensif\"},{\"@type\":\"BreadcrumbList\",\"@id\":\"https:\/\/staging.belleflamme.ca\/en\/product\/professional-classic-plus-series-heavy-duty-power-direct-vent\/#breadcrumb\",\"itemListElement\":[{\"@type\":\"ListItem\",\"position\":1,\"name\":\"Home\",\"item\":\"https:\/\/www.belleflamme.ca\/fr\/\"},{\"@type\":\"ListItem\",\"position\":2,\"name\":\"Shop\",\"item\":\"https:\/\/www.belleflamme.ca\/en\/shop\/\"},{\"@type\":\"ListItem\",\"position\":3,\"name\":\"Plumbing &amp; Gas\",\"item\":\"https:\/\/staging.belleflamme.ca\/en\/category\/plumbing-gas\/\"},{\"@type\":\"ListItem\",\"position\":4,\"name\":\"Water heaters\",\"item\":\"https:\/\/staging.belleflamme.ca\/en\/category\/plumbing-gas\/water-heaters\/\"},{\"@type\":\"ListItem\",\"position\":5,\"name\":\"Gas water heaters\",\"item\":\"https:\/\/staging.belleflamme.ca\/en\/category\/plumbing-gas\/water-heaters\/gas-water-heaters\/\"},{\"@type\":\"ListItem\",\"position\":6,\"name\":\"Professional Classic Plus Series: Heavy Duty Power Direct Vent\"}]},{\"@type\":\"WebSite\",\"@id\":\"https:\/\/www.belleflamme.ca\/fr\/#website\",\"url\":\"https:\/\/www.belleflamme.ca\/fr\/\",\"name\":\"Groupe Belleflamme\",\"description\":\"La m\u00e9canique du b\u00e2timent dans le sang.\",\"publisher\":{\"@id\":\"https:\/\/www.belleflamme.ca\/fr\/#organization\"},\"potentialAction\":[{\"@type\":\"SearchAction\",\"target\":{\"@type\":\"EntryPoint\",\"urlTemplate\":\"https:\/\/www.belleflamme.ca\/fr\/?s={search_term_string}\"},\"query-input\":{\"@type\":\"PropertyValueSpecification\",\"valueRequired\":true,\"valueName\":\"search_term_string\"}}],\"inLanguage\":\"en-US\"},{\"@type\":[\"Organization\",\"Place\"],\"@id\":\"https:\/\/www.belleflamme.ca\/fr\/#organization\",\"name\":\"Groupe Belleflamme\",\"alternateName\":\"Belleflamme\",\"url\":\"https:\/\/www.belleflamme.ca\/fr\/\",\"logo\":{\"@type\":\"ImageObject\",\"inLanguage\":\"en-US\",\"@id\":\"https:\/\/www.belleflamme.ca\/fr\/#\/schema\/logo\/image\/\",\"url\":\"https:\/\/staging.belleflamme.ca\/wp-content\/uploads\/2023\/01\/og-image.jpg\",\"contentUrl\":\"https:\/\/staging.belleflamme.ca\/wp-content\/uploads\/2023\/01\/og-image.jpg\",\"width\":1200,\"height\":630,\"caption\":\"Groupe Belleflamme\"},\"image\":{\"@id\":\"https:\/\/www.belleflamme.ca\/fr\/#\/schema\/logo\/image\/\"},\"sameAs\":[\"https:\/\/www.facebook.com\/belleflamme.ca\/\",\"https:\/\/www.linkedin.com\/company\/belleflamme\/\",\"https:\/\/www.pinterest.ca\/groupebelleflamme\/\",\"https:\/\/www.instagram.com\/legroupebelleflamme\/\"],\"mainEntityOfPage\":{\"@id\":\"https:\/\/staging.belleflamme.ca\/en\/product\/professional-classic-plus-series-heavy-duty-power-direct-vent\/\"}}]}<\/script>\n<meta property=\"product:brand\" content=\"Rheem\" \/>\n<meta property=\"product:price:amount\" content=\"0.00\" \/>\n<meta property=\"product:price:currency\" content=\"CAD\" \/>\n<meta property=\"og:availability\" content=\"instock\" \/>\n<meta property=\"product:availability\" content=\"instock\" \/>\n<meta property=\"product:condition\" content=\"new\" \/>\n<!-- \/ Yoast SEO Premium plugin. -->","yoast_head_json":{"title":"Professional Classic Plus Series: Heavy Duty Power Direct Vent - Groupe BelleFlamme","description":"Professional Classic Plus Series: Heavy Duty Power Direct Vent sold and installed by the Belleflamme Group. Laval, Montreal, Gatineau, Drummondville & Saint-Sauveur.","robots":{"index":"index","follow":"follow","max-snippet":"max-snippet:-1","max-image-preview":"max-image-preview:large","max-video-preview":"max-video-preview:-1"},"canonical":"https:\/\/staging.belleflamme.ca\/en\/product\/professional-classic-plus-series-heavy-duty-power-direct-vent\/","og_locale":"en_US","og_type":"article","og_title":"Professional Classic Plus Series: Heavy Duty Power Direct Vent","og_description":"Professional Classic Plus Series: Heavy Duty Power Direct Vent sold and installed by the Belleflamme Group. Laval, Montreal, Gatineau, Drummondville & Saint-Sauveur.","og_url":"https:\/\/staging.belleflamme.ca\/en\/product\/professional-classic-plus-series-heavy-duty-power-direct-vent\/","og_site_name":"Groupe BelleFlamme","article_publisher":"https:\/\/www.facebook.com\/belleflamme.ca\/","article_modified_time":"2023-07-01T23:18:55+00:00","og_image":[{"width":1000,"height":1000,"url":"https:\/\/www.belleflamme.ca\/wp-content\/uploads\/2023\/05\/rheem-Serie-Professional-Classic-Plus-Evacuation-directe-assistee-a-usage-intensif.webp","type":"image\/webp"}],"twitter_card":"summary_large_image","twitter_misc":{"Price":"","Availability":"In stock"},"schema":{"@context":"https:\/\/schema.org","@graph":[{"@type":["WebPage","ItemPage"],"@id":"https:\/\/staging.belleflamme.ca\/en\/product\/professional-classic-plus-series-heavy-duty-power-direct-vent\/","url":"https:\/\/staging.belleflamme.ca\/en\/product\/professional-classic-plus-series-heavy-duty-power-direct-vent\/","name":"Professional Classic Plus Series: Heavy Duty Power Direct Vent - Groupe BelleFlamme","isPartOf":{"@id":"https:\/\/www.belleflamme.ca\/fr\/#website"},"primaryImageOfPage":{"@id":"https:\/\/staging.belleflamme.ca\/en\/product\/professional-classic-plus-series-heavy-duty-power-direct-vent\/#primaryimage"},"image":{"@id":"https:\/\/staging.belleflamme.ca\/en\/product\/professional-classic-plus-series-heavy-duty-power-direct-vent\/#primaryimage"},"thumbnailUrl":"https:\/\/staging.belleflamme.ca\/wp-content\/uploads\/2023\/05\/rheem-Serie-Professional-Classic-Plus-Evacuation-directe-assistee-a-usage-intensif.webp","datePublished":"2023-05-08T14:57:59+00:00","dateModified":"2023-07-01T23:18:55+00:00","description":"Professional Classic Plus Series: Heavy Duty Power Direct Vent [get_meta_en_fr]","breadcrumb":{"@id":"https:\/\/staging.belleflamme.ca\/en\/product\/professional-classic-plus-series-heavy-duty-power-direct-vent\/#breadcrumb"},"inLanguage":"en-US","potentialAction":[{"@type":"ReadAction","target":["https:\/\/staging.belleflamme.ca\/en\/product\/professional-classic-plus-series-heavy-duty-power-direct-vent\/"]}]},{"@type":"ImageObject","inLanguage":"en-US","@id":"https:\/\/staging.belleflamme.ca\/en\/product\/professional-classic-plus-series-heavy-duty-power-direct-vent\/#primaryimage","url":"https:\/\/staging.belleflamme.ca\/wp-content\/uploads\/2023\/05\/rheem-Serie-Professional-Classic-Plus-Evacuation-directe-assistee-a-usage-intensif.webp","contentUrl":"https:\/\/staging.belleflamme.ca\/wp-content\/uploads\/2023\/05\/rheem-Serie-Professional-Classic-Plus-Evacuation-directe-assistee-a-usage-intensif.webp","width":1000,"height":1000,"caption":"rheem S\u00e9rie Professional Classic Plus \u00c9vacuation directe assist\u00e9e \u00e0 usage intensif"},{"@type":"BreadcrumbList","@id":"https:\/\/staging.belleflamme.ca\/en\/product\/professional-classic-plus-series-heavy-duty-power-direct-vent\/#breadcrumb","itemListElement":[{"@type":"ListItem","position":1,"name":"Home","item":"https:\/\/www.belleflamme.ca\/fr\/"},{"@type":"ListItem","position":2,"name":"Shop","item":"https:\/\/www.belleflamme.ca\/en\/shop\/"},{"@type":"ListItem","position":3,"name":"Plumbing &amp; Gas","item":"https:\/\/staging.belleflamme.ca\/en\/category\/plumbing-gas\/"},{"@type":"ListItem","position":4,"name":"Water heaters","item":"https:\/\/staging.belleflamme.ca\/en\/category\/plumbing-gas\/water-heaters\/"},{"@type":"ListItem","position":5,"name":"Gas water heaters","item":"https:\/\/staging.belleflamme.ca\/en\/category\/plumbing-gas\/water-heaters\/gas-water-heaters\/"},{"@type":"ListItem","position":6,"name":"Professional Classic Plus Series: Heavy Duty Power Direct Vent"}]},{"@type":"WebSite","@id":"https:\/\/www.belleflamme.ca\/fr\/#website","url":"https:\/\/www.belleflamme.ca\/fr\/","name":"Groupe Belleflamme","description":"La m\u00e9canique du b\u00e2timent dans le sang.","publisher":{"@id":"https:\/\/www.belleflamme.ca\/fr\/#organization"},"potentialAction":[{"@type":"SearchAction","target":{"@type":"EntryPoint","urlTemplate":"https:\/\/www.belleflamme.ca\/fr\/?s={search_term_string}"},"query-input":{"@type":"PropertyValueSpecification","valueRequired":true,"valueName":"search_term_string"}}],"inLanguage":"en-US"},{"@type":["Organization","Place"],"@id":"https:\/\/www.belleflamme.ca\/fr\/#organization","name":"Groupe Belleflamme","alternateName":"Belleflamme","url":"https:\/\/www.belleflamme.ca\/fr\/","logo":{"@type":"ImageObject","inLanguage":"en-US","@id":"https:\/\/www.belleflamme.ca\/fr\/#\/schema\/logo\/image\/","url":"https:\/\/staging.belleflamme.ca\/wp-content\/uploads\/2023\/01\/og-image.jpg","contentUrl":"https:\/\/staging.belleflamme.ca\/wp-content\/uploads\/2023\/01\/og-image.jpg","width":1200,"height":630,"caption":"Groupe Belleflamme"},"image":{"@id":"https:\/\/www.belleflamme.ca\/fr\/#\/schema\/logo\/image\/"},"sameAs":["https:\/\/www.facebook.com\/belleflamme.ca\/","https:\/\/www.linkedin.com\/company\/belleflamme\/","https:\/\/www.pinterest.ca\/groupebelleflamme\/","https:\/\/www.instagram.com\/legroupebelleflamme\/"],"mainEntityOfPage":{"@id":"https:\/\/staging.belleflamme.ca\/en\/product\/professional-classic-plus-series-heavy-duty-power-direct-vent\/"}}]},"product_brand":"Rheem","product_price_amount":"0.00","product_price_currency":"CAD","og_availability":"instock","product_availability":"instock","product_condition":"new"},"_links":{"self":[{"href":"https:\/\/staging.belleflamme.ca\/en\/wp-json\/wp\/v2\/product\/13959","targetHints":{"allow":["GET"]}}],"collection":[{"href":"https:\/\/staging.belleflamme.ca\/en\/wp-json\/wp\/v2\/product"}],"about":[{"href":"https:\/\/staging.belleflamme.ca\/en\/wp-json\/wp\/v2\/types\/product"}],"version-history":[{"count":4,"href":"https:\/\/staging.belleflamme.ca\/en\/wp-json\/wp\/v2\/product\/13959\/revisions"}],"predecessor-version":[{"id":16170,"href":"https:\/\/staging.belleflamme.ca\/en\/wp-json\/wp\/v2\/product\/13959\/revisions\/16170"}],"wp:featuredmedia":[{"embeddable":true,"href":"https:\/\/staging.belleflamme.ca\/en\/wp-json\/wp\/v2\/media\/13957"}],"wp:attachment":[{"href":"https:\/\/staging.belleflamme.ca\/en\/wp-json\/wp\/v2\/media?parent=13959"}],"wp:term":[{"taxonomy":"product_brand","embeddable":true,"href":"https:\/\/staging.belleflamme.ca\/en\/wp-json\/wp\/v2\/product_brand?post=13959"},{"taxonomy":"product_cat","embeddable":true,"href":"https:\/\/staging.belleflamme.ca\/en\/wp-json\/wp\/v2\/product_cat?post=13959"},{"taxonomy":"product_tag","embeddable":true,"href":"https:\/\/staging.belleflamme.ca\/en\/wp-json\/wp\/v2\/product_tag?post=13959"}],"curies":[{"name":"wp","href":"https:\/\/api.w.org\/{rel}","templated":true}]}}