{"id":12675,"date":"2023-05-03T10:27:12","date_gmt":"2023-05-03T14:27:12","guid":{"rendered":"https:\/\/www.belleflamme.ca\/product\/electrical-stop-start-kit-110-24-v-sebo-et-1\/"},"modified":"2023-05-03T10:27:12","modified_gmt":"2023-05-03T14:27:12","slug":"kit-on-off-110-24-v-sebo-et-1","status":"publish","type":"product","link":"https:\/\/staging.belleflamme.ca\/en\/product\/kit-on-off-110-24-v-sebo-et-1\/","title":{"rendered":"Electrical stop\/start kit 110-24 V SEBO ET-1"},"content":{"rendered":"<h3>Features<\/h3>\n<ul>\n<li>Electric broom SEBO ET-1<\/li>\n<li>Electric hose with 3-way switch<\/li>\n<li>Complete brush set<\/li>\n<li>3 years warranty<\/li>\n<\/ul>\n<p>This electric accessory kit includes an electric hose with 3-way switch, a SEBO ET-1 electric broom, a 12&#8243; floor brush, a rectangular brush, a dusting brush, a corner tool, a hose holder, an accessory apron, an electric wand for the SEBO broom and a telescopic stainless steel wand.<\/p>\n","protected":false},"excerpt":{"rendered":"<p>Features Electric broom SEBO ET-1 Electric hose with 3-way switch Complete brush set 3 years warranty This electric accessory kit includes an electric hose with 3-way switch, a SEBO ET-1 electric broom, a 12&#8243; floor brush, a rectangular brush, a dusting brush, a corner tool, a hose holder, an accessory apron, an electric wand for [&hellip;]<\/p>\n","protected":false},"featured_media":12671,"template":"","meta":{"inline_featured_image":false},"product_brand":[272],"product_cat":[140,135],"product_tag":[],"class_list":{"0":"post-12675","1":"product","2":"type-product","3":"status-publish","4":"has-post-thumbnail","6":"product_brand-mvac-en","7":"product_cat-accessory-set","8":"product_cat-vacuum","10":"first","11":"instock","12":"taxable","13":"shipping-taxable","14":"purchasable","15":"product-type-variable"},"yoast_head":"<!-- This site is optimized with the Yoast SEO Premium plugin v24.2 (Yoast SEO v24.2) - https:\/\/yoast.com\/wordpress\/plugins\/seo\/ -->\n<title>Electrical stop\/start kit 110-24 V SEBO ET-1 - Groupe BelleFlamme<\/title>\n<meta name=\"description\" content=\"Electrical stop\/start kit 110-24 V SEBO ET-1 sold and installed by the Belleflamme Group. Laval, Montreal, Gatineau, Drummondville &amp; Saint-Sauveur.\" \/>\n<meta name=\"robots\" content=\"index, follow, max-snippet:-1, max-image-preview:large, max-video-preview:-1\" \/>\n<link rel=\"canonical\" href=\"https:\/\/staging.belleflamme.ca\/en\/product\/kit-on-off-110-24-v-sebo-et-1\/\" \/>\n<meta property=\"og:locale\" content=\"en_US\" \/>\n<meta property=\"og:type\" content=\"article\" \/>\n<meta property=\"og:title\" content=\"Electrical stop\/start kit 110-24 V SEBO ET-1\" \/>\n<meta property=\"og:description\" content=\"Electrical stop\/start kit 110-24 V SEBO ET-1 sold and installed by the Belleflamme Group. Laval, Montreal, Gatineau, Drummondville &amp; Saint-Sauveur.\" \/>\n<meta property=\"og:url\" content=\"https:\/\/staging.belleflamme.ca\/en\/product\/kit-on-off-110-24-v-sebo-et-1\/\" \/>\n<meta property=\"og:site_name\" content=\"Groupe BelleFlamme\" \/>\n<meta property=\"article:publisher\" content=\"https:\/\/www.facebook.com\/belleflamme.ca\/\" \/>\n<meta property=\"og:image\" content=\"https:\/\/www.belleflamme.ca\/wp-content\/uploads\/2023\/05\/Ensemble-arret-depart-electrique-110-24-V-SEBO-ET-1.webp\" \/>\n\t<meta property=\"og:image:width\" content=\"600\" \/>\n\t<meta property=\"og:image:height\" content=\"600\" \/>\n\t<meta property=\"og:image:type\" content=\"image\/webp\" \/>\n<meta name=\"twitter:card\" content=\"summary_large_image\" \/>\n<meta name=\"twitter:label1\" content=\"Availability\" \/>\n\t<meta name=\"twitter:data1\" content=\"In stock\" \/>\n<script type=\"application\/ld+json\" class=\"yoast-schema-graph\">{\"@context\":\"https:\/\/schema.org\",\"@graph\":[{\"@type\":[\"WebPage\",\"ItemPage\"],\"@id\":\"https:\/\/staging.belleflamme.ca\/en\/product\/kit-on-off-110-24-v-sebo-et-1\/\",\"url\":\"https:\/\/staging.belleflamme.ca\/en\/product\/kit-on-off-110-24-v-sebo-et-1\/\",\"name\":\"Electrical stop\/start kit 110-24 V SEBO ET-1 - Groupe BelleFlamme\",\"isPartOf\":{\"@id\":\"https:\/\/www.belleflamme.ca\/fr\/#website\"},\"primaryImageOfPage\":{\"@id\":\"https:\/\/staging.belleflamme.ca\/en\/product\/kit-on-off-110-24-v-sebo-et-1\/#primaryimage\"},\"image\":{\"@id\":\"https:\/\/staging.belleflamme.ca\/en\/product\/kit-on-off-110-24-v-sebo-et-1\/#primaryimage\"},\"thumbnailUrl\":\"https:\/\/staging.belleflamme.ca\/wp-content\/uploads\/2023\/05\/Ensemble-arret-depart-electrique-110-24-V-SEBO-ET-1.webp\",\"datePublished\":\"2023-05-03T14:27:12+00:00\",\"dateModified\":\"2023-05-03T14:27:12+00:00\",\"description\":\"Electrical stop\/start kit 110-24 V SEBO ET-1 [get_meta_en_fr]\",\"breadcrumb\":{\"@id\":\"https:\/\/staging.belleflamme.ca\/en\/product\/kit-on-off-110-24-v-sebo-et-1\/#breadcrumb\"},\"inLanguage\":\"en-US\",\"potentialAction\":[{\"@type\":\"ReadAction\",\"target\":[\"https:\/\/staging.belleflamme.ca\/en\/product\/kit-on-off-110-24-v-sebo-et-1\/\"]}]},{\"@type\":\"ImageObject\",\"inLanguage\":\"en-US\",\"@id\":\"https:\/\/staging.belleflamme.ca\/en\/product\/kit-on-off-110-24-v-sebo-et-1\/#primaryimage\",\"url\":\"https:\/\/staging.belleflamme.ca\/wp-content\/uploads\/2023\/05\/Ensemble-arret-depart-electrique-110-24-V-SEBO-ET-1.webp\",\"contentUrl\":\"https:\/\/staging.belleflamme.ca\/wp-content\/uploads\/2023\/05\/Ensemble-arret-depart-electrique-110-24-V-SEBO-ET-1.webp\",\"width\":600,\"height\":600,\"caption\":\"Ensemble arr\u00eat d\u00e9part \u00e9lectrique 110-24 V SEBO ET-1\"},{\"@type\":\"BreadcrumbList\",\"@id\":\"https:\/\/staging.belleflamme.ca\/en\/product\/kit-on-off-110-24-v-sebo-et-1\/#breadcrumb\",\"itemListElement\":[{\"@type\":\"ListItem\",\"position\":1,\"name\":\"Home\",\"item\":\"https:\/\/www.belleflamme.ca\/fr\/\"},{\"@type\":\"ListItem\",\"position\":2,\"name\":\"Shop\",\"item\":\"https:\/\/www.belleflamme.ca\/en\/shop\/\"},{\"@type\":\"ListItem\",\"position\":3,\"name\":\"Vacuum\",\"item\":\"https:\/\/staging.belleflamme.ca\/en\/category\/vacuum\/\"},{\"@type\":\"ListItem\",\"position\":4,\"name\":\"Accessory Set\",\"item\":\"https:\/\/staging.belleflamme.ca\/en\/category\/vacuum\/accessory-set\/\"},{\"@type\":\"ListItem\",\"position\":5,\"name\":\"Electrical stop\/start kit 110-24 V SEBO ET-1\"}]},{\"@type\":\"WebSite\",\"@id\":\"https:\/\/www.belleflamme.ca\/fr\/#website\",\"url\":\"https:\/\/www.belleflamme.ca\/fr\/\",\"name\":\"Groupe Belleflamme\",\"description\":\"La m\u00e9canique du b\u00e2timent dans le sang.\",\"publisher\":{\"@id\":\"https:\/\/www.belleflamme.ca\/fr\/#organization\"},\"potentialAction\":[{\"@type\":\"SearchAction\",\"target\":{\"@type\":\"EntryPoint\",\"urlTemplate\":\"https:\/\/www.belleflamme.ca\/fr\/?s={search_term_string}\"},\"query-input\":{\"@type\":\"PropertyValueSpecification\",\"valueRequired\":true,\"valueName\":\"search_term_string\"}}],\"inLanguage\":\"en-US\"},{\"@type\":[\"Organization\",\"Place\"],\"@id\":\"https:\/\/www.belleflamme.ca\/fr\/#organization\",\"name\":\"Groupe Belleflamme\",\"alternateName\":\"Belleflamme\",\"url\":\"https:\/\/www.belleflamme.ca\/fr\/\",\"logo\":{\"@type\":\"ImageObject\",\"inLanguage\":\"en-US\",\"@id\":\"https:\/\/www.belleflamme.ca\/fr\/#\/schema\/logo\/image\/\",\"url\":\"https:\/\/staging.belleflamme.ca\/wp-content\/uploads\/2023\/01\/og-image.jpg\",\"contentUrl\":\"https:\/\/staging.belleflamme.ca\/wp-content\/uploads\/2023\/01\/og-image.jpg\",\"width\":1200,\"height\":630,\"caption\":\"Groupe Belleflamme\"},\"image\":{\"@id\":\"https:\/\/www.belleflamme.ca\/fr\/#\/schema\/logo\/image\/\"},\"sameAs\":[\"https:\/\/www.facebook.com\/belleflamme.ca\/\",\"https:\/\/www.linkedin.com\/company\/belleflamme\/\",\"https:\/\/www.pinterest.ca\/groupebelleflamme\/\",\"https:\/\/www.instagram.com\/legroupebelleflamme\/\"],\"mainEntityOfPage\":{\"@id\":\"https:\/\/staging.belleflamme.ca\/en\/product\/kit-on-off-110-24-v-sebo-et-1\/\"}}]}<\/script>\n<meta property=\"product:brand\" content=\"Mvac\" \/>\n<meta property=\"og:availability\" content=\"instock\" \/>\n<meta property=\"product:availability\" content=\"instock\" \/>\n<meta property=\"product:condition\" content=\"new\" \/>\n<!-- \/ Yoast SEO Premium plugin. -->","yoast_head_json":{"title":"Electrical stop\/start kit 110-24 V SEBO ET-1 - Groupe BelleFlamme","description":"Electrical stop\/start kit 110-24 V SEBO ET-1 sold and installed by the Belleflamme Group. Laval, Montreal, Gatineau, Drummondville & Saint-Sauveur.","robots":{"index":"index","follow":"follow","max-snippet":"max-snippet:-1","max-image-preview":"max-image-preview:large","max-video-preview":"max-video-preview:-1"},"canonical":"https:\/\/staging.belleflamme.ca\/en\/product\/kit-on-off-110-24-v-sebo-et-1\/","og_locale":"en_US","og_type":"article","og_title":"Electrical stop\/start kit 110-24 V SEBO ET-1","og_description":"Electrical stop\/start kit 110-24 V SEBO ET-1 sold and installed by the Belleflamme Group. Laval, Montreal, Gatineau, Drummondville & Saint-Sauveur.","og_url":"https:\/\/staging.belleflamme.ca\/en\/product\/kit-on-off-110-24-v-sebo-et-1\/","og_site_name":"Groupe BelleFlamme","article_publisher":"https:\/\/www.facebook.com\/belleflamme.ca\/","og_image":[{"width":600,"height":600,"url":"https:\/\/www.belleflamme.ca\/wp-content\/uploads\/2023\/05\/Ensemble-arret-depart-electrique-110-24-V-SEBO-ET-1.webp","type":"image\/webp"}],"twitter_card":"summary_large_image","twitter_misc":{"Availability":"In stock"},"schema":{"@context":"https:\/\/schema.org","@graph":[{"@type":["WebPage","ItemPage"],"@id":"https:\/\/staging.belleflamme.ca\/en\/product\/kit-on-off-110-24-v-sebo-et-1\/","url":"https:\/\/staging.belleflamme.ca\/en\/product\/kit-on-off-110-24-v-sebo-et-1\/","name":"Electrical stop\/start kit 110-24 V SEBO ET-1 - Groupe BelleFlamme","isPartOf":{"@id":"https:\/\/www.belleflamme.ca\/fr\/#website"},"primaryImageOfPage":{"@id":"https:\/\/staging.belleflamme.ca\/en\/product\/kit-on-off-110-24-v-sebo-et-1\/#primaryimage"},"image":{"@id":"https:\/\/staging.belleflamme.ca\/en\/product\/kit-on-off-110-24-v-sebo-et-1\/#primaryimage"},"thumbnailUrl":"https:\/\/staging.belleflamme.ca\/wp-content\/uploads\/2023\/05\/Ensemble-arret-depart-electrique-110-24-V-SEBO-ET-1.webp","datePublished":"2023-05-03T14:27:12+00:00","dateModified":"2023-05-03T14:27:12+00:00","description":"Electrical stop\/start kit 110-24 V SEBO ET-1 [get_meta_en_fr]","breadcrumb":{"@id":"https:\/\/staging.belleflamme.ca\/en\/product\/kit-on-off-110-24-v-sebo-et-1\/#breadcrumb"},"inLanguage":"en-US","potentialAction":[{"@type":"ReadAction","target":["https:\/\/staging.belleflamme.ca\/en\/product\/kit-on-off-110-24-v-sebo-et-1\/"]}]},{"@type":"ImageObject","inLanguage":"en-US","@id":"https:\/\/staging.belleflamme.ca\/en\/product\/kit-on-off-110-24-v-sebo-et-1\/#primaryimage","url":"https:\/\/staging.belleflamme.ca\/wp-content\/uploads\/2023\/05\/Ensemble-arret-depart-electrique-110-24-V-SEBO-ET-1.webp","contentUrl":"https:\/\/staging.belleflamme.ca\/wp-content\/uploads\/2023\/05\/Ensemble-arret-depart-electrique-110-24-V-SEBO-ET-1.webp","width":600,"height":600,"caption":"Ensemble arr\u00eat d\u00e9part \u00e9lectrique 110-24 V SEBO ET-1"},{"@type":"BreadcrumbList","@id":"https:\/\/staging.belleflamme.ca\/en\/product\/kit-on-off-110-24-v-sebo-et-1\/#breadcrumb","itemListElement":[{"@type":"ListItem","position":1,"name":"Home","item":"https:\/\/www.belleflamme.ca\/fr\/"},{"@type":"ListItem","position":2,"name":"Shop","item":"https:\/\/www.belleflamme.ca\/en\/shop\/"},{"@type":"ListItem","position":3,"name":"Vacuum","item":"https:\/\/staging.belleflamme.ca\/en\/category\/vacuum\/"},{"@type":"ListItem","position":4,"name":"Accessory Set","item":"https:\/\/staging.belleflamme.ca\/en\/category\/vacuum\/accessory-set\/"},{"@type":"ListItem","position":5,"name":"Electrical stop\/start kit 110-24 V SEBO ET-1"}]},{"@type":"WebSite","@id":"https:\/\/www.belleflamme.ca\/fr\/#website","url":"https:\/\/www.belleflamme.ca\/fr\/","name":"Groupe Belleflamme","description":"La m\u00e9canique du b\u00e2timent dans le sang.","publisher":{"@id":"https:\/\/www.belleflamme.ca\/fr\/#organization"},"potentialAction":[{"@type":"SearchAction","target":{"@type":"EntryPoint","urlTemplate":"https:\/\/www.belleflamme.ca\/fr\/?s={search_term_string}"},"query-input":{"@type":"PropertyValueSpecification","valueRequired":true,"valueName":"search_term_string"}}],"inLanguage":"en-US"},{"@type":["Organization","Place"],"@id":"https:\/\/www.belleflamme.ca\/fr\/#organization","name":"Groupe Belleflamme","alternateName":"Belleflamme","url":"https:\/\/www.belleflamme.ca\/fr\/","logo":{"@type":"ImageObject","inLanguage":"en-US","@id":"https:\/\/www.belleflamme.ca\/fr\/#\/schema\/logo\/image\/","url":"https:\/\/staging.belleflamme.ca\/wp-content\/uploads\/2023\/01\/og-image.jpg","contentUrl":"https:\/\/staging.belleflamme.ca\/wp-content\/uploads\/2023\/01\/og-image.jpg","width":1200,"height":630,"caption":"Groupe Belleflamme"},"image":{"@id":"https:\/\/www.belleflamme.ca\/fr\/#\/schema\/logo\/image\/"},"sameAs":["https:\/\/www.facebook.com\/belleflamme.ca\/","https:\/\/www.linkedin.com\/company\/belleflamme\/","https:\/\/www.pinterest.ca\/groupebelleflamme\/","https:\/\/www.instagram.com\/legroupebelleflamme\/"],"mainEntityOfPage":{"@id":"https:\/\/staging.belleflamme.ca\/en\/product\/kit-on-off-110-24-v-sebo-et-1\/"}}]},"product_brand":"Mvac","og_availability":"instock","product_availability":"instock","product_condition":"new"},"_links":{"self":[{"href":"https:\/\/staging.belleflamme.ca\/en\/wp-json\/wp\/v2\/product\/12675","targetHints":{"allow":["GET"]}}],"collection":[{"href":"https:\/\/staging.belleflamme.ca\/en\/wp-json\/wp\/v2\/product"}],"about":[{"href":"https:\/\/staging.belleflamme.ca\/en\/wp-json\/wp\/v2\/types\/product"}],"version-history":[{"count":0,"href":"https:\/\/staging.belleflamme.ca\/en\/wp-json\/wp\/v2\/product\/12675\/revisions"}],"wp:featuredmedia":[{"embeddable":true,"href":"https:\/\/staging.belleflamme.ca\/en\/wp-json\/wp\/v2\/media\/12671"}],"wp:attachment":[{"href":"https:\/\/staging.belleflamme.ca\/en\/wp-json\/wp\/v2\/media?parent=12675"}],"wp:term":[{"taxonomy":"product_brand","embeddable":true,"href":"https:\/\/staging.belleflamme.ca\/en\/wp-json\/wp\/v2\/product_brand?post=12675"},{"taxonomy":"product_cat","embeddable":true,"href":"https:\/\/staging.belleflamme.ca\/en\/wp-json\/wp\/v2\/product_cat?post=12675"},{"taxonomy":"product_tag","embeddable":true,"href":"https:\/\/staging.belleflamme.ca\/en\/wp-json\/wp\/v2\/product_tag?post=12675"}],"curies":[{"name":"wp","href":"https:\/\/api.w.org\/{rel}","templated":true}]}}