{"id":12382,"date":"2023-05-02T17:48:08","date_gmt":"2023-05-02T21:48:08","guid":{"rendered":"https:\/\/www.belleflamme.ca\/product\/ash-collector\/"},"modified":"2023-05-02T17:48:08","modified_gmt":"2023-05-02T21:48:08","slug":"ash-collector","status":"publish","type":"product","link":"https:\/\/staging.belleflamme.ca\/en\/product\/ash-collector\/","title":{"rendered":"Ash collector"},"content":{"rendered":"<h3>Features<\/h3>\n<ul>\n<li>Ash Collector<\/li>\n<li>22 L. \/ 5 gal. capacity<\/li>\n<li>Flammable filter<\/li>\n<li>3 years warranty<\/li>\n<\/ul>\n<h3>Technical information<\/h3>\n<table class=\"product_specifications\">\n<tbody>\n<tr>\n<th colspan=\"2\">Ash collector<\/th>\n<\/tr>\n<tr class=\"odd\">\n<td>Airwatts<\/td>\n<td class=\"value\">Not applicable<\/td>\n<\/tr>\n<tr class=\"even\">\n<td>Decibels<\/td>\n<td class=\"value\">Not applicable<\/td>\n<\/tr>\n<tr class=\"odd\">\n<td>Air flow rate<\/td>\n<td class=\"value\">0 PCM \/ 0 MCH<\/td>\n<\/tr>\n<tr class=\"even\">\n<td>Suction power <sub>H20<\/sub><\/td>\n<td class=\"value\">0 &#8221; \/ 0 mm<\/td>\n<\/tr>\n<tr class=\"odd\">\n<td>Amperes<\/td>\n<td class=\"value\">0 A<\/td>\n<\/tr>\n<tr class=\"even\">\n<td>Voltage<\/td>\n<td class=\"value\">0 V<\/td>\n<\/tr>\n<tr class=\"odd\">\n<td>Turbines<\/td>\n<td class=\"value\">Not applicable<\/td>\n<\/tr>\n<tr class=\"even\">\n<td>Bag capacity<\/td>\n<td class=\"value\">Not applicable<\/td>\n<\/tr>\n<tr class=\"odd\">\n<td>Tank capacity<\/td>\n<td class=\"value\">4.99 IMP gal \/ 22 l<\/td>\n<\/tr>\n<tr class=\"even\">\n<td>Height<\/td>\n<td class=\"value\">17.63 &#8221; \/ 44.78 cm<\/td>\n<\/tr>\n<tr class=\"odd\">\n<td>Diameter<\/td>\n<td class=\"value\">11.9 &#8221; \/ 30.22 cm<\/td>\n<\/tr>\n<tr class=\"even\">\n<td>Weight<\/td>\n<td class=\"value\">10 lb \/ 4.54 kg<\/td>\n<\/tr>\n<tr class=\"odd\">\n<td>Principle<\/td>\n<td class=\"value\">Not applicable<\/td>\n<\/tr>\n<tr class=\"even\">\n<td>Filtration<\/td>\n<td class=\"value\">Not applicable<\/td>\n<\/tr>\n<\/tbody>\n<\/table>\n","protected":false},"excerpt":{"rendered":"<p>Features Ash Collector 22 L. \/ 5 gal. capacity Flammable filter 3 years warranty Technical information Ash collector Airwatts Not applicable Decibels Not applicable Air flow rate 0 PCM \/ 0 MCH Suction power H20 0 &#8221; \/ 0 mm Amperes 0 A Voltage 0 V Turbines Not applicable Bag capacity Not applicable Tank capacity [&hellip;]<\/p>\n","protected":false},"featured_media":12380,"template":"","meta":{"inline_featured_image":false},"product_brand":[272],"product_cat":[135,136],"product_tag":[],"class_list":{"0":"post-12382","1":"product","2":"type-product","3":"status-publish","4":"has-post-thumbnail","6":"product_brand-mvac-en","7":"product_cat-vacuum","8":"product_cat-vacuums","10":"first","11":"instock","12":"taxable","13":"shipping-taxable","14":"purchasable","15":"product-type-simple"},"yoast_head":"<!-- This site is optimized with the Yoast SEO Premium plugin v24.2 (Yoast SEO v24.2) - https:\/\/yoast.com\/wordpress\/plugins\/seo\/ -->\n<title>Ash collector - Groupe BelleFlamme<\/title>\n<meta name=\"description\" content=\"Ash collector sold and installed by the Belleflamme Group. Laval, Montreal, Gatineau, Drummondville &amp; Saint-Sauveur.\" \/>\n<meta name=\"robots\" content=\"index, follow, max-snippet:-1, max-image-preview:large, max-video-preview:-1\" \/>\n<link rel=\"canonical\" href=\"https:\/\/staging.belleflamme.ca\/en\/product\/ash-collector\/\" \/>\n<meta property=\"og:locale\" content=\"en_US\" \/>\n<meta property=\"og:type\" content=\"article\" \/>\n<meta property=\"og:title\" content=\"Ash collector\" \/>\n<meta property=\"og:description\" content=\"Ash collector sold and installed by the Belleflamme Group. Laval, Montreal, Gatineau, Drummondville &amp; Saint-Sauveur.\" \/>\n<meta property=\"og:url\" content=\"https:\/\/staging.belleflamme.ca\/en\/product\/ash-collector\/\" \/>\n<meta property=\"og:site_name\" content=\"Groupe BelleFlamme\" \/>\n<meta property=\"article:publisher\" content=\"https:\/\/www.facebook.com\/belleflamme.ca\/\" \/>\n<meta property=\"og:image\" content=\"https:\/\/www.belleflamme.ca\/wp-content\/uploads\/2023\/05\/Recuperateur-a-cendres.webp\" \/>\n\t<meta property=\"og:image:width\" content=\"600\" \/>\n\t<meta property=\"og:image:height\" content=\"600\" \/>\n\t<meta property=\"og:image:type\" content=\"image\/webp\" \/>\n<meta name=\"twitter:card\" content=\"summary_large_image\" \/>\n<meta name=\"twitter:label1\" content=\"Price\" \/>\n\t<meta name=\"twitter:data1\" content=\"&#036;241.00\" \/>\n\t<meta name=\"twitter:label2\" content=\"Availability\" \/>\n\t<meta name=\"twitter:data2\" content=\"In stock\" \/>\n<script type=\"application\/ld+json\" class=\"yoast-schema-graph\">{\"@context\":\"https:\/\/schema.org\",\"@graph\":[{\"@type\":[\"WebPage\",\"ItemPage\"],\"@id\":\"https:\/\/staging.belleflamme.ca\/en\/product\/ash-collector\/\",\"url\":\"https:\/\/staging.belleflamme.ca\/en\/product\/ash-collector\/\",\"name\":\"Ash collector - Groupe BelleFlamme\",\"isPartOf\":{\"@id\":\"https:\/\/www.belleflamme.ca\/fr\/#website\"},\"primaryImageOfPage\":{\"@id\":\"https:\/\/staging.belleflamme.ca\/en\/product\/ash-collector\/#primaryimage\"},\"image\":{\"@id\":\"https:\/\/staging.belleflamme.ca\/en\/product\/ash-collector\/#primaryimage\"},\"thumbnailUrl\":\"https:\/\/staging.belleflamme.ca\/wp-content\/uploads\/2023\/05\/Recuperateur-a-cendres.webp\",\"datePublished\":\"2023-05-02T21:48:08+00:00\",\"dateModified\":\"2023-05-02T21:48:08+00:00\",\"description\":\"Ash collector [get_meta_en_fr]\",\"breadcrumb\":{\"@id\":\"https:\/\/staging.belleflamme.ca\/en\/product\/ash-collector\/#breadcrumb\"},\"inLanguage\":\"en-US\",\"potentialAction\":[{\"@type\":\"ReadAction\",\"target\":[\"https:\/\/staging.belleflamme.ca\/en\/product\/ash-collector\/\"]}]},{\"@type\":\"ImageObject\",\"inLanguage\":\"en-US\",\"@id\":\"https:\/\/staging.belleflamme.ca\/en\/product\/ash-collector\/#primaryimage\",\"url\":\"https:\/\/staging.belleflamme.ca\/wp-content\/uploads\/2023\/05\/Recuperateur-a-cendres.webp\",\"contentUrl\":\"https:\/\/staging.belleflamme.ca\/wp-content\/uploads\/2023\/05\/Recuperateur-a-cendres.webp\",\"width\":600,\"height\":600,\"caption\":\"R\u00e9cup\u00e9rateur \u00e0 cendres\"},{\"@type\":\"BreadcrumbList\",\"@id\":\"https:\/\/staging.belleflamme.ca\/en\/product\/ash-collector\/#breadcrumb\",\"itemListElement\":[{\"@type\":\"ListItem\",\"position\":1,\"name\":\"Home\",\"item\":\"https:\/\/www.belleflamme.ca\/fr\/\"},{\"@type\":\"ListItem\",\"position\":2,\"name\":\"Shop\",\"item\":\"https:\/\/www.belleflamme.ca\/en\/shop\/\"},{\"@type\":\"ListItem\",\"position\":3,\"name\":\"Vacuum\",\"item\":\"https:\/\/staging.belleflamme.ca\/en\/category\/vacuum\/\"},{\"@type\":\"ListItem\",\"position\":4,\"name\":\"Vacuums\",\"item\":\"https:\/\/staging.belleflamme.ca\/en\/category\/vacuum\/vacuums\/\"},{\"@type\":\"ListItem\",\"position\":5,\"name\":\"Ash collector\"}]},{\"@type\":\"WebSite\",\"@id\":\"https:\/\/www.belleflamme.ca\/fr\/#website\",\"url\":\"https:\/\/www.belleflamme.ca\/fr\/\",\"name\":\"Groupe Belleflamme\",\"description\":\"La m\u00e9canique du b\u00e2timent dans le sang.\",\"publisher\":{\"@id\":\"https:\/\/www.belleflamme.ca\/fr\/#organization\"},\"potentialAction\":[{\"@type\":\"SearchAction\",\"target\":{\"@type\":\"EntryPoint\",\"urlTemplate\":\"https:\/\/www.belleflamme.ca\/fr\/?s={search_term_string}\"},\"query-input\":{\"@type\":\"PropertyValueSpecification\",\"valueRequired\":true,\"valueName\":\"search_term_string\"}}],\"inLanguage\":\"en-US\"},{\"@type\":[\"Organization\",\"Place\"],\"@id\":\"https:\/\/www.belleflamme.ca\/fr\/#organization\",\"name\":\"Groupe Belleflamme\",\"alternateName\":\"Belleflamme\",\"url\":\"https:\/\/www.belleflamme.ca\/fr\/\",\"logo\":{\"@type\":\"ImageObject\",\"inLanguage\":\"en-US\",\"@id\":\"https:\/\/www.belleflamme.ca\/fr\/#\/schema\/logo\/image\/\",\"url\":\"https:\/\/staging.belleflamme.ca\/wp-content\/uploads\/2023\/01\/og-image.jpg\",\"contentUrl\":\"https:\/\/staging.belleflamme.ca\/wp-content\/uploads\/2023\/01\/og-image.jpg\",\"width\":1200,\"height\":630,\"caption\":\"Groupe Belleflamme\"},\"image\":{\"@id\":\"https:\/\/www.belleflamme.ca\/fr\/#\/schema\/logo\/image\/\"},\"sameAs\":[\"https:\/\/www.facebook.com\/belleflamme.ca\/\",\"https:\/\/www.linkedin.com\/company\/belleflamme\/\",\"https:\/\/www.pinterest.ca\/groupebelleflamme\/\",\"https:\/\/www.instagram.com\/legroupebelleflamme\/\"],\"mainEntityOfPage\":{\"@id\":\"https:\/\/staging.belleflamme.ca\/en\/product\/ash-collector\/\"}}]}<\/script>\n<meta property=\"product:brand\" content=\"Mvac\" \/>\n<meta property=\"product:price:amount\" content=\"241.00\" \/>\n<meta property=\"product:price:currency\" content=\"CAD\" \/>\n<meta property=\"og:availability\" content=\"instock\" \/>\n<meta property=\"product:availability\" content=\"instock\" \/>\n<meta property=\"product:condition\" content=\"new\" \/>\n<!-- \/ Yoast SEO Premium plugin. -->","yoast_head_json":{"title":"Ash collector - Groupe BelleFlamme","description":"Ash collector sold and installed by the Belleflamme Group. Laval, Montreal, Gatineau, Drummondville & Saint-Sauveur.","robots":{"index":"index","follow":"follow","max-snippet":"max-snippet:-1","max-image-preview":"max-image-preview:large","max-video-preview":"max-video-preview:-1"},"canonical":"https:\/\/staging.belleflamme.ca\/en\/product\/ash-collector\/","og_locale":"en_US","og_type":"article","og_title":"Ash collector","og_description":"Ash collector sold and installed by the Belleflamme Group. Laval, Montreal, Gatineau, Drummondville & Saint-Sauveur.","og_url":"https:\/\/staging.belleflamme.ca\/en\/product\/ash-collector\/","og_site_name":"Groupe BelleFlamme","article_publisher":"https:\/\/www.facebook.com\/belleflamme.ca\/","og_image":[{"width":600,"height":600,"url":"https:\/\/www.belleflamme.ca\/wp-content\/uploads\/2023\/05\/Recuperateur-a-cendres.webp","type":"image\/webp"}],"twitter_card":"summary_large_image","twitter_misc":{"Price":"&#36;241.00","Availability":"In stock"},"schema":{"@context":"https:\/\/schema.org","@graph":[{"@type":["WebPage","ItemPage"],"@id":"https:\/\/staging.belleflamme.ca\/en\/product\/ash-collector\/","url":"https:\/\/staging.belleflamme.ca\/en\/product\/ash-collector\/","name":"Ash collector - Groupe BelleFlamme","isPartOf":{"@id":"https:\/\/www.belleflamme.ca\/fr\/#website"},"primaryImageOfPage":{"@id":"https:\/\/staging.belleflamme.ca\/en\/product\/ash-collector\/#primaryimage"},"image":{"@id":"https:\/\/staging.belleflamme.ca\/en\/product\/ash-collector\/#primaryimage"},"thumbnailUrl":"https:\/\/staging.belleflamme.ca\/wp-content\/uploads\/2023\/05\/Recuperateur-a-cendres.webp","datePublished":"2023-05-02T21:48:08+00:00","dateModified":"2023-05-02T21:48:08+00:00","description":"Ash collector [get_meta_en_fr]","breadcrumb":{"@id":"https:\/\/staging.belleflamme.ca\/en\/product\/ash-collector\/#breadcrumb"},"inLanguage":"en-US","potentialAction":[{"@type":"ReadAction","target":["https:\/\/staging.belleflamme.ca\/en\/product\/ash-collector\/"]}]},{"@type":"ImageObject","inLanguage":"en-US","@id":"https:\/\/staging.belleflamme.ca\/en\/product\/ash-collector\/#primaryimage","url":"https:\/\/staging.belleflamme.ca\/wp-content\/uploads\/2023\/05\/Recuperateur-a-cendres.webp","contentUrl":"https:\/\/staging.belleflamme.ca\/wp-content\/uploads\/2023\/05\/Recuperateur-a-cendres.webp","width":600,"height":600,"caption":"R\u00e9cup\u00e9rateur \u00e0 cendres"},{"@type":"BreadcrumbList","@id":"https:\/\/staging.belleflamme.ca\/en\/product\/ash-collector\/#breadcrumb","itemListElement":[{"@type":"ListItem","position":1,"name":"Home","item":"https:\/\/www.belleflamme.ca\/fr\/"},{"@type":"ListItem","position":2,"name":"Shop","item":"https:\/\/www.belleflamme.ca\/en\/shop\/"},{"@type":"ListItem","position":3,"name":"Vacuum","item":"https:\/\/staging.belleflamme.ca\/en\/category\/vacuum\/"},{"@type":"ListItem","position":4,"name":"Vacuums","item":"https:\/\/staging.belleflamme.ca\/en\/category\/vacuum\/vacuums\/"},{"@type":"ListItem","position":5,"name":"Ash collector"}]},{"@type":"WebSite","@id":"https:\/\/www.belleflamme.ca\/fr\/#website","url":"https:\/\/www.belleflamme.ca\/fr\/","name":"Groupe Belleflamme","description":"La m\u00e9canique du b\u00e2timent dans le sang.","publisher":{"@id":"https:\/\/www.belleflamme.ca\/fr\/#organization"},"potentialAction":[{"@type":"SearchAction","target":{"@type":"EntryPoint","urlTemplate":"https:\/\/www.belleflamme.ca\/fr\/?s={search_term_string}"},"query-input":{"@type":"PropertyValueSpecification","valueRequired":true,"valueName":"search_term_string"}}],"inLanguage":"en-US"},{"@type":["Organization","Place"],"@id":"https:\/\/www.belleflamme.ca\/fr\/#organization","name":"Groupe Belleflamme","alternateName":"Belleflamme","url":"https:\/\/www.belleflamme.ca\/fr\/","logo":{"@type":"ImageObject","inLanguage":"en-US","@id":"https:\/\/www.belleflamme.ca\/fr\/#\/schema\/logo\/image\/","url":"https:\/\/staging.belleflamme.ca\/wp-content\/uploads\/2023\/01\/og-image.jpg","contentUrl":"https:\/\/staging.belleflamme.ca\/wp-content\/uploads\/2023\/01\/og-image.jpg","width":1200,"height":630,"caption":"Groupe Belleflamme"},"image":{"@id":"https:\/\/www.belleflamme.ca\/fr\/#\/schema\/logo\/image\/"},"sameAs":["https:\/\/www.facebook.com\/belleflamme.ca\/","https:\/\/www.linkedin.com\/company\/belleflamme\/","https:\/\/www.pinterest.ca\/groupebelleflamme\/","https:\/\/www.instagram.com\/legroupebelleflamme\/"],"mainEntityOfPage":{"@id":"https:\/\/staging.belleflamme.ca\/en\/product\/ash-collector\/"}}]},"product_brand":"Mvac","product_price_amount":"241.00","product_price_currency":"CAD","og_availability":"instock","product_availability":"instock","product_condition":"new"},"_links":{"self":[{"href":"https:\/\/staging.belleflamme.ca\/en\/wp-json\/wp\/v2\/product\/12382","targetHints":{"allow":["GET"]}}],"collection":[{"href":"https:\/\/staging.belleflamme.ca\/en\/wp-json\/wp\/v2\/product"}],"about":[{"href":"https:\/\/staging.belleflamme.ca\/en\/wp-json\/wp\/v2\/types\/product"}],"version-history":[{"count":0,"href":"https:\/\/staging.belleflamme.ca\/en\/wp-json\/wp\/v2\/product\/12382\/revisions"}],"wp:featuredmedia":[{"embeddable":true,"href":"https:\/\/staging.belleflamme.ca\/en\/wp-json\/wp\/v2\/media\/12380"}],"wp:attachment":[{"href":"https:\/\/staging.belleflamme.ca\/en\/wp-json\/wp\/v2\/media?parent=12382"}],"wp:term":[{"taxonomy":"product_brand","embeddable":true,"href":"https:\/\/staging.belleflamme.ca\/en\/wp-json\/wp\/v2\/product_brand?post=12382"},{"taxonomy":"product_cat","embeddable":true,"href":"https:\/\/staging.belleflamme.ca\/en\/wp-json\/wp\/v2\/product_cat?post=12382"},{"taxonomy":"product_tag","embeddable":true,"href":"https:\/\/staging.belleflamme.ca\/en\/wp-json\/wp\/v2\/product_tag?post=12382"}],"curies":[{"name":"wp","href":"https:\/\/api.w.org\/{rel}","templated":true}]}}