{"id":12015,"date":"2023-04-28T08:52:15","date_gmt":"2023-04-28T12:52:15","guid":{"rendered":"https:\/\/www.belleflamme.ca\/product\/shower-faucet-kit-kit-vol130vtcp\/"},"modified":"2023-04-30T18:02:37","modified_gmt":"2023-04-30T22:02:37","slug":"kit-faucet-for-shower-kit-vol130vtcp","status":"publish","type":"product","link":"https:\/\/staging.belleflamme.ca\/en\/product\/kit-faucet-for-shower-kit-vol130vtcp\/","title":{"rendered":"Shower Faucet Kit KIT-VOL130VTCP"},"content":{"rendered":"\t\t<div data-elementor-type=\"product-post\" data-elementor-id=\"12015\" class=\"elementor elementor-12015 elementor-12011\" data-elementor-post-type=\"product\">\n\t\t\t\t\t\t<section class=\"elementor-section elementor-top-section elementor-element elementor-element-72db8afb elementor-section-boxed elementor-section-height-default elementor-section-height-default\" data-id=\"72db8afb\" data-element_type=\"section\">\n\t\t\t\t\t\t<div class=\"elementor-container elementor-column-gap-default\">\n\t\t\t\t\t<div class=\"elementor-column elementor-col-100 elementor-top-column elementor-element elementor-element-2d8a3edb\" data-id=\"2d8a3edb\" data-element_type=\"column\">\n\t\t\t<div class=\"elementor-widget-wrap elementor-element-populated\">\n\t\t\t\t\t\t<div class=\"elementor-element elementor-element-a36531d elementor-widget elementor-widget-text-editor\" data-id=\"a36531d\" data-element_type=\"widget\" data-widget_type=\"text-editor.default\">\n\t\t\t\t<div class=\"elementor-widget-container\">\n\t\t\t\t\t\t\t\t\t<h2>Caract\u00e9ristiques<\/h2>\r\n\u2022 Garniture compatible avec les installations primaires de la s\u00e9rie 98VSR2\r\n\u2022 D\u00e9bit contr\u00f4l\u00e9\r\n\u2022 Pression \u00e9quilibr\u00e9e int\u00e9gr\u00e9e \u00e0 la cartouche\r\n\u2022 Limiteur de temp\u00e9rature ajustable\r\n\u2022 Bouton inverseur int\u00e9gr\u00e9 \u00e0 la plaque\r\n\u2022 Barre \u00e0 Glissi\u00e8re :\r\n&#8211; Installation avec per\u00e7age requis\r\n&#8211; Ensemble de barre \u00e0 glissi\u00e8re de 31 3\/16 pouces hors tout\r\n\u2022 Douche \u00e0 main:\r\n&#8211; type de jets: Diffus\r\n&#8211; type de jets: Massage\r\n&#8211; Buses souples faciles \u00e0 nettoyer\r\n&#8211; Boyau de 69 pouces en m\u00e9tal chrom\u00e9\r\n&#8211; D\u00e9bit maximal de 6,8 L\/min (1,8 gpm) \u00e0 80 psi (ecologiq)\r\n\u2022 Pomme de douche:\r\n&#8211; Pivotante\r\n&#8211; Surdimensionn\u00e9e\r\n&#8211; type de jets: Effet de pluie\r\n&#8211; Buses souples faciles \u00e0 nettoyer\r\n&#8211; D\u00e9bit maximal de 6,8 L\/min (1,8 gpm) \u00e0 80 psi (ecologiq)\r\n\u2022 Bras de douche:\r\n&#8211; Bras de douche de 18 pouces de long\r\n\u2022 Support de douche \u00e0 angle ajustable\r\n\u2022 Coude d\u2019alimentation mural en laiton massif avec bride ajustable\r\nCartouche\r\n\u2022 C\u00e9ramique (FC9AC010)\r\nFini\r\n\u2022 Chrome poli\t\t\t\t\t\t\t\t<\/div>\n\t\t\t\t<\/div>\n\t\t\t\t\t<\/div>\n\t\t<\/div>\n\t\t\t\t\t<\/div>\n\t\t<\/section>\n\t\t\t\t<section class=\"elementor-section elementor-top-section elementor-element elementor-element-c99b4d3 elementor-section-boxed elementor-section-height-default elementor-section-height-default\" data-id=\"c99b4d3\" data-element_type=\"section\">\n\t\t\t\t\t\t<div class=\"elementor-container elementor-column-gap-default\">\n\t\t\t\t\t<div class=\"elementor-column elementor-col-100 elementor-top-column elementor-element elementor-element-9c199d6\" data-id=\"9c199d6\" data-element_type=\"column\">\n\t\t\t<div class=\"elementor-widget-wrap elementor-element-populated\">\n\t\t\t\t\t\t<div class=\"elementor-element elementor-element-bb91beb elementor-tabs-view-horizontal elementor-widget elementor-widget-tabs\" data-id=\"bb91beb\" data-element_type=\"widget\" data-widget_type=\"tabs.default\">\n\t\t\t\t<div class=\"elementor-widget-container\">\n\t\t\t\t\t\t\t<div class=\"elementor-tabs\">\n\t\t\t<div class=\"elementor-tabs-wrapper\" role=\"tablist\" >\n\t\t\t\t\t\t\t\t\t<div id=\"elementor-tab-title-1961\" class=\"elementor-tab-title elementor-tab-desktop-title\" aria-selected=\"true\" data-tab=\"1\" role=\"tab\" tabindex=\"0\" aria-controls=\"elementor-tab-content-1961\" aria-expanded=\"false\">Fichiers<\/div>\n\t\t\t\t\t\t\t<\/div>\n\t\t\t<div class=\"elementor-tabs-content-wrapper\" role=\"tablist\" aria-orientation=\"vertical\">\n\t\t\t\t\t\t\t\t\t<div class=\"elementor-tab-title elementor-tab-mobile-title\" aria-selected=\"true\" data-tab=\"1\" role=\"tab\" tabindex=\"0\" aria-controls=\"elementor-tab-content-1961\" aria-expanded=\"false\">Fichiers<\/div>\n\t\t\t\t\t<div id=\"elementor-tab-content-1961\" class=\"elementor-tab-content elementor-clearfix\" data-tab=\"1\" role=\"tabpanel\" aria-labelledby=\"elementor-tab-title-1961\" tabindex=\"0\" hidden=\"false\"><i class=\"far fa-file-pdf fa-xl\" style=\"font-size:35px\"><\/i><a href=\"https:\/\/www.belleflamme.ca\/wp-content\/uploads\/2023\/04\/SPEC_KIT-VOL130VTCP.pdf\"> Brochure<\/a><\/br><\/div>\n\t\t\t\t\t\t\t<\/div>\n\t\t<\/div>\n\t\t\t\t\t\t<\/div>\n\t\t\t\t<\/div>\n\t\t\t\t\t<\/div>\n\t\t<\/div>\n\t\t\t\t\t<\/div>\n\t\t<\/section>\n\t\t\t\t<\/div>\n\t\t","protected":false},"excerpt":{"rendered":"<p>Caract\u00e9ristiques \u2022 Garniture compatible avec les installations primaires de la s\u00e9rie 98VSR2 \u2022 D\u00e9bit contr\u00f4l\u00e9 \u2022 Pression \u00e9quilibr\u00e9e int\u00e9gr\u00e9e \u00e0 la cartouche \u2022 Limiteur de temp\u00e9rature ajustable \u2022 Bouton inverseur int\u00e9gr\u00e9 \u00e0 la plaque \u2022 Barre \u00e0 Glissi\u00e8re : &#8211; Installation avec per\u00e7age requis &#8211; Ensemble de barre \u00e0 glissi\u00e8re de 31 3\/16 pouces hors [&hellip;]<\/p>\n","protected":false},"featured_media":12013,"template":"","meta":{"inline_featured_image":false},"product_brand":[365],"product_cat":[190,176],"product_tag":[],"class_list":{"0":"post-12015","1":"product","2":"type-product","3":"status-publish","4":"has-post-thumbnail","6":"product_brand-belanger-en","7":"product_cat-faucets-and-accessories","8":"product_cat-plumbing-gas","10":"first","11":"instock","12":"taxable","13":"shipping-taxable","14":"product-type-simple"},"yoast_head":"<!-- This site is optimized with the Yoast SEO Premium plugin v24.2 (Yoast SEO v24.2) - https:\/\/yoast.com\/wordpress\/plugins\/seo\/ -->\n<title>Shower Faucet Kit KIT-VOL130VTCP - Groupe BelleFlamme<\/title>\n<meta name=\"description\" content=\"Shower Faucet Kit KIT-VOL130VTCP sold and installed by the Belleflamme Group. Laval, Montreal, Gatineau, Drummondville &amp; Saint-Sauveur.\" \/>\n<meta name=\"robots\" content=\"index, follow, max-snippet:-1, max-image-preview:large, max-video-preview:-1\" \/>\n<link rel=\"canonical\" href=\"https:\/\/staging.belleflamme.ca\/en\/product\/kit-faucet-for-shower-kit-vol130vtcp\/\" \/>\n<meta property=\"og:locale\" content=\"en_US\" \/>\n<meta property=\"og:type\" content=\"article\" \/>\n<meta property=\"og:title\" content=\"Shower Faucet Kit KIT-VOL130VTCP\" \/>\n<meta property=\"og:description\" content=\"Shower Faucet Kit KIT-VOL130VTCP sold and installed by the Belleflamme Group. Laval, Montreal, Gatineau, Drummondville &amp; Saint-Sauveur.\" \/>\n<meta property=\"og:url\" content=\"https:\/\/staging.belleflamme.ca\/en\/product\/kit-faucet-for-shower-kit-vol130vtcp\/\" \/>\n<meta property=\"og:site_name\" content=\"Groupe BelleFlamme\" \/>\n<meta property=\"article:publisher\" content=\"https:\/\/www.facebook.com\/belleflamme.ca\/\" \/>\n<meta property=\"article:modified_time\" content=\"2023-04-30T22:02:37+00:00\" \/>\n<meta property=\"og:image\" content=\"https:\/\/www.belleflamme.ca\/wp-content\/uploads\/2023\/04\/KIT-VOL130VTCP_iso.jpg\" \/>\n\t<meta property=\"og:image:width\" content=\"2000\" \/>\n\t<meta property=\"og:image:height\" content=\"2000\" \/>\n\t<meta property=\"og:image:type\" content=\"image\/jpeg\" \/>\n<meta name=\"twitter:card\" content=\"summary_large_image\" \/>\n<meta name=\"twitter:label1\" content=\"Price\" \/>\n\t<meta name=\"twitter:data1\" content=\"\" \/>\n\t<meta name=\"twitter:label2\" content=\"Availability\" \/>\n\t<meta name=\"twitter:data2\" content=\"In stock\" \/>\n<script type=\"application\/ld+json\" class=\"yoast-schema-graph\">{\"@context\":\"https:\/\/schema.org\",\"@graph\":[{\"@type\":[\"WebPage\",\"ItemPage\"],\"@id\":\"https:\/\/staging.belleflamme.ca\/en\/product\/kit-faucet-for-shower-kit-vol130vtcp\/\",\"url\":\"https:\/\/staging.belleflamme.ca\/en\/product\/kit-faucet-for-shower-kit-vol130vtcp\/\",\"name\":\"Shower Faucet Kit KIT-VOL130VTCP - Groupe BelleFlamme\",\"isPartOf\":{\"@id\":\"https:\/\/www.belleflamme.ca\/fr\/#website\"},\"primaryImageOfPage\":{\"@id\":\"https:\/\/staging.belleflamme.ca\/en\/product\/kit-faucet-for-shower-kit-vol130vtcp\/#primaryimage\"},\"image\":{\"@id\":\"https:\/\/staging.belleflamme.ca\/en\/product\/kit-faucet-for-shower-kit-vol130vtcp\/#primaryimage\"},\"thumbnailUrl\":\"https:\/\/staging.belleflamme.ca\/wp-content\/uploads\/2023\/04\/KIT-VOL130VTCP_iso.jpg\",\"datePublished\":\"2023-04-28T12:52:15+00:00\",\"dateModified\":\"2023-04-30T22:02:37+00:00\",\"description\":\"Shower Faucet Kit KIT-VOL130VTCP [get_meta_en_fr]\",\"breadcrumb\":{\"@id\":\"https:\/\/staging.belleflamme.ca\/en\/product\/kit-faucet-for-shower-kit-vol130vtcp\/#breadcrumb\"},\"inLanguage\":\"en-US\",\"potentialAction\":[{\"@type\":\"ReadAction\",\"target\":[\"https:\/\/staging.belleflamme.ca\/en\/product\/kit-faucet-for-shower-kit-vol130vtcp\/\"]}]},{\"@type\":\"ImageObject\",\"inLanguage\":\"en-US\",\"@id\":\"https:\/\/staging.belleflamme.ca\/en\/product\/kit-faucet-for-shower-kit-vol130vtcp\/#primaryimage\",\"url\":\"https:\/\/staging.belleflamme.ca\/wp-content\/uploads\/2023\/04\/KIT-VOL130VTCP_iso.jpg\",\"contentUrl\":\"https:\/\/staging.belleflamme.ca\/wp-content\/uploads\/2023\/04\/KIT-VOL130VTCP_iso.jpg\",\"width\":2000,\"height\":2000,\"caption\":\"KIT-VOL130VTCP B\u00e9langer\"},{\"@type\":\"BreadcrumbList\",\"@id\":\"https:\/\/staging.belleflamme.ca\/en\/product\/kit-faucet-for-shower-kit-vol130vtcp\/#breadcrumb\",\"itemListElement\":[{\"@type\":\"ListItem\",\"position\":1,\"name\":\"Home\",\"item\":\"https:\/\/www.belleflamme.ca\/fr\/\"},{\"@type\":\"ListItem\",\"position\":2,\"name\":\"Shop\",\"item\":\"https:\/\/www.belleflamme.ca\/en\/shop\/\"},{\"@type\":\"ListItem\",\"position\":3,\"name\":\"Plumbing &amp; Gas\",\"item\":\"https:\/\/staging.belleflamme.ca\/en\/category\/plumbing-gas\/\"},{\"@type\":\"ListItem\",\"position\":4,\"name\":\"Faucets &amp; Accessories\",\"item\":\"https:\/\/staging.belleflamme.ca\/en\/category\/plumbing-gas\/faucets-and-accessories\/\"},{\"@type\":\"ListItem\",\"position\":5,\"name\":\"Shower Faucet Kit KIT-VOL130VTCP\"}]},{\"@type\":\"WebSite\",\"@id\":\"https:\/\/www.belleflamme.ca\/fr\/#website\",\"url\":\"https:\/\/www.belleflamme.ca\/fr\/\",\"name\":\"Groupe Belleflamme\",\"description\":\"La m\u00e9canique du b\u00e2timent dans le sang.\",\"publisher\":{\"@id\":\"https:\/\/www.belleflamme.ca\/fr\/#organization\"},\"potentialAction\":[{\"@type\":\"SearchAction\",\"target\":{\"@type\":\"EntryPoint\",\"urlTemplate\":\"https:\/\/www.belleflamme.ca\/fr\/?s={search_term_string}\"},\"query-input\":{\"@type\":\"PropertyValueSpecification\",\"valueRequired\":true,\"valueName\":\"search_term_string\"}}],\"inLanguage\":\"en-US\"},{\"@type\":[\"Organization\",\"Place\"],\"@id\":\"https:\/\/www.belleflamme.ca\/fr\/#organization\",\"name\":\"Groupe Belleflamme\",\"alternateName\":\"Belleflamme\",\"url\":\"https:\/\/www.belleflamme.ca\/fr\/\",\"logo\":{\"@type\":\"ImageObject\",\"inLanguage\":\"en-US\",\"@id\":\"https:\/\/www.belleflamme.ca\/fr\/#\/schema\/logo\/image\/\",\"url\":\"https:\/\/staging.belleflamme.ca\/wp-content\/uploads\/2023\/01\/og-image.jpg\",\"contentUrl\":\"https:\/\/staging.belleflamme.ca\/wp-content\/uploads\/2023\/01\/og-image.jpg\",\"width\":1200,\"height\":630,\"caption\":\"Groupe Belleflamme\"},\"image\":{\"@id\":\"https:\/\/www.belleflamme.ca\/fr\/#\/schema\/logo\/image\/\"},\"sameAs\":[\"https:\/\/www.facebook.com\/belleflamme.ca\/\",\"https:\/\/www.linkedin.com\/company\/belleflamme\/\",\"https:\/\/www.pinterest.ca\/groupebelleflamme\/\",\"https:\/\/www.instagram.com\/legroupebelleflamme\/\"],\"mainEntityOfPage\":{\"@id\":\"https:\/\/staging.belleflamme.ca\/en\/product\/kit-faucet-for-shower-kit-vol130vtcp\/\"}}]}<\/script>\n<meta property=\"product:brand\" content=\"B\u00e9langer\" \/>\n<meta property=\"product:price:amount\" content=\"0.00\" \/>\n<meta property=\"product:price:currency\" content=\"CAD\" \/>\n<meta property=\"og:availability\" content=\"instock\" \/>\n<meta property=\"product:availability\" content=\"instock\" \/>\n<meta property=\"product:condition\" content=\"new\" \/>\n<!-- \/ Yoast SEO Premium plugin. -->","yoast_head_json":{"title":"Shower Faucet Kit KIT-VOL130VTCP - Groupe BelleFlamme","description":"Shower Faucet Kit KIT-VOL130VTCP sold and installed by the Belleflamme Group. Laval, Montreal, Gatineau, Drummondville & Saint-Sauveur.","robots":{"index":"index","follow":"follow","max-snippet":"max-snippet:-1","max-image-preview":"max-image-preview:large","max-video-preview":"max-video-preview:-1"},"canonical":"https:\/\/staging.belleflamme.ca\/en\/product\/kit-faucet-for-shower-kit-vol130vtcp\/","og_locale":"en_US","og_type":"article","og_title":"Shower Faucet Kit KIT-VOL130VTCP","og_description":"Shower Faucet Kit KIT-VOL130VTCP sold and installed by the Belleflamme Group. Laval, Montreal, Gatineau, Drummondville & Saint-Sauveur.","og_url":"https:\/\/staging.belleflamme.ca\/en\/product\/kit-faucet-for-shower-kit-vol130vtcp\/","og_site_name":"Groupe BelleFlamme","article_publisher":"https:\/\/www.facebook.com\/belleflamme.ca\/","article_modified_time":"2023-04-30T22:02:37+00:00","og_image":[{"width":2000,"height":2000,"url":"https:\/\/www.belleflamme.ca\/wp-content\/uploads\/2023\/04\/KIT-VOL130VTCP_iso.jpg","type":"image\/jpeg"}],"twitter_card":"summary_large_image","twitter_misc":{"Price":"","Availability":"In stock"},"schema":{"@context":"https:\/\/schema.org","@graph":[{"@type":["WebPage","ItemPage"],"@id":"https:\/\/staging.belleflamme.ca\/en\/product\/kit-faucet-for-shower-kit-vol130vtcp\/","url":"https:\/\/staging.belleflamme.ca\/en\/product\/kit-faucet-for-shower-kit-vol130vtcp\/","name":"Shower Faucet Kit KIT-VOL130VTCP - Groupe BelleFlamme","isPartOf":{"@id":"https:\/\/www.belleflamme.ca\/fr\/#website"},"primaryImageOfPage":{"@id":"https:\/\/staging.belleflamme.ca\/en\/product\/kit-faucet-for-shower-kit-vol130vtcp\/#primaryimage"},"image":{"@id":"https:\/\/staging.belleflamme.ca\/en\/product\/kit-faucet-for-shower-kit-vol130vtcp\/#primaryimage"},"thumbnailUrl":"https:\/\/staging.belleflamme.ca\/wp-content\/uploads\/2023\/04\/KIT-VOL130VTCP_iso.jpg","datePublished":"2023-04-28T12:52:15+00:00","dateModified":"2023-04-30T22:02:37+00:00","description":"Shower Faucet Kit KIT-VOL130VTCP [get_meta_en_fr]","breadcrumb":{"@id":"https:\/\/staging.belleflamme.ca\/en\/product\/kit-faucet-for-shower-kit-vol130vtcp\/#breadcrumb"},"inLanguage":"en-US","potentialAction":[{"@type":"ReadAction","target":["https:\/\/staging.belleflamme.ca\/en\/product\/kit-faucet-for-shower-kit-vol130vtcp\/"]}]},{"@type":"ImageObject","inLanguage":"en-US","@id":"https:\/\/staging.belleflamme.ca\/en\/product\/kit-faucet-for-shower-kit-vol130vtcp\/#primaryimage","url":"https:\/\/staging.belleflamme.ca\/wp-content\/uploads\/2023\/04\/KIT-VOL130VTCP_iso.jpg","contentUrl":"https:\/\/staging.belleflamme.ca\/wp-content\/uploads\/2023\/04\/KIT-VOL130VTCP_iso.jpg","width":2000,"height":2000,"caption":"KIT-VOL130VTCP B\u00e9langer"},{"@type":"BreadcrumbList","@id":"https:\/\/staging.belleflamme.ca\/en\/product\/kit-faucet-for-shower-kit-vol130vtcp\/#breadcrumb","itemListElement":[{"@type":"ListItem","position":1,"name":"Home","item":"https:\/\/www.belleflamme.ca\/fr\/"},{"@type":"ListItem","position":2,"name":"Shop","item":"https:\/\/www.belleflamme.ca\/en\/shop\/"},{"@type":"ListItem","position":3,"name":"Plumbing &amp; Gas","item":"https:\/\/staging.belleflamme.ca\/en\/category\/plumbing-gas\/"},{"@type":"ListItem","position":4,"name":"Faucets &amp; Accessories","item":"https:\/\/staging.belleflamme.ca\/en\/category\/plumbing-gas\/faucets-and-accessories\/"},{"@type":"ListItem","position":5,"name":"Shower Faucet Kit KIT-VOL130VTCP"}]},{"@type":"WebSite","@id":"https:\/\/www.belleflamme.ca\/fr\/#website","url":"https:\/\/www.belleflamme.ca\/fr\/","name":"Groupe Belleflamme","description":"La m\u00e9canique du b\u00e2timent dans le sang.","publisher":{"@id":"https:\/\/www.belleflamme.ca\/fr\/#organization"},"potentialAction":[{"@type":"SearchAction","target":{"@type":"EntryPoint","urlTemplate":"https:\/\/www.belleflamme.ca\/fr\/?s={search_term_string}"},"query-input":{"@type":"PropertyValueSpecification","valueRequired":true,"valueName":"search_term_string"}}],"inLanguage":"en-US"},{"@type":["Organization","Place"],"@id":"https:\/\/www.belleflamme.ca\/fr\/#organization","name":"Groupe Belleflamme","alternateName":"Belleflamme","url":"https:\/\/www.belleflamme.ca\/fr\/","logo":{"@type":"ImageObject","inLanguage":"en-US","@id":"https:\/\/www.belleflamme.ca\/fr\/#\/schema\/logo\/image\/","url":"https:\/\/staging.belleflamme.ca\/wp-content\/uploads\/2023\/01\/og-image.jpg","contentUrl":"https:\/\/staging.belleflamme.ca\/wp-content\/uploads\/2023\/01\/og-image.jpg","width":1200,"height":630,"caption":"Groupe Belleflamme"},"image":{"@id":"https:\/\/www.belleflamme.ca\/fr\/#\/schema\/logo\/image\/"},"sameAs":["https:\/\/www.facebook.com\/belleflamme.ca\/","https:\/\/www.linkedin.com\/company\/belleflamme\/","https:\/\/www.pinterest.ca\/groupebelleflamme\/","https:\/\/www.instagram.com\/legroupebelleflamme\/"],"mainEntityOfPage":{"@id":"https:\/\/staging.belleflamme.ca\/en\/product\/kit-faucet-for-shower-kit-vol130vtcp\/"}}]},"product_brand":"B\u00e9langer","product_price_amount":"0.00","product_price_currency":"CAD","og_availability":"instock","product_availability":"instock","product_condition":"new"},"_links":{"self":[{"href":"https:\/\/staging.belleflamme.ca\/en\/wp-json\/wp\/v2\/product\/12015","targetHints":{"allow":["GET"]}}],"collection":[{"href":"https:\/\/staging.belleflamme.ca\/en\/wp-json\/wp\/v2\/product"}],"about":[{"href":"https:\/\/staging.belleflamme.ca\/en\/wp-json\/wp\/v2\/types\/product"}],"version-history":[{"count":2,"href":"https:\/\/staging.belleflamme.ca\/en\/wp-json\/wp\/v2\/product\/12015\/revisions"}],"predecessor-version":[{"id":12119,"href":"https:\/\/staging.belleflamme.ca\/en\/wp-json\/wp\/v2\/product\/12015\/revisions\/12119"}],"wp:featuredmedia":[{"embeddable":true,"href":"https:\/\/staging.belleflamme.ca\/en\/wp-json\/wp\/v2\/media\/12013"}],"wp:attachment":[{"href":"https:\/\/staging.belleflamme.ca\/en\/wp-json\/wp\/v2\/media?parent=12015"}],"wp:term":[{"taxonomy":"product_brand","embeddable":true,"href":"https:\/\/staging.belleflamme.ca\/en\/wp-json\/wp\/v2\/product_brand?post=12015"},{"taxonomy":"product_cat","embeddable":true,"href":"https:\/\/staging.belleflamme.ca\/en\/wp-json\/wp\/v2\/product_cat?post=12015"},{"taxonomy":"product_tag","embeddable":true,"href":"https:\/\/staging.belleflamme.ca\/en\/wp-json\/wp\/v2\/product_tag?post=12015"}],"curies":[{"name":"wp","href":"https:\/\/api.w.org\/{rel}","templated":true}]}}